{"id":618825,"date":"2023-01-30T15:32:27","date_gmt":"2023-01-30T13:32:27","guid":{"rendered":"https:\/\/shop.ucrent.ee\/toode\/party-table-152x76cm"},"modified":"2026-03-19T10:31:55","modified_gmt":"2026-03-19T08:31:55","slug":"foldable-furniture-set-180cm-table-and-two-benches","status":"publish","type":"product","link":"https:\/\/shop.ucrent.ee\/en\/toode\/foldable-furniture-set-180cm-table-and-two-benches","title":{"rendered":"Foldable furniture set 180cm \u2013 table and two benches"},"content":{"rendered":"<p>Foldable furniture set \u2013 table and two benches<br \/>\nThe table and benches fold in the middle, making them very convenient for transport and storage.<br \/>\nPlastic colour: white<br \/>\nTable (unfolded): 180 \u00d7 74 cm<br \/>\nTable (folded): 102 \u00d7 75 \u00d7 H 6 cm<br \/>\nTable load capacity: 120 kg \/ weight: 13 kg<br \/>\nBench (unfolded): 180 \u00d7 28 cm<br \/>\nBench (folded): 2 \u00d7 94 \u00d7 29 \u00d7 H 11 cm<br \/>\nBench load capacity: 400 kg \/ weight: 8 kg<\/p>\n","protected":false},"excerpt":{"rendered":"Foldable furniture set \u2013 table and two benches The table and benches fold in the middle, making them very convenient for transport and storage. Plastic colour: white Table (unfolded): 180 \u00d7 74 cm Table (folded): 102 \u00d7 75 \u00d7 H 6 cm Table load capacity: 120 kg \/ weight: 13 kg Bench (unfolded): 180 \u00d7&#8230; <a class=\"view-article\" href=\"https:\/\/shop.ucrent.ee\/en\/toode\/foldable-furniture-set-180cm-table-and-two-benches\">View Article<\/a>","protected":false},"featured_media":626541,"template":"","meta":{"_acf_changed":false},"product_brand":[],"product_cat":[839],"product_tag":[],"class_list":{"0":"post-618825","1":"product","2":"type-product","3":"status-publish","4":"has-post-thumbnail","6":"product_cat-lauad_en","8":"first","9":"instock","10":"sale","11":"taxable","12":"shipping-taxable","13":"purchasable","14":"product-type-simple"},"acf":[],"yoast_head":"<!-- This site is optimized with the Yoast SEO plugin v27.0 - https:\/\/yoast.com\/product\/yoast-seo-wordpress\/ -->\n<title>Foldable furniture set 180cm \u2013 table and two benches - UC Rent e-pood<\/title>\n<meta name=\"robots\" content=\"index, follow, max-snippet:-1, max-image-preview:large, max-video-preview:-1\" \/>\n<link rel=\"canonical\" href=\"https:\/\/shop.ucrent.ee\/en\/toode\/foldable-furniture-set-180cm-table-and-two-benches\" \/>\n<meta property=\"og:locale\" content=\"en_US\" \/>\n<meta property=\"og:type\" content=\"article\" \/>\n<meta property=\"og:title\" content=\"Foldable furniture set 180cm \u2013 table and two benches - UC Rent e-pood\" \/>\n<meta property=\"og:description\" content=\"Foldable furniture set \u2013 table and two benches The table and benches fold in the middle, making them very convenient for transport and storage. Plastic colour: white Table (unfolded): 180 \u00d7 74 cm Table (folded): 102 \u00d7 75 \u00d7 H 6 cm Table load capacity: 120 kg \/ weight: 13 kg Bench (unfolded): 180 \u00d7... View Article\" \/>\n<meta property=\"og:url\" content=\"https:\/\/shop.ucrent.ee\/en\/toode\/foldable-furniture-set-180cm-table-and-two-benches\" \/>\n<meta property=\"og:site_name\" content=\"UC Rent e-pood\" \/>\n<meta property=\"article:modified_time\" content=\"2026-03-19T08:31:55+00:00\" \/>\n<meta property=\"og:image\" content=\"https:\/\/shop.ucrent.ee\/wp-content\/uploads\/2026\/03\/Kokkupandav-laud-ja-kokkupandavad-pingid.jpg\" \/>\n\t<meta property=\"og:image:width\" content=\"800\" \/>\n\t<meta property=\"og:image:height\" content=\"600\" \/>\n\t<meta property=\"og:image:type\" content=\"image\/jpeg\" \/>\n<meta name=\"twitter:card\" content=\"summary_large_image\" \/>\n<script type=\"application\/ld+json\" class=\"yoast-schema-graph\">{\"@context\":\"https:\/\/schema.org\",\"@graph\":[{\"@type\":\"WebPage\",\"@id\":\"https:\/\/shop.ucrent.ee\/en\/toode\/foldable-furniture-set-180cm-table-and-two-benches\",\"url\":\"https:\/\/shop.ucrent.ee\/en\/toode\/foldable-furniture-set-180cm-table-and-two-benches\",\"name\":\"Foldable furniture set 180cm \u2013 table and two benches - UC Rent e-pood\",\"isPartOf\":{\"@id\":\"https:\/\/shop.ucrent.ee\/#website\"},\"primaryImageOfPage\":{\"@id\":\"https:\/\/shop.ucrent.ee\/en\/toode\/foldable-furniture-set-180cm-table-and-two-benches#primaryimage\"},\"image\":{\"@id\":\"https:\/\/shop.ucrent.ee\/en\/toode\/foldable-furniture-set-180cm-table-and-two-benches#primaryimage\"},\"thumbnailUrl\":\"https:\/\/shop.ucrent.ee\/wp-content\/uploads\/2026\/03\/Kokkupandav-laud-ja-kokkupandavad-pingid.jpg\",\"datePublished\":\"2023-01-30T13:32:27+00:00\",\"dateModified\":\"2026-03-19T08:31:55+00:00\",\"breadcrumb\":{\"@id\":\"https:\/\/shop.ucrent.ee\/en\/toode\/foldable-furniture-set-180cm-table-and-two-benches#breadcrumb\"},\"inLanguage\":\"en-US\",\"potentialAction\":[{\"@type\":\"ReadAction\",\"target\":[\"https:\/\/shop.ucrent.ee\/en\/toode\/foldable-furniture-set-180cm-table-and-two-benches\"]}]},{\"@type\":\"ImageObject\",\"inLanguage\":\"en-US\",\"@id\":\"https:\/\/shop.ucrent.ee\/en\/toode\/foldable-furniture-set-180cm-table-and-two-benches#primaryimage\",\"url\":\"https:\/\/shop.ucrent.ee\/wp-content\/uploads\/2026\/03\/Kokkupandav-laud-ja-kokkupandavad-pingid.jpg\",\"contentUrl\":\"https:\/\/shop.ucrent.ee\/wp-content\/uploads\/2026\/03\/Kokkupandav-laud-ja-kokkupandavad-pingid.jpg\",\"width\":800,\"height\":600},{\"@type\":\"BreadcrumbList\",\"@id\":\"https:\/\/shop.ucrent.ee\/en\/toode\/foldable-furniture-set-180cm-table-and-two-benches#breadcrumb\",\"itemListElement\":[{\"@type\":\"ListItem\",\"position\":1,\"name\":\"Home\",\"item\":\"https:\/\/shop.ucrent.ee\/en\"},{\"@type\":\"ListItem\",\"position\":2,\"name\":\"K\u00f5ik tooted\",\"item\":\"https:\/\/shop.ucrent.ee\/tooted\"},{\"@type\":\"ListItem\",\"position\":3,\"name\":\"Foldable furniture set 180cm \u2013 table and two benches\"}]},{\"@type\":\"WebSite\",\"@id\":\"https:\/\/shop.ucrent.ee\/#website\",\"url\":\"https:\/\/shop.ucrent.ee\/\",\"name\":\"UC Rent e-pood\",\"description\":\"\",\"potentialAction\":[{\"@type\":\"SearchAction\",\"target\":{\"@type\":\"EntryPoint\",\"urlTemplate\":\"https:\/\/shop.ucrent.ee\/?s={search_term_string}\"},\"query-input\":{\"@type\":\"PropertyValueSpecification\",\"valueRequired\":true,\"valueName\":\"search_term_string\"}}],\"inLanguage\":\"en-US\"}]}<\/script>\n<!-- \/ Yoast SEO plugin. -->","yoast_head_json":{"title":"Foldable furniture set 180cm \u2013 table and two benches - UC Rent e-pood","robots":{"index":"index","follow":"follow","max-snippet":"max-snippet:-1","max-image-preview":"max-image-preview:large","max-video-preview":"max-video-preview:-1"},"canonical":"https:\/\/shop.ucrent.ee\/en\/toode\/foldable-furniture-set-180cm-table-and-two-benches","og_locale":"en_US","og_type":"article","og_title":"Foldable furniture set 180cm \u2013 table and two benches - UC Rent e-pood","og_description":"Foldable furniture set \u2013 table and two benches The table and benches fold in the middle, making them very convenient for transport and storage. Plastic colour: white Table (unfolded): 180 \u00d7 74 cm Table (folded): 102 \u00d7 75 \u00d7 H 6 cm Table load capacity: 120 kg \/ weight: 13 kg Bench (unfolded): 180 \u00d7... View Article","og_url":"https:\/\/shop.ucrent.ee\/en\/toode\/foldable-furniture-set-180cm-table-and-two-benches","og_site_name":"UC Rent e-pood","article_modified_time":"2026-03-19T08:31:55+00:00","og_image":[{"width":800,"height":600,"url":"https:\/\/shop.ucrent.ee\/wp-content\/uploads\/2026\/03\/Kokkupandav-laud-ja-kokkupandavad-pingid.jpg","type":"image\/jpeg"}],"twitter_card":"summary_large_image","schema":{"@context":"https:\/\/schema.org","@graph":[{"@type":"WebPage","@id":"https:\/\/shop.ucrent.ee\/en\/toode\/foldable-furniture-set-180cm-table-and-two-benches","url":"https:\/\/shop.ucrent.ee\/en\/toode\/foldable-furniture-set-180cm-table-and-two-benches","name":"Foldable furniture set 180cm \u2013 table and two benches - UC Rent e-pood","isPartOf":{"@id":"https:\/\/shop.ucrent.ee\/#website"},"primaryImageOfPage":{"@id":"https:\/\/shop.ucrent.ee\/en\/toode\/foldable-furniture-set-180cm-table-and-two-benches#primaryimage"},"image":{"@id":"https:\/\/shop.ucrent.ee\/en\/toode\/foldable-furniture-set-180cm-table-and-two-benches#primaryimage"},"thumbnailUrl":"https:\/\/shop.ucrent.ee\/wp-content\/uploads\/2026\/03\/Kokkupandav-laud-ja-kokkupandavad-pingid.jpg","datePublished":"2023-01-30T13:32:27+00:00","dateModified":"2026-03-19T08:31:55+00:00","breadcrumb":{"@id":"https:\/\/shop.ucrent.ee\/en\/toode\/foldable-furniture-set-180cm-table-and-two-benches#breadcrumb"},"inLanguage":"en-US","potentialAction":[{"@type":"ReadAction","target":["https:\/\/shop.ucrent.ee\/en\/toode\/foldable-furniture-set-180cm-table-and-two-benches"]}]},{"@type":"ImageObject","inLanguage":"en-US","@id":"https:\/\/shop.ucrent.ee\/en\/toode\/foldable-furniture-set-180cm-table-and-two-benches#primaryimage","url":"https:\/\/shop.ucrent.ee\/wp-content\/uploads\/2026\/03\/Kokkupandav-laud-ja-kokkupandavad-pingid.jpg","contentUrl":"https:\/\/shop.ucrent.ee\/wp-content\/uploads\/2026\/03\/Kokkupandav-laud-ja-kokkupandavad-pingid.jpg","width":800,"height":600},{"@type":"BreadcrumbList","@id":"https:\/\/shop.ucrent.ee\/en\/toode\/foldable-furniture-set-180cm-table-and-two-benches#breadcrumb","itemListElement":[{"@type":"ListItem","position":1,"name":"Home","item":"https:\/\/shop.ucrent.ee\/en"},{"@type":"ListItem","position":2,"name":"K\u00f5ik tooted","item":"https:\/\/shop.ucrent.ee\/tooted"},{"@type":"ListItem","position":3,"name":"Foldable furniture set 180cm \u2013 table and two benches"}]},{"@type":"WebSite","@id":"https:\/\/shop.ucrent.ee\/#website","url":"https:\/\/shop.ucrent.ee\/","name":"UC Rent e-pood","description":"","potentialAction":[{"@type":"SearchAction","target":{"@type":"EntryPoint","urlTemplate":"https:\/\/shop.ucrent.ee\/?s={search_term_string}"},"query-input":{"@type":"PropertyValueSpecification","valueRequired":true,"valueName":"search_term_string"}}],"inLanguage":"en-US"}]}},"_links":{"self":[{"href":"https:\/\/shop.ucrent.ee\/en\/wp-json\/wp\/v2\/product\/618825","targetHints":{"allow":["GET"]}}],"collection":[{"href":"https:\/\/shop.ucrent.ee\/en\/wp-json\/wp\/v2\/product"}],"about":[{"href":"https:\/\/shop.ucrent.ee\/en\/wp-json\/wp\/v2\/types\/product"}],"wp:featuredmedia":[{"embeddable":true,"href":"https:\/\/shop.ucrent.ee\/en\/wp-json\/wp\/v2\/media\/626541"}],"wp:attachment":[{"href":"https:\/\/shop.ucrent.ee\/en\/wp-json\/wp\/v2\/media?parent=618825"}],"wp:term":[{"taxonomy":"product_brand","embeddable":true,"href":"https:\/\/shop.ucrent.ee\/en\/wp-json\/wp\/v2\/product_brand?post=618825"},{"taxonomy":"product_cat","embeddable":true,"href":"https:\/\/shop.ucrent.ee\/en\/wp-json\/wp\/v2\/product_cat?post=618825"},{"taxonomy":"product_tag","embeddable":true,"href":"https:\/\/shop.ucrent.ee\/en\/wp-json\/wp\/v2\/product_tag?post=618825"}],"curies":[{"name":"wp","href":"https:\/\/api.w.org\/{rel}","templated":true}]}}