{"id":625142,"date":"2025-08-27T12:47:05","date_gmt":"2025-08-27T09:47:05","guid":{"rendered":"https:\/\/shop.ucrent.ee\/toode\/containex-24x6m-standard-pu-modular-ral-7016-with-panoramic-windows-and-doors"},"modified":"2026-04-21T13:20:12","modified_gmt":"2026-04-21T10:20:12","slug":"containex-24x6m-standard-pu-modular-ral-7016-with-panoramic-windows-and-doors","status":"publish","type":"product","link":"https:\/\/shop.ucrent.ee\/en\/toode\/containex-24x6m-standard-pu-modular-ral-7016-with-panoramic-windows-and-doors","title":{"rendered":"Containex 2,4x6m standard PU modular RAL 7016, with panoramic windows and doors"},"content":{"rendered":"<p>Containexin standard PU -moduuli 2,4 x 6 m panoraamaikkunoilla ja panoraamaovilla.<br \/>\nUlkomitat: 2,44 x 6,06 m, korkeus 2,59 m.<br \/>\nSis\u00e4mitat: 2,24 x 5,86 m, korkeus 2,34 m.<br \/>\nPaino: noin 2000 kg.<br \/>\nLattian kantavuus: 200 kg\/m\u00b2, tilauksesta jopa 800 kg\/m\u00b2.<br \/>\nUlkov\u00e4ri: tummanharmaa RAL 7016 tai vaaleanharmaa RAL 7035, sis\u00e4v\u00e4ri valkoinen.<br \/>\nVarustukseen kuuluu: 2 panoraamalasista ovea (ulosp\u00e4in avautuvat), 6 panoraamaikkunaa, kattovalaisimet ja kytkin, pistorasiat, 2 kW termostaattiohjattu patteri, s\u00e4hk\u00f6keskus, ulkoinen 32A s\u00e4hk\u00f6liit\u00e4nt\u00e4.<br \/>\nModuulin sein\u00e4t koostuvat elementeist\u00e4: sivusein\u00e4ss\u00e4 on 5 moduulia ja p\u00e4\u00e4tysein\u00e4ss\u00e4 2 moduulia, mik\u00e4 mahdollistaa ikkunoiden ja ovien vapaan sijoittelun.<br \/>\nEristys: sein\u00e4t PU 60 mm (vastaa 100 mm mineraalivillaa), lattia 100 mm mineraalivillaa, katto 100 mm mineraalivillaa.<br \/>\nTarjoamissamme konteissa on CE-merkint\u00e4, joka takaa EU-vaatimusten mukaiset s\u00e4hk\u00f6j\u00e4rjestelm\u00e4t ja rakennuslaadun.<br \/>\nKontit t\u00e4ytt\u00e4v\u00e4t ISO-standardit.<br \/>\nIlmal\u00e4mp\u00f6pumppu saatavilla lis\u00e4hintaan.<\/p>\n","protected":false},"excerpt":{"rendered":"Containexin standard PU -moduuli 2,4 x 6 m panoraamaikkunoilla ja panoraamaovilla. Ulkomitat: 2,44 x 6,06 m, korkeus 2,59 m. Sis\u00e4mitat: 2,24 x 5,86 m, korkeus 2,34 m. Paino: noin 2000 kg. Lattian kantavuus: 200 kg\/m\u00b2, tilauksesta jopa 800 kg\/m\u00b2. Ulkov\u00e4ri: tummanharmaa RAL 7016 tai vaaleanharmaa RAL 7035, sis\u00e4v\u00e4ri valkoinen. Varustukseen kuuluu: 2 panoraamalasista ovea (ulosp\u00e4in&#8230; <a class=\"view-article\" href=\"https:\/\/shop.ucrent.ee\/en\/toode\/containex-24x6m-standard-pu-modular-ral-7016-with-panoramic-windows-and-doors\">View Article<\/a>","protected":false},"featured_media":625104,"template":"","meta":{"_acf_changed":false},"product_brand":[],"product_cat":[638],"product_tag":[],"class_list":{"0":"post-625142","1":"product","2":"type-product","3":"status-publish","4":"has-post-thumbnail","6":"product_cat-e-pood_soojak_2_4_x_6m_en","8":"first","9":"instock","10":"taxable","11":"shipping-taxable","12":"purchasable","13":"product-type-simple"},"acf":[],"yoast_head":"<!-- This site is optimized with the Yoast SEO plugin v27.0 - https:\/\/yoast.com\/product\/yoast-seo-wordpress\/ -->\n<title>Containex 2,4x6m standard PU modular RAL 7016, with panoramic windows and doors - UC Rent e-pood<\/title>\n<meta name=\"robots\" content=\"index, follow, max-snippet:-1, max-image-preview:large, max-video-preview:-1\" \/>\n<link rel=\"canonical\" href=\"https:\/\/shop.ucrent.ee\/en\/toode\/containex-24x6m-standard-pu-modular-ral-7016-with-panoramic-windows-and-doors\" \/>\n<meta property=\"og:locale\" content=\"en_US\" \/>\n<meta property=\"og:type\" content=\"article\" \/>\n<meta property=\"og:title\" content=\"Containex 2,4x6m standard PU modular RAL 7016, with panoramic windows and doors - UC Rent e-pood\" \/>\n<meta property=\"og:description\" content=\"Containexin standard PU -moduuli 2,4 x 6 m panoraamaikkunoilla ja panoraamaovilla. Ulkomitat: 2,44 x 6,06 m, korkeus 2,59 m. Sis\u00e4mitat: 2,24 x 5,86 m, korkeus 2,34 m. Paino: noin 2000 kg. Lattian kantavuus: 200 kg\/m\u00b2, tilauksesta jopa 800 kg\/m\u00b2. Ulkov\u00e4ri: tummanharmaa RAL 7016 tai vaaleanharmaa RAL 7035, sis\u00e4v\u00e4ri valkoinen. Varustukseen kuuluu: 2 panoraamalasista ovea (ulosp\u00e4in... View Article\" \/>\n<meta property=\"og:url\" content=\"https:\/\/shop.ucrent.ee\/en\/toode\/containex-24x6m-standard-pu-modular-ral-7016-with-panoramic-windows-and-doors\" \/>\n<meta property=\"og:site_name\" content=\"UC Rent e-pood\" \/>\n<meta property=\"article:modified_time\" content=\"2026-04-21T10:20:12+00:00\" \/>\n<meta property=\"og:image\" content=\"https:\/\/shop.ucrent.ee\/wp-content\/uploads\/2025\/08\/Soojak-PU-panoraam-24x6m-ucrent1-scaled.jpg\" \/>\n\t<meta property=\"og:image:width\" content=\"2560\" \/>\n\t<meta property=\"og:image:height\" content=\"2560\" \/>\n\t<meta property=\"og:image:type\" content=\"image\/jpeg\" \/>\n<meta name=\"twitter:card\" content=\"summary_large_image\" \/>\n<meta name=\"twitter:label1\" content=\"Est. reading time\" \/>\n\t<meta name=\"twitter:data1\" content=\"1 minute\" \/>\n<script type=\"application\/ld+json\" class=\"yoast-schema-graph\">{\"@context\":\"https:\/\/schema.org\",\"@graph\":[{\"@type\":\"WebPage\",\"@id\":\"https:\/\/shop.ucrent.ee\/en\/toode\/containex-24x6m-standard-pu-modular-ral-7016-with-panoramic-windows-and-doors\",\"url\":\"https:\/\/shop.ucrent.ee\/en\/toode\/containex-24x6m-standard-pu-modular-ral-7016-with-panoramic-windows-and-doors\",\"name\":\"Containex 2,4x6m standard PU modular RAL 7016, with panoramic windows and doors - UC Rent e-pood\",\"isPartOf\":{\"@id\":\"https:\/\/shop.ucrent.ee\/#website\"},\"primaryImageOfPage\":{\"@id\":\"https:\/\/shop.ucrent.ee\/en\/toode\/containex-24x6m-standard-pu-modular-ral-7016-with-panoramic-windows-and-doors#primaryimage\"},\"image\":{\"@id\":\"https:\/\/shop.ucrent.ee\/en\/toode\/containex-24x6m-standard-pu-modular-ral-7016-with-panoramic-windows-and-doors#primaryimage\"},\"thumbnailUrl\":\"https:\/\/shop.ucrent.ee\/wp-content\/uploads\/2025\/08\/Soojak-PU-panoraam-24x6m-ucrent1-scaled.jpg\",\"datePublished\":\"2025-08-27T09:47:05+00:00\",\"dateModified\":\"2026-04-21T10:20:12+00:00\",\"breadcrumb\":{\"@id\":\"https:\/\/shop.ucrent.ee\/en\/toode\/containex-24x6m-standard-pu-modular-ral-7016-with-panoramic-windows-and-doors#breadcrumb\"},\"inLanguage\":\"en-US\",\"potentialAction\":[{\"@type\":\"ReadAction\",\"target\":[\"https:\/\/shop.ucrent.ee\/en\/toode\/containex-24x6m-standard-pu-modular-ral-7016-with-panoramic-windows-and-doors\"]}]},{\"@type\":\"ImageObject\",\"inLanguage\":\"en-US\",\"@id\":\"https:\/\/shop.ucrent.ee\/en\/toode\/containex-24x6m-standard-pu-modular-ral-7016-with-panoramic-windows-and-doors#primaryimage\",\"url\":\"https:\/\/shop.ucrent.ee\/wp-content\/uploads\/2025\/08\/Soojak-PU-panoraam-24x6m-ucrent1-scaled.jpg\",\"contentUrl\":\"https:\/\/shop.ucrent.ee\/wp-content\/uploads\/2025\/08\/Soojak-PU-panoraam-24x6m-ucrent1-scaled.jpg\",\"width\":2560,\"height\":2560},{\"@type\":\"BreadcrumbList\",\"@id\":\"https:\/\/shop.ucrent.ee\/en\/toode\/containex-24x6m-standard-pu-modular-ral-7016-with-panoramic-windows-and-doors#breadcrumb\",\"itemListElement\":[{\"@type\":\"ListItem\",\"position\":1,\"name\":\"Home\",\"item\":\"https:\/\/shop.ucrent.ee\/en\"},{\"@type\":\"ListItem\",\"position\":2,\"name\":\"K\u00f5ik tooted\",\"item\":\"https:\/\/shop.ucrent.ee\/tooted\"},{\"@type\":\"ListItem\",\"position\":3,\"name\":\"Containex 2,4x6m standard PU modular RAL 7016, with panoramic windows and doors\"}]},{\"@type\":\"WebSite\",\"@id\":\"https:\/\/shop.ucrent.ee\/#website\",\"url\":\"https:\/\/shop.ucrent.ee\/\",\"name\":\"UC Rent e-pood\",\"description\":\"\",\"potentialAction\":[{\"@type\":\"SearchAction\",\"target\":{\"@type\":\"EntryPoint\",\"urlTemplate\":\"https:\/\/shop.ucrent.ee\/?s={search_term_string}\"},\"query-input\":{\"@type\":\"PropertyValueSpecification\",\"valueRequired\":true,\"valueName\":\"search_term_string\"}}],\"inLanguage\":\"en-US\"}]}<\/script>\n<!-- \/ Yoast SEO plugin. -->","yoast_head_json":{"title":"Containex 2,4x6m standard PU modular RAL 7016, with panoramic windows and doors - UC Rent e-pood","robots":{"index":"index","follow":"follow","max-snippet":"max-snippet:-1","max-image-preview":"max-image-preview:large","max-video-preview":"max-video-preview:-1"},"canonical":"https:\/\/shop.ucrent.ee\/en\/toode\/containex-24x6m-standard-pu-modular-ral-7016-with-panoramic-windows-and-doors","og_locale":"en_US","og_type":"article","og_title":"Containex 2,4x6m standard PU modular RAL 7016, with panoramic windows and doors - UC Rent e-pood","og_description":"Containexin standard PU -moduuli 2,4 x 6 m panoraamaikkunoilla ja panoraamaovilla. Ulkomitat: 2,44 x 6,06 m, korkeus 2,59 m. Sis\u00e4mitat: 2,24 x 5,86 m, korkeus 2,34 m. Paino: noin 2000 kg. Lattian kantavuus: 200 kg\/m\u00b2, tilauksesta jopa 800 kg\/m\u00b2. Ulkov\u00e4ri: tummanharmaa RAL 7016 tai vaaleanharmaa RAL 7035, sis\u00e4v\u00e4ri valkoinen. Varustukseen kuuluu: 2 panoraamalasista ovea (ulosp\u00e4in... View Article","og_url":"https:\/\/shop.ucrent.ee\/en\/toode\/containex-24x6m-standard-pu-modular-ral-7016-with-panoramic-windows-and-doors","og_site_name":"UC Rent e-pood","article_modified_time":"2026-04-21T10:20:12+00:00","og_image":[{"width":2560,"height":2560,"url":"https:\/\/shop.ucrent.ee\/wp-content\/uploads\/2025\/08\/Soojak-PU-panoraam-24x6m-ucrent1-scaled.jpg","type":"image\/jpeg"}],"twitter_card":"summary_large_image","twitter_misc":{"Est. reading time":"1 minute"},"schema":{"@context":"https:\/\/schema.org","@graph":[{"@type":"WebPage","@id":"https:\/\/shop.ucrent.ee\/en\/toode\/containex-24x6m-standard-pu-modular-ral-7016-with-panoramic-windows-and-doors","url":"https:\/\/shop.ucrent.ee\/en\/toode\/containex-24x6m-standard-pu-modular-ral-7016-with-panoramic-windows-and-doors","name":"Containex 2,4x6m standard PU modular RAL 7016, with panoramic windows and doors - UC Rent e-pood","isPartOf":{"@id":"https:\/\/shop.ucrent.ee\/#website"},"primaryImageOfPage":{"@id":"https:\/\/shop.ucrent.ee\/en\/toode\/containex-24x6m-standard-pu-modular-ral-7016-with-panoramic-windows-and-doors#primaryimage"},"image":{"@id":"https:\/\/shop.ucrent.ee\/en\/toode\/containex-24x6m-standard-pu-modular-ral-7016-with-panoramic-windows-and-doors#primaryimage"},"thumbnailUrl":"https:\/\/shop.ucrent.ee\/wp-content\/uploads\/2025\/08\/Soojak-PU-panoraam-24x6m-ucrent1-scaled.jpg","datePublished":"2025-08-27T09:47:05+00:00","dateModified":"2026-04-21T10:20:12+00:00","breadcrumb":{"@id":"https:\/\/shop.ucrent.ee\/en\/toode\/containex-24x6m-standard-pu-modular-ral-7016-with-panoramic-windows-and-doors#breadcrumb"},"inLanguage":"en-US","potentialAction":[{"@type":"ReadAction","target":["https:\/\/shop.ucrent.ee\/en\/toode\/containex-24x6m-standard-pu-modular-ral-7016-with-panoramic-windows-and-doors"]}]},{"@type":"ImageObject","inLanguage":"en-US","@id":"https:\/\/shop.ucrent.ee\/en\/toode\/containex-24x6m-standard-pu-modular-ral-7016-with-panoramic-windows-and-doors#primaryimage","url":"https:\/\/shop.ucrent.ee\/wp-content\/uploads\/2025\/08\/Soojak-PU-panoraam-24x6m-ucrent1-scaled.jpg","contentUrl":"https:\/\/shop.ucrent.ee\/wp-content\/uploads\/2025\/08\/Soojak-PU-panoraam-24x6m-ucrent1-scaled.jpg","width":2560,"height":2560},{"@type":"BreadcrumbList","@id":"https:\/\/shop.ucrent.ee\/en\/toode\/containex-24x6m-standard-pu-modular-ral-7016-with-panoramic-windows-and-doors#breadcrumb","itemListElement":[{"@type":"ListItem","position":1,"name":"Home","item":"https:\/\/shop.ucrent.ee\/en"},{"@type":"ListItem","position":2,"name":"K\u00f5ik tooted","item":"https:\/\/shop.ucrent.ee\/tooted"},{"@type":"ListItem","position":3,"name":"Containex 2,4x6m standard PU modular RAL 7016, with panoramic windows and doors"}]},{"@type":"WebSite","@id":"https:\/\/shop.ucrent.ee\/#website","url":"https:\/\/shop.ucrent.ee\/","name":"UC Rent e-pood","description":"","potentialAction":[{"@type":"SearchAction","target":{"@type":"EntryPoint","urlTemplate":"https:\/\/shop.ucrent.ee\/?s={search_term_string}"},"query-input":{"@type":"PropertyValueSpecification","valueRequired":true,"valueName":"search_term_string"}}],"inLanguage":"en-US"}]}},"_links":{"self":[{"href":"https:\/\/shop.ucrent.ee\/en\/wp-json\/wp\/v2\/product\/625142","targetHints":{"allow":["GET"]}}],"collection":[{"href":"https:\/\/shop.ucrent.ee\/en\/wp-json\/wp\/v2\/product"}],"about":[{"href":"https:\/\/shop.ucrent.ee\/en\/wp-json\/wp\/v2\/types\/product"}],"wp:featuredmedia":[{"embeddable":true,"href":"https:\/\/shop.ucrent.ee\/en\/wp-json\/wp\/v2\/media\/625104"}],"wp:attachment":[{"href":"https:\/\/shop.ucrent.ee\/en\/wp-json\/wp\/v2\/media?parent=625142"}],"wp:term":[{"taxonomy":"product_brand","embeddable":true,"href":"https:\/\/shop.ucrent.ee\/en\/wp-json\/wp\/v2\/product_brand?post=625142"},{"taxonomy":"product_cat","embeddable":true,"href":"https:\/\/shop.ucrent.ee\/en\/wp-json\/wp\/v2\/product_cat?post=625142"},{"taxonomy":"product_tag","embeddable":true,"href":"https:\/\/shop.ucrent.ee\/en\/wp-json\/wp\/v2\/product_tag?post=625142"}],"curies":[{"name":"wp","href":"https:\/\/api.w.org\/{rel}","templated":true}]}}