{"id":626458,"date":"2026-03-04T13:30:06","date_gmt":"2026-03-04T11:30:06","guid":{"rendered":"https:\/\/shop.ucrent.ee\/toode\/containex-standard-cabin-2-4-x-6-m-with-mini-kitchen-and-wc"},"modified":"2026-04-20T13:00:09","modified_gmt":"2026-04-20T10:00:09","slug":"containex-standard-cabin-2-4-x-6-m-with-mini-kitchen-and-wc","status":"publish","type":"product","link":"https:\/\/shop.ucrent.ee\/en\/toode\/containex-standard-cabin-2-4-x-6-m-with-mini-kitchen-and-wc","title":{"rendered":"Containex Standard cabin 2.4 \u00d7 6 m with Mini-Kitchen and WC"},"content":{"rendered":"<p>Containex Standard cabin 2.4 \u00d7 6 m with Mini-Kitchen and WC<br \/>\nExternal dimensions: 2.44 \u00d7 6.06 \u00d7 h 2.59 m<br \/>\nExterior color: light grey RAL 7035, interior color: white<br \/>\nIncludes: 2 openable tilt-and-turn windows with external security shutters, lockable insulated metal door 875 \u00d7 2125 mm, lock and handle, sockets, ceiling lights and switches, thermostatic radiators, electrical panel, external 32A socket, electric fan<br \/>\nMini-kitchen: cabinet with sink, faucet, refrigerator, stove, instant water heater, prepared piping<br \/>\nWC: instant water heater, sink, toilet with cistern, faucet, mirror, openable window, radiator, electric fan, water and sewage pipe ends extended from the wall<br \/>\nWalls covered outside with galvanized steel panels, roof folded and galvanized or painted sheet metal, inside laminated chipboard, floor with moisture-resistant PVC covering<br \/>\nInsulation: walls MV 100 mm, floor MV 100 mm, ceiling MV 100 mm<br \/>\nContainers have CE marking, ensuring EU-compliant electrical systems and construction quality<br \/>\nContainers comply with ISO standards<\/p>\n","protected":false},"excerpt":{"rendered":"Containex Standard cabin 2.4 \u00d7 6 m with Mini-Kitchen and WC External dimensions: 2.44 \u00d7 6.06 \u00d7 h 2.59 m Exterior color: light grey RAL 7035, interior color: white Includes: 2 openable tilt-and-turn windows with external security shutters, lockable insulated metal door 875 \u00d7 2125 mm, lock and handle, sockets, ceiling lights and switches, thermostatic&#8230; <a class=\"view-article\" href=\"https:\/\/shop.ucrent.ee\/en\/toode\/containex-standard-cabin-2-4-x-6-m-with-mini-kitchen-and-wc\">View Article<\/a>","protected":false},"featured_media":626453,"template":"","meta":{"_acf_changed":false},"product_brand":[],"product_cat":[638],"product_tag":[],"class_list":{"0":"post-626458","1":"product","2":"type-product","3":"status-publish","4":"has-post-thumbnail","6":"product_cat-e-pood_soojak_2_4_x_6m_en","8":"first","9":"instock","10":"sale","11":"taxable","12":"shipping-taxable","13":"purchasable","14":"product-type-simple"},"acf":[],"yoast_head":"<!-- This site is optimized with the Yoast SEO plugin v27.0 - https:\/\/yoast.com\/product\/yoast-seo-wordpress\/ -->\n<title>Containex Standard cabin 2.4 \u00d7 6 m with Mini-Kitchen and WC - UC Rent e-pood<\/title>\n<meta name=\"robots\" content=\"index, follow, max-snippet:-1, max-image-preview:large, max-video-preview:-1\" \/>\n<link rel=\"canonical\" href=\"https:\/\/shop.ucrent.ee\/en\/toode\/containex-standard-cabin-2-4-x-6-m-with-mini-kitchen-and-wc\" \/>\n<meta property=\"og:locale\" content=\"en_US\" \/>\n<meta property=\"og:type\" content=\"article\" \/>\n<meta property=\"og:title\" content=\"Containex Standard cabin 2.4 \u00d7 6 m with Mini-Kitchen and WC - UC Rent e-pood\" \/>\n<meta property=\"og:description\" content=\"Containex Standard cabin 2.4 \u00d7 6 m with Mini-Kitchen and WC External dimensions: 2.44 \u00d7 6.06 \u00d7 h 2.59 m Exterior color: light grey RAL 7035, interior color: white Includes: 2 openable tilt-and-turn windows with external security shutters, lockable insulated metal door 875 \u00d7 2125 mm, lock and handle, sockets, ceiling lights and switches, thermostatic... View Article\" \/>\n<meta property=\"og:url\" content=\"https:\/\/shop.ucrent.ee\/en\/toode\/containex-standard-cabin-2-4-x-6-m-with-mini-kitchen-and-wc\" \/>\n<meta property=\"og:site_name\" content=\"UC Rent e-pood\" \/>\n<meta property=\"article:modified_time\" content=\"2026-04-20T10:00:09+00:00\" \/>\n<meta property=\"og:image\" content=\"https:\/\/shop.ucrent.ee\/wp-content\/uploads\/2026\/03\/Soojak-24x6m-kook-ja-wc-ucrent-scaled.jpg\" \/>\n\t<meta property=\"og:image:width\" content=\"2560\" \/>\n\t<meta property=\"og:image:height\" content=\"2560\" \/>\n\t<meta property=\"og:image:type\" content=\"image\/jpeg\" \/>\n<meta name=\"twitter:card\" content=\"summary_large_image\" \/>\n<meta name=\"twitter:label1\" content=\"Est. reading time\" \/>\n\t<meta name=\"twitter:data1\" content=\"1 minute\" \/>\n<script type=\"application\/ld+json\" class=\"yoast-schema-graph\">{\"@context\":\"https:\/\/schema.org\",\"@graph\":[{\"@type\":\"WebPage\",\"@id\":\"https:\/\/shop.ucrent.ee\/en\/toode\/containex-standard-cabin-2-4-x-6-m-with-mini-kitchen-and-wc\",\"url\":\"https:\/\/shop.ucrent.ee\/en\/toode\/containex-standard-cabin-2-4-x-6-m-with-mini-kitchen-and-wc\",\"name\":\"Containex Standard cabin 2.4 \u00d7 6 m with Mini-Kitchen and WC - UC Rent e-pood\",\"isPartOf\":{\"@id\":\"https:\/\/shop.ucrent.ee\/#website\"},\"primaryImageOfPage\":{\"@id\":\"https:\/\/shop.ucrent.ee\/en\/toode\/containex-standard-cabin-2-4-x-6-m-with-mini-kitchen-and-wc#primaryimage\"},\"image\":{\"@id\":\"https:\/\/shop.ucrent.ee\/en\/toode\/containex-standard-cabin-2-4-x-6-m-with-mini-kitchen-and-wc#primaryimage\"},\"thumbnailUrl\":\"https:\/\/shop.ucrent.ee\/wp-content\/uploads\/2026\/03\/Soojak-24x6m-kook-ja-wc-ucrent-scaled.jpg\",\"datePublished\":\"2026-03-04T11:30:06+00:00\",\"dateModified\":\"2026-04-20T10:00:09+00:00\",\"breadcrumb\":{\"@id\":\"https:\/\/shop.ucrent.ee\/en\/toode\/containex-standard-cabin-2-4-x-6-m-with-mini-kitchen-and-wc#breadcrumb\"},\"inLanguage\":\"en-US\",\"potentialAction\":[{\"@type\":\"ReadAction\",\"target\":[\"https:\/\/shop.ucrent.ee\/en\/toode\/containex-standard-cabin-2-4-x-6-m-with-mini-kitchen-and-wc\"]}]},{\"@type\":\"ImageObject\",\"inLanguage\":\"en-US\",\"@id\":\"https:\/\/shop.ucrent.ee\/en\/toode\/containex-standard-cabin-2-4-x-6-m-with-mini-kitchen-and-wc#primaryimage\",\"url\":\"https:\/\/shop.ucrent.ee\/wp-content\/uploads\/2026\/03\/Soojak-24x6m-kook-ja-wc-ucrent-scaled.jpg\",\"contentUrl\":\"https:\/\/shop.ucrent.ee\/wp-content\/uploads\/2026\/03\/Soojak-24x6m-kook-ja-wc-ucrent-scaled.jpg\",\"width\":2560,\"height\":2560},{\"@type\":\"BreadcrumbList\",\"@id\":\"https:\/\/shop.ucrent.ee\/en\/toode\/containex-standard-cabin-2-4-x-6-m-with-mini-kitchen-and-wc#breadcrumb\",\"itemListElement\":[{\"@type\":\"ListItem\",\"position\":1,\"name\":\"Home\",\"item\":\"https:\/\/shop.ucrent.ee\/en\"},{\"@type\":\"ListItem\",\"position\":2,\"name\":\"K\u00f5ik tooted\",\"item\":\"https:\/\/shop.ucrent.ee\/tooted\"},{\"@type\":\"ListItem\",\"position\":3,\"name\":\"Containex Standard cabin 2.4 \u00d7 6 m with Mini-Kitchen and WC\"}]},{\"@type\":\"WebSite\",\"@id\":\"https:\/\/shop.ucrent.ee\/#website\",\"url\":\"https:\/\/shop.ucrent.ee\/\",\"name\":\"UC Rent e-pood\",\"description\":\"\",\"potentialAction\":[{\"@type\":\"SearchAction\",\"target\":{\"@type\":\"EntryPoint\",\"urlTemplate\":\"https:\/\/shop.ucrent.ee\/?s={search_term_string}\"},\"query-input\":{\"@type\":\"PropertyValueSpecification\",\"valueRequired\":true,\"valueName\":\"search_term_string\"}}],\"inLanguage\":\"en-US\"}]}<\/script>\n<!-- \/ Yoast SEO plugin. -->","yoast_head_json":{"title":"Containex Standard cabin 2.4 \u00d7 6 m with Mini-Kitchen and WC - UC Rent e-pood","robots":{"index":"index","follow":"follow","max-snippet":"max-snippet:-1","max-image-preview":"max-image-preview:large","max-video-preview":"max-video-preview:-1"},"canonical":"https:\/\/shop.ucrent.ee\/en\/toode\/containex-standard-cabin-2-4-x-6-m-with-mini-kitchen-and-wc","og_locale":"en_US","og_type":"article","og_title":"Containex Standard cabin 2.4 \u00d7 6 m with Mini-Kitchen and WC - UC Rent e-pood","og_description":"Containex Standard cabin 2.4 \u00d7 6 m with Mini-Kitchen and WC External dimensions: 2.44 \u00d7 6.06 \u00d7 h 2.59 m Exterior color: light grey RAL 7035, interior color: white Includes: 2 openable tilt-and-turn windows with external security shutters, lockable insulated metal door 875 \u00d7 2125 mm, lock and handle, sockets, ceiling lights and switches, thermostatic... View Article","og_url":"https:\/\/shop.ucrent.ee\/en\/toode\/containex-standard-cabin-2-4-x-6-m-with-mini-kitchen-and-wc","og_site_name":"UC Rent e-pood","article_modified_time":"2026-04-20T10:00:09+00:00","og_image":[{"width":2560,"height":2560,"url":"https:\/\/shop.ucrent.ee\/wp-content\/uploads\/2026\/03\/Soojak-24x6m-kook-ja-wc-ucrent-scaled.jpg","type":"image\/jpeg"}],"twitter_card":"summary_large_image","twitter_misc":{"Est. reading time":"1 minute"},"schema":{"@context":"https:\/\/schema.org","@graph":[{"@type":"WebPage","@id":"https:\/\/shop.ucrent.ee\/en\/toode\/containex-standard-cabin-2-4-x-6-m-with-mini-kitchen-and-wc","url":"https:\/\/shop.ucrent.ee\/en\/toode\/containex-standard-cabin-2-4-x-6-m-with-mini-kitchen-and-wc","name":"Containex Standard cabin 2.4 \u00d7 6 m with Mini-Kitchen and WC - UC Rent e-pood","isPartOf":{"@id":"https:\/\/shop.ucrent.ee\/#website"},"primaryImageOfPage":{"@id":"https:\/\/shop.ucrent.ee\/en\/toode\/containex-standard-cabin-2-4-x-6-m-with-mini-kitchen-and-wc#primaryimage"},"image":{"@id":"https:\/\/shop.ucrent.ee\/en\/toode\/containex-standard-cabin-2-4-x-6-m-with-mini-kitchen-and-wc#primaryimage"},"thumbnailUrl":"https:\/\/shop.ucrent.ee\/wp-content\/uploads\/2026\/03\/Soojak-24x6m-kook-ja-wc-ucrent-scaled.jpg","datePublished":"2026-03-04T11:30:06+00:00","dateModified":"2026-04-20T10:00:09+00:00","breadcrumb":{"@id":"https:\/\/shop.ucrent.ee\/en\/toode\/containex-standard-cabin-2-4-x-6-m-with-mini-kitchen-and-wc#breadcrumb"},"inLanguage":"en-US","potentialAction":[{"@type":"ReadAction","target":["https:\/\/shop.ucrent.ee\/en\/toode\/containex-standard-cabin-2-4-x-6-m-with-mini-kitchen-and-wc"]}]},{"@type":"ImageObject","inLanguage":"en-US","@id":"https:\/\/shop.ucrent.ee\/en\/toode\/containex-standard-cabin-2-4-x-6-m-with-mini-kitchen-and-wc#primaryimage","url":"https:\/\/shop.ucrent.ee\/wp-content\/uploads\/2026\/03\/Soojak-24x6m-kook-ja-wc-ucrent-scaled.jpg","contentUrl":"https:\/\/shop.ucrent.ee\/wp-content\/uploads\/2026\/03\/Soojak-24x6m-kook-ja-wc-ucrent-scaled.jpg","width":2560,"height":2560},{"@type":"BreadcrumbList","@id":"https:\/\/shop.ucrent.ee\/en\/toode\/containex-standard-cabin-2-4-x-6-m-with-mini-kitchen-and-wc#breadcrumb","itemListElement":[{"@type":"ListItem","position":1,"name":"Home","item":"https:\/\/shop.ucrent.ee\/en"},{"@type":"ListItem","position":2,"name":"K\u00f5ik tooted","item":"https:\/\/shop.ucrent.ee\/tooted"},{"@type":"ListItem","position":3,"name":"Containex Standard cabin 2.4 \u00d7 6 m with Mini-Kitchen and WC"}]},{"@type":"WebSite","@id":"https:\/\/shop.ucrent.ee\/#website","url":"https:\/\/shop.ucrent.ee\/","name":"UC Rent e-pood","description":"","potentialAction":[{"@type":"SearchAction","target":{"@type":"EntryPoint","urlTemplate":"https:\/\/shop.ucrent.ee\/?s={search_term_string}"},"query-input":{"@type":"PropertyValueSpecification","valueRequired":true,"valueName":"search_term_string"}}],"inLanguage":"en-US"}]}},"_links":{"self":[{"href":"https:\/\/shop.ucrent.ee\/en\/wp-json\/wp\/v2\/product\/626458","targetHints":{"allow":["GET"]}}],"collection":[{"href":"https:\/\/shop.ucrent.ee\/en\/wp-json\/wp\/v2\/product"}],"about":[{"href":"https:\/\/shop.ucrent.ee\/en\/wp-json\/wp\/v2\/types\/product"}],"wp:featuredmedia":[{"embeddable":true,"href":"https:\/\/shop.ucrent.ee\/en\/wp-json\/wp\/v2\/media\/626453"}],"wp:attachment":[{"href":"https:\/\/shop.ucrent.ee\/en\/wp-json\/wp\/v2\/media?parent=626458"}],"wp:term":[{"taxonomy":"product_brand","embeddable":true,"href":"https:\/\/shop.ucrent.ee\/en\/wp-json\/wp\/v2\/product_brand?post=626458"},{"taxonomy":"product_cat","embeddable":true,"href":"https:\/\/shop.ucrent.ee\/en\/wp-json\/wp\/v2\/product_cat?post=626458"},{"taxonomy":"product_tag","embeddable":true,"href":"https:\/\/shop.ucrent.ee\/en\/wp-json\/wp\/v2\/product_tag?post=626458"}],"curies":[{"name":"wp","href":"https:\/\/api.w.org\/{rel}","templated":true}]}}