{"id":14562,"date":"2020-02-05T11:06:36","date_gmt":"2020-02-05T09:06:36","guid":{"rendered":"https:\/\/ucrent.macaw.ee\/?page_id=14562"},"modified":"2025-12-30T16:58:52","modified_gmt":"2025-12-30T14:58:52","slug":"kosketus","status":"publish","type":"page","link":"https:\/\/shop.ucrent.ee\/fi\/kosketus","title":{"rendered":"Yhteystiedot"},"content":{"rendered":"<h1>Meist\u00e4<\/h1>\n<p><strong>Meill\u00e4 on ilo esitell\u00e4 teille myyntiosastomme UC Sales, joka toimii rakentajien ja tapahtumaj\u00e4rjest\u00e4jien alalla ja tarjoaa kattavia ja korkealaatuisia ratkaisuja sek\u00e4 yritys- ett\u00e4 yksityisasiakkaille.<\/strong><\/p>\n<p>Tavoitteenamme on tarjota ammattitaitoista palvelua, joka tukee kumppaneiden pitk\u00e4n aikav\u00e4lin kehityst\u00e4 ja lis\u00e4\u00e4 arvoa jokaiseen projektiimme.<\/p>\n<p>Tiimimme koostuu kokeneista asiantuntijoista, joilla on laaja tiet\u00e4mys ja k\u00e4yt\u00e4nn\u00f6n kokemus.<\/p>\n<p>Kaikille projekteille on ominaista m\u00e4\u00e4r\u00e4aikojen noudattaminen, henkil\u00f6kohtainen l\u00e4hestymistapa ja korkea ty\u00f6kulttuuri.<\/p>\n<p>Pid\u00e4mme l\u00e4pin\u00e4kyv\u00e4\u00e4 viestint\u00e4\u00e4 ja sitoutumista jokaiseen yhteisty\u00f6h\u00f6n t\u00e4rke\u00e4n\u00e4 ty\u00f6m\u00e4\u00e4r\u00e4st\u00e4 riippumatta.<\/p>\n<p><strong>Ota yhteytt\u00e4!<\/strong><\/p>\n","protected":false},"excerpt":{"rendered":"Meist\u00e4 Meill\u00e4 on ilo esitell\u00e4 teille myyntiosastomme UC Sales, joka toimii rakentajien ja tapahtumaj\u00e4rjest\u00e4jien alalla ja tarjoaa kattavia ja korkealaatuisia ratkaisuja sek\u00e4 yritys- ett\u00e4 yksityisasiakkaille. Tavoitteenamme on tarjota ammattitaitoista palvelua, joka tukee kumppaneiden pitk\u00e4n aikav\u00e4lin kehityst\u00e4 ja lis\u00e4\u00e4 arvoa jokaiseen projektiimme. Tiimimme koostuu kokeneista asiantuntijoista, joilla on laaja tiet\u00e4mys ja k\u00e4yt\u00e4nn\u00f6n kokemus. Kaikille projekteille on&#8230; <a class=\"view-article\" href=\"https:\/\/shop.ucrent.ee\/fi\/kosketus\">View Article<\/a>","protected":false},"author":5,"featured_media":0,"parent":0,"menu_order":0,"comment_status":"closed","ping_status":"closed","template":"template-contact.php","meta":{"_acf_changed":false,"footnotes":""},"class_list":["post-14562","page","type-page","status-publish","hentry"],"acf":[],"yoast_head":"<!-- This site is optimized with the Yoast SEO plugin v27.0 - https:\/\/yoast.com\/product\/yoast-seo-wordpress\/ -->\n<title>Yhteystiedot - UC Rent e-pood<\/title>\n<meta name=\"robots\" content=\"index, follow, max-snippet:-1, max-image-preview:large, max-video-preview:-1\" \/>\n<link rel=\"canonical\" href=\"https:\/\/shop.ucrent.ee\/fi\/kosketus\" \/>\n<meta property=\"og:locale\" content=\"fi_FI\" \/>\n<meta property=\"og:type\" content=\"article\" \/>\n<meta property=\"og:title\" content=\"Yhteystiedot - UC Rent e-pood\" \/>\n<meta property=\"og:description\" content=\"Meist\u00e4 Meill\u00e4 on ilo esitell\u00e4 teille myyntiosastomme UC Sales, joka toimii rakentajien ja tapahtumaj\u00e4rjest\u00e4jien alalla ja tarjoaa kattavia ja korkealaatuisia ratkaisuja sek\u00e4 yritys- ett\u00e4 yksityisasiakkaille. Tavoitteenamme on tarjota ammattitaitoista palvelua, joka tukee kumppaneiden pitk\u00e4n aikav\u00e4lin kehityst\u00e4 ja lis\u00e4\u00e4 arvoa jokaiseen projektiimme. Tiimimme koostuu kokeneista asiantuntijoista, joilla on laaja tiet\u00e4mys ja k\u00e4yt\u00e4nn\u00f6n kokemus. Kaikille projekteille on... View Article\" \/>\n<meta property=\"og:url\" content=\"https:\/\/shop.ucrent.ee\/fi\/kosketus\" \/>\n<meta property=\"og:site_name\" content=\"UC Rent e-pood\" \/>\n<meta property=\"article:modified_time\" content=\"2025-12-30T14:58:52+00:00\" \/>\n<meta property=\"og:image\" content=\"https:\/\/shop.ucrent.ee\/wp-content\/uploads\/2020\/01\/Fb-share_uc.png\" \/>\n\t<meta property=\"og:image:width\" content=\"1800\" \/>\n\t<meta property=\"og:image:height\" content=\"945\" \/>\n\t<meta property=\"og:image:type\" content=\"image\/png\" \/>\n<meta name=\"twitter:card\" content=\"summary_large_image\" \/>\n<meta name=\"twitter:label1\" content=\"Arvioitu lukuaika\" \/>\n\t<meta name=\"twitter:data1\" content=\"1 minuutti\" \/>\n<script type=\"application\/ld+json\" class=\"yoast-schema-graph\">{\"@context\":\"https:\/\/schema.org\",\"@graph\":[{\"@type\":\"WebPage\",\"@id\":\"https:\/\/shop.ucrent.ee\/fi\/kosketus\",\"url\":\"https:\/\/shop.ucrent.ee\/fi\/kosketus\",\"name\":\"Yhteystiedot - UC Rent e-pood\",\"isPartOf\":{\"@id\":\"https:\/\/shop.ucrent.ee\/#website\"},\"datePublished\":\"2020-02-05T09:06:36+00:00\",\"dateModified\":\"2025-12-30T14:58:52+00:00\",\"breadcrumb\":{\"@id\":\"https:\/\/shop.ucrent.ee\/fi\/kosketus#breadcrumb\"},\"inLanguage\":\"fi\",\"potentialAction\":[{\"@type\":\"ReadAction\",\"target\":[\"https:\/\/shop.ucrent.ee\/fi\/kosketus\"]}]},{\"@type\":\"BreadcrumbList\",\"@id\":\"https:\/\/shop.ucrent.ee\/fi\/kosketus#breadcrumb\",\"itemListElement\":[{\"@type\":\"ListItem\",\"position\":1,\"name\":\"Home\",\"item\":\"https:\/\/shop.ucrent.ee\/fi\"},{\"@type\":\"ListItem\",\"position\":2,\"name\":\"Yhteystiedot\"}]},{\"@type\":\"WebSite\",\"@id\":\"https:\/\/shop.ucrent.ee\/#website\",\"url\":\"https:\/\/shop.ucrent.ee\/\",\"name\":\"UC Rent e-pood\",\"description\":\"\",\"potentialAction\":[{\"@type\":\"SearchAction\",\"target\":{\"@type\":\"EntryPoint\",\"urlTemplate\":\"https:\/\/shop.ucrent.ee\/?s={search_term_string}\"},\"query-input\":{\"@type\":\"PropertyValueSpecification\",\"valueRequired\":true,\"valueName\":\"search_term_string\"}}],\"inLanguage\":\"fi\"}]}<\/script>\n<!-- \/ Yoast SEO plugin. -->","yoast_head_json":{"title":"Yhteystiedot - UC Rent e-pood","robots":{"index":"index","follow":"follow","max-snippet":"max-snippet:-1","max-image-preview":"max-image-preview:large","max-video-preview":"max-video-preview:-1"},"canonical":"https:\/\/shop.ucrent.ee\/fi\/kosketus","og_locale":"fi_FI","og_type":"article","og_title":"Yhteystiedot - UC Rent e-pood","og_description":"Meist\u00e4 Meill\u00e4 on ilo esitell\u00e4 teille myyntiosastomme UC Sales, joka toimii rakentajien ja tapahtumaj\u00e4rjest\u00e4jien alalla ja tarjoaa kattavia ja korkealaatuisia ratkaisuja sek\u00e4 yritys- ett\u00e4 yksityisasiakkaille. Tavoitteenamme on tarjota ammattitaitoista palvelua, joka tukee kumppaneiden pitk\u00e4n aikav\u00e4lin kehityst\u00e4 ja lis\u00e4\u00e4 arvoa jokaiseen projektiimme. Tiimimme koostuu kokeneista asiantuntijoista, joilla on laaja tiet\u00e4mys ja k\u00e4yt\u00e4nn\u00f6n kokemus. Kaikille projekteille on... View Article","og_url":"https:\/\/shop.ucrent.ee\/fi\/kosketus","og_site_name":"UC Rent e-pood","article_modified_time":"2025-12-30T14:58:52+00:00","og_image":[{"width":1800,"height":945,"url":"https:\/\/shop.ucrent.ee\/wp-content\/uploads\/2020\/01\/Fb-share_uc.png","type":"image\/png"}],"twitter_card":"summary_large_image","twitter_misc":{"Arvioitu lukuaika":"1 minuutti"},"schema":{"@context":"https:\/\/schema.org","@graph":[{"@type":"WebPage","@id":"https:\/\/shop.ucrent.ee\/fi\/kosketus","url":"https:\/\/shop.ucrent.ee\/fi\/kosketus","name":"Yhteystiedot - UC Rent e-pood","isPartOf":{"@id":"https:\/\/shop.ucrent.ee\/#website"},"datePublished":"2020-02-05T09:06:36+00:00","dateModified":"2025-12-30T14:58:52+00:00","breadcrumb":{"@id":"https:\/\/shop.ucrent.ee\/fi\/kosketus#breadcrumb"},"inLanguage":"fi","potentialAction":[{"@type":"ReadAction","target":["https:\/\/shop.ucrent.ee\/fi\/kosketus"]}]},{"@type":"BreadcrumbList","@id":"https:\/\/shop.ucrent.ee\/fi\/kosketus#breadcrumb","itemListElement":[{"@type":"ListItem","position":1,"name":"Home","item":"https:\/\/shop.ucrent.ee\/fi"},{"@type":"ListItem","position":2,"name":"Yhteystiedot"}]},{"@type":"WebSite","@id":"https:\/\/shop.ucrent.ee\/#website","url":"https:\/\/shop.ucrent.ee\/","name":"UC Rent e-pood","description":"","potentialAction":[{"@type":"SearchAction","target":{"@type":"EntryPoint","urlTemplate":"https:\/\/shop.ucrent.ee\/?s={search_term_string}"},"query-input":{"@type":"PropertyValueSpecification","valueRequired":true,"valueName":"search_term_string"}}],"inLanguage":"fi"}]}},"_links":{"self":[{"href":"https:\/\/shop.ucrent.ee\/fi\/wp-json\/wp\/v2\/pages\/14562","targetHints":{"allow":["GET"]}}],"collection":[{"href":"https:\/\/shop.ucrent.ee\/fi\/wp-json\/wp\/v2\/pages"}],"about":[{"href":"https:\/\/shop.ucrent.ee\/fi\/wp-json\/wp\/v2\/types\/page"}],"author":[{"embeddable":true,"href":"https:\/\/shop.ucrent.ee\/fi\/wp-json\/wp\/v2\/users\/5"}],"replies":[{"embeddable":true,"href":"https:\/\/shop.ucrent.ee\/fi\/wp-json\/wp\/v2\/comments?post=14562"}],"version-history":[{"count":12,"href":"https:\/\/shop.ucrent.ee\/fi\/wp-json\/wp\/v2\/pages\/14562\/revisions"}],"predecessor-version":[{"id":626041,"href":"https:\/\/shop.ucrent.ee\/fi\/wp-json\/wp\/v2\/pages\/14562\/revisions\/626041"}],"wp:attachment":[{"href":"https:\/\/shop.ucrent.ee\/fi\/wp-json\/wp\/v2\/media?parent=14562"}],"curies":[{"name":"wp","href":"https:\/\/api.w.org\/{rel}","templated":true}]}}