{"id":622826,"date":"2024-07-04T09:50:26","date_gmt":"2024-07-04T06:50:26","guid":{"rendered":"https:\/\/shop.ucrent.ee\/?page_id=622826"},"modified":"2024-07-04T09:54:26","modified_gmt":"2024-07-04T06:54:26","slug":"eas","status":"publish","type":"page","link":"https:\/\/shop.ucrent.ee\/fi\/eas","title":{"rendered":"eas"},"content":{"rendered":"<h1>K\u00fcberturvalisuse taseme kaardistamine<\/h1>\n<p>Projekti eesm\u00e4rk on kaardistada ettev\u00f5tte k\u00fcberturvalisuse tase ning sellest koostada teekaart, mille alusel on v\u00f5imalik ettev\u00f5ttel teostada vajadusel vajalikud parendust\u00f6d k\u00fcberturvalisuse osas, et olla maksimaalselt kaitstud.<\/p>\n<p>Antud projekt on kaasrahastatud Euroopa Liidu vahenditest.<\/p>\n<p>Toetuse summa on 4800\u20ac<\/p>\n<p>Projekti toetab Euroopa K\u00fcberkompetentsikeskus oma liikmetega.<\/p>\n<p><img loading=\"lazy\" decoding=\"async\" class=\"alignnone wp-image-622800 size-large\" src=\"https:\/\/shop.ucrent.ee\/wp-content\/uploads\/2024\/07\/logo-est-sinine_white-700x330.jpg\" alt=\"\" width=\"700\" height=\"330\" srcset=\"https:\/\/shop.ucrent.ee\/wp-content\/uploads\/2024\/07\/logo-est-sinine_white-700x330.jpg 700w, https:\/\/shop.ucrent.ee\/wp-content\/uploads\/2024\/07\/logo-est-sinine_white-250x118.jpg 250w, https:\/\/shop.ucrent.ee\/wp-content\/uploads\/2024\/07\/logo-est-sinine_white-768x362.jpg 768w, https:\/\/shop.ucrent.ee\/wp-content\/uploads\/2024\/07\/logo-est-sinine_white-120x56.jpg 120w, https:\/\/shop.ucrent.ee\/wp-content\/uploads\/2024\/07\/logo-est-sinine_white-600x282.jpg 600w, https:\/\/shop.ucrent.ee\/wp-content\/uploads\/2024\/07\/logo-est-sinine_white.jpg 1487w\" sizes=\"auto, (max-width: 700px) 100vw, 700px\" \/><\/p>\n","protected":false},"excerpt":{"rendered":"K\u00fcberturvalisuse taseme kaardistamine Projekti eesm\u00e4rk on kaardistada ettev\u00f5tte k\u00fcberturvalisuse tase ning sellest koostada teekaart, mille alusel on v\u00f5imalik ettev\u00f5ttel teostada vajadusel vajalikud parendust\u00f6d k\u00fcberturvalisuse osas, et olla maksimaalselt kaitstud. Antud projekt on kaasrahastatud Euroopa Liidu vahenditest. Toetuse summa on 4800\u20ac Projekti toetab Euroopa K\u00fcberkompetentsikeskus oma liikmetega.","protected":false},"author":5,"featured_media":0,"parent":0,"menu_order":0,"comment_status":"closed","ping_status":"closed","template":"","meta":{"_acf_changed":false,"footnotes":""},"class_list":["post-622826","page","type-page","status-publish","hentry"],"acf":[],"yoast_head":"<!-- This site is optimized with the Yoast SEO plugin v27.0 - https:\/\/yoast.com\/product\/yoast-seo-wordpress\/ -->\n<title>eas - UC Rent e-pood<\/title>\n<meta name=\"robots\" content=\"index, follow, max-snippet:-1, max-image-preview:large, max-video-preview:-1\" \/>\n<link rel=\"canonical\" href=\"https:\/\/shop.ucrent.ee\/eas\" \/>\n<meta property=\"og:locale\" content=\"fi_FI\" \/>\n<meta property=\"og:type\" content=\"article\" \/>\n<meta property=\"og:title\" content=\"eas - UC Rent e-pood\" \/>\n<meta property=\"og:description\" content=\"K\u00fcberturvalisuse taseme kaardistamine Projekti eesm\u00e4rk on kaardistada ettev\u00f5tte k\u00fcberturvalisuse tase ning sellest koostada teekaart, mille alusel on v\u00f5imalik ettev\u00f5ttel teostada vajadusel vajalikud parendust\u00f6d k\u00fcberturvalisuse osas, et olla maksimaalselt kaitstud. Antud projekt on kaasrahastatud Euroopa Liidu vahenditest. Toetuse summa on 4800\u20ac Projekti toetab Euroopa K\u00fcberkompetentsikeskus oma liikmetega.\" \/>\n<meta property=\"og:url\" content=\"https:\/\/shop.ucrent.ee\/eas\" \/>\n<meta property=\"og:site_name\" content=\"UC Rent e-pood\" \/>\n<meta property=\"article:modified_time\" content=\"2024-07-04T06:54:26+00:00\" \/>\n<meta property=\"og:image\" content=\"https:\/\/shop.ucrent.ee\/wp-content\/uploads\/2024\/07\/logo-est-sinine_white-700x330.jpg\" \/>\n<meta name=\"twitter:card\" content=\"summary_large_image\" \/>\n<meta name=\"twitter:label1\" content=\"Arvioitu lukuaika\" \/>\n\t<meta name=\"twitter:data1\" content=\"1 minuutti\" \/>\n<script type=\"application\/ld+json\" class=\"yoast-schema-graph\">{\"@context\":\"https:\/\/schema.org\",\"@graph\":[{\"@type\":\"WebPage\",\"@id\":\"https:\/\/shop.ucrent.ee\/eas\",\"url\":\"https:\/\/shop.ucrent.ee\/eas\",\"name\":\"eas - UC Rent e-pood\",\"isPartOf\":{\"@id\":\"https:\/\/shop.ucrent.ee\/#website\"},\"primaryImageOfPage\":{\"@id\":\"https:\/\/shop.ucrent.ee\/eas#primaryimage\"},\"image\":{\"@id\":\"https:\/\/shop.ucrent.ee\/eas#primaryimage\"},\"thumbnailUrl\":\"https:\/\/shop.ucrent.ee\/wp-content\/uploads\/2024\/07\/logo-est-sinine_white-700x330.jpg\",\"datePublished\":\"2024-07-04T06:50:26+00:00\",\"dateModified\":\"2024-07-04T06:54:26+00:00\",\"breadcrumb\":{\"@id\":\"https:\/\/shop.ucrent.ee\/eas#breadcrumb\"},\"inLanguage\":\"fi\",\"potentialAction\":[{\"@type\":\"ReadAction\",\"target\":[\"https:\/\/shop.ucrent.ee\/eas\"]}]},{\"@type\":\"ImageObject\",\"inLanguage\":\"fi\",\"@id\":\"https:\/\/shop.ucrent.ee\/eas#primaryimage\",\"url\":\"https:\/\/shop.ucrent.ee\/wp-content\/uploads\/2024\/07\/logo-est-sinine_white-700x330.jpg\",\"contentUrl\":\"https:\/\/shop.ucrent.ee\/wp-content\/uploads\/2024\/07\/logo-est-sinine_white-700x330.jpg\"},{\"@type\":\"BreadcrumbList\",\"@id\":\"https:\/\/shop.ucrent.ee\/eas#breadcrumb\",\"itemListElement\":[{\"@type\":\"ListItem\",\"position\":1,\"name\":\"Home\",\"item\":\"https:\/\/shop.ucrent.ee\/fi\"},{\"@type\":\"ListItem\",\"position\":2,\"name\":\"eas\"}]},{\"@type\":\"WebSite\",\"@id\":\"https:\/\/shop.ucrent.ee\/#website\",\"url\":\"https:\/\/shop.ucrent.ee\/\",\"name\":\"UC Rent e-pood\",\"description\":\"\",\"potentialAction\":[{\"@type\":\"SearchAction\",\"target\":{\"@type\":\"EntryPoint\",\"urlTemplate\":\"https:\/\/shop.ucrent.ee\/?s={search_term_string}\"},\"query-input\":{\"@type\":\"PropertyValueSpecification\",\"valueRequired\":true,\"valueName\":\"search_term_string\"}}],\"inLanguage\":\"fi\"}]}<\/script>\n<!-- \/ Yoast SEO plugin. -->","yoast_head_json":{"title":"eas - UC Rent e-pood","robots":{"index":"index","follow":"follow","max-snippet":"max-snippet:-1","max-image-preview":"max-image-preview:large","max-video-preview":"max-video-preview:-1"},"canonical":"https:\/\/shop.ucrent.ee\/eas","og_locale":"fi_FI","og_type":"article","og_title":"eas - UC Rent e-pood","og_description":"K\u00fcberturvalisuse taseme kaardistamine Projekti eesm\u00e4rk on kaardistada ettev\u00f5tte k\u00fcberturvalisuse tase ning sellest koostada teekaart, mille alusel on v\u00f5imalik ettev\u00f5ttel teostada vajadusel vajalikud parendust\u00f6d k\u00fcberturvalisuse osas, et olla maksimaalselt kaitstud. Antud projekt on kaasrahastatud Euroopa Liidu vahenditest. Toetuse summa on 4800\u20ac Projekti toetab Euroopa K\u00fcberkompetentsikeskus oma liikmetega.","og_url":"https:\/\/shop.ucrent.ee\/eas","og_site_name":"UC Rent e-pood","article_modified_time":"2024-07-04T06:54:26+00:00","og_image":[{"url":"https:\/\/shop.ucrent.ee\/wp-content\/uploads\/2024\/07\/logo-est-sinine_white-700x330.jpg","type":"","width":"","height":""}],"twitter_card":"summary_large_image","twitter_misc":{"Arvioitu lukuaika":"1 minuutti"},"schema":{"@context":"https:\/\/schema.org","@graph":[{"@type":"WebPage","@id":"https:\/\/shop.ucrent.ee\/eas","url":"https:\/\/shop.ucrent.ee\/eas","name":"eas - UC Rent e-pood","isPartOf":{"@id":"https:\/\/shop.ucrent.ee\/#website"},"primaryImageOfPage":{"@id":"https:\/\/shop.ucrent.ee\/eas#primaryimage"},"image":{"@id":"https:\/\/shop.ucrent.ee\/eas#primaryimage"},"thumbnailUrl":"https:\/\/shop.ucrent.ee\/wp-content\/uploads\/2024\/07\/logo-est-sinine_white-700x330.jpg","datePublished":"2024-07-04T06:50:26+00:00","dateModified":"2024-07-04T06:54:26+00:00","breadcrumb":{"@id":"https:\/\/shop.ucrent.ee\/eas#breadcrumb"},"inLanguage":"fi","potentialAction":[{"@type":"ReadAction","target":["https:\/\/shop.ucrent.ee\/eas"]}]},{"@type":"ImageObject","inLanguage":"fi","@id":"https:\/\/shop.ucrent.ee\/eas#primaryimage","url":"https:\/\/shop.ucrent.ee\/wp-content\/uploads\/2024\/07\/logo-est-sinine_white-700x330.jpg","contentUrl":"https:\/\/shop.ucrent.ee\/wp-content\/uploads\/2024\/07\/logo-est-sinine_white-700x330.jpg"},{"@type":"BreadcrumbList","@id":"https:\/\/shop.ucrent.ee\/eas#breadcrumb","itemListElement":[{"@type":"ListItem","position":1,"name":"Home","item":"https:\/\/shop.ucrent.ee\/fi"},{"@type":"ListItem","position":2,"name":"eas"}]},{"@type":"WebSite","@id":"https:\/\/shop.ucrent.ee\/#website","url":"https:\/\/shop.ucrent.ee\/","name":"UC Rent e-pood","description":"","potentialAction":[{"@type":"SearchAction","target":{"@type":"EntryPoint","urlTemplate":"https:\/\/shop.ucrent.ee\/?s={search_term_string}"},"query-input":{"@type":"PropertyValueSpecification","valueRequired":true,"valueName":"search_term_string"}}],"inLanguage":"fi"}]}},"_links":{"self":[{"href":"https:\/\/shop.ucrent.ee\/fi\/wp-json\/wp\/v2\/pages\/622826","targetHints":{"allow":["GET"]}}],"collection":[{"href":"https:\/\/shop.ucrent.ee\/fi\/wp-json\/wp\/v2\/pages"}],"about":[{"href":"https:\/\/shop.ucrent.ee\/fi\/wp-json\/wp\/v2\/types\/page"}],"author":[{"embeddable":true,"href":"https:\/\/shop.ucrent.ee\/fi\/wp-json\/wp\/v2\/users\/5"}],"replies":[{"embeddable":true,"href":"https:\/\/shop.ucrent.ee\/fi\/wp-json\/wp\/v2\/comments?post=622826"}],"version-history":[{"count":4,"href":"https:\/\/shop.ucrent.ee\/fi\/wp-json\/wp\/v2\/pages\/622826\/revisions"}],"predecessor-version":[{"id":622831,"href":"https:\/\/shop.ucrent.ee\/fi\/wp-json\/wp\/v2\/pages\/622826\/revisions\/622831"}],"wp:attachment":[{"href":"https:\/\/shop.ucrent.ee\/fi\/wp-json\/wp\/v2\/media?parent=622826"}],"curies":[{"name":"wp","href":"https:\/\/api.w.org\/{rel}","templated":true}]}}