{"id":623804,"date":"2025-01-22T15:35:48","date_gmt":"2025-01-22T13:35:48","guid":{"rendered":"https:\/\/shop.ucrent.ee\/?page_id=623804"},"modified":"2025-01-23T09:29:30","modified_gmt":"2025-01-23T07:29:30","slug":"telgikatete-pesu","status":"publish","type":"page","link":"https:\/\/shop.ucrent.ee\/fi\/telgikatete-pesu","title":{"rendered":"Telgikatete pesu"},"content":{"rendered":"<h1><span style=\"color: #ff0000;\"><strong>Telgikatete pesu<\/strong><\/span><\/h1>\n<p>Telgikatted on pidevalt kasutuses v\u00e4listes tingimustega, kus puutub kokku muutuvate ilmaoludega (nt vihm,p\u00e4ike), erinevad tolmud, heitgaasid, mis ladestuvad katte pinnale.<\/p>\n<p>Seet\u00f5ttu muutub kate m\u00e4\u00e4rdunuks ja pole enam nii esinduslik. Pikaldane mustus ja tolm paneb kasvama erineva orgaanika kattele, mis rikub materjali ja v\u00e4ljan\u00e4gemist.<\/p>\n<p>Soovitame teostada hoolduspesu katetele kord aastas.<\/p>\n<p>Katete pesul kasutame spetsiaalset tippklassi masinpesu tehnoloogiat ja profesionaalseid katete pesuaineid.<\/p>\n<p><b>Pesu koosneb 4 etapist:<\/b><\/p>\n<ul>\n<li>Eelleotus<\/li>\n<li>Harjaspesu<\/li>\n<li>Loputus<\/li>\n<li>Kuivatus<\/li>\n<\/ul>\n<p>Selle tulemusel saab kattele puhas v\u00e4ljan\u00e4gemine, samaaegselt ka hooldab materjali, mis annab ka pikema kasutusaja.<\/p>\n<p><b>Masinas on v\u00f5imalik pesta:<\/b><\/p>\n<ul>\n<li>Moodultelke, seinu, katuseid<\/li>\n<li>Peotelke<\/li>\n<li>Easy-up \/\u00a0Pop-up telke, seinu<\/li>\n<li>Pvc katteid<\/li>\n<\/ul>\n<p>Hinnastamisel ja pesul l\u00e4htume m\u00e4\u00e4rdumisastmest ja kattematerjali\/telgi t\u00fc\u00fcbist.<\/p>\n<p><img loading=\"lazy\" decoding=\"async\" width=\"250\" height=\"188\" class=\"alignnone size-medium wp-image-623822\" src=\"https:\/\/shop.ucrent.ee\/wp-content\/uploads\/2025\/01\/20210518_090738-250x188.jpg\" alt=\"\" srcset=\"https:\/\/shop.ucrent.ee\/wp-content\/uploads\/2025\/01\/20210518_090738-250x188.jpg 250w, https:\/\/shop.ucrent.ee\/wp-content\/uploads\/2025\/01\/20210518_090738-700x525.jpg 700w, https:\/\/shop.ucrent.ee\/wp-content\/uploads\/2025\/01\/20210518_090738-768x576.jpg 768w, https:\/\/shop.ucrent.ee\/wp-content\/uploads\/2025\/01\/20210518_090738-1536x1152.jpg 1536w, https:\/\/shop.ucrent.ee\/wp-content\/uploads\/2025\/01\/20210518_090738-2048x1536.jpg 2048w, https:\/\/shop.ucrent.ee\/wp-content\/uploads\/2025\/01\/20210518_090738-120x90.jpg 120w, https:\/\/shop.ucrent.ee\/wp-content\/uploads\/2025\/01\/20210518_090738-600x450.jpg 600w\" sizes=\"auto, (max-width: 250px) 100vw, 250px\" \/> <img loading=\"lazy\" decoding=\"async\" width=\"250\" height=\"188\" class=\"alignnone size-medium wp-image-623810\" src=\"https:\/\/shop.ucrent.ee\/wp-content\/uploads\/2025\/01\/20210519_102845-250x188.jpg\" alt=\"\" srcset=\"https:\/\/shop.ucrent.ee\/wp-content\/uploads\/2025\/01\/20210519_102845-250x188.jpg 250w, https:\/\/shop.ucrent.ee\/wp-content\/uploads\/2025\/01\/20210519_102845-700x525.jpg 700w, https:\/\/shop.ucrent.ee\/wp-content\/uploads\/2025\/01\/20210519_102845-768x576.jpg 768w, https:\/\/shop.ucrent.ee\/wp-content\/uploads\/2025\/01\/20210519_102845-1536x1152.jpg 1536w, https:\/\/shop.ucrent.ee\/wp-content\/uploads\/2025\/01\/20210519_102845-2048x1536.jpg 2048w, https:\/\/shop.ucrent.ee\/wp-content\/uploads\/2025\/01\/20210519_102845-120x90.jpg 120w, https:\/\/shop.ucrent.ee\/wp-content\/uploads\/2025\/01\/20210519_102845-600x450.jpg 600w\" sizes=\"auto, (max-width: 250px) 100vw, 250px\" \/><\/p>\n","protected":false},"excerpt":{"rendered":"Telgikatete pesu Telgikatted on pidevalt kasutuses v\u00e4listes tingimustega, kus puutub kokku muutuvate ilmaoludega (nt vihm,p\u00e4ike), erinevad tolmud, heitgaasid, mis ladestuvad katte pinnale. Seet\u00f5ttu muutub kate m\u00e4\u00e4rdunuks ja pole enam nii esinduslik. Pikaldane mustus ja tolm paneb kasvama erineva orgaanika kattele, mis rikub materjali ja v\u00e4ljan\u00e4gemist. Soovitame teostada hoolduspesu katetele kord aastas. Katete pesul kasutame spetsiaalset&#8230; <a class=\"view-article\" href=\"https:\/\/shop.ucrent.ee\/fi\/telgikatete-pesu\">View Article<\/a>","protected":false},"author":6,"featured_media":0,"parent":0,"menu_order":0,"comment_status":"closed","ping_status":"closed","template":"","meta":{"_acf_changed":false,"footnotes":""},"class_list":["post-623804","page","type-page","status-publish","hentry"],"acf":[],"yoast_head":"<!-- This site is optimized with the Yoast SEO plugin v27.0 - https:\/\/yoast.com\/product\/yoast-seo-wordpress\/ -->\n<title>Telgikatete pesu - UC Rent e-pood<\/title>\n<meta name=\"robots\" content=\"index, follow, max-snippet:-1, max-image-preview:large, max-video-preview:-1\" \/>\n<link rel=\"canonical\" href=\"https:\/\/shop.ucrent.ee\/telgikatete-pesu\" \/>\n<meta property=\"og:locale\" content=\"fi_FI\" \/>\n<meta property=\"og:type\" content=\"article\" \/>\n<meta property=\"og:title\" content=\"Telgikatete pesu - UC Rent e-pood\" \/>\n<meta property=\"og:description\" content=\"Telgikatete pesu Telgikatted on pidevalt kasutuses v\u00e4listes tingimustega, kus puutub kokku muutuvate ilmaoludega (nt vihm,p\u00e4ike), erinevad tolmud, heitgaasid, mis ladestuvad katte pinnale. Seet\u00f5ttu muutub kate m\u00e4\u00e4rdunuks ja pole enam nii esinduslik. Pikaldane mustus ja tolm paneb kasvama erineva orgaanika kattele, mis rikub materjali ja v\u00e4ljan\u00e4gemist. Soovitame teostada hoolduspesu katetele kord aastas. Katete pesul kasutame spetsiaalset... View Article\" \/>\n<meta property=\"og:url\" content=\"https:\/\/shop.ucrent.ee\/telgikatete-pesu\" \/>\n<meta property=\"og:site_name\" content=\"UC Rent e-pood\" \/>\n<meta property=\"article:modified_time\" content=\"2025-01-23T07:29:30+00:00\" \/>\n<meta property=\"og:image\" content=\"https:\/\/shop.ucrent.ee\/wp-content\/uploads\/2025\/01\/20210518_090738-250x188.jpg\" \/>\n<meta name=\"twitter:card\" content=\"summary_large_image\" \/>\n<meta name=\"twitter:label1\" content=\"Arvioitu lukuaika\" \/>\n\t<meta name=\"twitter:data1\" content=\"1 minuutti\" \/>\n<script type=\"application\/ld+json\" class=\"yoast-schema-graph\">{\"@context\":\"https:\/\/schema.org\",\"@graph\":[{\"@type\":\"WebPage\",\"@id\":\"https:\/\/shop.ucrent.ee\/telgikatete-pesu\",\"url\":\"https:\/\/shop.ucrent.ee\/telgikatete-pesu\",\"name\":\"Telgikatete pesu - UC Rent e-pood\",\"isPartOf\":{\"@id\":\"https:\/\/shop.ucrent.ee\/#website\"},\"primaryImageOfPage\":{\"@id\":\"https:\/\/shop.ucrent.ee\/telgikatete-pesu#primaryimage\"},\"image\":{\"@id\":\"https:\/\/shop.ucrent.ee\/telgikatete-pesu#primaryimage\"},\"thumbnailUrl\":\"https:\/\/shop.ucrent.ee\/wp-content\/uploads\/2025\/01\/20210518_090738-250x188.jpg\",\"datePublished\":\"2025-01-22T13:35:48+00:00\",\"dateModified\":\"2025-01-23T07:29:30+00:00\",\"breadcrumb\":{\"@id\":\"https:\/\/shop.ucrent.ee\/telgikatete-pesu#breadcrumb\"},\"inLanguage\":\"fi\",\"potentialAction\":[{\"@type\":\"ReadAction\",\"target\":[\"https:\/\/shop.ucrent.ee\/telgikatete-pesu\"]}]},{\"@type\":\"ImageObject\",\"inLanguage\":\"fi\",\"@id\":\"https:\/\/shop.ucrent.ee\/telgikatete-pesu#primaryimage\",\"url\":\"https:\/\/shop.ucrent.ee\/wp-content\/uploads\/2025\/01\/20210518_090738-250x188.jpg\",\"contentUrl\":\"https:\/\/shop.ucrent.ee\/wp-content\/uploads\/2025\/01\/20210518_090738-250x188.jpg\"},{\"@type\":\"BreadcrumbList\",\"@id\":\"https:\/\/shop.ucrent.ee\/telgikatete-pesu#breadcrumb\",\"itemListElement\":[{\"@type\":\"ListItem\",\"position\":1,\"name\":\"Home\",\"item\":\"https:\/\/shop.ucrent.ee\/fi\"},{\"@type\":\"ListItem\",\"position\":2,\"name\":\"Telgikatete pesu\"}]},{\"@type\":\"WebSite\",\"@id\":\"https:\/\/shop.ucrent.ee\/#website\",\"url\":\"https:\/\/shop.ucrent.ee\/\",\"name\":\"UC Rent e-pood\",\"description\":\"\",\"potentialAction\":[{\"@type\":\"SearchAction\",\"target\":{\"@type\":\"EntryPoint\",\"urlTemplate\":\"https:\/\/shop.ucrent.ee\/?s={search_term_string}\"},\"query-input\":{\"@type\":\"PropertyValueSpecification\",\"valueRequired\":true,\"valueName\":\"search_term_string\"}}],\"inLanguage\":\"fi\"}]}<\/script>\n<!-- \/ Yoast SEO plugin. -->","yoast_head_json":{"title":"Telgikatete pesu - UC Rent e-pood","robots":{"index":"index","follow":"follow","max-snippet":"max-snippet:-1","max-image-preview":"max-image-preview:large","max-video-preview":"max-video-preview:-1"},"canonical":"https:\/\/shop.ucrent.ee\/telgikatete-pesu","og_locale":"fi_FI","og_type":"article","og_title":"Telgikatete pesu - UC Rent e-pood","og_description":"Telgikatete pesu Telgikatted on pidevalt kasutuses v\u00e4listes tingimustega, kus puutub kokku muutuvate ilmaoludega (nt vihm,p\u00e4ike), erinevad tolmud, heitgaasid, mis ladestuvad katte pinnale. Seet\u00f5ttu muutub kate m\u00e4\u00e4rdunuks ja pole enam nii esinduslik. Pikaldane mustus ja tolm paneb kasvama erineva orgaanika kattele, mis rikub materjali ja v\u00e4ljan\u00e4gemist. Soovitame teostada hoolduspesu katetele kord aastas. Katete pesul kasutame spetsiaalset... View Article","og_url":"https:\/\/shop.ucrent.ee\/telgikatete-pesu","og_site_name":"UC Rent e-pood","article_modified_time":"2025-01-23T07:29:30+00:00","og_image":[{"url":"https:\/\/shop.ucrent.ee\/wp-content\/uploads\/2025\/01\/20210518_090738-250x188.jpg","type":"","width":"","height":""}],"twitter_card":"summary_large_image","twitter_misc":{"Arvioitu lukuaika":"1 minuutti"},"schema":{"@context":"https:\/\/schema.org","@graph":[{"@type":"WebPage","@id":"https:\/\/shop.ucrent.ee\/telgikatete-pesu","url":"https:\/\/shop.ucrent.ee\/telgikatete-pesu","name":"Telgikatete pesu - UC Rent e-pood","isPartOf":{"@id":"https:\/\/shop.ucrent.ee\/#website"},"primaryImageOfPage":{"@id":"https:\/\/shop.ucrent.ee\/telgikatete-pesu#primaryimage"},"image":{"@id":"https:\/\/shop.ucrent.ee\/telgikatete-pesu#primaryimage"},"thumbnailUrl":"https:\/\/shop.ucrent.ee\/wp-content\/uploads\/2025\/01\/20210518_090738-250x188.jpg","datePublished":"2025-01-22T13:35:48+00:00","dateModified":"2025-01-23T07:29:30+00:00","breadcrumb":{"@id":"https:\/\/shop.ucrent.ee\/telgikatete-pesu#breadcrumb"},"inLanguage":"fi","potentialAction":[{"@type":"ReadAction","target":["https:\/\/shop.ucrent.ee\/telgikatete-pesu"]}]},{"@type":"ImageObject","inLanguage":"fi","@id":"https:\/\/shop.ucrent.ee\/telgikatete-pesu#primaryimage","url":"https:\/\/shop.ucrent.ee\/wp-content\/uploads\/2025\/01\/20210518_090738-250x188.jpg","contentUrl":"https:\/\/shop.ucrent.ee\/wp-content\/uploads\/2025\/01\/20210518_090738-250x188.jpg"},{"@type":"BreadcrumbList","@id":"https:\/\/shop.ucrent.ee\/telgikatete-pesu#breadcrumb","itemListElement":[{"@type":"ListItem","position":1,"name":"Home","item":"https:\/\/shop.ucrent.ee\/fi"},{"@type":"ListItem","position":2,"name":"Telgikatete pesu"}]},{"@type":"WebSite","@id":"https:\/\/shop.ucrent.ee\/#website","url":"https:\/\/shop.ucrent.ee\/","name":"UC Rent e-pood","description":"","potentialAction":[{"@type":"SearchAction","target":{"@type":"EntryPoint","urlTemplate":"https:\/\/shop.ucrent.ee\/?s={search_term_string}"},"query-input":{"@type":"PropertyValueSpecification","valueRequired":true,"valueName":"search_term_string"}}],"inLanguage":"fi"}]}},"_links":{"self":[{"href":"https:\/\/shop.ucrent.ee\/fi\/wp-json\/wp\/v2\/pages\/623804","targetHints":{"allow":["GET"]}}],"collection":[{"href":"https:\/\/shop.ucrent.ee\/fi\/wp-json\/wp\/v2\/pages"}],"about":[{"href":"https:\/\/shop.ucrent.ee\/fi\/wp-json\/wp\/v2\/types\/page"}],"author":[{"embeddable":true,"href":"https:\/\/shop.ucrent.ee\/fi\/wp-json\/wp\/v2\/users\/6"}],"replies":[{"embeddable":true,"href":"https:\/\/shop.ucrent.ee\/fi\/wp-json\/wp\/v2\/comments?post=623804"}],"version-history":[{"count":7,"href":"https:\/\/shop.ucrent.ee\/fi\/wp-json\/wp\/v2\/pages\/623804\/revisions"}],"predecessor-version":[{"id":623829,"href":"https:\/\/shop.ucrent.ee\/fi\/wp-json\/wp\/v2\/pages\/623804\/revisions\/623829"}],"wp:attachment":[{"href":"https:\/\/shop.ucrent.ee\/fi\/wp-json\/wp\/v2\/media?parent=623804"}],"curies":[{"name":"wp","href":"https:\/\/api.w.org\/{rel}","templated":true}]}}