{"id":13676,"date":"2020-01-20T18:08:43","date_gmt":"2020-01-20T16:08:43","guid":{"rendered":"https:\/\/ucrent.macaw.ee\/toode\/containex-24x6m-toimisto-ja-tyomaakontti\/"},"modified":"2026-04-18T08:17:35","modified_gmt":"2026-04-18T05:17:35","slug":"containex-24x6m-toimisto-ja-tyomaakontti-interior-puun-jaljitelma","status":"publish","type":"product","link":"https:\/\/shop.ucrent.ee\/fi\/toode\/containex-24x6m-toimisto-ja-tyomaakontti-interior-puun-jaljitelma","title":{"rendered":"Containex standard toimisto- ja ty\u00f6maakontti 2,4x6m, interior vaalea tammi"},"content":{"rendered":"<p>Containex 2,4x6m standard toimisto- ja ty\u00f6maakontti.<br \/>\nUlkomitat: 2,44 \u00d7 6,06 m, korkeus 2,59 m.<br \/>\nSis\u00e4mitat: 2,24 \u00d7 5,86 m, korkeus 2,34 m.<br \/>\nPaino: ~2000 kg.<br \/>\nLattian kantavuus: 200 kg\/m\u00b2, nostettavissa jopa 800 kg\/m\u00b2.<br \/>\nUlkov\u00e4ri: vaaleanharmaa RAL 9002, sis\u00e4v\u00e4ri: vaalea tammi.<br \/>\nToimitussis\u00e4lt\u00f6: 2 avattava l\u00e4mp\u00f6lasitettu ikkuna ulkopuolisella suojarullaverholla sek\u00e4 lukittava l\u00e4mp\u00f6eristetty metallinen ovi 875 \u00d7 2125 mm, lukko ja kahva, 5 pistorasiaa, kattovalaisin ja kytkin, 2 kW termostaatilla varustettu patteri, s\u00e4hk\u00f6keskus, ulkoinen 32A s\u00e4hk\u00f6pistorasia.<br \/>\nKopin sein\u00e4t koostuvat moduuleista: sivusein\u00e4 5 moduulista ja p\u00e4\u00e4tysein\u00e4 2 moduulista, mik\u00e4 mahdollistaa ovien ja ikkunoiden vapaan sijoittelun.<br \/>\nSein\u00e4t on ulkopuolelta verhoiltu galvanoidulla ter\u00e4slevyll\u00e4, katto on saumattu ja sinkitty tai maalattu pelti. Sis\u00e4puoli on viimeistelty molemmin puolin laminoidulla lastulevyll\u00e4.<br \/>\nL\u00e4mm\u00f6neristeen\u00e4 k\u00e4ytet\u00e4\u00e4n mineraalivillaa: sein\u00e4t 60 mm, lattia 100 mm ja katto 100 mm.<br \/>\nTarjoamissamme konteissa on CE-merkint\u00e4, joka takaa EU-vaatimusten mukaiset s\u00e4hk\u00f6laitteistot ja rakennuslaadun.<br \/>\nKontit t\u00e4ytt\u00e4v\u00e4t ISO-standardit.<\/p>\n","protected":false},"excerpt":{"rendered":"Containex 2,4x6m standard toimisto- ja ty\u00f6maakontti. Ulkomitat: 2,44 \u00d7 6,06 m, korkeus 2,59 m. Sis\u00e4mitat: 2,24 \u00d7 5,86 m, korkeus 2,34 m. Paino: ~2000 kg. Lattian kantavuus: 200 kg\/m\u00b2, nostettavissa jopa 800 kg\/m\u00b2. Ulkov\u00e4ri: vaaleanharmaa RAL 9002, sis\u00e4v\u00e4ri: vaalea tammi. Toimitussis\u00e4lt\u00f6: 2 avattava l\u00e4mp\u00f6lasitettu ikkuna ulkopuolisella suojarullaverholla sek\u00e4 lukittava l\u00e4mp\u00f6eristetty metallinen ovi 875 \u00d7 2125&#8230; <a class=\"view-article\" href=\"https:\/\/shop.ucrent.ee\/fi\/toode\/containex-24x6m-toimisto-ja-tyomaakontti-interior-puun-jaljitelma\">View Article<\/a>","protected":false},"featured_media":12739,"template":"","meta":{"_acf_changed":false},"product_brand":[],"product_cat":[639],"product_tag":[],"class_list":{"0":"post-13676","1":"product","2":"type-product","3":"status-publish","4":"has-post-thumbnail","6":"product_cat-e-pood_soojak_2_4_x_6m_fi","8":"first","9":"instock","10":"sale","11":"taxable","12":"shipping-taxable","13":"purchasable","14":"product-type-simple"},"acf":[],"yoast_head":"<!-- This site is optimized with the Yoast SEO plugin v27.0 - https:\/\/yoast.com\/product\/yoast-seo-wordpress\/ -->\n<title>Containex standard toimisto- ja ty\u00f6maakontti 2,4x6m, interior vaalea tammi - UC Rent e-pood<\/title>\n<meta name=\"robots\" content=\"index, follow, max-snippet:-1, max-image-preview:large, max-video-preview:-1\" \/>\n<link rel=\"canonical\" href=\"https:\/\/shop.ucrent.ee\/fi\/toode\/containex-24x6m-toimisto-ja-tyomaakontti-interior-puun-jaljitelma\" \/>\n<meta property=\"og:locale\" content=\"fi_FI\" \/>\n<meta property=\"og:type\" content=\"article\" \/>\n<meta property=\"og:title\" content=\"Containex standard toimisto- ja ty\u00f6maakontti 2,4x6m, interior vaalea tammi - UC Rent e-pood\" \/>\n<meta property=\"og:description\" content=\"Containex 2,4x6m standard toimisto- ja ty\u00f6maakontti. Ulkomitat: 2,44 \u00d7 6,06 m, korkeus 2,59 m. Sis\u00e4mitat: 2,24 \u00d7 5,86 m, korkeus 2,34 m. Paino: ~2000 kg. Lattian kantavuus: 200 kg\/m\u00b2, nostettavissa jopa 800 kg\/m\u00b2. Ulkov\u00e4ri: vaaleanharmaa RAL 9002, sis\u00e4v\u00e4ri: vaalea tammi. Toimitussis\u00e4lt\u00f6: 2 avattava l\u00e4mp\u00f6lasitettu ikkuna ulkopuolisella suojarullaverholla sek\u00e4 lukittava l\u00e4mp\u00f6eristetty metallinen ovi 875 \u00d7 2125... View Article\" \/>\n<meta property=\"og:url\" content=\"https:\/\/shop.ucrent.ee\/fi\/toode\/containex-24x6m-toimisto-ja-tyomaakontti-interior-puun-jaljitelma\" \/>\n<meta property=\"og:site_name\" content=\"UC Rent e-pood\" \/>\n<meta property=\"article:modified_time\" content=\"2026-04-18T05:17:35+00:00\" \/>\n<meta property=\"og:image\" content=\"https:\/\/shop.ucrent.ee\/wp-content\/uploads\/2020\/01\/CONTAINEX-Buerocontainer.jpg\" \/>\n\t<meta property=\"og:image:width\" content=\"1280\" \/>\n\t<meta property=\"og:image:height\" content=\"960\" \/>\n\t<meta property=\"og:image:type\" content=\"image\/jpeg\" \/>\n<meta name=\"twitter:card\" content=\"summary_large_image\" \/>\n<meta name=\"twitter:label1\" content=\"Arvioitu lukuaika\" \/>\n\t<meta name=\"twitter:data1\" content=\"1 minuutti\" \/>\n<script type=\"application\/ld+json\" class=\"yoast-schema-graph\">{\"@context\":\"https:\/\/schema.org\",\"@graph\":[{\"@type\":\"WebPage\",\"@id\":\"https:\/\/shop.ucrent.ee\/fi\/toode\/containex-24x6m-toimisto-ja-tyomaakontti-interior-puun-jaljitelma\",\"url\":\"https:\/\/shop.ucrent.ee\/fi\/toode\/containex-24x6m-toimisto-ja-tyomaakontti-interior-puun-jaljitelma\",\"name\":\"Containex standard toimisto- ja ty\u00f6maakontti 2,4x6m, interior vaalea tammi - UC Rent e-pood\",\"isPartOf\":{\"@id\":\"https:\/\/shop.ucrent.ee\/#website\"},\"primaryImageOfPage\":{\"@id\":\"https:\/\/shop.ucrent.ee\/fi\/toode\/containex-24x6m-toimisto-ja-tyomaakontti-interior-puun-jaljitelma#primaryimage\"},\"image\":{\"@id\":\"https:\/\/shop.ucrent.ee\/fi\/toode\/containex-24x6m-toimisto-ja-tyomaakontti-interior-puun-jaljitelma#primaryimage\"},\"thumbnailUrl\":\"https:\/\/shop.ucrent.ee\/wp-content\/uploads\/2020\/01\/CONTAINEX-Buerocontainer.jpg\",\"datePublished\":\"2020-01-20T16:08:43+00:00\",\"dateModified\":\"2026-04-18T05:17:35+00:00\",\"breadcrumb\":{\"@id\":\"https:\/\/shop.ucrent.ee\/fi\/toode\/containex-24x6m-toimisto-ja-tyomaakontti-interior-puun-jaljitelma#breadcrumb\"},\"inLanguage\":\"fi\",\"potentialAction\":[{\"@type\":\"ReadAction\",\"target\":[\"https:\/\/shop.ucrent.ee\/fi\/toode\/containex-24x6m-toimisto-ja-tyomaakontti-interior-puun-jaljitelma\"]}]},{\"@type\":\"ImageObject\",\"inLanguage\":\"fi\",\"@id\":\"https:\/\/shop.ucrent.ee\/fi\/toode\/containex-24x6m-toimisto-ja-tyomaakontti-interior-puun-jaljitelma#primaryimage\",\"url\":\"https:\/\/shop.ucrent.ee\/wp-content\/uploads\/2020\/01\/CONTAINEX-Buerocontainer.jpg\",\"contentUrl\":\"https:\/\/shop.ucrent.ee\/wp-content\/uploads\/2020\/01\/CONTAINEX-Buerocontainer.jpg\",\"width\":1280,\"height\":960},{\"@type\":\"BreadcrumbList\",\"@id\":\"https:\/\/shop.ucrent.ee\/fi\/toode\/containex-24x6m-toimisto-ja-tyomaakontti-interior-puun-jaljitelma#breadcrumb\",\"itemListElement\":[{\"@type\":\"ListItem\",\"position\":1,\"name\":\"Home\",\"item\":\"https:\/\/shop.ucrent.ee\/fi\"},{\"@type\":\"ListItem\",\"position\":2,\"name\":\"K\u00f5ik tooted\",\"item\":\"https:\/\/shop.ucrent.ee\/tooted\"},{\"@type\":\"ListItem\",\"position\":3,\"name\":\"Containex standard toimisto- ja ty\u00f6maakontti 2,4x6m, interior vaalea tammi\"}]},{\"@type\":\"WebSite\",\"@id\":\"https:\/\/shop.ucrent.ee\/#website\",\"url\":\"https:\/\/shop.ucrent.ee\/\",\"name\":\"UC Rent e-pood\",\"description\":\"\",\"potentialAction\":[{\"@type\":\"SearchAction\",\"target\":{\"@type\":\"EntryPoint\",\"urlTemplate\":\"https:\/\/shop.ucrent.ee\/?s={search_term_string}\"},\"query-input\":{\"@type\":\"PropertyValueSpecification\",\"valueRequired\":true,\"valueName\":\"search_term_string\"}}],\"inLanguage\":\"fi\"}]}<\/script>\n<!-- \/ Yoast SEO plugin. -->","yoast_head_json":{"title":"Containex standard toimisto- ja ty\u00f6maakontti 2,4x6m, interior vaalea tammi - UC Rent e-pood","robots":{"index":"index","follow":"follow","max-snippet":"max-snippet:-1","max-image-preview":"max-image-preview:large","max-video-preview":"max-video-preview:-1"},"canonical":"https:\/\/shop.ucrent.ee\/fi\/toode\/containex-24x6m-toimisto-ja-tyomaakontti-interior-puun-jaljitelma","og_locale":"fi_FI","og_type":"article","og_title":"Containex standard toimisto- ja ty\u00f6maakontti 2,4x6m, interior vaalea tammi - UC Rent e-pood","og_description":"Containex 2,4x6m standard toimisto- ja ty\u00f6maakontti. Ulkomitat: 2,44 \u00d7 6,06 m, korkeus 2,59 m. Sis\u00e4mitat: 2,24 \u00d7 5,86 m, korkeus 2,34 m. Paino: ~2000 kg. Lattian kantavuus: 200 kg\/m\u00b2, nostettavissa jopa 800 kg\/m\u00b2. Ulkov\u00e4ri: vaaleanharmaa RAL 9002, sis\u00e4v\u00e4ri: vaalea tammi. Toimitussis\u00e4lt\u00f6: 2 avattava l\u00e4mp\u00f6lasitettu ikkuna ulkopuolisella suojarullaverholla sek\u00e4 lukittava l\u00e4mp\u00f6eristetty metallinen ovi 875 \u00d7 2125... View Article","og_url":"https:\/\/shop.ucrent.ee\/fi\/toode\/containex-24x6m-toimisto-ja-tyomaakontti-interior-puun-jaljitelma","og_site_name":"UC Rent e-pood","article_modified_time":"2026-04-18T05:17:35+00:00","og_image":[{"width":1280,"height":960,"url":"https:\/\/shop.ucrent.ee\/wp-content\/uploads\/2020\/01\/CONTAINEX-Buerocontainer.jpg","type":"image\/jpeg"}],"twitter_card":"summary_large_image","twitter_misc":{"Arvioitu lukuaika":"1 minuutti"},"schema":{"@context":"https:\/\/schema.org","@graph":[{"@type":"WebPage","@id":"https:\/\/shop.ucrent.ee\/fi\/toode\/containex-24x6m-toimisto-ja-tyomaakontti-interior-puun-jaljitelma","url":"https:\/\/shop.ucrent.ee\/fi\/toode\/containex-24x6m-toimisto-ja-tyomaakontti-interior-puun-jaljitelma","name":"Containex standard toimisto- ja ty\u00f6maakontti 2,4x6m, interior vaalea tammi - UC Rent e-pood","isPartOf":{"@id":"https:\/\/shop.ucrent.ee\/#website"},"primaryImageOfPage":{"@id":"https:\/\/shop.ucrent.ee\/fi\/toode\/containex-24x6m-toimisto-ja-tyomaakontti-interior-puun-jaljitelma#primaryimage"},"image":{"@id":"https:\/\/shop.ucrent.ee\/fi\/toode\/containex-24x6m-toimisto-ja-tyomaakontti-interior-puun-jaljitelma#primaryimage"},"thumbnailUrl":"https:\/\/shop.ucrent.ee\/wp-content\/uploads\/2020\/01\/CONTAINEX-Buerocontainer.jpg","datePublished":"2020-01-20T16:08:43+00:00","dateModified":"2026-04-18T05:17:35+00:00","breadcrumb":{"@id":"https:\/\/shop.ucrent.ee\/fi\/toode\/containex-24x6m-toimisto-ja-tyomaakontti-interior-puun-jaljitelma#breadcrumb"},"inLanguage":"fi","potentialAction":[{"@type":"ReadAction","target":["https:\/\/shop.ucrent.ee\/fi\/toode\/containex-24x6m-toimisto-ja-tyomaakontti-interior-puun-jaljitelma"]}]},{"@type":"ImageObject","inLanguage":"fi","@id":"https:\/\/shop.ucrent.ee\/fi\/toode\/containex-24x6m-toimisto-ja-tyomaakontti-interior-puun-jaljitelma#primaryimage","url":"https:\/\/shop.ucrent.ee\/wp-content\/uploads\/2020\/01\/CONTAINEX-Buerocontainer.jpg","contentUrl":"https:\/\/shop.ucrent.ee\/wp-content\/uploads\/2020\/01\/CONTAINEX-Buerocontainer.jpg","width":1280,"height":960},{"@type":"BreadcrumbList","@id":"https:\/\/shop.ucrent.ee\/fi\/toode\/containex-24x6m-toimisto-ja-tyomaakontti-interior-puun-jaljitelma#breadcrumb","itemListElement":[{"@type":"ListItem","position":1,"name":"Home","item":"https:\/\/shop.ucrent.ee\/fi"},{"@type":"ListItem","position":2,"name":"K\u00f5ik tooted","item":"https:\/\/shop.ucrent.ee\/tooted"},{"@type":"ListItem","position":3,"name":"Containex standard toimisto- ja ty\u00f6maakontti 2,4x6m, interior vaalea tammi"}]},{"@type":"WebSite","@id":"https:\/\/shop.ucrent.ee\/#website","url":"https:\/\/shop.ucrent.ee\/","name":"UC Rent e-pood","description":"","potentialAction":[{"@type":"SearchAction","target":{"@type":"EntryPoint","urlTemplate":"https:\/\/shop.ucrent.ee\/?s={search_term_string}"},"query-input":{"@type":"PropertyValueSpecification","valueRequired":true,"valueName":"search_term_string"}}],"inLanguage":"fi"}]}},"_links":{"self":[{"href":"https:\/\/shop.ucrent.ee\/fi\/wp-json\/wp\/v2\/product\/13676","targetHints":{"allow":["GET"]}}],"collection":[{"href":"https:\/\/shop.ucrent.ee\/fi\/wp-json\/wp\/v2\/product"}],"about":[{"href":"https:\/\/shop.ucrent.ee\/fi\/wp-json\/wp\/v2\/types\/product"}],"wp:featuredmedia":[{"embeddable":true,"href":"https:\/\/shop.ucrent.ee\/fi\/wp-json\/wp\/v2\/media\/12739"}],"wp:attachment":[{"href":"https:\/\/shop.ucrent.ee\/fi\/wp-json\/wp\/v2\/media?parent=13676"}],"wp:term":[{"taxonomy":"product_brand","embeddable":true,"href":"https:\/\/shop.ucrent.ee\/fi\/wp-json\/wp\/v2\/product_brand?post=13676"},{"taxonomy":"product_cat","embeddable":true,"href":"https:\/\/shop.ucrent.ee\/fi\/wp-json\/wp\/v2\/product_cat?post=13676"},{"taxonomy":"product_tag","embeddable":true,"href":"https:\/\/shop.ucrent.ee\/fi\/wp-json\/wp\/v2\/product_tag?post=13676"}],"curies":[{"name":"wp","href":"https:\/\/api.w.org\/{rel}","templated":true}]}}