{"id":16384,"date":"2020-03-17T11:01:25","date_gmt":"2020-03-17T09:01:25","guid":{"rendered":"https:\/\/shop.ucrent.ee\/toode\/muovinen-taitettava-tuoli-valkoinen-runko-harmaa-lifetime"},"modified":"2026-04-21T11:33:59","modified_gmt":"2026-04-21T08:33:59","slug":"muovinen-taitettava-tuoli-valkoinen-runko-harmaa-lifetime","status":"publish","type":"product","link":"https:\/\/shop.ucrent.ee\/fi\/toode\/muovinen-taitettava-tuoli-valkoinen-runko-harmaa-lifetime","title":{"rendered":"Muovinen taitettava tuoli valkoinen, runko harmaa, Lifetime"},"content":{"rendered":"<p>Valkoinen muovinen taitettava tuoli, joka on kompakti, tukeva ja kevyt.<br \/>\nSopii sis\u00e4- ja ulkok\u00e4ytt\u00f6\u00f6n, paino 3,6 kg.<\/p>\n","protected":false},"excerpt":{"rendered":"Valkoinen muovinen taitettava tuoli, joka on kompakti, tukeva ja kevyt. Sopii sis\u00e4- ja ulkok\u00e4ytt\u00f6\u00f6n, paino 3,6 kg.","protected":false},"featured_media":16376,"template":"","meta":{"_acf_changed":false},"product_brand":[],"product_cat":[836],"product_tag":[],"class_list":{"0":"post-16384","1":"product","2":"type-product","3":"status-publish","4":"has-post-thumbnail","6":"product_cat-tuolit","8":"first","9":"instock","10":"taxable","11":"shipping-taxable","12":"purchasable","13":"product-type-simple"},"acf":[],"yoast_head":"<!-- This site is optimized with the Yoast SEO plugin v27.0 - https:\/\/yoast.com\/product\/yoast-seo-wordpress\/ -->\n<title>Muovinen taitettava tuoli valkoinen, runko harmaa, Lifetime - UC Rent e-pood<\/title>\n<meta name=\"robots\" content=\"index, follow, max-snippet:-1, max-image-preview:large, max-video-preview:-1\" \/>\n<link rel=\"canonical\" href=\"https:\/\/shop.ucrent.ee\/fi\/toode\/muovinen-taitettava-tuoli-valkoinen-runko-harmaa-lifetime\" \/>\n<meta property=\"og:locale\" content=\"fi_FI\" \/>\n<meta property=\"og:type\" content=\"article\" \/>\n<meta property=\"og:title\" content=\"Muovinen taitettava tuoli valkoinen, runko harmaa, Lifetime - UC Rent e-pood\" \/>\n<meta property=\"og:description\" content=\"Valkoinen muovinen taitettava tuoli, joka on kompakti, tukeva ja kevyt. Sopii sis\u00e4- ja ulkok\u00e4ytt\u00f6\u00f6n, paino 3,6 kg.\" \/>\n<meta property=\"og:url\" content=\"https:\/\/shop.ucrent.ee\/fi\/toode\/muovinen-taitettava-tuoli-valkoinen-runko-harmaa-lifetime\" \/>\n<meta property=\"og:site_name\" content=\"UC Rent e-pood\" \/>\n<meta property=\"article:modified_time\" content=\"2026-04-21T08:33:59+00:00\" \/>\n<meta property=\"og:image\" content=\"https:\/\/shop.ucrent.ee\/wp-content\/uploads\/2020\/03\/51ArKSIrC1L._AC_SX522_.jpg\" \/>\n\t<meta property=\"og:image:width\" content=\"522\" \/>\n\t<meta property=\"og:image:height\" content=\"794\" \/>\n\t<meta property=\"og:image:type\" content=\"image\/jpeg\" \/>\n<meta name=\"twitter:card\" content=\"summary_large_image\" \/>\n<script type=\"application\/ld+json\" class=\"yoast-schema-graph\">{\"@context\":\"https:\/\/schema.org\",\"@graph\":[{\"@type\":\"WebPage\",\"@id\":\"https:\/\/shop.ucrent.ee\/fi\/toode\/muovinen-taitettava-tuoli-valkoinen-runko-harmaa-lifetime\",\"url\":\"https:\/\/shop.ucrent.ee\/fi\/toode\/muovinen-taitettava-tuoli-valkoinen-runko-harmaa-lifetime\",\"name\":\"Muovinen taitettava tuoli valkoinen, runko harmaa, Lifetime - UC Rent e-pood\",\"isPartOf\":{\"@id\":\"https:\/\/shop.ucrent.ee\/#website\"},\"primaryImageOfPage\":{\"@id\":\"https:\/\/shop.ucrent.ee\/fi\/toode\/muovinen-taitettava-tuoli-valkoinen-runko-harmaa-lifetime#primaryimage\"},\"image\":{\"@id\":\"https:\/\/shop.ucrent.ee\/fi\/toode\/muovinen-taitettava-tuoli-valkoinen-runko-harmaa-lifetime#primaryimage\"},\"thumbnailUrl\":\"https:\/\/shop.ucrent.ee\/wp-content\/uploads\/2020\/03\/51ArKSIrC1L._AC_SX522_.jpg\",\"datePublished\":\"2020-03-17T09:01:25+00:00\",\"dateModified\":\"2026-04-21T08:33:59+00:00\",\"breadcrumb\":{\"@id\":\"https:\/\/shop.ucrent.ee\/fi\/toode\/muovinen-taitettava-tuoli-valkoinen-runko-harmaa-lifetime#breadcrumb\"},\"inLanguage\":\"fi\",\"potentialAction\":[{\"@type\":\"ReadAction\",\"target\":[\"https:\/\/shop.ucrent.ee\/fi\/toode\/muovinen-taitettava-tuoli-valkoinen-runko-harmaa-lifetime\"]}]},{\"@type\":\"ImageObject\",\"inLanguage\":\"fi\",\"@id\":\"https:\/\/shop.ucrent.ee\/fi\/toode\/muovinen-taitettava-tuoli-valkoinen-runko-harmaa-lifetime#primaryimage\",\"url\":\"https:\/\/shop.ucrent.ee\/wp-content\/uploads\/2020\/03\/51ArKSIrC1L._AC_SX522_.jpg\",\"contentUrl\":\"https:\/\/shop.ucrent.ee\/wp-content\/uploads\/2020\/03\/51ArKSIrC1L._AC_SX522_.jpg\",\"width\":522,\"height\":794},{\"@type\":\"BreadcrumbList\",\"@id\":\"https:\/\/shop.ucrent.ee\/fi\/toode\/muovinen-taitettava-tuoli-valkoinen-runko-harmaa-lifetime#breadcrumb\",\"itemListElement\":[{\"@type\":\"ListItem\",\"position\":1,\"name\":\"Home\",\"item\":\"https:\/\/shop.ucrent.ee\/fi\"},{\"@type\":\"ListItem\",\"position\":2,\"name\":\"K\u00f5ik tooted\",\"item\":\"https:\/\/shop.ucrent.ee\/tooted\"},{\"@type\":\"ListItem\",\"position\":3,\"name\":\"Muovinen taitettava tuoli valkoinen, runko harmaa, Lifetime\"}]},{\"@type\":\"WebSite\",\"@id\":\"https:\/\/shop.ucrent.ee\/#website\",\"url\":\"https:\/\/shop.ucrent.ee\/\",\"name\":\"UC Rent e-pood\",\"description\":\"\",\"potentialAction\":[{\"@type\":\"SearchAction\",\"target\":{\"@type\":\"EntryPoint\",\"urlTemplate\":\"https:\/\/shop.ucrent.ee\/?s={search_term_string}\"},\"query-input\":{\"@type\":\"PropertyValueSpecification\",\"valueRequired\":true,\"valueName\":\"search_term_string\"}}],\"inLanguage\":\"fi\"}]}<\/script>\n<!-- \/ Yoast SEO plugin. -->","yoast_head_json":{"title":"Muovinen taitettava tuoli valkoinen, runko harmaa, Lifetime - UC Rent e-pood","robots":{"index":"index","follow":"follow","max-snippet":"max-snippet:-1","max-image-preview":"max-image-preview:large","max-video-preview":"max-video-preview:-1"},"canonical":"https:\/\/shop.ucrent.ee\/fi\/toode\/muovinen-taitettava-tuoli-valkoinen-runko-harmaa-lifetime","og_locale":"fi_FI","og_type":"article","og_title":"Muovinen taitettava tuoli valkoinen, runko harmaa, Lifetime - UC Rent e-pood","og_description":"Valkoinen muovinen taitettava tuoli, joka on kompakti, tukeva ja kevyt. Sopii sis\u00e4- ja ulkok\u00e4ytt\u00f6\u00f6n, paino 3,6 kg.","og_url":"https:\/\/shop.ucrent.ee\/fi\/toode\/muovinen-taitettava-tuoli-valkoinen-runko-harmaa-lifetime","og_site_name":"UC Rent e-pood","article_modified_time":"2026-04-21T08:33:59+00:00","og_image":[{"width":522,"height":794,"url":"https:\/\/shop.ucrent.ee\/wp-content\/uploads\/2020\/03\/51ArKSIrC1L._AC_SX522_.jpg","type":"image\/jpeg"}],"twitter_card":"summary_large_image","schema":{"@context":"https:\/\/schema.org","@graph":[{"@type":"WebPage","@id":"https:\/\/shop.ucrent.ee\/fi\/toode\/muovinen-taitettava-tuoli-valkoinen-runko-harmaa-lifetime","url":"https:\/\/shop.ucrent.ee\/fi\/toode\/muovinen-taitettava-tuoli-valkoinen-runko-harmaa-lifetime","name":"Muovinen taitettava tuoli valkoinen, runko harmaa, Lifetime - UC Rent e-pood","isPartOf":{"@id":"https:\/\/shop.ucrent.ee\/#website"},"primaryImageOfPage":{"@id":"https:\/\/shop.ucrent.ee\/fi\/toode\/muovinen-taitettava-tuoli-valkoinen-runko-harmaa-lifetime#primaryimage"},"image":{"@id":"https:\/\/shop.ucrent.ee\/fi\/toode\/muovinen-taitettava-tuoli-valkoinen-runko-harmaa-lifetime#primaryimage"},"thumbnailUrl":"https:\/\/shop.ucrent.ee\/wp-content\/uploads\/2020\/03\/51ArKSIrC1L._AC_SX522_.jpg","datePublished":"2020-03-17T09:01:25+00:00","dateModified":"2026-04-21T08:33:59+00:00","breadcrumb":{"@id":"https:\/\/shop.ucrent.ee\/fi\/toode\/muovinen-taitettava-tuoli-valkoinen-runko-harmaa-lifetime#breadcrumb"},"inLanguage":"fi","potentialAction":[{"@type":"ReadAction","target":["https:\/\/shop.ucrent.ee\/fi\/toode\/muovinen-taitettava-tuoli-valkoinen-runko-harmaa-lifetime"]}]},{"@type":"ImageObject","inLanguage":"fi","@id":"https:\/\/shop.ucrent.ee\/fi\/toode\/muovinen-taitettava-tuoli-valkoinen-runko-harmaa-lifetime#primaryimage","url":"https:\/\/shop.ucrent.ee\/wp-content\/uploads\/2020\/03\/51ArKSIrC1L._AC_SX522_.jpg","contentUrl":"https:\/\/shop.ucrent.ee\/wp-content\/uploads\/2020\/03\/51ArKSIrC1L._AC_SX522_.jpg","width":522,"height":794},{"@type":"BreadcrumbList","@id":"https:\/\/shop.ucrent.ee\/fi\/toode\/muovinen-taitettava-tuoli-valkoinen-runko-harmaa-lifetime#breadcrumb","itemListElement":[{"@type":"ListItem","position":1,"name":"Home","item":"https:\/\/shop.ucrent.ee\/fi"},{"@type":"ListItem","position":2,"name":"K\u00f5ik tooted","item":"https:\/\/shop.ucrent.ee\/tooted"},{"@type":"ListItem","position":3,"name":"Muovinen taitettava tuoli valkoinen, runko harmaa, Lifetime"}]},{"@type":"WebSite","@id":"https:\/\/shop.ucrent.ee\/#website","url":"https:\/\/shop.ucrent.ee\/","name":"UC Rent e-pood","description":"","potentialAction":[{"@type":"SearchAction","target":{"@type":"EntryPoint","urlTemplate":"https:\/\/shop.ucrent.ee\/?s={search_term_string}"},"query-input":{"@type":"PropertyValueSpecification","valueRequired":true,"valueName":"search_term_string"}}],"inLanguage":"fi"}]}},"_links":{"self":[{"href":"https:\/\/shop.ucrent.ee\/fi\/wp-json\/wp\/v2\/product\/16384","targetHints":{"allow":["GET"]}}],"collection":[{"href":"https:\/\/shop.ucrent.ee\/fi\/wp-json\/wp\/v2\/product"}],"about":[{"href":"https:\/\/shop.ucrent.ee\/fi\/wp-json\/wp\/v2\/types\/product"}],"wp:featuredmedia":[{"embeddable":true,"href":"https:\/\/shop.ucrent.ee\/fi\/wp-json\/wp\/v2\/media\/16376"}],"wp:attachment":[{"href":"https:\/\/shop.ucrent.ee\/fi\/wp-json\/wp\/v2\/media?parent=16384"}],"wp:term":[{"taxonomy":"product_brand","embeddable":true,"href":"https:\/\/shop.ucrent.ee\/fi\/wp-json\/wp\/v2\/product_brand?post=16384"},{"taxonomy":"product_cat","embeddable":true,"href":"https:\/\/shop.ucrent.ee\/fi\/wp-json\/wp\/v2\/product_cat?post=16384"},{"taxonomy":"product_tag","embeddable":true,"href":"https:\/\/shop.ucrent.ee\/fi\/wp-json\/wp\/v2\/product_tag?post=16384"}],"curies":[{"name":"wp","href":"https:\/\/api.w.org\/{rel}","templated":true}]}}