{"id":21159,"date":"2020-05-26T17:01:55","date_gmt":"2020-05-26T14:01:55","guid":{"rendered":"https:\/\/shop.ucrent.ee\/toode\/kaytetty-plettac-telineet"},"modified":"2026-04-09T15:02:27","modified_gmt":"2026-04-09T12:02:27","slug":"kaytetty-plettac-telineet","status":"publish","type":"product","link":"https:\/\/shop.ucrent.ee\/fi\/toode\/kaytetty-plettac-telineet","title":{"rendered":"K\u00e4ytetty Plettac telineet"},"content":{"rendered":"<p>Tarjoamme myyntiksi k\u00e4ytettyj\u00e4 Plettac telineit\u00e4.<br \/>\nJos olet kiinnostunut, l\u00e4het\u00e4 kysely.<\/p>\n","protected":false},"excerpt":{"rendered":"Tarjoamme myyntiksi k\u00e4ytettyj\u00e4 Plettac telineit\u00e4. Jos olet kiinnostunut, l\u00e4het\u00e4 kysely.","protected":false},"featured_media":621393,"template":"","meta":{"_acf_changed":false},"product_brand":[],"product_cat":[894,891],"product_tag":[],"class_list":{"0":"post-21159","1":"product","2":"type-product","3":"status-publish","4":"has-post-thumbnail","6":"product_cat-kasutatud_tellingud_fi","7":"product_cat-kasutatud_tellingud","9":"first","10":"instock","11":"taxable","12":"shipping-taxable","13":"purchasable","14":"product-type-simple"},"acf":[],"yoast_head":"<!-- This site is optimized with the Yoast SEO plugin v27.0 - https:\/\/yoast.com\/product\/yoast-seo-wordpress\/ -->\n<title>K\u00e4ytetty Plettac telineet - UC Rent e-pood<\/title>\n<meta name=\"robots\" content=\"index, follow, max-snippet:-1, max-image-preview:large, max-video-preview:-1\" \/>\n<link rel=\"canonical\" href=\"https:\/\/shop.ucrent.ee\/fi\/toode\/kaytetty-plettac-telineet\" \/>\n<meta property=\"og:locale\" content=\"fi_FI\" \/>\n<meta property=\"og:type\" content=\"article\" \/>\n<meta property=\"og:title\" content=\"K\u00e4ytetty Plettac telineet - UC Rent e-pood\" \/>\n<meta property=\"og:description\" content=\"Tarjoamme myyntiksi k\u00e4ytettyj\u00e4 Plettac telineit\u00e4. Jos olet kiinnostunut, l\u00e4het\u00e4 kysely.\" \/>\n<meta property=\"og:url\" content=\"https:\/\/shop.ucrent.ee\/fi\/toode\/kaytetty-plettac-telineet\" \/>\n<meta property=\"og:site_name\" content=\"UC Rent e-pood\" \/>\n<meta property=\"article:modified_time\" content=\"2026-04-09T12:02:27+00:00\" \/>\n<meta property=\"og:image\" content=\"https:\/\/shop.ucrent.ee\/wp-content\/uploads\/2024\/01\/kasutatud-Plettac1.jpg\" \/>\n\t<meta property=\"og:image:width\" content=\"2048\" \/>\n\t<meta property=\"og:image:height\" content=\"1536\" \/>\n\t<meta property=\"og:image:type\" content=\"image\/jpeg\" \/>\n<meta name=\"twitter:card\" content=\"summary_large_image\" \/>\n<script type=\"application\/ld+json\" class=\"yoast-schema-graph\">{\"@context\":\"https:\/\/schema.org\",\"@graph\":[{\"@type\":\"WebPage\",\"@id\":\"https:\/\/shop.ucrent.ee\/fi\/toode\/kaytetty-plettac-telineet\",\"url\":\"https:\/\/shop.ucrent.ee\/fi\/toode\/kaytetty-plettac-telineet\",\"name\":\"K\u00e4ytetty Plettac telineet - UC Rent e-pood\",\"isPartOf\":{\"@id\":\"https:\/\/shop.ucrent.ee\/#website\"},\"primaryImageOfPage\":{\"@id\":\"https:\/\/shop.ucrent.ee\/fi\/toode\/kaytetty-plettac-telineet#primaryimage\"},\"image\":{\"@id\":\"https:\/\/shop.ucrent.ee\/fi\/toode\/kaytetty-plettac-telineet#primaryimage\"},\"thumbnailUrl\":\"https:\/\/shop.ucrent.ee\/wp-content\/uploads\/2024\/01\/kasutatud-Plettac1.jpg\",\"datePublished\":\"2020-05-26T14:01:55+00:00\",\"dateModified\":\"2026-04-09T12:02:27+00:00\",\"breadcrumb\":{\"@id\":\"https:\/\/shop.ucrent.ee\/fi\/toode\/kaytetty-plettac-telineet#breadcrumb\"},\"inLanguage\":\"fi\",\"potentialAction\":[{\"@type\":\"ReadAction\",\"target\":[\"https:\/\/shop.ucrent.ee\/fi\/toode\/kaytetty-plettac-telineet\"]}]},{\"@type\":\"ImageObject\",\"inLanguage\":\"fi\",\"@id\":\"https:\/\/shop.ucrent.ee\/fi\/toode\/kaytetty-plettac-telineet#primaryimage\",\"url\":\"https:\/\/shop.ucrent.ee\/wp-content\/uploads\/2024\/01\/kasutatud-Plettac1.jpg\",\"contentUrl\":\"https:\/\/shop.ucrent.ee\/wp-content\/uploads\/2024\/01\/kasutatud-Plettac1.jpg\",\"width\":2048,\"height\":1536},{\"@type\":\"BreadcrumbList\",\"@id\":\"https:\/\/shop.ucrent.ee\/fi\/toode\/kaytetty-plettac-telineet#breadcrumb\",\"itemListElement\":[{\"@type\":\"ListItem\",\"position\":1,\"name\":\"Home\",\"item\":\"https:\/\/shop.ucrent.ee\/fi\"},{\"@type\":\"ListItem\",\"position\":2,\"name\":\"K\u00f5ik tooted\",\"item\":\"https:\/\/shop.ucrent.ee\/tooted\"},{\"@type\":\"ListItem\",\"position\":3,\"name\":\"K\u00e4ytetty Plettac telineet\"}]},{\"@type\":\"WebSite\",\"@id\":\"https:\/\/shop.ucrent.ee\/#website\",\"url\":\"https:\/\/shop.ucrent.ee\/\",\"name\":\"UC Rent e-pood\",\"description\":\"\",\"potentialAction\":[{\"@type\":\"SearchAction\",\"target\":{\"@type\":\"EntryPoint\",\"urlTemplate\":\"https:\/\/shop.ucrent.ee\/?s={search_term_string}\"},\"query-input\":{\"@type\":\"PropertyValueSpecification\",\"valueRequired\":true,\"valueName\":\"search_term_string\"}}],\"inLanguage\":\"fi\"}]}<\/script>\n<!-- \/ Yoast SEO plugin. -->","yoast_head_json":{"title":"K\u00e4ytetty Plettac telineet - UC Rent e-pood","robots":{"index":"index","follow":"follow","max-snippet":"max-snippet:-1","max-image-preview":"max-image-preview:large","max-video-preview":"max-video-preview:-1"},"canonical":"https:\/\/shop.ucrent.ee\/fi\/toode\/kaytetty-plettac-telineet","og_locale":"fi_FI","og_type":"article","og_title":"K\u00e4ytetty Plettac telineet - UC Rent e-pood","og_description":"Tarjoamme myyntiksi k\u00e4ytettyj\u00e4 Plettac telineit\u00e4. Jos olet kiinnostunut, l\u00e4het\u00e4 kysely.","og_url":"https:\/\/shop.ucrent.ee\/fi\/toode\/kaytetty-plettac-telineet","og_site_name":"UC Rent e-pood","article_modified_time":"2026-04-09T12:02:27+00:00","og_image":[{"width":2048,"height":1536,"url":"https:\/\/shop.ucrent.ee\/wp-content\/uploads\/2024\/01\/kasutatud-Plettac1.jpg","type":"image\/jpeg"}],"twitter_card":"summary_large_image","schema":{"@context":"https:\/\/schema.org","@graph":[{"@type":"WebPage","@id":"https:\/\/shop.ucrent.ee\/fi\/toode\/kaytetty-plettac-telineet","url":"https:\/\/shop.ucrent.ee\/fi\/toode\/kaytetty-plettac-telineet","name":"K\u00e4ytetty Plettac telineet - UC Rent e-pood","isPartOf":{"@id":"https:\/\/shop.ucrent.ee\/#website"},"primaryImageOfPage":{"@id":"https:\/\/shop.ucrent.ee\/fi\/toode\/kaytetty-plettac-telineet#primaryimage"},"image":{"@id":"https:\/\/shop.ucrent.ee\/fi\/toode\/kaytetty-plettac-telineet#primaryimage"},"thumbnailUrl":"https:\/\/shop.ucrent.ee\/wp-content\/uploads\/2024\/01\/kasutatud-Plettac1.jpg","datePublished":"2020-05-26T14:01:55+00:00","dateModified":"2026-04-09T12:02:27+00:00","breadcrumb":{"@id":"https:\/\/shop.ucrent.ee\/fi\/toode\/kaytetty-plettac-telineet#breadcrumb"},"inLanguage":"fi","potentialAction":[{"@type":"ReadAction","target":["https:\/\/shop.ucrent.ee\/fi\/toode\/kaytetty-plettac-telineet"]}]},{"@type":"ImageObject","inLanguage":"fi","@id":"https:\/\/shop.ucrent.ee\/fi\/toode\/kaytetty-plettac-telineet#primaryimage","url":"https:\/\/shop.ucrent.ee\/wp-content\/uploads\/2024\/01\/kasutatud-Plettac1.jpg","contentUrl":"https:\/\/shop.ucrent.ee\/wp-content\/uploads\/2024\/01\/kasutatud-Plettac1.jpg","width":2048,"height":1536},{"@type":"BreadcrumbList","@id":"https:\/\/shop.ucrent.ee\/fi\/toode\/kaytetty-plettac-telineet#breadcrumb","itemListElement":[{"@type":"ListItem","position":1,"name":"Home","item":"https:\/\/shop.ucrent.ee\/fi"},{"@type":"ListItem","position":2,"name":"K\u00f5ik tooted","item":"https:\/\/shop.ucrent.ee\/tooted"},{"@type":"ListItem","position":3,"name":"K\u00e4ytetty Plettac telineet"}]},{"@type":"WebSite","@id":"https:\/\/shop.ucrent.ee\/#website","url":"https:\/\/shop.ucrent.ee\/","name":"UC Rent e-pood","description":"","potentialAction":[{"@type":"SearchAction","target":{"@type":"EntryPoint","urlTemplate":"https:\/\/shop.ucrent.ee\/?s={search_term_string}"},"query-input":{"@type":"PropertyValueSpecification","valueRequired":true,"valueName":"search_term_string"}}],"inLanguage":"fi"}]}},"_links":{"self":[{"href":"https:\/\/shop.ucrent.ee\/fi\/wp-json\/wp\/v2\/product\/21159","targetHints":{"allow":["GET"]}}],"collection":[{"href":"https:\/\/shop.ucrent.ee\/fi\/wp-json\/wp\/v2\/product"}],"about":[{"href":"https:\/\/shop.ucrent.ee\/fi\/wp-json\/wp\/v2\/types\/product"}],"wp:featuredmedia":[{"embeddable":true,"href":"https:\/\/shop.ucrent.ee\/fi\/wp-json\/wp\/v2\/media\/621393"}],"wp:attachment":[{"href":"https:\/\/shop.ucrent.ee\/fi\/wp-json\/wp\/v2\/media?parent=21159"}],"wp:term":[{"taxonomy":"product_brand","embeddable":true,"href":"https:\/\/shop.ucrent.ee\/fi\/wp-json\/wp\/v2\/product_brand?post=21159"},{"taxonomy":"product_cat","embeddable":true,"href":"https:\/\/shop.ucrent.ee\/fi\/wp-json\/wp\/v2\/product_cat?post=21159"},{"taxonomy":"product_tag","embeddable":true,"href":"https:\/\/shop.ucrent.ee\/fi\/wp-json\/wp\/v2\/product_tag?post=21159"}],"curies":[{"name":"wp","href":"https:\/\/api.w.org\/{rel}","templated":true}]}}