{"id":22007,"date":"2020-06-15T14:46:40","date_gmt":"2020-06-15T11:46:40","guid":{"rendered":"https:\/\/shop.ucrent.ee\/toode\/ulkokalusteet-sarja-premium-malli"},"modified":"2026-04-21T13:18:37","modified_gmt":"2026-04-21T10:18:37","slug":"ulkokalusteet-sarja-premium-malli","status":"publish","type":"product","link":"https:\/\/shop.ucrent.ee\/fi\/toode\/ulkokalusteet-sarja-premium-malli","title":{"rendered":"Ulkokalusteet sarja, Premium malli 220x50cm"},"content":{"rendered":"<p>Ulkokalusteet Premium malli:<br \/>\nP\u00f6yt\u00e4 220 x 50 cm<br \/>\nPenkki 2 kpl &#8211; 220 x 25 cm<br \/>\nP\u00f6yt\u00e4levyn paksuus 24 mm<br \/>\nPenkkilevyn paksuus 28 mm<br \/>\nVahvistetut 3 mm paksuiset kulmater\u00e4srakenteet, jotka on jauhemaalattu<br \/>\nP\u00f6yt\u00e4levy p\u00e4\u00e4llystet\u00e4\u00e4n 3 x lakalla, p\u00f6yd\u00e4n pohja p\u00e4\u00e4llystet\u00e4\u00e4n 2 x lakalla<br \/>\nPakkauksen mitat ovat 220 cm x 50 cm x 20 cm<br \/>\nPaino 40 kg<br \/>\nErityistilauksella voimme lis\u00e4t\u00e4 yrityksen logon \/ arvomerkki<\/p>\n","protected":false},"excerpt":{"rendered":"Ulkokalusteet Premium malli: P\u00f6yt\u00e4 220 x 50 cm Penkki 2 kpl &#8211; 220 x 25 cm P\u00f6yt\u00e4levyn paksuus 24 mm Penkkilevyn paksuus 28 mm Vahvistetut 3 mm paksuiset kulmater\u00e4srakenteet, jotka on jauhemaalattu P\u00f6yt\u00e4levy p\u00e4\u00e4llystet\u00e4\u00e4n 3 x lakalla, p\u00f6yd\u00e4n pohja p\u00e4\u00e4llystet\u00e4\u00e4n 2 x lakalla Pakkauksen mitat ovat 220 cm x 50 cm x 20 cm Paino&#8230; <a class=\"view-article\" href=\"https:\/\/shop.ucrent.ee\/fi\/toode\/ulkokalusteet-sarja-premium-malli\">View Article<\/a>","protected":false},"featured_media":21997,"template":"","meta":{"_acf_changed":false},"product_brand":[],"product_cat":[848,845],"product_tag":[],"class_list":{"0":"post-22007","1":"product","2":"type-product","3":"status-publish","4":"has-post-thumbnail","6":"product_cat-puiset-ulkokalusteet","7":"product_cat-ollemoobel","9":"first","10":"instock","11":"taxable","12":"shipping-taxable","13":"purchasable","14":"product-type-simple"},"acf":[],"yoast_head":"<!-- This site is optimized with the Yoast SEO plugin v27.0 - https:\/\/yoast.com\/product\/yoast-seo-wordpress\/ -->\n<title>Ulkokalusteet sarja, Premium malli 220x50cm - UC Rent e-pood<\/title>\n<meta name=\"robots\" content=\"index, follow, max-snippet:-1, max-image-preview:large, max-video-preview:-1\" \/>\n<link rel=\"canonical\" href=\"https:\/\/shop.ucrent.ee\/fi\/toode\/ulkokalusteet-sarja-premium-malli\" \/>\n<meta property=\"og:locale\" content=\"fi_FI\" \/>\n<meta property=\"og:type\" content=\"article\" \/>\n<meta property=\"og:title\" content=\"Ulkokalusteet sarja, Premium malli 220x50cm - UC Rent e-pood\" \/>\n<meta property=\"og:description\" content=\"Ulkokalusteet Premium malli: P\u00f6yt\u00e4 220 x 50 cm Penkki 2 kpl &#8211; 220 x 25 cm P\u00f6yt\u00e4levyn paksuus 24 mm Penkkilevyn paksuus 28 mm Vahvistetut 3 mm paksuiset kulmater\u00e4srakenteet, jotka on jauhemaalattu P\u00f6yt\u00e4levy p\u00e4\u00e4llystet\u00e4\u00e4n 3 x lakalla, p\u00f6yd\u00e4n pohja p\u00e4\u00e4llystet\u00e4\u00e4n 2 x lakalla Pakkauksen mitat ovat 220 cm x 50 cm x 20 cm Paino... View Article\" \/>\n<meta property=\"og:url\" content=\"https:\/\/shop.ucrent.ee\/fi\/toode\/ulkokalusteet-sarja-premium-malli\" \/>\n<meta property=\"og:site_name\" content=\"UC Rent e-pood\" \/>\n<meta property=\"article:modified_time\" content=\"2026-04-21T10:18:37+00:00\" \/>\n<meta property=\"og:image\" content=\"https:\/\/shop.ucrent.ee\/wp-content\/uploads\/2020\/06\/Pink_1.jpg\" \/>\n\t<meta property=\"og:image:width\" content=\"960\" \/>\n\t<meta property=\"og:image:height\" content=\"720\" \/>\n\t<meta property=\"og:image:type\" content=\"image\/jpeg\" \/>\n<meta name=\"twitter:card\" content=\"summary_large_image\" \/>\n<script type=\"application\/ld+json\" class=\"yoast-schema-graph\">{\"@context\":\"https:\/\/schema.org\",\"@graph\":[{\"@type\":\"WebPage\",\"@id\":\"https:\/\/shop.ucrent.ee\/fi\/toode\/ulkokalusteet-sarja-premium-malli\",\"url\":\"https:\/\/shop.ucrent.ee\/fi\/toode\/ulkokalusteet-sarja-premium-malli\",\"name\":\"Ulkokalusteet sarja, Premium malli 220x50cm - UC Rent e-pood\",\"isPartOf\":{\"@id\":\"https:\/\/shop.ucrent.ee\/#website\"},\"primaryImageOfPage\":{\"@id\":\"https:\/\/shop.ucrent.ee\/fi\/toode\/ulkokalusteet-sarja-premium-malli#primaryimage\"},\"image\":{\"@id\":\"https:\/\/shop.ucrent.ee\/fi\/toode\/ulkokalusteet-sarja-premium-malli#primaryimage\"},\"thumbnailUrl\":\"https:\/\/shop.ucrent.ee\/wp-content\/uploads\/2020\/06\/Pink_1.jpg\",\"datePublished\":\"2020-06-15T11:46:40+00:00\",\"dateModified\":\"2026-04-21T10:18:37+00:00\",\"breadcrumb\":{\"@id\":\"https:\/\/shop.ucrent.ee\/fi\/toode\/ulkokalusteet-sarja-premium-malli#breadcrumb\"},\"inLanguage\":\"fi\",\"potentialAction\":[{\"@type\":\"ReadAction\",\"target\":[\"https:\/\/shop.ucrent.ee\/fi\/toode\/ulkokalusteet-sarja-premium-malli\"]}]},{\"@type\":\"ImageObject\",\"inLanguage\":\"fi\",\"@id\":\"https:\/\/shop.ucrent.ee\/fi\/toode\/ulkokalusteet-sarja-premium-malli#primaryimage\",\"url\":\"https:\/\/shop.ucrent.ee\/wp-content\/uploads\/2020\/06\/Pink_1.jpg\",\"contentUrl\":\"https:\/\/shop.ucrent.ee\/wp-content\/uploads\/2020\/06\/Pink_1.jpg\",\"width\":960,\"height\":720},{\"@type\":\"BreadcrumbList\",\"@id\":\"https:\/\/shop.ucrent.ee\/fi\/toode\/ulkokalusteet-sarja-premium-malli#breadcrumb\",\"itemListElement\":[{\"@type\":\"ListItem\",\"position\":1,\"name\":\"Home\",\"item\":\"https:\/\/shop.ucrent.ee\/fi\"},{\"@type\":\"ListItem\",\"position\":2,\"name\":\"K\u00f5ik tooted\",\"item\":\"https:\/\/shop.ucrent.ee\/tooted\"},{\"@type\":\"ListItem\",\"position\":3,\"name\":\"Ulkokalusteet sarja, Premium malli 220x50cm\"}]},{\"@type\":\"WebSite\",\"@id\":\"https:\/\/shop.ucrent.ee\/#website\",\"url\":\"https:\/\/shop.ucrent.ee\/\",\"name\":\"UC Rent e-pood\",\"description\":\"\",\"potentialAction\":[{\"@type\":\"SearchAction\",\"target\":{\"@type\":\"EntryPoint\",\"urlTemplate\":\"https:\/\/shop.ucrent.ee\/?s={search_term_string}\"},\"query-input\":{\"@type\":\"PropertyValueSpecification\",\"valueRequired\":true,\"valueName\":\"search_term_string\"}}],\"inLanguage\":\"fi\"}]}<\/script>\n<!-- \/ Yoast SEO plugin. -->","yoast_head_json":{"title":"Ulkokalusteet sarja, Premium malli 220x50cm - UC Rent e-pood","robots":{"index":"index","follow":"follow","max-snippet":"max-snippet:-1","max-image-preview":"max-image-preview:large","max-video-preview":"max-video-preview:-1"},"canonical":"https:\/\/shop.ucrent.ee\/fi\/toode\/ulkokalusteet-sarja-premium-malli","og_locale":"fi_FI","og_type":"article","og_title":"Ulkokalusteet sarja, Premium malli 220x50cm - UC Rent e-pood","og_description":"Ulkokalusteet Premium malli: P\u00f6yt\u00e4 220 x 50 cm Penkki 2 kpl &#8211; 220 x 25 cm P\u00f6yt\u00e4levyn paksuus 24 mm Penkkilevyn paksuus 28 mm Vahvistetut 3 mm paksuiset kulmater\u00e4srakenteet, jotka on jauhemaalattu P\u00f6yt\u00e4levy p\u00e4\u00e4llystet\u00e4\u00e4n 3 x lakalla, p\u00f6yd\u00e4n pohja p\u00e4\u00e4llystet\u00e4\u00e4n 2 x lakalla Pakkauksen mitat ovat 220 cm x 50 cm x 20 cm Paino... View Article","og_url":"https:\/\/shop.ucrent.ee\/fi\/toode\/ulkokalusteet-sarja-premium-malli","og_site_name":"UC Rent e-pood","article_modified_time":"2026-04-21T10:18:37+00:00","og_image":[{"width":960,"height":720,"url":"https:\/\/shop.ucrent.ee\/wp-content\/uploads\/2020\/06\/Pink_1.jpg","type":"image\/jpeg"}],"twitter_card":"summary_large_image","schema":{"@context":"https:\/\/schema.org","@graph":[{"@type":"WebPage","@id":"https:\/\/shop.ucrent.ee\/fi\/toode\/ulkokalusteet-sarja-premium-malli","url":"https:\/\/shop.ucrent.ee\/fi\/toode\/ulkokalusteet-sarja-premium-malli","name":"Ulkokalusteet sarja, Premium malli 220x50cm - UC Rent e-pood","isPartOf":{"@id":"https:\/\/shop.ucrent.ee\/#website"},"primaryImageOfPage":{"@id":"https:\/\/shop.ucrent.ee\/fi\/toode\/ulkokalusteet-sarja-premium-malli#primaryimage"},"image":{"@id":"https:\/\/shop.ucrent.ee\/fi\/toode\/ulkokalusteet-sarja-premium-malli#primaryimage"},"thumbnailUrl":"https:\/\/shop.ucrent.ee\/wp-content\/uploads\/2020\/06\/Pink_1.jpg","datePublished":"2020-06-15T11:46:40+00:00","dateModified":"2026-04-21T10:18:37+00:00","breadcrumb":{"@id":"https:\/\/shop.ucrent.ee\/fi\/toode\/ulkokalusteet-sarja-premium-malli#breadcrumb"},"inLanguage":"fi","potentialAction":[{"@type":"ReadAction","target":["https:\/\/shop.ucrent.ee\/fi\/toode\/ulkokalusteet-sarja-premium-malli"]}]},{"@type":"ImageObject","inLanguage":"fi","@id":"https:\/\/shop.ucrent.ee\/fi\/toode\/ulkokalusteet-sarja-premium-malli#primaryimage","url":"https:\/\/shop.ucrent.ee\/wp-content\/uploads\/2020\/06\/Pink_1.jpg","contentUrl":"https:\/\/shop.ucrent.ee\/wp-content\/uploads\/2020\/06\/Pink_1.jpg","width":960,"height":720},{"@type":"BreadcrumbList","@id":"https:\/\/shop.ucrent.ee\/fi\/toode\/ulkokalusteet-sarja-premium-malli#breadcrumb","itemListElement":[{"@type":"ListItem","position":1,"name":"Home","item":"https:\/\/shop.ucrent.ee\/fi"},{"@type":"ListItem","position":2,"name":"K\u00f5ik tooted","item":"https:\/\/shop.ucrent.ee\/tooted"},{"@type":"ListItem","position":3,"name":"Ulkokalusteet sarja, Premium malli 220x50cm"}]},{"@type":"WebSite","@id":"https:\/\/shop.ucrent.ee\/#website","url":"https:\/\/shop.ucrent.ee\/","name":"UC Rent e-pood","description":"","potentialAction":[{"@type":"SearchAction","target":{"@type":"EntryPoint","urlTemplate":"https:\/\/shop.ucrent.ee\/?s={search_term_string}"},"query-input":{"@type":"PropertyValueSpecification","valueRequired":true,"valueName":"search_term_string"}}],"inLanguage":"fi"}]}},"_links":{"self":[{"href":"https:\/\/shop.ucrent.ee\/fi\/wp-json\/wp\/v2\/product\/22007","targetHints":{"allow":["GET"]}}],"collection":[{"href":"https:\/\/shop.ucrent.ee\/fi\/wp-json\/wp\/v2\/product"}],"about":[{"href":"https:\/\/shop.ucrent.ee\/fi\/wp-json\/wp\/v2\/types\/product"}],"wp:featuredmedia":[{"embeddable":true,"href":"https:\/\/shop.ucrent.ee\/fi\/wp-json\/wp\/v2\/media\/21997"}],"wp:attachment":[{"href":"https:\/\/shop.ucrent.ee\/fi\/wp-json\/wp\/v2\/media?parent=22007"}],"wp:term":[{"taxonomy":"product_brand","embeddable":true,"href":"https:\/\/shop.ucrent.ee\/fi\/wp-json\/wp\/v2\/product_brand?post=22007"},{"taxonomy":"product_cat","embeddable":true,"href":"https:\/\/shop.ucrent.ee\/fi\/wp-json\/wp\/v2\/product_cat?post=22007"},{"taxonomy":"product_tag","embeddable":true,"href":"https:\/\/shop.ucrent.ee\/fi\/wp-json\/wp\/v2\/product_tag?post=22007"}],"curies":[{"name":"wp","href":"https:\/\/api.w.org\/{rel}","templated":true}]}}