{"id":23687,"date":"2020-07-28T12:02:20","date_gmt":"2020-07-28T09:02:20","guid":{"rendered":"https:\/\/shop.ucrent.ee\/toode\/pagodi-juhlateltta-5x5m"},"modified":"2026-04-21T14:49:33","modified_gmt":"2026-04-21T11:49:33","slug":"pagodi-juhlateltta-5x5m","status":"publish","type":"product","link":"https:\/\/shop.ucrent.ee\/fi\/toode\/pagodi-juhlateltta-5x5m","title":{"rendered":"Pagodi juhlateltta 5\u00d75m"},"content":{"rendered":"<p>Korkeakattoinen pagodi-juhlateltta on tavanomaista harjakattoista telttaa n\u00e4ytt\u00e4v\u00e4mpi ja my\u00f6s sit\u00e4 korkeampi telttamalli. N\u00e4ytt\u00e4v\u00e4 teltta sopii erityisen hyvin juhlaviin tilaisuuksiin, kuten vaikkapa puutarhajuhliin, h\u00e4ihin ja muihin juhliin sek\u00e4 keskelle luontoa.<br \/>\nKoko 5x5m<br \/>\nR\u00e4st\u00e4n korkeus on 225cm<br \/>\nHarjan korkeus 485cm<br \/>\nTeltat voi tilata kooltaan 3x3m; 4x4m; 5x5m; 6x6m ja erilaisilla seinill\u00e4.<\/p>\n","protected":false},"excerpt":{"rendered":"Korkeakattoinen pagodi-juhlateltta on tavanomaista harjakattoista telttaa n\u00e4ytt\u00e4v\u00e4mpi ja my\u00f6s sit\u00e4 korkeampi telttamalli. N\u00e4ytt\u00e4v\u00e4 teltta sopii erityisen hyvin juhlaviin tilaisuuksiin, kuten vaikkapa puutarhajuhliin, h\u00e4ihin ja muihin juhliin sek\u00e4 keskelle luontoa. Koko 5x5m R\u00e4st\u00e4n korkeus on 225cm Harjan korkeus 485cm Teltat voi tilata kooltaan 3x3m; 4x4m; 5x5m; 6x6m ja erilaisilla seinill\u00e4.","protected":false},"featured_media":23680,"template":"","meta":{"_acf_changed":false},"product_brand":[],"product_cat":[684],"product_tag":[],"class_list":{"0":"post-23687","1":"product","2":"type-product","3":"status-publish","4":"has-post-thumbnail","6":"product_cat-moodultelgid_fi","8":"first","9":"instock","10":"taxable","11":"shipping-taxable","12":"purchasable","13":"product-type-simple"},"acf":[],"yoast_head":"<!-- This site is optimized with the Yoast SEO plugin v27.0 - https:\/\/yoast.com\/product\/yoast-seo-wordpress\/ -->\n<title>Pagodi juhlateltta 5\u00d75m - UC Rent e-pood<\/title>\n<meta name=\"robots\" content=\"index, follow, max-snippet:-1, max-image-preview:large, max-video-preview:-1\" \/>\n<link rel=\"canonical\" href=\"https:\/\/shop.ucrent.ee\/fi\/toode\/pagodi-juhlateltta-5x5m\" \/>\n<meta property=\"og:locale\" content=\"fi_FI\" \/>\n<meta property=\"og:type\" content=\"article\" \/>\n<meta property=\"og:title\" content=\"Pagodi juhlateltta 5\u00d75m - UC Rent e-pood\" \/>\n<meta property=\"og:description\" content=\"Korkeakattoinen pagodi-juhlateltta on tavanomaista harjakattoista telttaa n\u00e4ytt\u00e4v\u00e4mpi ja my\u00f6s sit\u00e4 korkeampi telttamalli. N\u00e4ytt\u00e4v\u00e4 teltta sopii erityisen hyvin juhlaviin tilaisuuksiin, kuten vaikkapa puutarhajuhliin, h\u00e4ihin ja muihin juhliin sek\u00e4 keskelle luontoa. Koko 5x5m R\u00e4st\u00e4n korkeus on 225cm Harjan korkeus 485cm Teltat voi tilata kooltaan 3x3m; 4x4m; 5x5m; 6x6m ja erilaisilla seinill\u00e4.\" \/>\n<meta property=\"og:url\" content=\"https:\/\/shop.ucrent.ee\/fi\/toode\/pagodi-juhlateltta-5x5m\" \/>\n<meta property=\"og:site_name\" content=\"UC Rent e-pood\" \/>\n<meta property=\"article:modified_time\" content=\"2026-04-21T11:49:33+00:00\" \/>\n<meta property=\"og:image\" content=\"https:\/\/shop.ucrent.ee\/wp-content\/uploads\/2020\/07\/pol-plan-pagoda-marquee-pavilion-tent-pagoda-tent-1523868-361x230.jpg\" \/>\n\t<meta property=\"og:image:width\" content=\"361\" \/>\n\t<meta property=\"og:image:height\" content=\"230\" \/>\n\t<meta property=\"og:image:type\" content=\"image\/jpeg\" \/>\n<meta name=\"twitter:card\" content=\"summary_large_image\" \/>\n<script type=\"application\/ld+json\" class=\"yoast-schema-graph\">{\"@context\":\"https:\/\/schema.org\",\"@graph\":[{\"@type\":\"WebPage\",\"@id\":\"https:\/\/shop.ucrent.ee\/fi\/toode\/pagodi-juhlateltta-5x5m\",\"url\":\"https:\/\/shop.ucrent.ee\/fi\/toode\/pagodi-juhlateltta-5x5m\",\"name\":\"Pagodi juhlateltta 5\u00d75m - UC Rent e-pood\",\"isPartOf\":{\"@id\":\"https:\/\/shop.ucrent.ee\/#website\"},\"primaryImageOfPage\":{\"@id\":\"https:\/\/shop.ucrent.ee\/fi\/toode\/pagodi-juhlateltta-5x5m#primaryimage\"},\"image\":{\"@id\":\"https:\/\/shop.ucrent.ee\/fi\/toode\/pagodi-juhlateltta-5x5m#primaryimage\"},\"thumbnailUrl\":\"https:\/\/shop.ucrent.ee\/wp-content\/uploads\/2020\/07\/pol-plan-pagoda-marquee-pavilion-tent-pagoda-tent-1523868-361x230.jpg\",\"datePublished\":\"2020-07-28T09:02:20+00:00\",\"dateModified\":\"2026-04-21T11:49:33+00:00\",\"breadcrumb\":{\"@id\":\"https:\/\/shop.ucrent.ee\/fi\/toode\/pagodi-juhlateltta-5x5m#breadcrumb\"},\"inLanguage\":\"fi\",\"potentialAction\":[{\"@type\":\"ReadAction\",\"target\":[\"https:\/\/shop.ucrent.ee\/fi\/toode\/pagodi-juhlateltta-5x5m\"]}]},{\"@type\":\"ImageObject\",\"inLanguage\":\"fi\",\"@id\":\"https:\/\/shop.ucrent.ee\/fi\/toode\/pagodi-juhlateltta-5x5m#primaryimage\",\"url\":\"https:\/\/shop.ucrent.ee\/wp-content\/uploads\/2020\/07\/pol-plan-pagoda-marquee-pavilion-tent-pagoda-tent-1523868-361x230.jpg\",\"contentUrl\":\"https:\/\/shop.ucrent.ee\/wp-content\/uploads\/2020\/07\/pol-plan-pagoda-marquee-pavilion-tent-pagoda-tent-1523868-361x230.jpg\",\"width\":361,\"height\":230},{\"@type\":\"BreadcrumbList\",\"@id\":\"https:\/\/shop.ucrent.ee\/fi\/toode\/pagodi-juhlateltta-5x5m#breadcrumb\",\"itemListElement\":[{\"@type\":\"ListItem\",\"position\":1,\"name\":\"Home\",\"item\":\"https:\/\/shop.ucrent.ee\/fi\"},{\"@type\":\"ListItem\",\"position\":2,\"name\":\"K\u00f5ik tooted\",\"item\":\"https:\/\/shop.ucrent.ee\/tooted\"},{\"@type\":\"ListItem\",\"position\":3,\"name\":\"Pagodi juhlateltta 5\u00d75m\"}]},{\"@type\":\"WebSite\",\"@id\":\"https:\/\/shop.ucrent.ee\/#website\",\"url\":\"https:\/\/shop.ucrent.ee\/\",\"name\":\"UC Rent e-pood\",\"description\":\"\",\"potentialAction\":[{\"@type\":\"SearchAction\",\"target\":{\"@type\":\"EntryPoint\",\"urlTemplate\":\"https:\/\/shop.ucrent.ee\/?s={search_term_string}\"},\"query-input\":{\"@type\":\"PropertyValueSpecification\",\"valueRequired\":true,\"valueName\":\"search_term_string\"}}],\"inLanguage\":\"fi\"}]}<\/script>\n<!-- \/ Yoast SEO plugin. -->","yoast_head_json":{"title":"Pagodi juhlateltta 5\u00d75m - UC Rent e-pood","robots":{"index":"index","follow":"follow","max-snippet":"max-snippet:-1","max-image-preview":"max-image-preview:large","max-video-preview":"max-video-preview:-1"},"canonical":"https:\/\/shop.ucrent.ee\/fi\/toode\/pagodi-juhlateltta-5x5m","og_locale":"fi_FI","og_type":"article","og_title":"Pagodi juhlateltta 5\u00d75m - UC Rent e-pood","og_description":"Korkeakattoinen pagodi-juhlateltta on tavanomaista harjakattoista telttaa n\u00e4ytt\u00e4v\u00e4mpi ja my\u00f6s sit\u00e4 korkeampi telttamalli. N\u00e4ytt\u00e4v\u00e4 teltta sopii erityisen hyvin juhlaviin tilaisuuksiin, kuten vaikkapa puutarhajuhliin, h\u00e4ihin ja muihin juhliin sek\u00e4 keskelle luontoa. Koko 5x5m R\u00e4st\u00e4n korkeus on 225cm Harjan korkeus 485cm Teltat voi tilata kooltaan 3x3m; 4x4m; 5x5m; 6x6m ja erilaisilla seinill\u00e4.","og_url":"https:\/\/shop.ucrent.ee\/fi\/toode\/pagodi-juhlateltta-5x5m","og_site_name":"UC Rent e-pood","article_modified_time":"2026-04-21T11:49:33+00:00","og_image":[{"width":361,"height":230,"url":"https:\/\/shop.ucrent.ee\/wp-content\/uploads\/2020\/07\/pol-plan-pagoda-marquee-pavilion-tent-pagoda-tent-1523868-361x230.jpg","type":"image\/jpeg"}],"twitter_card":"summary_large_image","schema":{"@context":"https:\/\/schema.org","@graph":[{"@type":"WebPage","@id":"https:\/\/shop.ucrent.ee\/fi\/toode\/pagodi-juhlateltta-5x5m","url":"https:\/\/shop.ucrent.ee\/fi\/toode\/pagodi-juhlateltta-5x5m","name":"Pagodi juhlateltta 5\u00d75m - UC Rent e-pood","isPartOf":{"@id":"https:\/\/shop.ucrent.ee\/#website"},"primaryImageOfPage":{"@id":"https:\/\/shop.ucrent.ee\/fi\/toode\/pagodi-juhlateltta-5x5m#primaryimage"},"image":{"@id":"https:\/\/shop.ucrent.ee\/fi\/toode\/pagodi-juhlateltta-5x5m#primaryimage"},"thumbnailUrl":"https:\/\/shop.ucrent.ee\/wp-content\/uploads\/2020\/07\/pol-plan-pagoda-marquee-pavilion-tent-pagoda-tent-1523868-361x230.jpg","datePublished":"2020-07-28T09:02:20+00:00","dateModified":"2026-04-21T11:49:33+00:00","breadcrumb":{"@id":"https:\/\/shop.ucrent.ee\/fi\/toode\/pagodi-juhlateltta-5x5m#breadcrumb"},"inLanguage":"fi","potentialAction":[{"@type":"ReadAction","target":["https:\/\/shop.ucrent.ee\/fi\/toode\/pagodi-juhlateltta-5x5m"]}]},{"@type":"ImageObject","inLanguage":"fi","@id":"https:\/\/shop.ucrent.ee\/fi\/toode\/pagodi-juhlateltta-5x5m#primaryimage","url":"https:\/\/shop.ucrent.ee\/wp-content\/uploads\/2020\/07\/pol-plan-pagoda-marquee-pavilion-tent-pagoda-tent-1523868-361x230.jpg","contentUrl":"https:\/\/shop.ucrent.ee\/wp-content\/uploads\/2020\/07\/pol-plan-pagoda-marquee-pavilion-tent-pagoda-tent-1523868-361x230.jpg","width":361,"height":230},{"@type":"BreadcrumbList","@id":"https:\/\/shop.ucrent.ee\/fi\/toode\/pagodi-juhlateltta-5x5m#breadcrumb","itemListElement":[{"@type":"ListItem","position":1,"name":"Home","item":"https:\/\/shop.ucrent.ee\/fi"},{"@type":"ListItem","position":2,"name":"K\u00f5ik tooted","item":"https:\/\/shop.ucrent.ee\/tooted"},{"@type":"ListItem","position":3,"name":"Pagodi juhlateltta 5\u00d75m"}]},{"@type":"WebSite","@id":"https:\/\/shop.ucrent.ee\/#website","url":"https:\/\/shop.ucrent.ee\/","name":"UC Rent e-pood","description":"","potentialAction":[{"@type":"SearchAction","target":{"@type":"EntryPoint","urlTemplate":"https:\/\/shop.ucrent.ee\/?s={search_term_string}"},"query-input":{"@type":"PropertyValueSpecification","valueRequired":true,"valueName":"search_term_string"}}],"inLanguage":"fi"}]}},"_links":{"self":[{"href":"https:\/\/shop.ucrent.ee\/fi\/wp-json\/wp\/v2\/product\/23687","targetHints":{"allow":["GET"]}}],"collection":[{"href":"https:\/\/shop.ucrent.ee\/fi\/wp-json\/wp\/v2\/product"}],"about":[{"href":"https:\/\/shop.ucrent.ee\/fi\/wp-json\/wp\/v2\/types\/product"}],"wp:featuredmedia":[{"embeddable":true,"href":"https:\/\/shop.ucrent.ee\/fi\/wp-json\/wp\/v2\/media\/23680"}],"wp:attachment":[{"href":"https:\/\/shop.ucrent.ee\/fi\/wp-json\/wp\/v2\/media?parent=23687"}],"wp:term":[{"taxonomy":"product_brand","embeddable":true,"href":"https:\/\/shop.ucrent.ee\/fi\/wp-json\/wp\/v2\/product_brand?post=23687"},{"taxonomy":"product_cat","embeddable":true,"href":"https:\/\/shop.ucrent.ee\/fi\/wp-json\/wp\/v2\/product_cat?post=23687"},{"taxonomy":"product_tag","embeddable":true,"href":"https:\/\/shop.ucrent.ee\/fi\/wp-json\/wp\/v2\/product_tag?post=23687"}],"curies":[{"name":"wp","href":"https:\/\/api.w.org\/{rel}","templated":true}]}}