{"id":50277,"date":"2021-02-22T13:21:42","date_gmt":"2021-02-22T11:21:42","guid":{"rendered":"https:\/\/shop.ucrent.ee\/toode\/karoke-aludeck-light-1x1m"},"modified":"2026-04-21T13:08:04","modified_gmt":"2026-04-21T10:08:04","slug":"karoke-aludeck-light-1x1m","status":"publish","type":"product","link":"https:\/\/shop.ucrent.ee\/fi\/toode\/karoke-aludeck-light-1x1m","title":{"rendered":"Karoke Aludeck light 1x1m"},"content":{"rendered":"<p>Karoke on helpompi ja nopeampi ratkaisu, jos haluat tehd\u00e4 matalia vaiheita, alustoja, muotin\u00e4yttelij\u00f6it\u00e4 jalkak\u00e4yt\u00e4vi\u00e4 jne. Podiumilla on vankka rakenne, lavan yl\u00e4osa on valmistettu vedenpit\u00e4v\u00e4st\u00e4 vanerista, peitetty tummalla liukastumisenestokerroksella, miik\u00e4 mahdollistaa lavan k\u00e4yt\u00f6n my\u00f6s ulkona. Suurin kuorma 750kg \/ m\u00b2.<br \/>\nMitat: 1,0 x 1,0 m<br \/>\nPaino: 19,60 kg<br \/>\nJalat tule osta erikseen.<\/p>\n","protected":false},"excerpt":{"rendered":"Karoke on helpompi ja nopeampi ratkaisu, jos haluat tehd\u00e4 matalia vaiheita, alustoja, muotin\u00e4yttelij\u00f6it\u00e4 jalkak\u00e4yt\u00e4vi\u00e4 jne. Podiumilla on vankka rakenne, lavan yl\u00e4osa on valmistettu vedenpit\u00e4v\u00e4st\u00e4 vanerista, peitetty tummalla liukastumisenestokerroksella, miik\u00e4 mahdollistaa lavan k\u00e4yt\u00f6n my\u00f6s ulkona. Suurin kuorma 750kg \/ m\u00b2. Mitat: 1,0 x 1,0 m Paino: 19,60 kg Jalat tule osta erikseen.","protected":false},"featured_media":50257,"template":"","meta":{"_acf_changed":false},"product_brand":[],"product_cat":[720],"product_tag":[],"class_list":{"0":"post-50277","1":"product","2":"type-product","3":"status-publish","4":"has-post-thumbnail","6":"product_cat-poodiumid_fi","8":"first","9":"instock","10":"taxable","11":"shipping-taxable","12":"purchasable","13":"product-type-simple"},"acf":[],"yoast_head":"<!-- This site is optimized with the Yoast SEO plugin v27.0 - https:\/\/yoast.com\/product\/yoast-seo-wordpress\/ -->\n<title>Karoke Aludeck light 1x1m - UC Rent e-pood<\/title>\n<meta name=\"robots\" content=\"index, follow, max-snippet:-1, max-image-preview:large, max-video-preview:-1\" \/>\n<link rel=\"canonical\" href=\"https:\/\/shop.ucrent.ee\/fi\/toode\/karoke-aludeck-light-1x1m\" \/>\n<meta property=\"og:locale\" content=\"fi_FI\" \/>\n<meta property=\"og:type\" content=\"article\" \/>\n<meta property=\"og:title\" content=\"Karoke Aludeck light 1x1m - UC Rent e-pood\" \/>\n<meta property=\"og:description\" content=\"Karoke on helpompi ja nopeampi ratkaisu, jos haluat tehd\u00e4 matalia vaiheita, alustoja, muotin\u00e4yttelij\u00f6it\u00e4 jalkak\u00e4yt\u00e4vi\u00e4 jne. Podiumilla on vankka rakenne, lavan yl\u00e4osa on valmistettu vedenpit\u00e4v\u00e4st\u00e4 vanerista, peitetty tummalla liukastumisenestokerroksella, miik\u00e4 mahdollistaa lavan k\u00e4yt\u00f6n my\u00f6s ulkona. Suurin kuorma 750kg \/ m\u00b2. Mitat: 1,0 x 1,0 m Paino: 19,60 kg Jalat tule osta erikseen.\" \/>\n<meta property=\"og:url\" content=\"https:\/\/shop.ucrent.ee\/fi\/toode\/karoke-aludeck-light-1x1m\" \/>\n<meta property=\"og:site_name\" content=\"UC Rent e-pood\" \/>\n<meta property=\"article:modified_time\" content=\"2026-04-21T10:08:04+00:00\" \/>\n<meta property=\"og:image\" content=\"https:\/\/shop.ucrent.ee\/wp-content\/uploads\/2021\/02\/Alustage-poodium-1x1m.jpg\" \/>\n\t<meta property=\"og:image:width\" content=\"1600\" \/>\n\t<meta property=\"og:image:height\" content=\"1200\" \/>\n\t<meta property=\"og:image:type\" content=\"image\/jpeg\" \/>\n<meta name=\"twitter:card\" content=\"summary_large_image\" \/>\n<script type=\"application\/ld+json\" class=\"yoast-schema-graph\">{\"@context\":\"https:\/\/schema.org\",\"@graph\":[{\"@type\":\"WebPage\",\"@id\":\"https:\/\/shop.ucrent.ee\/fi\/toode\/karoke-aludeck-light-1x1m\",\"url\":\"https:\/\/shop.ucrent.ee\/fi\/toode\/karoke-aludeck-light-1x1m\",\"name\":\"Karoke Aludeck light 1x1m - UC Rent e-pood\",\"isPartOf\":{\"@id\":\"https:\/\/shop.ucrent.ee\/#website\"},\"primaryImageOfPage\":{\"@id\":\"https:\/\/shop.ucrent.ee\/fi\/toode\/karoke-aludeck-light-1x1m#primaryimage\"},\"image\":{\"@id\":\"https:\/\/shop.ucrent.ee\/fi\/toode\/karoke-aludeck-light-1x1m#primaryimage\"},\"thumbnailUrl\":\"https:\/\/shop.ucrent.ee\/wp-content\/uploads\/2021\/02\/Alustage-poodium-1x1m.jpg\",\"datePublished\":\"2021-02-22T11:21:42+00:00\",\"dateModified\":\"2026-04-21T10:08:04+00:00\",\"breadcrumb\":{\"@id\":\"https:\/\/shop.ucrent.ee\/fi\/toode\/karoke-aludeck-light-1x1m#breadcrumb\"},\"inLanguage\":\"fi\",\"potentialAction\":[{\"@type\":\"ReadAction\",\"target\":[\"https:\/\/shop.ucrent.ee\/fi\/toode\/karoke-aludeck-light-1x1m\"]}]},{\"@type\":\"ImageObject\",\"inLanguage\":\"fi\",\"@id\":\"https:\/\/shop.ucrent.ee\/fi\/toode\/karoke-aludeck-light-1x1m#primaryimage\",\"url\":\"https:\/\/shop.ucrent.ee\/wp-content\/uploads\/2021\/02\/Alustage-poodium-1x1m.jpg\",\"contentUrl\":\"https:\/\/shop.ucrent.ee\/wp-content\/uploads\/2021\/02\/Alustage-poodium-1x1m.jpg\",\"width\":1600,\"height\":1200},{\"@type\":\"BreadcrumbList\",\"@id\":\"https:\/\/shop.ucrent.ee\/fi\/toode\/karoke-aludeck-light-1x1m#breadcrumb\",\"itemListElement\":[{\"@type\":\"ListItem\",\"position\":1,\"name\":\"Home\",\"item\":\"https:\/\/shop.ucrent.ee\/fi\"},{\"@type\":\"ListItem\",\"position\":2,\"name\":\"K\u00f5ik tooted\",\"item\":\"https:\/\/shop.ucrent.ee\/tooted\"},{\"@type\":\"ListItem\",\"position\":3,\"name\":\"Karoke Aludeck light 1x1m\"}]},{\"@type\":\"WebSite\",\"@id\":\"https:\/\/shop.ucrent.ee\/#website\",\"url\":\"https:\/\/shop.ucrent.ee\/\",\"name\":\"UC Rent e-pood\",\"description\":\"\",\"potentialAction\":[{\"@type\":\"SearchAction\",\"target\":{\"@type\":\"EntryPoint\",\"urlTemplate\":\"https:\/\/shop.ucrent.ee\/?s={search_term_string}\"},\"query-input\":{\"@type\":\"PropertyValueSpecification\",\"valueRequired\":true,\"valueName\":\"search_term_string\"}}],\"inLanguage\":\"fi\"}]}<\/script>\n<!-- \/ Yoast SEO plugin. -->","yoast_head_json":{"title":"Karoke Aludeck light 1x1m - UC Rent e-pood","robots":{"index":"index","follow":"follow","max-snippet":"max-snippet:-1","max-image-preview":"max-image-preview:large","max-video-preview":"max-video-preview:-1"},"canonical":"https:\/\/shop.ucrent.ee\/fi\/toode\/karoke-aludeck-light-1x1m","og_locale":"fi_FI","og_type":"article","og_title":"Karoke Aludeck light 1x1m - UC Rent e-pood","og_description":"Karoke on helpompi ja nopeampi ratkaisu, jos haluat tehd\u00e4 matalia vaiheita, alustoja, muotin\u00e4yttelij\u00f6it\u00e4 jalkak\u00e4yt\u00e4vi\u00e4 jne. Podiumilla on vankka rakenne, lavan yl\u00e4osa on valmistettu vedenpit\u00e4v\u00e4st\u00e4 vanerista, peitetty tummalla liukastumisenestokerroksella, miik\u00e4 mahdollistaa lavan k\u00e4yt\u00f6n my\u00f6s ulkona. Suurin kuorma 750kg \/ m\u00b2. Mitat: 1,0 x 1,0 m Paino: 19,60 kg Jalat tule osta erikseen.","og_url":"https:\/\/shop.ucrent.ee\/fi\/toode\/karoke-aludeck-light-1x1m","og_site_name":"UC Rent e-pood","article_modified_time":"2026-04-21T10:08:04+00:00","og_image":[{"width":1600,"height":1200,"url":"https:\/\/shop.ucrent.ee\/wp-content\/uploads\/2021\/02\/Alustage-poodium-1x1m.jpg","type":"image\/jpeg"}],"twitter_card":"summary_large_image","schema":{"@context":"https:\/\/schema.org","@graph":[{"@type":"WebPage","@id":"https:\/\/shop.ucrent.ee\/fi\/toode\/karoke-aludeck-light-1x1m","url":"https:\/\/shop.ucrent.ee\/fi\/toode\/karoke-aludeck-light-1x1m","name":"Karoke Aludeck light 1x1m - UC Rent e-pood","isPartOf":{"@id":"https:\/\/shop.ucrent.ee\/#website"},"primaryImageOfPage":{"@id":"https:\/\/shop.ucrent.ee\/fi\/toode\/karoke-aludeck-light-1x1m#primaryimage"},"image":{"@id":"https:\/\/shop.ucrent.ee\/fi\/toode\/karoke-aludeck-light-1x1m#primaryimage"},"thumbnailUrl":"https:\/\/shop.ucrent.ee\/wp-content\/uploads\/2021\/02\/Alustage-poodium-1x1m.jpg","datePublished":"2021-02-22T11:21:42+00:00","dateModified":"2026-04-21T10:08:04+00:00","breadcrumb":{"@id":"https:\/\/shop.ucrent.ee\/fi\/toode\/karoke-aludeck-light-1x1m#breadcrumb"},"inLanguage":"fi","potentialAction":[{"@type":"ReadAction","target":["https:\/\/shop.ucrent.ee\/fi\/toode\/karoke-aludeck-light-1x1m"]}]},{"@type":"ImageObject","inLanguage":"fi","@id":"https:\/\/shop.ucrent.ee\/fi\/toode\/karoke-aludeck-light-1x1m#primaryimage","url":"https:\/\/shop.ucrent.ee\/wp-content\/uploads\/2021\/02\/Alustage-poodium-1x1m.jpg","contentUrl":"https:\/\/shop.ucrent.ee\/wp-content\/uploads\/2021\/02\/Alustage-poodium-1x1m.jpg","width":1600,"height":1200},{"@type":"BreadcrumbList","@id":"https:\/\/shop.ucrent.ee\/fi\/toode\/karoke-aludeck-light-1x1m#breadcrumb","itemListElement":[{"@type":"ListItem","position":1,"name":"Home","item":"https:\/\/shop.ucrent.ee\/fi"},{"@type":"ListItem","position":2,"name":"K\u00f5ik tooted","item":"https:\/\/shop.ucrent.ee\/tooted"},{"@type":"ListItem","position":3,"name":"Karoke Aludeck light 1x1m"}]},{"@type":"WebSite","@id":"https:\/\/shop.ucrent.ee\/#website","url":"https:\/\/shop.ucrent.ee\/","name":"UC Rent e-pood","description":"","potentialAction":[{"@type":"SearchAction","target":{"@type":"EntryPoint","urlTemplate":"https:\/\/shop.ucrent.ee\/?s={search_term_string}"},"query-input":{"@type":"PropertyValueSpecification","valueRequired":true,"valueName":"search_term_string"}}],"inLanguage":"fi"}]}},"_links":{"self":[{"href":"https:\/\/shop.ucrent.ee\/fi\/wp-json\/wp\/v2\/product\/50277","targetHints":{"allow":["GET"]}}],"collection":[{"href":"https:\/\/shop.ucrent.ee\/fi\/wp-json\/wp\/v2\/product"}],"about":[{"href":"https:\/\/shop.ucrent.ee\/fi\/wp-json\/wp\/v2\/types\/product"}],"wp:featuredmedia":[{"embeddable":true,"href":"https:\/\/shop.ucrent.ee\/fi\/wp-json\/wp\/v2\/media\/50257"}],"wp:attachment":[{"href":"https:\/\/shop.ucrent.ee\/fi\/wp-json\/wp\/v2\/media?parent=50277"}],"wp:term":[{"taxonomy":"product_brand","embeddable":true,"href":"https:\/\/shop.ucrent.ee\/fi\/wp-json\/wp\/v2\/product_brand?post=50277"},{"taxonomy":"product_cat","embeddable":true,"href":"https:\/\/shop.ucrent.ee\/fi\/wp-json\/wp\/v2\/product_cat?post=50277"},{"taxonomy":"product_tag","embeddable":true,"href":"https:\/\/shop.ucrent.ee\/fi\/wp-json\/wp\/v2\/product_tag?post=50277"}],"curies":[{"name":"wp","href":"https:\/\/api.w.org\/{rel}","templated":true}]}}