{"id":617110,"date":"2022-02-01T16:31:55","date_gmt":"2022-02-01T14:31:55","guid":{"rendered":"https:\/\/shop.ucrent.ee\/toode\/juhla-ja-puutarhateltta-4x6m-palonkestava-pvc-500g-m2-valkoinen"},"modified":"2026-04-10T14:31:15","modified_gmt":"2026-04-10T11:31:15","slug":"juhla-ja-puutarhateltta-4x6m-palonkestava-pvc-500g-m2-valkoinen","status":"publish","type":"product","link":"https:\/\/shop.ucrent.ee\/fi\/toode\/juhla-ja-puutarhateltta-4x6m-palonkestava-pvc-500g-m2-valkoinen","title":{"rendered":"Juhla- ja puutarhateltta 4x6m, palonkest\u00e4v\u00e4, PVC 500g\/m2, valkoinen"},"content":{"rendered":"<p>Sarja: runko, katto, sein\u00e4t, kiinnikkeet jne.<br \/>\nV\u00e4ri valkoinen<br \/>\nKerrosala 24 m\u00b2 \/ mahtuu ~ 48 henkil\u00f6\u00e4<br \/>\nSivun korkeus 2,0 m<br \/>\nHarjan korkeus 3,1 m<br \/>\nSis\u00e4\u00e4nk\u00e4ynti 1 &#8211; 3,0 x 2,0 m<br \/>\nSis\u00e4\u00e4nk\u00e4ynti 2 &#8211; 1,2 x 2,0 m<br \/>\nSivu-\/sein\u00e4moduuli &#8211; 2 x 2 m<br \/>\nTer\u00e4sputken halkaisija: \u00d8 42mm, sein\u00e4m\u00e4n paksuus 1,3 mm<br \/>\nGalvanoidun ter\u00e4sputken halkaisija: \u00d8 38mm, sein\u00e4m\u00e4n paksuus 1,1 mm<br \/>\nPakkaustiedot: 5 laatikkoa \/ kokonaispaino 94 kg \/ pisin laatikko 195 cm<\/p>\n","protected":false},"excerpt":{"rendered":"Sarja: runko, katto, sein\u00e4t, kiinnikkeet jne. V\u00e4ri valkoinen Kerrosala 24 m\u00b2 \/ mahtuu ~ 48 henkil\u00f6\u00e4 Sivun korkeus 2,0 m Harjan korkeus 3,1 m Sis\u00e4\u00e4nk\u00e4ynti 1 &#8211; 3,0 x 2,0 m Sis\u00e4\u00e4nk\u00e4ynti 2 &#8211; 1,2 x 2,0 m Sivu-\/sein\u00e4moduuli &#8211; 2 x 2 m Ter\u00e4sputken halkaisija: \u00d8 42mm, sein\u00e4m\u00e4n paksuus 1,3 mm Galvanoidun ter\u00e4sputken halkaisija:&#8230; <a class=\"view-article\" href=\"https:\/\/shop.ucrent.ee\/fi\/toode\/juhla-ja-puutarhateltta-4x6m-palonkestava-pvc-500g-m2-valkoinen\">View Article<\/a>","protected":false},"featured_media":57751,"template":"","meta":{"_acf_changed":false},"product_brand":[],"product_cat":[728],"product_tag":[],"class_list":{"0":"post-617110","1":"product","2":"type-product","3":"status-publish","4":"has-post-thumbnail","6":"product_cat-peotelgid_fi","8":"first","9":"instock","10":"sale","11":"taxable","12":"shipping-taxable","13":"purchasable","14":"product-type-simple"},"acf":[],"yoast_head":"<!-- This site is optimized with the Yoast SEO plugin v27.0 - https:\/\/yoast.com\/product\/yoast-seo-wordpress\/ -->\n<title>Juhla- ja puutarhateltta 4x6m, palonkest\u00e4v\u00e4, PVC 500g\/m2, valkoinen - UC Rent e-pood<\/title>\n<meta name=\"robots\" content=\"index, follow, max-snippet:-1, max-image-preview:large, max-video-preview:-1\" \/>\n<link rel=\"canonical\" href=\"https:\/\/shop.ucrent.ee\/fi\/toode\/juhla-ja-puutarhateltta-4x6m-palonkestava-pvc-500g-m2-valkoinen\" \/>\n<meta property=\"og:locale\" content=\"fi_FI\" \/>\n<meta property=\"og:type\" content=\"article\" \/>\n<meta property=\"og:title\" content=\"Juhla- ja puutarhateltta 4x6m, palonkest\u00e4v\u00e4, PVC 500g\/m2, valkoinen - UC Rent e-pood\" \/>\n<meta property=\"og:description\" content=\"Sarja: runko, katto, sein\u00e4t, kiinnikkeet jne. V\u00e4ri valkoinen Kerrosala 24 m\u00b2 \/ mahtuu ~ 48 henkil\u00f6\u00e4 Sivun korkeus 2,0 m Harjan korkeus 3,1 m Sis\u00e4\u00e4nk\u00e4ynti 1 &#8211; 3,0 x 2,0 m Sis\u00e4\u00e4nk\u00e4ynti 2 &#8211; 1,2 x 2,0 m Sivu-\/sein\u00e4moduuli &#8211; 2 x 2 m Ter\u00e4sputken halkaisija: \u00d8 42mm, sein\u00e4m\u00e4n paksuus 1,3 mm Galvanoidun ter\u00e4sputken halkaisija:... View Article\" \/>\n<meta property=\"og:url\" content=\"https:\/\/shop.ucrent.ee\/fi\/toode\/juhla-ja-puutarhateltta-4x6m-palonkestava-pvc-500g-m2-valkoinen\" \/>\n<meta property=\"og:site_name\" content=\"UC Rent e-pood\" \/>\n<meta property=\"article:modified_time\" content=\"2026-04-10T11:31:15+00:00\" \/>\n<meta property=\"og:image\" content=\"https:\/\/shop.ucrent.ee\/wp-content\/uploads\/2021\/05\/4x6m-PVC.jpg\" \/>\n\t<meta property=\"og:image:width\" content=\"800\" \/>\n\t<meta property=\"og:image:height\" content=\"800\" \/>\n\t<meta property=\"og:image:type\" content=\"image\/jpeg\" \/>\n<meta name=\"twitter:card\" content=\"summary_large_image\" \/>\n<script type=\"application\/ld+json\" class=\"yoast-schema-graph\">{\"@context\":\"https:\/\/schema.org\",\"@graph\":[{\"@type\":\"WebPage\",\"@id\":\"https:\/\/shop.ucrent.ee\/fi\/toode\/juhla-ja-puutarhateltta-4x6m-palonkestava-pvc-500g-m2-valkoinen\",\"url\":\"https:\/\/shop.ucrent.ee\/fi\/toode\/juhla-ja-puutarhateltta-4x6m-palonkestava-pvc-500g-m2-valkoinen\",\"name\":\"Juhla- ja puutarhateltta 4x6m, palonkest\u00e4v\u00e4, PVC 500g\/m2, valkoinen - UC Rent e-pood\",\"isPartOf\":{\"@id\":\"https:\/\/shop.ucrent.ee\/#website\"},\"primaryImageOfPage\":{\"@id\":\"https:\/\/shop.ucrent.ee\/fi\/toode\/juhla-ja-puutarhateltta-4x6m-palonkestava-pvc-500g-m2-valkoinen#primaryimage\"},\"image\":{\"@id\":\"https:\/\/shop.ucrent.ee\/fi\/toode\/juhla-ja-puutarhateltta-4x6m-palonkestava-pvc-500g-m2-valkoinen#primaryimage\"},\"thumbnailUrl\":\"https:\/\/shop.ucrent.ee\/wp-content\/uploads\/2021\/05\/4x6m-PVC.jpg\",\"datePublished\":\"2022-02-01T14:31:55+00:00\",\"dateModified\":\"2026-04-10T11:31:15+00:00\",\"breadcrumb\":{\"@id\":\"https:\/\/shop.ucrent.ee\/fi\/toode\/juhla-ja-puutarhateltta-4x6m-palonkestava-pvc-500g-m2-valkoinen#breadcrumb\"},\"inLanguage\":\"fi\",\"potentialAction\":[{\"@type\":\"ReadAction\",\"target\":[\"https:\/\/shop.ucrent.ee\/fi\/toode\/juhla-ja-puutarhateltta-4x6m-palonkestava-pvc-500g-m2-valkoinen\"]}]},{\"@type\":\"ImageObject\",\"inLanguage\":\"fi\",\"@id\":\"https:\/\/shop.ucrent.ee\/fi\/toode\/juhla-ja-puutarhateltta-4x6m-palonkestava-pvc-500g-m2-valkoinen#primaryimage\",\"url\":\"https:\/\/shop.ucrent.ee\/wp-content\/uploads\/2021\/05\/4x6m-PVC.jpg\",\"contentUrl\":\"https:\/\/shop.ucrent.ee\/wp-content\/uploads\/2021\/05\/4x6m-PVC.jpg\",\"width\":800,\"height\":800},{\"@type\":\"BreadcrumbList\",\"@id\":\"https:\/\/shop.ucrent.ee\/fi\/toode\/juhla-ja-puutarhateltta-4x6m-palonkestava-pvc-500g-m2-valkoinen#breadcrumb\",\"itemListElement\":[{\"@type\":\"ListItem\",\"position\":1,\"name\":\"Home\",\"item\":\"https:\/\/shop.ucrent.ee\/fi\"},{\"@type\":\"ListItem\",\"position\":2,\"name\":\"K\u00f5ik tooted\",\"item\":\"https:\/\/shop.ucrent.ee\/tooted\"},{\"@type\":\"ListItem\",\"position\":3,\"name\":\"Juhla- ja puutarhateltta 4x6m, palonkest\u00e4v\u00e4, PVC 500g\/m2, valkoinen\"}]},{\"@type\":\"WebSite\",\"@id\":\"https:\/\/shop.ucrent.ee\/#website\",\"url\":\"https:\/\/shop.ucrent.ee\/\",\"name\":\"UC Rent e-pood\",\"description\":\"\",\"potentialAction\":[{\"@type\":\"SearchAction\",\"target\":{\"@type\":\"EntryPoint\",\"urlTemplate\":\"https:\/\/shop.ucrent.ee\/?s={search_term_string}\"},\"query-input\":{\"@type\":\"PropertyValueSpecification\",\"valueRequired\":true,\"valueName\":\"search_term_string\"}}],\"inLanguage\":\"fi\"}]}<\/script>\n<!-- \/ Yoast SEO plugin. -->","yoast_head_json":{"title":"Juhla- ja puutarhateltta 4x6m, palonkest\u00e4v\u00e4, PVC 500g\/m2, valkoinen - UC Rent e-pood","robots":{"index":"index","follow":"follow","max-snippet":"max-snippet:-1","max-image-preview":"max-image-preview:large","max-video-preview":"max-video-preview:-1"},"canonical":"https:\/\/shop.ucrent.ee\/fi\/toode\/juhla-ja-puutarhateltta-4x6m-palonkestava-pvc-500g-m2-valkoinen","og_locale":"fi_FI","og_type":"article","og_title":"Juhla- ja puutarhateltta 4x6m, palonkest\u00e4v\u00e4, PVC 500g\/m2, valkoinen - UC Rent e-pood","og_description":"Sarja: runko, katto, sein\u00e4t, kiinnikkeet jne. V\u00e4ri valkoinen Kerrosala 24 m\u00b2 \/ mahtuu ~ 48 henkil\u00f6\u00e4 Sivun korkeus 2,0 m Harjan korkeus 3,1 m Sis\u00e4\u00e4nk\u00e4ynti 1 &#8211; 3,0 x 2,0 m Sis\u00e4\u00e4nk\u00e4ynti 2 &#8211; 1,2 x 2,0 m Sivu-\/sein\u00e4moduuli &#8211; 2 x 2 m Ter\u00e4sputken halkaisija: \u00d8 42mm, sein\u00e4m\u00e4n paksuus 1,3 mm Galvanoidun ter\u00e4sputken halkaisija:... View Article","og_url":"https:\/\/shop.ucrent.ee\/fi\/toode\/juhla-ja-puutarhateltta-4x6m-palonkestava-pvc-500g-m2-valkoinen","og_site_name":"UC Rent e-pood","article_modified_time":"2026-04-10T11:31:15+00:00","og_image":[{"width":800,"height":800,"url":"https:\/\/shop.ucrent.ee\/wp-content\/uploads\/2021\/05\/4x6m-PVC.jpg","type":"image\/jpeg"}],"twitter_card":"summary_large_image","schema":{"@context":"https:\/\/schema.org","@graph":[{"@type":"WebPage","@id":"https:\/\/shop.ucrent.ee\/fi\/toode\/juhla-ja-puutarhateltta-4x6m-palonkestava-pvc-500g-m2-valkoinen","url":"https:\/\/shop.ucrent.ee\/fi\/toode\/juhla-ja-puutarhateltta-4x6m-palonkestava-pvc-500g-m2-valkoinen","name":"Juhla- ja puutarhateltta 4x6m, palonkest\u00e4v\u00e4, PVC 500g\/m2, valkoinen - UC Rent e-pood","isPartOf":{"@id":"https:\/\/shop.ucrent.ee\/#website"},"primaryImageOfPage":{"@id":"https:\/\/shop.ucrent.ee\/fi\/toode\/juhla-ja-puutarhateltta-4x6m-palonkestava-pvc-500g-m2-valkoinen#primaryimage"},"image":{"@id":"https:\/\/shop.ucrent.ee\/fi\/toode\/juhla-ja-puutarhateltta-4x6m-palonkestava-pvc-500g-m2-valkoinen#primaryimage"},"thumbnailUrl":"https:\/\/shop.ucrent.ee\/wp-content\/uploads\/2021\/05\/4x6m-PVC.jpg","datePublished":"2022-02-01T14:31:55+00:00","dateModified":"2026-04-10T11:31:15+00:00","breadcrumb":{"@id":"https:\/\/shop.ucrent.ee\/fi\/toode\/juhla-ja-puutarhateltta-4x6m-palonkestava-pvc-500g-m2-valkoinen#breadcrumb"},"inLanguage":"fi","potentialAction":[{"@type":"ReadAction","target":["https:\/\/shop.ucrent.ee\/fi\/toode\/juhla-ja-puutarhateltta-4x6m-palonkestava-pvc-500g-m2-valkoinen"]}]},{"@type":"ImageObject","inLanguage":"fi","@id":"https:\/\/shop.ucrent.ee\/fi\/toode\/juhla-ja-puutarhateltta-4x6m-palonkestava-pvc-500g-m2-valkoinen#primaryimage","url":"https:\/\/shop.ucrent.ee\/wp-content\/uploads\/2021\/05\/4x6m-PVC.jpg","contentUrl":"https:\/\/shop.ucrent.ee\/wp-content\/uploads\/2021\/05\/4x6m-PVC.jpg","width":800,"height":800},{"@type":"BreadcrumbList","@id":"https:\/\/shop.ucrent.ee\/fi\/toode\/juhla-ja-puutarhateltta-4x6m-palonkestava-pvc-500g-m2-valkoinen#breadcrumb","itemListElement":[{"@type":"ListItem","position":1,"name":"Home","item":"https:\/\/shop.ucrent.ee\/fi"},{"@type":"ListItem","position":2,"name":"K\u00f5ik tooted","item":"https:\/\/shop.ucrent.ee\/tooted"},{"@type":"ListItem","position":3,"name":"Juhla- ja puutarhateltta 4x6m, palonkest\u00e4v\u00e4, PVC 500g\/m2, valkoinen"}]},{"@type":"WebSite","@id":"https:\/\/shop.ucrent.ee\/#website","url":"https:\/\/shop.ucrent.ee\/","name":"UC Rent e-pood","description":"","potentialAction":[{"@type":"SearchAction","target":{"@type":"EntryPoint","urlTemplate":"https:\/\/shop.ucrent.ee\/?s={search_term_string}"},"query-input":{"@type":"PropertyValueSpecification","valueRequired":true,"valueName":"search_term_string"}}],"inLanguage":"fi"}]}},"_links":{"self":[{"href":"https:\/\/shop.ucrent.ee\/fi\/wp-json\/wp\/v2\/product\/617110","targetHints":{"allow":["GET"]}}],"collection":[{"href":"https:\/\/shop.ucrent.ee\/fi\/wp-json\/wp\/v2\/product"}],"about":[{"href":"https:\/\/shop.ucrent.ee\/fi\/wp-json\/wp\/v2\/types\/product"}],"wp:featuredmedia":[{"embeddable":true,"href":"https:\/\/shop.ucrent.ee\/fi\/wp-json\/wp\/v2\/media\/57751"}],"wp:attachment":[{"href":"https:\/\/shop.ucrent.ee\/fi\/wp-json\/wp\/v2\/media?parent=617110"}],"wp:term":[{"taxonomy":"product_brand","embeddable":true,"href":"https:\/\/shop.ucrent.ee\/fi\/wp-json\/wp\/v2\/product_brand?post=617110"},{"taxonomy":"product_cat","embeddable":true,"href":"https:\/\/shop.ucrent.ee\/fi\/wp-json\/wp\/v2\/product_cat?post=617110"},{"taxonomy":"product_tag","embeddable":true,"href":"https:\/\/shop.ucrent.ee\/fi\/wp-json\/wp\/v2\/product_tag?post=617110"}],"curies":[{"name":"wp","href":"https:\/\/api.w.org\/{rel}","templated":true}]}}