{"id":617321,"date":"2022-02-10T16:20:50","date_gmt":"2022-02-10T14:20:50","guid":{"rendered":"https:\/\/shop.ucrent.ee\/toode\/podium-aludeck-light-1x05m"},"modified":"2026-04-21T13:22:29","modified_gmt":"2026-04-21T10:22:29","slug":"podium-aludeck-light-1x05m","status":"publish","type":"product","link":"https:\/\/shop.ucrent.ee\/fi\/toode\/podium-aludeck-light-1x05m","title":{"rendered":"Podium Aludeck light 1&#215;0,5m"},"content":{"rendered":"<p>Moduulipodium on helpompi ja nopeampi ratkaisu, jos haluat tehd\u00e4 matalia vaiheita, alustoja, muotin\u00e4yttelij\u00f6it\u00e4 jalkak\u00e4yt\u00e4vi\u00e4 jne. Podiumilla on vankka rakenne, lavan yl\u00e4osa on valmistettu vedenpit\u00e4v\u00e4st\u00e4 vanerista, peitetty tummalla liukastumisenestokerroksella, miik\u00e4 mahdollistaa lavan k\u00e4yt\u00f6n my\u00f6s ulkona. Suurin kuorma 750kg \/ m\u00b2.<br \/>\nMitat: 1,0 x 0,5m<br \/>\nPaino: 12,15kg<br \/>\nJalat tule osta erikseen.<\/p>\n","protected":false},"excerpt":{"rendered":"Moduulipodium on helpompi ja nopeampi ratkaisu, jos haluat tehd\u00e4 matalia vaiheita, alustoja, muotin\u00e4yttelij\u00f6it\u00e4 jalkak\u00e4yt\u00e4vi\u00e4 jne. Podiumilla on vankka rakenne, lavan yl\u00e4osa on valmistettu vedenpit\u00e4v\u00e4st\u00e4 vanerista, peitetty tummalla liukastumisenestokerroksella, miik\u00e4 mahdollistaa lavan k\u00e4yt\u00f6n my\u00f6s ulkona. Suurin kuorma 750kg \/ m\u00b2. Mitat: 1,0 x 0,5m Paino: 12,15kg Jalat tule osta erikseen.","protected":false},"featured_media":4236,"template":"","meta":{"_acf_changed":false},"product_brand":[],"product_cat":[720],"product_tag":[],"class_list":{"0":"post-617321","1":"product","2":"type-product","3":"status-publish","4":"has-post-thumbnail","6":"product_cat-poodiumid_fi","8":"first","9":"instock","10":"taxable","11":"shipping-taxable","12":"purchasable","13":"product-type-simple"},"acf":[],"yoast_head":"<!-- This site is optimized with the Yoast SEO plugin v27.0 - https:\/\/yoast.com\/product\/yoast-seo-wordpress\/ -->\n<title>Podium Aludeck light 1x0,5m - UC Rent e-pood<\/title>\n<meta name=\"robots\" content=\"index, follow, max-snippet:-1, max-image-preview:large, max-video-preview:-1\" \/>\n<link rel=\"canonical\" href=\"https:\/\/shop.ucrent.ee\/fi\/toode\/podium-aludeck-light-1x05m\" \/>\n<meta property=\"og:locale\" content=\"fi_FI\" \/>\n<meta property=\"og:type\" content=\"article\" \/>\n<meta property=\"og:title\" content=\"Podium Aludeck light 1x0,5m - UC Rent e-pood\" \/>\n<meta property=\"og:description\" content=\"Moduulipodium on helpompi ja nopeampi ratkaisu, jos haluat tehd\u00e4 matalia vaiheita, alustoja, muotin\u00e4yttelij\u00f6it\u00e4 jalkak\u00e4yt\u00e4vi\u00e4 jne. Podiumilla on vankka rakenne, lavan yl\u00e4osa on valmistettu vedenpit\u00e4v\u00e4st\u00e4 vanerista, peitetty tummalla liukastumisenestokerroksella, miik\u00e4 mahdollistaa lavan k\u00e4yt\u00f6n my\u00f6s ulkona. Suurin kuorma 750kg \/ m\u00b2. Mitat: 1,0 x 0,5m Paino: 12,15kg Jalat tule osta erikseen.\" \/>\n<meta property=\"og:url\" content=\"https:\/\/shop.ucrent.ee\/fi\/toode\/podium-aludeck-light-1x05m\" \/>\n<meta property=\"og:site_name\" content=\"UC Rent e-pood\" \/>\n<meta property=\"article:modified_time\" content=\"2026-04-21T10:22:29+00:00\" \/>\n<meta property=\"og:image\" content=\"https:\/\/shop.ucrent.ee\/wp-content\/uploads\/2019\/11\/Lavapoodium3.jpg\" \/>\n\t<meta property=\"og:image:width\" content=\"800\" \/>\n\t<meta property=\"og:image:height\" content=\"800\" \/>\n\t<meta property=\"og:image:type\" content=\"image\/jpeg\" \/>\n<meta name=\"twitter:card\" content=\"summary_large_image\" \/>\n<script type=\"application\/ld+json\" class=\"yoast-schema-graph\">{\"@context\":\"https:\/\/schema.org\",\"@graph\":[{\"@type\":\"WebPage\",\"@id\":\"https:\/\/shop.ucrent.ee\/fi\/toode\/podium-aludeck-light-1x05m\",\"url\":\"https:\/\/shop.ucrent.ee\/fi\/toode\/podium-aludeck-light-1x05m\",\"name\":\"Podium Aludeck light 1x0,5m - UC Rent e-pood\",\"isPartOf\":{\"@id\":\"https:\/\/shop.ucrent.ee\/#website\"},\"primaryImageOfPage\":{\"@id\":\"https:\/\/shop.ucrent.ee\/fi\/toode\/podium-aludeck-light-1x05m#primaryimage\"},\"image\":{\"@id\":\"https:\/\/shop.ucrent.ee\/fi\/toode\/podium-aludeck-light-1x05m#primaryimage\"},\"thumbnailUrl\":\"https:\/\/shop.ucrent.ee\/wp-content\/uploads\/2019\/11\/Lavapoodium3.jpg\",\"datePublished\":\"2022-02-10T14:20:50+00:00\",\"dateModified\":\"2026-04-21T10:22:29+00:00\",\"breadcrumb\":{\"@id\":\"https:\/\/shop.ucrent.ee\/fi\/toode\/podium-aludeck-light-1x05m#breadcrumb\"},\"inLanguage\":\"fi\",\"potentialAction\":[{\"@type\":\"ReadAction\",\"target\":[\"https:\/\/shop.ucrent.ee\/fi\/toode\/podium-aludeck-light-1x05m\"]}]},{\"@type\":\"ImageObject\",\"inLanguage\":\"fi\",\"@id\":\"https:\/\/shop.ucrent.ee\/fi\/toode\/podium-aludeck-light-1x05m#primaryimage\",\"url\":\"https:\/\/shop.ucrent.ee\/wp-content\/uploads\/2019\/11\/Lavapoodium3.jpg\",\"contentUrl\":\"https:\/\/shop.ucrent.ee\/wp-content\/uploads\/2019\/11\/Lavapoodium3.jpg\",\"width\":800,\"height\":800},{\"@type\":\"BreadcrumbList\",\"@id\":\"https:\/\/shop.ucrent.ee\/fi\/toode\/podium-aludeck-light-1x05m#breadcrumb\",\"itemListElement\":[{\"@type\":\"ListItem\",\"position\":1,\"name\":\"Home\",\"item\":\"https:\/\/shop.ucrent.ee\/fi\"},{\"@type\":\"ListItem\",\"position\":2,\"name\":\"K\u00f5ik tooted\",\"item\":\"https:\/\/shop.ucrent.ee\/tooted\"},{\"@type\":\"ListItem\",\"position\":3,\"name\":\"Podium Aludeck light 1&#215;0,5m\"}]},{\"@type\":\"WebSite\",\"@id\":\"https:\/\/shop.ucrent.ee\/#website\",\"url\":\"https:\/\/shop.ucrent.ee\/\",\"name\":\"UC Rent e-pood\",\"description\":\"\",\"potentialAction\":[{\"@type\":\"SearchAction\",\"target\":{\"@type\":\"EntryPoint\",\"urlTemplate\":\"https:\/\/shop.ucrent.ee\/?s={search_term_string}\"},\"query-input\":{\"@type\":\"PropertyValueSpecification\",\"valueRequired\":true,\"valueName\":\"search_term_string\"}}],\"inLanguage\":\"fi\"}]}<\/script>\n<!-- \/ Yoast SEO plugin. -->","yoast_head_json":{"title":"Podium Aludeck light 1x0,5m - UC Rent e-pood","robots":{"index":"index","follow":"follow","max-snippet":"max-snippet:-1","max-image-preview":"max-image-preview:large","max-video-preview":"max-video-preview:-1"},"canonical":"https:\/\/shop.ucrent.ee\/fi\/toode\/podium-aludeck-light-1x05m","og_locale":"fi_FI","og_type":"article","og_title":"Podium Aludeck light 1x0,5m - UC Rent e-pood","og_description":"Moduulipodium on helpompi ja nopeampi ratkaisu, jos haluat tehd\u00e4 matalia vaiheita, alustoja, muotin\u00e4yttelij\u00f6it\u00e4 jalkak\u00e4yt\u00e4vi\u00e4 jne. Podiumilla on vankka rakenne, lavan yl\u00e4osa on valmistettu vedenpit\u00e4v\u00e4st\u00e4 vanerista, peitetty tummalla liukastumisenestokerroksella, miik\u00e4 mahdollistaa lavan k\u00e4yt\u00f6n my\u00f6s ulkona. Suurin kuorma 750kg \/ m\u00b2. Mitat: 1,0 x 0,5m Paino: 12,15kg Jalat tule osta erikseen.","og_url":"https:\/\/shop.ucrent.ee\/fi\/toode\/podium-aludeck-light-1x05m","og_site_name":"UC Rent e-pood","article_modified_time":"2026-04-21T10:22:29+00:00","og_image":[{"width":800,"height":800,"url":"https:\/\/shop.ucrent.ee\/wp-content\/uploads\/2019\/11\/Lavapoodium3.jpg","type":"image\/jpeg"}],"twitter_card":"summary_large_image","schema":{"@context":"https:\/\/schema.org","@graph":[{"@type":"WebPage","@id":"https:\/\/shop.ucrent.ee\/fi\/toode\/podium-aludeck-light-1x05m","url":"https:\/\/shop.ucrent.ee\/fi\/toode\/podium-aludeck-light-1x05m","name":"Podium Aludeck light 1x0,5m - UC Rent e-pood","isPartOf":{"@id":"https:\/\/shop.ucrent.ee\/#website"},"primaryImageOfPage":{"@id":"https:\/\/shop.ucrent.ee\/fi\/toode\/podium-aludeck-light-1x05m#primaryimage"},"image":{"@id":"https:\/\/shop.ucrent.ee\/fi\/toode\/podium-aludeck-light-1x05m#primaryimage"},"thumbnailUrl":"https:\/\/shop.ucrent.ee\/wp-content\/uploads\/2019\/11\/Lavapoodium3.jpg","datePublished":"2022-02-10T14:20:50+00:00","dateModified":"2026-04-21T10:22:29+00:00","breadcrumb":{"@id":"https:\/\/shop.ucrent.ee\/fi\/toode\/podium-aludeck-light-1x05m#breadcrumb"},"inLanguage":"fi","potentialAction":[{"@type":"ReadAction","target":["https:\/\/shop.ucrent.ee\/fi\/toode\/podium-aludeck-light-1x05m"]}]},{"@type":"ImageObject","inLanguage":"fi","@id":"https:\/\/shop.ucrent.ee\/fi\/toode\/podium-aludeck-light-1x05m#primaryimage","url":"https:\/\/shop.ucrent.ee\/wp-content\/uploads\/2019\/11\/Lavapoodium3.jpg","contentUrl":"https:\/\/shop.ucrent.ee\/wp-content\/uploads\/2019\/11\/Lavapoodium3.jpg","width":800,"height":800},{"@type":"BreadcrumbList","@id":"https:\/\/shop.ucrent.ee\/fi\/toode\/podium-aludeck-light-1x05m#breadcrumb","itemListElement":[{"@type":"ListItem","position":1,"name":"Home","item":"https:\/\/shop.ucrent.ee\/fi"},{"@type":"ListItem","position":2,"name":"K\u00f5ik tooted","item":"https:\/\/shop.ucrent.ee\/tooted"},{"@type":"ListItem","position":3,"name":"Podium Aludeck light 1&#215;0,5m"}]},{"@type":"WebSite","@id":"https:\/\/shop.ucrent.ee\/#website","url":"https:\/\/shop.ucrent.ee\/","name":"UC Rent e-pood","description":"","potentialAction":[{"@type":"SearchAction","target":{"@type":"EntryPoint","urlTemplate":"https:\/\/shop.ucrent.ee\/?s={search_term_string}"},"query-input":{"@type":"PropertyValueSpecification","valueRequired":true,"valueName":"search_term_string"}}],"inLanguage":"fi"}]}},"_links":{"self":[{"href":"https:\/\/shop.ucrent.ee\/fi\/wp-json\/wp\/v2\/product\/617321","targetHints":{"allow":["GET"]}}],"collection":[{"href":"https:\/\/shop.ucrent.ee\/fi\/wp-json\/wp\/v2\/product"}],"about":[{"href":"https:\/\/shop.ucrent.ee\/fi\/wp-json\/wp\/v2\/types\/product"}],"wp:featuredmedia":[{"embeddable":true,"href":"https:\/\/shop.ucrent.ee\/fi\/wp-json\/wp\/v2\/media\/4236"}],"wp:attachment":[{"href":"https:\/\/shop.ucrent.ee\/fi\/wp-json\/wp\/v2\/media?parent=617321"}],"wp:term":[{"taxonomy":"product_brand","embeddable":true,"href":"https:\/\/shop.ucrent.ee\/fi\/wp-json\/wp\/v2\/product_brand?post=617321"},{"taxonomy":"product_cat","embeddable":true,"href":"https:\/\/shop.ucrent.ee\/fi\/wp-json\/wp\/v2\/product_cat?post=617321"},{"taxonomy":"product_tag","embeddable":true,"href":"https:\/\/shop.ucrent.ee\/fi\/wp-json\/wp\/v2\/product_tag?post=617321"}],"curies":[{"name":"wp","href":"https:\/\/api.w.org\/{rel}","templated":true}]}}