{"id":617570,"date":"2022-04-28T16:03:32","date_gmt":"2022-04-28T13:03:32","guid":{"rendered":"https:\/\/shop.ucrent.ee\/toode\/terasbarrikadit-109x1225m"},"modified":"2026-04-20T18:19:20","modified_gmt":"2026-04-20T15:19:20","slug":"terasbarrikadit-109x1225m","status":"publish","type":"product","link":"https:\/\/shop.ucrent.ee\/fi\/toode\/terasbarrikadit-109x1225m","title":{"rendered":"Ter\u00e4sbarrikadit 1,09&#215;1,225m"},"content":{"rendered":"<p>K\u00e4ytetyt ter\u00e4sbarrikadit, jotka tarjoavat korkeimman suojan tapahtumiisi tai konsertteihisi.<br \/>\nVoimme tarjota suoria moduuleja, sis\u00e4- ja ulkokulmia sek\u00e4 kontteja, jotka sopivat materiaalien kuljetukseen ja varastointiin.<br \/>\n-Barrikade suora 1,09&#215;1,225m<br \/>\n-Barrikadin sis\u00e4kulma 1,09&#215;1,225m<br \/>\n-Barrikadin ulkokulma 1,09&#215;1,225m<br \/>\n-Barrikadikontti (14 ne) 1,20&#215;1,40m<br \/>\n-Barrikadikontti matala (10 ne) 1,20&#215;1,40m<br \/>\nL\u00e4het\u00e4n kyselyn, teemme tarjouksen.<br \/>\nKuvat ovat havainnollistavia.<\/p>\n","protected":false},"excerpt":{"rendered":"K\u00e4ytetyt ter\u00e4sbarrikadit, jotka tarjoavat korkeimman suojan tapahtumiisi tai konsertteihisi. Voimme tarjota suoria moduuleja, sis\u00e4- ja ulkokulmia sek\u00e4 kontteja, jotka sopivat materiaalien kuljetukseen ja varastointiin. -Barrikade suora 1,09&#215;1,225m -Barrikadin sis\u00e4kulma 1,09&#215;1,225m -Barrikadin ulkokulma 1,09&#215;1,225m -Barrikadikontti (14 ne) 1,20&#215;1,40m -Barrikadikontti matala (10 ne) 1,20&#215;1,40m L\u00e4het\u00e4n kyselyn, teemme tarjouksen. Kuvat ovat havainnollistavia.","protected":false},"featured_media":617564,"template":"","meta":{"_acf_changed":false},"product_brand":[],"product_cat":[652],"product_tag":[],"class_list":{"0":"post-617570","1":"product","2":"type-product","3":"status-publish","4":"has-post-thumbnail","6":"product_cat-kasutatud_aiad_ja_tarvikud_fi","8":"first","9":"instock","10":"sale","11":"taxable","12":"shipping-taxable","13":"purchasable","14":"product-type-simple"},"acf":[],"yoast_head":"<!-- This site is optimized with the Yoast SEO plugin v27.0 - https:\/\/yoast.com\/product\/yoast-seo-wordpress\/ -->\n<title>Ter\u00e4sbarrikadit 1,09x1,225m - UC Rent e-pood<\/title>\n<meta name=\"robots\" content=\"index, follow, max-snippet:-1, max-image-preview:large, max-video-preview:-1\" \/>\n<link rel=\"canonical\" href=\"https:\/\/shop.ucrent.ee\/fi\/toode\/terasbarrikadit-109x1225m\" \/>\n<meta property=\"og:locale\" content=\"fi_FI\" \/>\n<meta property=\"og:type\" content=\"article\" \/>\n<meta property=\"og:title\" content=\"Ter\u00e4sbarrikadit 1,09x1,225m - UC Rent e-pood\" \/>\n<meta property=\"og:description\" content=\"K\u00e4ytetyt ter\u00e4sbarrikadit, jotka tarjoavat korkeimman suojan tapahtumiisi tai konsertteihisi. Voimme tarjota suoria moduuleja, sis\u00e4- ja ulkokulmia sek\u00e4 kontteja, jotka sopivat materiaalien kuljetukseen ja varastointiin. -Barrikade suora 1,09&#215;1,225m -Barrikadin sis\u00e4kulma 1,09&#215;1,225m -Barrikadin ulkokulma 1,09&#215;1,225m -Barrikadikontti (14 ne) 1,20&#215;1,40m -Barrikadikontti matala (10 ne) 1,20&#215;1,40m L\u00e4het\u00e4n kyselyn, teemme tarjouksen. Kuvat ovat havainnollistavia.\" \/>\n<meta property=\"og:url\" content=\"https:\/\/shop.ucrent.ee\/fi\/toode\/terasbarrikadit-109x1225m\" \/>\n<meta property=\"og:site_name\" content=\"UC Rent e-pood\" \/>\n<meta property=\"article:modified_time\" content=\"2026-04-20T15:19:20+00:00\" \/>\n<meta property=\"og:image\" content=\"https:\/\/shop.ucrent.ee\/wp-content\/uploads\/2022\/04\/Teras-barrikaad.png\" \/>\n\t<meta property=\"og:image:width\" content=\"818\" \/>\n\t<meta property=\"og:image:height\" content=\"775\" \/>\n\t<meta property=\"og:image:type\" content=\"image\/png\" \/>\n<meta name=\"twitter:card\" content=\"summary_large_image\" \/>\n<script type=\"application\/ld+json\" class=\"yoast-schema-graph\">{\"@context\":\"https:\/\/schema.org\",\"@graph\":[{\"@type\":\"WebPage\",\"@id\":\"https:\/\/shop.ucrent.ee\/fi\/toode\/terasbarrikadit-109x1225m\",\"url\":\"https:\/\/shop.ucrent.ee\/fi\/toode\/terasbarrikadit-109x1225m\",\"name\":\"Ter\u00e4sbarrikadit 1,09x1,225m - UC Rent e-pood\",\"isPartOf\":{\"@id\":\"https:\/\/shop.ucrent.ee\/#website\"},\"primaryImageOfPage\":{\"@id\":\"https:\/\/shop.ucrent.ee\/fi\/toode\/terasbarrikadit-109x1225m#primaryimage\"},\"image\":{\"@id\":\"https:\/\/shop.ucrent.ee\/fi\/toode\/terasbarrikadit-109x1225m#primaryimage\"},\"thumbnailUrl\":\"https:\/\/shop.ucrent.ee\/wp-content\/uploads\/2022\/04\/Teras-barrikaad.png\",\"datePublished\":\"2022-04-28T13:03:32+00:00\",\"dateModified\":\"2026-04-20T15:19:20+00:00\",\"breadcrumb\":{\"@id\":\"https:\/\/shop.ucrent.ee\/fi\/toode\/terasbarrikadit-109x1225m#breadcrumb\"},\"inLanguage\":\"fi\",\"potentialAction\":[{\"@type\":\"ReadAction\",\"target\":[\"https:\/\/shop.ucrent.ee\/fi\/toode\/terasbarrikadit-109x1225m\"]}]},{\"@type\":\"ImageObject\",\"inLanguage\":\"fi\",\"@id\":\"https:\/\/shop.ucrent.ee\/fi\/toode\/terasbarrikadit-109x1225m#primaryimage\",\"url\":\"https:\/\/shop.ucrent.ee\/wp-content\/uploads\/2022\/04\/Teras-barrikaad.png\",\"contentUrl\":\"https:\/\/shop.ucrent.ee\/wp-content\/uploads\/2022\/04\/Teras-barrikaad.png\",\"width\":818,\"height\":775},{\"@type\":\"BreadcrumbList\",\"@id\":\"https:\/\/shop.ucrent.ee\/fi\/toode\/terasbarrikadit-109x1225m#breadcrumb\",\"itemListElement\":[{\"@type\":\"ListItem\",\"position\":1,\"name\":\"Home\",\"item\":\"https:\/\/shop.ucrent.ee\/fi\"},{\"@type\":\"ListItem\",\"position\":2,\"name\":\"K\u00f5ik tooted\",\"item\":\"https:\/\/shop.ucrent.ee\/tooted\"},{\"@type\":\"ListItem\",\"position\":3,\"name\":\"Ter\u00e4sbarrikadit 1,09&#215;1,225m\"}]},{\"@type\":\"WebSite\",\"@id\":\"https:\/\/shop.ucrent.ee\/#website\",\"url\":\"https:\/\/shop.ucrent.ee\/\",\"name\":\"UC Rent e-pood\",\"description\":\"\",\"potentialAction\":[{\"@type\":\"SearchAction\",\"target\":{\"@type\":\"EntryPoint\",\"urlTemplate\":\"https:\/\/shop.ucrent.ee\/?s={search_term_string}\"},\"query-input\":{\"@type\":\"PropertyValueSpecification\",\"valueRequired\":true,\"valueName\":\"search_term_string\"}}],\"inLanguage\":\"fi\"}]}<\/script>\n<!-- \/ Yoast SEO plugin. -->","yoast_head_json":{"title":"Ter\u00e4sbarrikadit 1,09x1,225m - UC Rent e-pood","robots":{"index":"index","follow":"follow","max-snippet":"max-snippet:-1","max-image-preview":"max-image-preview:large","max-video-preview":"max-video-preview:-1"},"canonical":"https:\/\/shop.ucrent.ee\/fi\/toode\/terasbarrikadit-109x1225m","og_locale":"fi_FI","og_type":"article","og_title":"Ter\u00e4sbarrikadit 1,09x1,225m - UC Rent e-pood","og_description":"K\u00e4ytetyt ter\u00e4sbarrikadit, jotka tarjoavat korkeimman suojan tapahtumiisi tai konsertteihisi. Voimme tarjota suoria moduuleja, sis\u00e4- ja ulkokulmia sek\u00e4 kontteja, jotka sopivat materiaalien kuljetukseen ja varastointiin. -Barrikade suora 1,09&#215;1,225m -Barrikadin sis\u00e4kulma 1,09&#215;1,225m -Barrikadin ulkokulma 1,09&#215;1,225m -Barrikadikontti (14 ne) 1,20&#215;1,40m -Barrikadikontti matala (10 ne) 1,20&#215;1,40m L\u00e4het\u00e4n kyselyn, teemme tarjouksen. Kuvat ovat havainnollistavia.","og_url":"https:\/\/shop.ucrent.ee\/fi\/toode\/terasbarrikadit-109x1225m","og_site_name":"UC Rent e-pood","article_modified_time":"2026-04-20T15:19:20+00:00","og_image":[{"width":818,"height":775,"url":"https:\/\/shop.ucrent.ee\/wp-content\/uploads\/2022\/04\/Teras-barrikaad.png","type":"image\/png"}],"twitter_card":"summary_large_image","schema":{"@context":"https:\/\/schema.org","@graph":[{"@type":"WebPage","@id":"https:\/\/shop.ucrent.ee\/fi\/toode\/terasbarrikadit-109x1225m","url":"https:\/\/shop.ucrent.ee\/fi\/toode\/terasbarrikadit-109x1225m","name":"Ter\u00e4sbarrikadit 1,09x1,225m - UC Rent e-pood","isPartOf":{"@id":"https:\/\/shop.ucrent.ee\/#website"},"primaryImageOfPage":{"@id":"https:\/\/shop.ucrent.ee\/fi\/toode\/terasbarrikadit-109x1225m#primaryimage"},"image":{"@id":"https:\/\/shop.ucrent.ee\/fi\/toode\/terasbarrikadit-109x1225m#primaryimage"},"thumbnailUrl":"https:\/\/shop.ucrent.ee\/wp-content\/uploads\/2022\/04\/Teras-barrikaad.png","datePublished":"2022-04-28T13:03:32+00:00","dateModified":"2026-04-20T15:19:20+00:00","breadcrumb":{"@id":"https:\/\/shop.ucrent.ee\/fi\/toode\/terasbarrikadit-109x1225m#breadcrumb"},"inLanguage":"fi","potentialAction":[{"@type":"ReadAction","target":["https:\/\/shop.ucrent.ee\/fi\/toode\/terasbarrikadit-109x1225m"]}]},{"@type":"ImageObject","inLanguage":"fi","@id":"https:\/\/shop.ucrent.ee\/fi\/toode\/terasbarrikadit-109x1225m#primaryimage","url":"https:\/\/shop.ucrent.ee\/wp-content\/uploads\/2022\/04\/Teras-barrikaad.png","contentUrl":"https:\/\/shop.ucrent.ee\/wp-content\/uploads\/2022\/04\/Teras-barrikaad.png","width":818,"height":775},{"@type":"BreadcrumbList","@id":"https:\/\/shop.ucrent.ee\/fi\/toode\/terasbarrikadit-109x1225m#breadcrumb","itemListElement":[{"@type":"ListItem","position":1,"name":"Home","item":"https:\/\/shop.ucrent.ee\/fi"},{"@type":"ListItem","position":2,"name":"K\u00f5ik tooted","item":"https:\/\/shop.ucrent.ee\/tooted"},{"@type":"ListItem","position":3,"name":"Ter\u00e4sbarrikadit 1,09&#215;1,225m"}]},{"@type":"WebSite","@id":"https:\/\/shop.ucrent.ee\/#website","url":"https:\/\/shop.ucrent.ee\/","name":"UC Rent e-pood","description":"","potentialAction":[{"@type":"SearchAction","target":{"@type":"EntryPoint","urlTemplate":"https:\/\/shop.ucrent.ee\/?s={search_term_string}"},"query-input":{"@type":"PropertyValueSpecification","valueRequired":true,"valueName":"search_term_string"}}],"inLanguage":"fi"}]}},"_links":{"self":[{"href":"https:\/\/shop.ucrent.ee\/fi\/wp-json\/wp\/v2\/product\/617570","targetHints":{"allow":["GET"]}}],"collection":[{"href":"https:\/\/shop.ucrent.ee\/fi\/wp-json\/wp\/v2\/product"}],"about":[{"href":"https:\/\/shop.ucrent.ee\/fi\/wp-json\/wp\/v2\/types\/product"}],"wp:featuredmedia":[{"embeddable":true,"href":"https:\/\/shop.ucrent.ee\/fi\/wp-json\/wp\/v2\/media\/617564"}],"wp:attachment":[{"href":"https:\/\/shop.ucrent.ee\/fi\/wp-json\/wp\/v2\/media?parent=617570"}],"wp:term":[{"taxonomy":"product_brand","embeddable":true,"href":"https:\/\/shop.ucrent.ee\/fi\/wp-json\/wp\/v2\/product_brand?post=617570"},{"taxonomy":"product_cat","embeddable":true,"href":"https:\/\/shop.ucrent.ee\/fi\/wp-json\/wp\/v2\/product_cat?post=617570"},{"taxonomy":"product_tag","embeddable":true,"href":"https:\/\/shop.ucrent.ee\/fi\/wp-json\/wp\/v2\/product_tag?post=617570"}],"curies":[{"name":"wp","href":"https:\/\/api.w.org\/{rel}","templated":true}]}}