{"id":617747,"date":"2022-06-17T10:03:25","date_gmt":"2022-06-17T07:03:25","guid":{"rendered":"https:\/\/shop.ucrent.ee\/toode\/maansuojamatot-2400-x-1200mm-x-18mm-kantavuus-50t-keskimmainen"},"modified":"2026-04-21T13:19:14","modified_gmt":"2026-04-21T10:19:14","slug":"maansuojamatot-2400-x-1200mm-x-18mm-kantavuus-50t-keskimmainen","status":"publish","type":"product","link":"https:\/\/shop.ucrent.ee\/fi\/toode\/maansuojamatot-2400-x-1200mm-x-18mm-kantavuus-50t-keskimmainen","title":{"rendered":"Maansuojamatot 2400 x 1200mm x 15mm, kantavuus 50T (keskimm\u00e4inen)"},"content":{"rendered":"<p>Maansuojamatot on tarkoitettu ensisijaisesti tilap\u00e4isten teiden ja aukioiden rakentamiseen, erinomainen ratkaisu tilap\u00e4iseen maansuojeluun.<br \/>\nPituus 2400mm<br \/>\nLeveys 1200mm<br \/>\nKorkeus 15mm<br \/>\nPaino 43kg<br \/>\nKantavuus 50 tonnia<\/p>\n","protected":false},"excerpt":{"rendered":"Maansuojamatot on tarkoitettu ensisijaisesti tilap\u00e4isten teiden ja aukioiden rakentamiseen, erinomainen ratkaisu tilap\u00e4iseen maansuojeluun. Pituus 2400mm Leveys 1200mm Korkeus 15mm Paino 43kg Kantavuus 50 tonnia","protected":false},"featured_media":619371,"template":"","meta":{"_acf_changed":false},"product_brand":[],"product_cat":[790],"product_tag":[],"class_list":{"0":"post-617747","1":"product","2":"type-product","3":"status-publish","4":"has-post-thumbnail","6":"product_cat-pinnasekaitsematid_fi","8":"first","9":"instock","10":"sale","11":"taxable","12":"shipping-taxable","13":"purchasable","14":"product-type-simple"},"acf":[],"yoast_head":"<!-- This site is optimized with the Yoast SEO plugin v27.0 - https:\/\/yoast.com\/product\/yoast-seo-wordpress\/ -->\n<title>Maansuojamatot 2400 x 1200mm x 15mm, kantavuus 50T (keskimm\u00e4inen) - UC Rent e-pood<\/title>\n<meta name=\"robots\" content=\"index, follow, max-snippet:-1, max-image-preview:large, max-video-preview:-1\" \/>\n<link rel=\"canonical\" href=\"https:\/\/shop.ucrent.ee\/fi\/toode\/maansuojamatot-2400-x-1200mm-x-18mm-kantavuus-50t-keskimmainen\" \/>\n<meta property=\"og:locale\" content=\"fi_FI\" \/>\n<meta property=\"og:type\" content=\"article\" \/>\n<meta property=\"og:title\" content=\"Maansuojamatot 2400 x 1200mm x 15mm, kantavuus 50T (keskimm\u00e4inen) - UC Rent e-pood\" \/>\n<meta property=\"og:description\" content=\"Maansuojamatot on tarkoitettu ensisijaisesti tilap\u00e4isten teiden ja aukioiden rakentamiseen, erinomainen ratkaisu tilap\u00e4iseen maansuojeluun. Pituus 2400mm Leveys 1200mm Korkeus 15mm Paino 43kg Kantavuus 50 tonnia\" \/>\n<meta property=\"og:url\" content=\"https:\/\/shop.ucrent.ee\/fi\/toode\/maansuojamatot-2400-x-1200mm-x-18mm-kantavuus-50t-keskimmainen\" \/>\n<meta property=\"og:site_name\" content=\"UC Rent e-pood\" \/>\n<meta property=\"article:modified_time\" content=\"2026-04-21T10:19:14+00:00\" \/>\n<meta property=\"og:image\" content=\"https:\/\/shop.ucrent.ee\/wp-content\/uploads\/2023\/04\/50T_pinnasematid-2-poolne-2.jpeg\" \/>\n\t<meta property=\"og:image:width\" content=\"1000\" \/>\n\t<meta property=\"og:image:height\" content=\"1000\" \/>\n\t<meta property=\"og:image:type\" content=\"image\/jpeg\" \/>\n<meta name=\"twitter:card\" content=\"summary_large_image\" \/>\n<script type=\"application\/ld+json\" class=\"yoast-schema-graph\">{\"@context\":\"https:\/\/schema.org\",\"@graph\":[{\"@type\":\"WebPage\",\"@id\":\"https:\/\/shop.ucrent.ee\/fi\/toode\/maansuojamatot-2400-x-1200mm-x-18mm-kantavuus-50t-keskimmainen\",\"url\":\"https:\/\/shop.ucrent.ee\/fi\/toode\/maansuojamatot-2400-x-1200mm-x-18mm-kantavuus-50t-keskimmainen\",\"name\":\"Maansuojamatot 2400 x 1200mm x 15mm, kantavuus 50T (keskimm\u00e4inen) - UC Rent e-pood\",\"isPartOf\":{\"@id\":\"https:\/\/shop.ucrent.ee\/#website\"},\"primaryImageOfPage\":{\"@id\":\"https:\/\/shop.ucrent.ee\/fi\/toode\/maansuojamatot-2400-x-1200mm-x-18mm-kantavuus-50t-keskimmainen#primaryimage\"},\"image\":{\"@id\":\"https:\/\/shop.ucrent.ee\/fi\/toode\/maansuojamatot-2400-x-1200mm-x-18mm-kantavuus-50t-keskimmainen#primaryimage\"},\"thumbnailUrl\":\"https:\/\/shop.ucrent.ee\/wp-content\/uploads\/2023\/04\/50T_pinnasematid-2-poolne-2.jpeg\",\"datePublished\":\"2022-06-17T07:03:25+00:00\",\"dateModified\":\"2026-04-21T10:19:14+00:00\",\"breadcrumb\":{\"@id\":\"https:\/\/shop.ucrent.ee\/fi\/toode\/maansuojamatot-2400-x-1200mm-x-18mm-kantavuus-50t-keskimmainen#breadcrumb\"},\"inLanguage\":\"fi\",\"potentialAction\":[{\"@type\":\"ReadAction\",\"target\":[\"https:\/\/shop.ucrent.ee\/fi\/toode\/maansuojamatot-2400-x-1200mm-x-18mm-kantavuus-50t-keskimmainen\"]}]},{\"@type\":\"ImageObject\",\"inLanguage\":\"fi\",\"@id\":\"https:\/\/shop.ucrent.ee\/fi\/toode\/maansuojamatot-2400-x-1200mm-x-18mm-kantavuus-50t-keskimmainen#primaryimage\",\"url\":\"https:\/\/shop.ucrent.ee\/wp-content\/uploads\/2023\/04\/50T_pinnasematid-2-poolne-2.jpeg\",\"contentUrl\":\"https:\/\/shop.ucrent.ee\/wp-content\/uploads\/2023\/04\/50T_pinnasematid-2-poolne-2.jpeg\",\"width\":1000,\"height\":1000},{\"@type\":\"BreadcrumbList\",\"@id\":\"https:\/\/shop.ucrent.ee\/fi\/toode\/maansuojamatot-2400-x-1200mm-x-18mm-kantavuus-50t-keskimmainen#breadcrumb\",\"itemListElement\":[{\"@type\":\"ListItem\",\"position\":1,\"name\":\"Home\",\"item\":\"https:\/\/shop.ucrent.ee\/fi\"},{\"@type\":\"ListItem\",\"position\":2,\"name\":\"K\u00f5ik tooted\",\"item\":\"https:\/\/shop.ucrent.ee\/tooted\"},{\"@type\":\"ListItem\",\"position\":3,\"name\":\"Maansuojamatot 2400 x 1200mm x 15mm, kantavuus 50T (keskimm\u00e4inen)\"}]},{\"@type\":\"WebSite\",\"@id\":\"https:\/\/shop.ucrent.ee\/#website\",\"url\":\"https:\/\/shop.ucrent.ee\/\",\"name\":\"UC Rent e-pood\",\"description\":\"\",\"potentialAction\":[{\"@type\":\"SearchAction\",\"target\":{\"@type\":\"EntryPoint\",\"urlTemplate\":\"https:\/\/shop.ucrent.ee\/?s={search_term_string}\"},\"query-input\":{\"@type\":\"PropertyValueSpecification\",\"valueRequired\":true,\"valueName\":\"search_term_string\"}}],\"inLanguage\":\"fi\"}]}<\/script>\n<!-- \/ Yoast SEO plugin. -->","yoast_head_json":{"title":"Maansuojamatot 2400 x 1200mm x 15mm, kantavuus 50T (keskimm\u00e4inen) - UC Rent e-pood","robots":{"index":"index","follow":"follow","max-snippet":"max-snippet:-1","max-image-preview":"max-image-preview:large","max-video-preview":"max-video-preview:-1"},"canonical":"https:\/\/shop.ucrent.ee\/fi\/toode\/maansuojamatot-2400-x-1200mm-x-18mm-kantavuus-50t-keskimmainen","og_locale":"fi_FI","og_type":"article","og_title":"Maansuojamatot 2400 x 1200mm x 15mm, kantavuus 50T (keskimm\u00e4inen) - UC Rent e-pood","og_description":"Maansuojamatot on tarkoitettu ensisijaisesti tilap\u00e4isten teiden ja aukioiden rakentamiseen, erinomainen ratkaisu tilap\u00e4iseen maansuojeluun. Pituus 2400mm Leveys 1200mm Korkeus 15mm Paino 43kg Kantavuus 50 tonnia","og_url":"https:\/\/shop.ucrent.ee\/fi\/toode\/maansuojamatot-2400-x-1200mm-x-18mm-kantavuus-50t-keskimmainen","og_site_name":"UC Rent e-pood","article_modified_time":"2026-04-21T10:19:14+00:00","og_image":[{"width":1000,"height":1000,"url":"https:\/\/shop.ucrent.ee\/wp-content\/uploads\/2023\/04\/50T_pinnasematid-2-poolne-2.jpeg","type":"image\/jpeg"}],"twitter_card":"summary_large_image","schema":{"@context":"https:\/\/schema.org","@graph":[{"@type":"WebPage","@id":"https:\/\/shop.ucrent.ee\/fi\/toode\/maansuojamatot-2400-x-1200mm-x-18mm-kantavuus-50t-keskimmainen","url":"https:\/\/shop.ucrent.ee\/fi\/toode\/maansuojamatot-2400-x-1200mm-x-18mm-kantavuus-50t-keskimmainen","name":"Maansuojamatot 2400 x 1200mm x 15mm, kantavuus 50T (keskimm\u00e4inen) - UC Rent e-pood","isPartOf":{"@id":"https:\/\/shop.ucrent.ee\/#website"},"primaryImageOfPage":{"@id":"https:\/\/shop.ucrent.ee\/fi\/toode\/maansuojamatot-2400-x-1200mm-x-18mm-kantavuus-50t-keskimmainen#primaryimage"},"image":{"@id":"https:\/\/shop.ucrent.ee\/fi\/toode\/maansuojamatot-2400-x-1200mm-x-18mm-kantavuus-50t-keskimmainen#primaryimage"},"thumbnailUrl":"https:\/\/shop.ucrent.ee\/wp-content\/uploads\/2023\/04\/50T_pinnasematid-2-poolne-2.jpeg","datePublished":"2022-06-17T07:03:25+00:00","dateModified":"2026-04-21T10:19:14+00:00","breadcrumb":{"@id":"https:\/\/shop.ucrent.ee\/fi\/toode\/maansuojamatot-2400-x-1200mm-x-18mm-kantavuus-50t-keskimmainen#breadcrumb"},"inLanguage":"fi","potentialAction":[{"@type":"ReadAction","target":["https:\/\/shop.ucrent.ee\/fi\/toode\/maansuojamatot-2400-x-1200mm-x-18mm-kantavuus-50t-keskimmainen"]}]},{"@type":"ImageObject","inLanguage":"fi","@id":"https:\/\/shop.ucrent.ee\/fi\/toode\/maansuojamatot-2400-x-1200mm-x-18mm-kantavuus-50t-keskimmainen#primaryimage","url":"https:\/\/shop.ucrent.ee\/wp-content\/uploads\/2023\/04\/50T_pinnasematid-2-poolne-2.jpeg","contentUrl":"https:\/\/shop.ucrent.ee\/wp-content\/uploads\/2023\/04\/50T_pinnasematid-2-poolne-2.jpeg","width":1000,"height":1000},{"@type":"BreadcrumbList","@id":"https:\/\/shop.ucrent.ee\/fi\/toode\/maansuojamatot-2400-x-1200mm-x-18mm-kantavuus-50t-keskimmainen#breadcrumb","itemListElement":[{"@type":"ListItem","position":1,"name":"Home","item":"https:\/\/shop.ucrent.ee\/fi"},{"@type":"ListItem","position":2,"name":"K\u00f5ik tooted","item":"https:\/\/shop.ucrent.ee\/tooted"},{"@type":"ListItem","position":3,"name":"Maansuojamatot 2400 x 1200mm x 15mm, kantavuus 50T (keskimm\u00e4inen)"}]},{"@type":"WebSite","@id":"https:\/\/shop.ucrent.ee\/#website","url":"https:\/\/shop.ucrent.ee\/","name":"UC Rent e-pood","description":"","potentialAction":[{"@type":"SearchAction","target":{"@type":"EntryPoint","urlTemplate":"https:\/\/shop.ucrent.ee\/?s={search_term_string}"},"query-input":{"@type":"PropertyValueSpecification","valueRequired":true,"valueName":"search_term_string"}}],"inLanguage":"fi"}]}},"_links":{"self":[{"href":"https:\/\/shop.ucrent.ee\/fi\/wp-json\/wp\/v2\/product\/617747","targetHints":{"allow":["GET"]}}],"collection":[{"href":"https:\/\/shop.ucrent.ee\/fi\/wp-json\/wp\/v2\/product"}],"about":[{"href":"https:\/\/shop.ucrent.ee\/fi\/wp-json\/wp\/v2\/types\/product"}],"wp:featuredmedia":[{"embeddable":true,"href":"https:\/\/shop.ucrent.ee\/fi\/wp-json\/wp\/v2\/media\/619371"}],"wp:attachment":[{"href":"https:\/\/shop.ucrent.ee\/fi\/wp-json\/wp\/v2\/media?parent=617747"}],"wp:term":[{"taxonomy":"product_brand","embeddable":true,"href":"https:\/\/shop.ucrent.ee\/fi\/wp-json\/wp\/v2\/product_brand?post=617747"},{"taxonomy":"product_cat","embeddable":true,"href":"https:\/\/shop.ucrent.ee\/fi\/wp-json\/wp\/v2\/product_cat?post=617747"},{"taxonomy":"product_tag","embeddable":true,"href":"https:\/\/shop.ucrent.ee\/fi\/wp-json\/wp\/v2\/product_tag?post=617747"}],"curies":[{"name":"wp","href":"https:\/\/api.w.org\/{rel}","templated":true}]}}