{"id":618439,"date":"2022-11-09T14:02:34","date_gmt":"2022-11-09T12:02:34","guid":{"rendered":"https:\/\/shop.ucrent.ee\/toode\/telttahalli-5x10m-sivukorkeus-27m-vetoketjulliset-porttit-pvc-550g-m2-harmaa"},"modified":"2026-04-20T11:18:43","modified_gmt":"2026-04-20T08:18:43","slug":"telttahalli-5x10m-sivukorkeus-27m-vetoketjulliset-porttit-pvc-550g-m2-harmaa","status":"publish","type":"product","link":"https:\/\/shop.ucrent.ee\/fi\/toode\/telttahalli-5x10m-sivukorkeus-27m-vetoketjulliset-porttit-pvc-550g-m2-harmaa","title":{"rendered":"Telttahalli 5x10m, sivukorkeus 2,6m, vetoketjulliset portti,t PVC 850g \/ m2, harmaa"},"content":{"rendered":"<p>PVC telttahalli.<br \/>\nKoko 5x10m.<br \/>\nSein\u00e4n korkeus 2,6m.<br \/>\nHarjan korkeus on 3,50m.<br \/>\nSis\u00e4\u00e4ntuloovet kaksoislukolla 2 kpl.<br \/>\nPortti 1: leveys 4,1 m x korkeus 2,5 m.<br \/>\nPortti 2: leveys 4,1 m x korkeus 2,5 m.<br \/>\nMateriaali: vahva PVC 850g\/m2.<br \/>\nKatto- ja sivusuojukset ovat yhten\u00e4 kappaleena, mik\u00e4 varmistaa paremman vakauden.<br \/>\n100 % vedenpit\u00e4v\u00e4.<br \/>\nUV-kest\u00e4v\u00e4, suojakerroin 80+.<br \/>\nV\u00e4ri: harmaa.<br \/>\nTer\u00e4sputket \u00d8 70x43mmmm ja putken sein\u00e4m\u00e4n paksuus 1,3mm.<br \/>\nPakkaustiedot: laatikoiden lukum\u00e4\u00e4r\u00e4 16 kpl, kokonaispaino 528 kg.<br \/>\nPVC-halli on tilattavissa koossa 5x8m; 5x10m; 5x12m; 5x16m; 5x20m; 5x24m; 5x30m<br \/>\nPyyd\u00e4 tarjous ja toimitusaika!<\/p>\n","protected":false},"excerpt":{"rendered":"PVC telttahalli. Koko 5x10m. Sein\u00e4n korkeus 2,6m. Harjan korkeus on 3,50m. Sis\u00e4\u00e4ntuloovet kaksoislukolla 2 kpl. Portti 1: leveys 4,1 m x korkeus 2,5 m. Portti 2: leveys 4,1 m x korkeus 2,5 m. Materiaali: vahva PVC 850g\/m2. Katto- ja sivusuojukset ovat yhten\u00e4 kappaleena, mik\u00e4 varmistaa paremman vakauden. 100 % vedenpit\u00e4v\u00e4. UV-kest\u00e4v\u00e4, suojakerroin 80+. V\u00e4ri: harmaa&#8230;. <a class=\"view-article\" href=\"https:\/\/shop.ucrent.ee\/fi\/toode\/telttahalli-5x10m-sivukorkeus-27m-vetoketjulliset-porttit-pvc-550g-m2-harmaa\">View Article<\/a>","protected":false},"featured_media":618440,"template":"","meta":{"_acf_changed":false},"product_brand":[],"product_cat":[802],"product_tag":[],"class_list":{"0":"post-618439","1":"product","2":"type-product","3":"status-publish","4":"has-post-thumbnail","6":"product_cat-kerghallid_fi","8":"first","9":"instock","10":"sale","11":"taxable","12":"shipping-taxable","13":"purchasable","14":"product-type-simple"},"acf":[],"yoast_head":"<!-- This site is optimized with the Yoast SEO plugin v27.0 - https:\/\/yoast.com\/product\/yoast-seo-wordpress\/ -->\n<title>Telttahalli 5x10m, sivukorkeus 2,6m, vetoketjulliset portti,t PVC 850g \/ m2, harmaa - UC Rent e-pood<\/title>\n<meta name=\"robots\" content=\"index, follow, max-snippet:-1, max-image-preview:large, max-video-preview:-1\" \/>\n<link rel=\"canonical\" href=\"https:\/\/shop.ucrent.ee\/fi\/toode\/telttahalli-5x10m-sivukorkeus-27m-vetoketjulliset-porttit-pvc-550g-m2-harmaa\" \/>\n<meta property=\"og:locale\" content=\"fi_FI\" \/>\n<meta property=\"og:type\" content=\"article\" \/>\n<meta property=\"og:title\" content=\"Telttahalli 5x10m, sivukorkeus 2,6m, vetoketjulliset portti,t PVC 850g \/ m2, harmaa - UC Rent e-pood\" \/>\n<meta property=\"og:description\" content=\"PVC telttahalli. Koko 5x10m. Sein\u00e4n korkeus 2,6m. Harjan korkeus on 3,50m. Sis\u00e4\u00e4ntuloovet kaksoislukolla 2 kpl. Portti 1: leveys 4,1 m x korkeus 2,5 m. Portti 2: leveys 4,1 m x korkeus 2,5 m. Materiaali: vahva PVC 850g\/m2. Katto- ja sivusuojukset ovat yhten\u00e4 kappaleena, mik\u00e4 varmistaa paremman vakauden. 100 % vedenpit\u00e4v\u00e4. UV-kest\u00e4v\u00e4, suojakerroin 80+. V\u00e4ri: harmaa.... View Article\" \/>\n<meta property=\"og:url\" content=\"https:\/\/shop.ucrent.ee\/fi\/toode\/telttahalli-5x10m-sivukorkeus-27m-vetoketjulliset-porttit-pvc-550g-m2-harmaa\" \/>\n<meta property=\"og:site_name\" content=\"UC Rent e-pood\" \/>\n<meta property=\"article:modified_time\" content=\"2026-04-20T08:18:43+00:00\" \/>\n<meta property=\"og:image\" content=\"https:\/\/shop.ucrent.ee\/wp-content\/uploads\/2022\/11\/5-x10m-hall.jpg\" \/>\n\t<meta property=\"og:image:width\" content=\"1600\" \/>\n\t<meta property=\"og:image:height\" content=\"1600\" \/>\n\t<meta property=\"og:image:type\" content=\"image\/jpeg\" \/>\n<meta name=\"twitter:card\" content=\"summary_large_image\" \/>\n<script type=\"application\/ld+json\" class=\"yoast-schema-graph\">{\"@context\":\"https:\/\/schema.org\",\"@graph\":[{\"@type\":\"WebPage\",\"@id\":\"https:\/\/shop.ucrent.ee\/fi\/toode\/telttahalli-5x10m-sivukorkeus-27m-vetoketjulliset-porttit-pvc-550g-m2-harmaa\",\"url\":\"https:\/\/shop.ucrent.ee\/fi\/toode\/telttahalli-5x10m-sivukorkeus-27m-vetoketjulliset-porttit-pvc-550g-m2-harmaa\",\"name\":\"Telttahalli 5x10m, sivukorkeus 2,6m, vetoketjulliset portti,t PVC 850g \/ m2, harmaa - UC Rent e-pood\",\"isPartOf\":{\"@id\":\"https:\/\/shop.ucrent.ee\/#website\"},\"primaryImageOfPage\":{\"@id\":\"https:\/\/shop.ucrent.ee\/fi\/toode\/telttahalli-5x10m-sivukorkeus-27m-vetoketjulliset-porttit-pvc-550g-m2-harmaa#primaryimage\"},\"image\":{\"@id\":\"https:\/\/shop.ucrent.ee\/fi\/toode\/telttahalli-5x10m-sivukorkeus-27m-vetoketjulliset-porttit-pvc-550g-m2-harmaa#primaryimage\"},\"thumbnailUrl\":\"https:\/\/shop.ucrent.ee\/wp-content\/uploads\/2022\/11\/5-x10m-hall.jpg\",\"datePublished\":\"2022-11-09T12:02:34+00:00\",\"dateModified\":\"2026-04-20T08:18:43+00:00\",\"breadcrumb\":{\"@id\":\"https:\/\/shop.ucrent.ee\/fi\/toode\/telttahalli-5x10m-sivukorkeus-27m-vetoketjulliset-porttit-pvc-550g-m2-harmaa#breadcrumb\"},\"inLanguage\":\"fi\",\"potentialAction\":[{\"@type\":\"ReadAction\",\"target\":[\"https:\/\/shop.ucrent.ee\/fi\/toode\/telttahalli-5x10m-sivukorkeus-27m-vetoketjulliset-porttit-pvc-550g-m2-harmaa\"]}]},{\"@type\":\"ImageObject\",\"inLanguage\":\"fi\",\"@id\":\"https:\/\/shop.ucrent.ee\/fi\/toode\/telttahalli-5x10m-sivukorkeus-27m-vetoketjulliset-porttit-pvc-550g-m2-harmaa#primaryimage\",\"url\":\"https:\/\/shop.ucrent.ee\/wp-content\/uploads\/2022\/11\/5-x10m-hall.jpg\",\"contentUrl\":\"https:\/\/shop.ucrent.ee\/wp-content\/uploads\/2022\/11\/5-x10m-hall.jpg\",\"width\":1600,\"height\":1600},{\"@type\":\"BreadcrumbList\",\"@id\":\"https:\/\/shop.ucrent.ee\/fi\/toode\/telttahalli-5x10m-sivukorkeus-27m-vetoketjulliset-porttit-pvc-550g-m2-harmaa#breadcrumb\",\"itemListElement\":[{\"@type\":\"ListItem\",\"position\":1,\"name\":\"Home\",\"item\":\"https:\/\/shop.ucrent.ee\/fi\"},{\"@type\":\"ListItem\",\"position\":2,\"name\":\"K\u00f5ik tooted\",\"item\":\"https:\/\/shop.ucrent.ee\/tooted\"},{\"@type\":\"ListItem\",\"position\":3,\"name\":\"Telttahalli 5x10m, sivukorkeus 2,6m, vetoketjulliset portti,t PVC 850g \/ m2, harmaa\"}]},{\"@type\":\"WebSite\",\"@id\":\"https:\/\/shop.ucrent.ee\/#website\",\"url\":\"https:\/\/shop.ucrent.ee\/\",\"name\":\"UC Rent e-pood\",\"description\":\"\",\"potentialAction\":[{\"@type\":\"SearchAction\",\"target\":{\"@type\":\"EntryPoint\",\"urlTemplate\":\"https:\/\/shop.ucrent.ee\/?s={search_term_string}\"},\"query-input\":{\"@type\":\"PropertyValueSpecification\",\"valueRequired\":true,\"valueName\":\"search_term_string\"}}],\"inLanguage\":\"fi\"}]}<\/script>\n<!-- \/ Yoast SEO plugin. -->","yoast_head_json":{"title":"Telttahalli 5x10m, sivukorkeus 2,6m, vetoketjulliset portti,t PVC 850g \/ m2, harmaa - UC Rent e-pood","robots":{"index":"index","follow":"follow","max-snippet":"max-snippet:-1","max-image-preview":"max-image-preview:large","max-video-preview":"max-video-preview:-1"},"canonical":"https:\/\/shop.ucrent.ee\/fi\/toode\/telttahalli-5x10m-sivukorkeus-27m-vetoketjulliset-porttit-pvc-550g-m2-harmaa","og_locale":"fi_FI","og_type":"article","og_title":"Telttahalli 5x10m, sivukorkeus 2,6m, vetoketjulliset portti,t PVC 850g \/ m2, harmaa - UC Rent e-pood","og_description":"PVC telttahalli. Koko 5x10m. Sein\u00e4n korkeus 2,6m. Harjan korkeus on 3,50m. Sis\u00e4\u00e4ntuloovet kaksoislukolla 2 kpl. Portti 1: leveys 4,1 m x korkeus 2,5 m. Portti 2: leveys 4,1 m x korkeus 2,5 m. Materiaali: vahva PVC 850g\/m2. Katto- ja sivusuojukset ovat yhten\u00e4 kappaleena, mik\u00e4 varmistaa paremman vakauden. 100 % vedenpit\u00e4v\u00e4. UV-kest\u00e4v\u00e4, suojakerroin 80+. V\u00e4ri: harmaa.... View Article","og_url":"https:\/\/shop.ucrent.ee\/fi\/toode\/telttahalli-5x10m-sivukorkeus-27m-vetoketjulliset-porttit-pvc-550g-m2-harmaa","og_site_name":"UC Rent e-pood","article_modified_time":"2026-04-20T08:18:43+00:00","og_image":[{"width":1600,"height":1600,"url":"https:\/\/shop.ucrent.ee\/wp-content\/uploads\/2022\/11\/5-x10m-hall.jpg","type":"image\/jpeg"}],"twitter_card":"summary_large_image","schema":{"@context":"https:\/\/schema.org","@graph":[{"@type":"WebPage","@id":"https:\/\/shop.ucrent.ee\/fi\/toode\/telttahalli-5x10m-sivukorkeus-27m-vetoketjulliset-porttit-pvc-550g-m2-harmaa","url":"https:\/\/shop.ucrent.ee\/fi\/toode\/telttahalli-5x10m-sivukorkeus-27m-vetoketjulliset-porttit-pvc-550g-m2-harmaa","name":"Telttahalli 5x10m, sivukorkeus 2,6m, vetoketjulliset portti,t PVC 850g \/ m2, harmaa - UC Rent e-pood","isPartOf":{"@id":"https:\/\/shop.ucrent.ee\/#website"},"primaryImageOfPage":{"@id":"https:\/\/shop.ucrent.ee\/fi\/toode\/telttahalli-5x10m-sivukorkeus-27m-vetoketjulliset-porttit-pvc-550g-m2-harmaa#primaryimage"},"image":{"@id":"https:\/\/shop.ucrent.ee\/fi\/toode\/telttahalli-5x10m-sivukorkeus-27m-vetoketjulliset-porttit-pvc-550g-m2-harmaa#primaryimage"},"thumbnailUrl":"https:\/\/shop.ucrent.ee\/wp-content\/uploads\/2022\/11\/5-x10m-hall.jpg","datePublished":"2022-11-09T12:02:34+00:00","dateModified":"2026-04-20T08:18:43+00:00","breadcrumb":{"@id":"https:\/\/shop.ucrent.ee\/fi\/toode\/telttahalli-5x10m-sivukorkeus-27m-vetoketjulliset-porttit-pvc-550g-m2-harmaa#breadcrumb"},"inLanguage":"fi","potentialAction":[{"@type":"ReadAction","target":["https:\/\/shop.ucrent.ee\/fi\/toode\/telttahalli-5x10m-sivukorkeus-27m-vetoketjulliset-porttit-pvc-550g-m2-harmaa"]}]},{"@type":"ImageObject","inLanguage":"fi","@id":"https:\/\/shop.ucrent.ee\/fi\/toode\/telttahalli-5x10m-sivukorkeus-27m-vetoketjulliset-porttit-pvc-550g-m2-harmaa#primaryimage","url":"https:\/\/shop.ucrent.ee\/wp-content\/uploads\/2022\/11\/5-x10m-hall.jpg","contentUrl":"https:\/\/shop.ucrent.ee\/wp-content\/uploads\/2022\/11\/5-x10m-hall.jpg","width":1600,"height":1600},{"@type":"BreadcrumbList","@id":"https:\/\/shop.ucrent.ee\/fi\/toode\/telttahalli-5x10m-sivukorkeus-27m-vetoketjulliset-porttit-pvc-550g-m2-harmaa#breadcrumb","itemListElement":[{"@type":"ListItem","position":1,"name":"Home","item":"https:\/\/shop.ucrent.ee\/fi"},{"@type":"ListItem","position":2,"name":"K\u00f5ik tooted","item":"https:\/\/shop.ucrent.ee\/tooted"},{"@type":"ListItem","position":3,"name":"Telttahalli 5x10m, sivukorkeus 2,6m, vetoketjulliset portti,t PVC 850g \/ m2, harmaa"}]},{"@type":"WebSite","@id":"https:\/\/shop.ucrent.ee\/#website","url":"https:\/\/shop.ucrent.ee\/","name":"UC Rent e-pood","description":"","potentialAction":[{"@type":"SearchAction","target":{"@type":"EntryPoint","urlTemplate":"https:\/\/shop.ucrent.ee\/?s={search_term_string}"},"query-input":{"@type":"PropertyValueSpecification","valueRequired":true,"valueName":"search_term_string"}}],"inLanguage":"fi"}]}},"_links":{"self":[{"href":"https:\/\/shop.ucrent.ee\/fi\/wp-json\/wp\/v2\/product\/618439","targetHints":{"allow":["GET"]}}],"collection":[{"href":"https:\/\/shop.ucrent.ee\/fi\/wp-json\/wp\/v2\/product"}],"about":[{"href":"https:\/\/shop.ucrent.ee\/fi\/wp-json\/wp\/v2\/types\/product"}],"wp:featuredmedia":[{"embeddable":true,"href":"https:\/\/shop.ucrent.ee\/fi\/wp-json\/wp\/v2\/media\/618440"}],"wp:attachment":[{"href":"https:\/\/shop.ucrent.ee\/fi\/wp-json\/wp\/v2\/media?parent=618439"}],"wp:term":[{"taxonomy":"product_brand","embeddable":true,"href":"https:\/\/shop.ucrent.ee\/fi\/wp-json\/wp\/v2\/product_brand?post=618439"},{"taxonomy":"product_cat","embeddable":true,"href":"https:\/\/shop.ucrent.ee\/fi\/wp-json\/wp\/v2\/product_cat?post=618439"},{"taxonomy":"product_tag","embeddable":true,"href":"https:\/\/shop.ucrent.ee\/fi\/wp-json\/wp\/v2\/product_tag?post=618439"}],"curies":[{"name":"wp","href":"https:\/\/api.w.org\/{rel}","templated":true}]}}