{"id":618753,"date":"2023-01-27T11:47:24","date_gmt":"2023-01-27T09:47:24","guid":{"rendered":"https:\/\/shop.ucrent.ee\/toode\/tyylikas-estetolppa-hopea"},"modified":"2026-05-01T02:46:14","modified_gmt":"2026-04-30T23:46:14","slug":"tyylikas-estetolppa-hopea","status":"publish","type":"product","link":"https:\/\/shop.ucrent.ee\/fi\/toode\/tyylikas-estetolppa-hopea","title":{"rendered":"Tyylik\u00e4s estetolppa, hopea"},"content":{"rendered":"<p>Tyylik\u00e4s estetolppa<br \/>\nV\u00e4ri: hopea<br \/>\nMateriaali: ter\u00e4s<br \/>\nMitat: 32cm x K-96 cm<br \/>\nK\u00f6ysi ei sis\u00e4lly<\/p>\n","protected":false},"excerpt":{"rendered":"Tyylik\u00e4s estetolppa V\u00e4ri: hopea Materiaali: ter\u00e4s Mitat: 32cm x K-96 cm K\u00f6ysi ei sis\u00e4lly","protected":false},"featured_media":618744,"template":"","meta":{"_acf_changed":false},"product_brand":[],"product_cat":[828],"product_tag":[],"class_list":{"0":"post-618753","1":"product","2":"type-product","3":"status-publish","4":"has-post-thumbnail","6":"product_cat-rajapylvaat","8":"first","9":"instock","10":"taxable","11":"shipping-taxable","12":"purchasable","13":"product-type-simple"},"acf":[],"yoast_head":"<!-- This site is optimized with the Yoast SEO plugin v27.0 - https:\/\/yoast.com\/product\/yoast-seo-wordpress\/ -->\n<title>Tyylik\u00e4s estetolppa, hopea - UC Rent e-pood<\/title>\n<meta name=\"robots\" content=\"index, follow, max-snippet:-1, max-image-preview:large, max-video-preview:-1\" \/>\n<link rel=\"canonical\" href=\"https:\/\/shop.ucrent.ee\/fi\/toode\/tyylikas-estetolppa-hopea\" \/>\n<meta property=\"og:locale\" content=\"fi_FI\" \/>\n<meta property=\"og:type\" content=\"article\" \/>\n<meta property=\"og:title\" content=\"Tyylik\u00e4s estetolppa, hopea - UC Rent e-pood\" \/>\n<meta property=\"og:description\" content=\"Tyylik\u00e4s estetolppa V\u00e4ri: hopea Materiaali: ter\u00e4s Mitat: 32cm x K-96 cm K\u00f6ysi ei sis\u00e4lly\" \/>\n<meta property=\"og:url\" content=\"https:\/\/shop.ucrent.ee\/fi\/toode\/tyylikas-estetolppa-hopea\" \/>\n<meta property=\"og:site_name\" content=\"UC Rent e-pood\" \/>\n<meta property=\"article:modified_time\" content=\"2026-04-30T23:46:14+00:00\" \/>\n<meta property=\"og:image\" content=\"https:\/\/shop.ucrent.ee\/wp-content\/uploads\/2023\/01\/Piirdepost-hobedane.webp\" \/>\n\t<meta property=\"og:image:width\" content=\"1400\" \/>\n\t<meta property=\"og:image:height\" content=\"1400\" \/>\n\t<meta property=\"og:image:type\" content=\"image\/webp\" \/>\n<meta name=\"twitter:card\" content=\"summary_large_image\" \/>\n<script type=\"application\/ld+json\" class=\"yoast-schema-graph\">{\"@context\":\"https:\/\/schema.org\",\"@graph\":[{\"@type\":\"WebPage\",\"@id\":\"https:\/\/shop.ucrent.ee\/fi\/toode\/tyylikas-estetolppa-hopea\",\"url\":\"https:\/\/shop.ucrent.ee\/fi\/toode\/tyylikas-estetolppa-hopea\",\"name\":\"Tyylik\u00e4s estetolppa, hopea - UC Rent e-pood\",\"isPartOf\":{\"@id\":\"https:\/\/shop.ucrent.ee\/#website\"},\"primaryImageOfPage\":{\"@id\":\"https:\/\/shop.ucrent.ee\/fi\/toode\/tyylikas-estetolppa-hopea#primaryimage\"},\"image\":{\"@id\":\"https:\/\/shop.ucrent.ee\/fi\/toode\/tyylikas-estetolppa-hopea#primaryimage\"},\"thumbnailUrl\":\"https:\/\/shop.ucrent.ee\/wp-content\/uploads\/2023\/01\/Piirdepost-hobedane.webp\",\"datePublished\":\"2023-01-27T09:47:24+00:00\",\"dateModified\":\"2026-04-30T23:46:14+00:00\",\"breadcrumb\":{\"@id\":\"https:\/\/shop.ucrent.ee\/fi\/toode\/tyylikas-estetolppa-hopea#breadcrumb\"},\"inLanguage\":\"fi\",\"potentialAction\":[{\"@type\":\"ReadAction\",\"target\":[\"https:\/\/shop.ucrent.ee\/fi\/toode\/tyylikas-estetolppa-hopea\"]}]},{\"@type\":\"ImageObject\",\"inLanguage\":\"fi\",\"@id\":\"https:\/\/shop.ucrent.ee\/fi\/toode\/tyylikas-estetolppa-hopea#primaryimage\",\"url\":\"https:\/\/shop.ucrent.ee\/wp-content\/uploads\/2023\/01\/Piirdepost-hobedane.webp\",\"contentUrl\":\"https:\/\/shop.ucrent.ee\/wp-content\/uploads\/2023\/01\/Piirdepost-hobedane.webp\",\"width\":1400,\"height\":1400},{\"@type\":\"BreadcrumbList\",\"@id\":\"https:\/\/shop.ucrent.ee\/fi\/toode\/tyylikas-estetolppa-hopea#breadcrumb\",\"itemListElement\":[{\"@type\":\"ListItem\",\"position\":1,\"name\":\"Home\",\"item\":\"https:\/\/shop.ucrent.ee\/fi\"},{\"@type\":\"ListItem\",\"position\":2,\"name\":\"K\u00f5ik tooted\",\"item\":\"https:\/\/shop.ucrent.ee\/tooted\"},{\"@type\":\"ListItem\",\"position\":3,\"name\":\"Tyylik\u00e4s estetolppa, hopea\"}]},{\"@type\":\"WebSite\",\"@id\":\"https:\/\/shop.ucrent.ee\/#website\",\"url\":\"https:\/\/shop.ucrent.ee\/\",\"name\":\"UC Rent e-pood\",\"description\":\"\",\"potentialAction\":[{\"@type\":\"SearchAction\",\"target\":{\"@type\":\"EntryPoint\",\"urlTemplate\":\"https:\/\/shop.ucrent.ee\/?s={search_term_string}\"},\"query-input\":{\"@type\":\"PropertyValueSpecification\",\"valueRequired\":true,\"valueName\":\"search_term_string\"}}],\"inLanguage\":\"fi\"}]}<\/script>\n<!-- \/ Yoast SEO plugin. -->","yoast_head_json":{"title":"Tyylik\u00e4s estetolppa, hopea - UC Rent e-pood","robots":{"index":"index","follow":"follow","max-snippet":"max-snippet:-1","max-image-preview":"max-image-preview:large","max-video-preview":"max-video-preview:-1"},"canonical":"https:\/\/shop.ucrent.ee\/fi\/toode\/tyylikas-estetolppa-hopea","og_locale":"fi_FI","og_type":"article","og_title":"Tyylik\u00e4s estetolppa, hopea - UC Rent e-pood","og_description":"Tyylik\u00e4s estetolppa V\u00e4ri: hopea Materiaali: ter\u00e4s Mitat: 32cm x K-96 cm K\u00f6ysi ei sis\u00e4lly","og_url":"https:\/\/shop.ucrent.ee\/fi\/toode\/tyylikas-estetolppa-hopea","og_site_name":"UC Rent e-pood","article_modified_time":"2026-04-30T23:46:14+00:00","og_image":[{"width":1400,"height":1400,"url":"https:\/\/shop.ucrent.ee\/wp-content\/uploads\/2023\/01\/Piirdepost-hobedane.webp","type":"image\/webp"}],"twitter_card":"summary_large_image","schema":{"@context":"https:\/\/schema.org","@graph":[{"@type":"WebPage","@id":"https:\/\/shop.ucrent.ee\/fi\/toode\/tyylikas-estetolppa-hopea","url":"https:\/\/shop.ucrent.ee\/fi\/toode\/tyylikas-estetolppa-hopea","name":"Tyylik\u00e4s estetolppa, hopea - UC Rent e-pood","isPartOf":{"@id":"https:\/\/shop.ucrent.ee\/#website"},"primaryImageOfPage":{"@id":"https:\/\/shop.ucrent.ee\/fi\/toode\/tyylikas-estetolppa-hopea#primaryimage"},"image":{"@id":"https:\/\/shop.ucrent.ee\/fi\/toode\/tyylikas-estetolppa-hopea#primaryimage"},"thumbnailUrl":"https:\/\/shop.ucrent.ee\/wp-content\/uploads\/2023\/01\/Piirdepost-hobedane.webp","datePublished":"2023-01-27T09:47:24+00:00","dateModified":"2026-04-30T23:46:14+00:00","breadcrumb":{"@id":"https:\/\/shop.ucrent.ee\/fi\/toode\/tyylikas-estetolppa-hopea#breadcrumb"},"inLanguage":"fi","potentialAction":[{"@type":"ReadAction","target":["https:\/\/shop.ucrent.ee\/fi\/toode\/tyylikas-estetolppa-hopea"]}]},{"@type":"ImageObject","inLanguage":"fi","@id":"https:\/\/shop.ucrent.ee\/fi\/toode\/tyylikas-estetolppa-hopea#primaryimage","url":"https:\/\/shop.ucrent.ee\/wp-content\/uploads\/2023\/01\/Piirdepost-hobedane.webp","contentUrl":"https:\/\/shop.ucrent.ee\/wp-content\/uploads\/2023\/01\/Piirdepost-hobedane.webp","width":1400,"height":1400},{"@type":"BreadcrumbList","@id":"https:\/\/shop.ucrent.ee\/fi\/toode\/tyylikas-estetolppa-hopea#breadcrumb","itemListElement":[{"@type":"ListItem","position":1,"name":"Home","item":"https:\/\/shop.ucrent.ee\/fi"},{"@type":"ListItem","position":2,"name":"K\u00f5ik tooted","item":"https:\/\/shop.ucrent.ee\/tooted"},{"@type":"ListItem","position":3,"name":"Tyylik\u00e4s estetolppa, hopea"}]},{"@type":"WebSite","@id":"https:\/\/shop.ucrent.ee\/#website","url":"https:\/\/shop.ucrent.ee\/","name":"UC Rent e-pood","description":"","potentialAction":[{"@type":"SearchAction","target":{"@type":"EntryPoint","urlTemplate":"https:\/\/shop.ucrent.ee\/?s={search_term_string}"},"query-input":{"@type":"PropertyValueSpecification","valueRequired":true,"valueName":"search_term_string"}}],"inLanguage":"fi"}]}},"_links":{"self":[{"href":"https:\/\/shop.ucrent.ee\/fi\/wp-json\/wp\/v2\/product\/618753","targetHints":{"allow":["GET"]}}],"collection":[{"href":"https:\/\/shop.ucrent.ee\/fi\/wp-json\/wp\/v2\/product"}],"about":[{"href":"https:\/\/shop.ucrent.ee\/fi\/wp-json\/wp\/v2\/types\/product"}],"wp:featuredmedia":[{"embeddable":true,"href":"https:\/\/shop.ucrent.ee\/fi\/wp-json\/wp\/v2\/media\/618744"}],"wp:attachment":[{"href":"https:\/\/shop.ucrent.ee\/fi\/wp-json\/wp\/v2\/media?parent=618753"}],"wp:term":[{"taxonomy":"product_brand","embeddable":true,"href":"https:\/\/shop.ucrent.ee\/fi\/wp-json\/wp\/v2\/product_brand?post=618753"},{"taxonomy":"product_cat","embeddable":true,"href":"https:\/\/shop.ucrent.ee\/fi\/wp-json\/wp\/v2\/product_cat?post=618753"},{"taxonomy":"product_tag","embeddable":true,"href":"https:\/\/shop.ucrent.ee\/fi\/wp-json\/wp\/v2\/product_tag?post=618753"}],"curies":[{"name":"wp","href":"https:\/\/api.w.org\/{rel}","templated":true}]}}