{"id":618765,"date":"2023-01-27T13:17:16","date_gmt":"2023-01-27T11:17:16","guid":{"rendered":"https:\/\/shop.ucrent.ee\/toode\/tyylikas-estetolppa-kultainen-setti-4-tolppa-3-koytta"},"modified":"2026-05-01T03:01:19","modified_gmt":"2026-05-01T00:01:19","slug":"tyylikas-estetolppa-kultainen-setti-4-tolppa-3-koytta","status":"publish","type":"product","link":"https:\/\/shop.ucrent.ee\/fi\/toode\/tyylikas-estetolppa-kultainen-setti-4-tolppa-3-koytta","title":{"rendered":"Tyylik\u00e4s estetolppa kultainen setti, 4 tolppa + 3 k\u00f6ytt\u00e4"},"content":{"rendered":"<p>Tyylik\u00e4s estetolppa setti<br \/>\nV\u00e4ri: kultainen<br \/>\nMateriaali: ter\u00e4s<br \/>\nMitat: 32 x K-96 cm<br \/>\nVankka ja edullinen sarja aitatolppaa<br \/>\nV\u00e4ri: kultainen<br \/>\nMateriaali: ter\u00e4s<br \/>\nMitat: 32cm x K-96 cm<br \/>\nSarjassa: 4 kpl tolppa ja 3 kpl punaista samettik\u00f6ytt\u00e4<\/p>\n","protected":false},"excerpt":{"rendered":"Tyylik\u00e4s estetolppa setti V\u00e4ri: kultainen Materiaali: ter\u00e4s Mitat: 32 x K-96 cm Vankka ja edullinen sarja aitatolppaa V\u00e4ri: kultainen Materiaali: ter\u00e4s Mitat: 32cm x K-96 cm Sarjassa: 4 kpl tolppa ja 3 kpl punaista samettik\u00f6ytt\u00e4","protected":false},"featured_media":618758,"template":"","meta":{"_acf_changed":false},"product_brand":[],"product_cat":[828],"product_tag":[],"class_list":{"0":"post-618765","1":"product","2":"type-product","3":"status-publish","4":"has-post-thumbnail","6":"product_cat-rajapylvaat","8":"first","9":"instock","10":"taxable","11":"shipping-taxable","12":"purchasable","13":"product-type-simple"},"acf":[],"yoast_head":"<!-- This site is optimized with the Yoast SEO plugin v27.0 - https:\/\/yoast.com\/product\/yoast-seo-wordpress\/ -->\n<title>Tyylik\u00e4s estetolppa kultainen setti, 4 tolppa + 3 k\u00f6ytt\u00e4 - UC Rent e-pood<\/title>\n<meta name=\"robots\" content=\"index, follow, max-snippet:-1, max-image-preview:large, max-video-preview:-1\" \/>\n<link rel=\"canonical\" href=\"https:\/\/shop.ucrent.ee\/fi\/toode\/tyylikas-estetolppa-kultainen-setti-4-tolppa-3-koytta\" \/>\n<meta property=\"og:locale\" content=\"fi_FI\" \/>\n<meta property=\"og:type\" content=\"article\" \/>\n<meta property=\"og:title\" content=\"Tyylik\u00e4s estetolppa kultainen setti, 4 tolppa + 3 k\u00f6ytt\u00e4 - UC Rent e-pood\" \/>\n<meta property=\"og:description\" content=\"Tyylik\u00e4s estetolppa setti V\u00e4ri: kultainen Materiaali: ter\u00e4s Mitat: 32 x K-96 cm Vankka ja edullinen sarja aitatolppaa V\u00e4ri: kultainen Materiaali: ter\u00e4s Mitat: 32cm x K-96 cm Sarjassa: 4 kpl tolppa ja 3 kpl punaista samettik\u00f6ytt\u00e4\" \/>\n<meta property=\"og:url\" content=\"https:\/\/shop.ucrent.ee\/fi\/toode\/tyylikas-estetolppa-kultainen-setti-4-tolppa-3-koytta\" \/>\n<meta property=\"og:site_name\" content=\"UC Rent e-pood\" \/>\n<meta property=\"article:modified_time\" content=\"2026-05-01T00:01:19+00:00\" \/>\n<meta property=\"og:image\" content=\"https:\/\/shop.ucrent.ee\/wp-content\/uploads\/2023\/01\/Komplekt-43tk-kuldne.png\" \/>\n\t<meta property=\"og:image:width\" content=\"672\" \/>\n\t<meta property=\"og:image:height\" content=\"572\" \/>\n\t<meta property=\"og:image:type\" content=\"image\/png\" \/>\n<meta name=\"twitter:card\" content=\"summary_large_image\" \/>\n<script type=\"application\/ld+json\" class=\"yoast-schema-graph\">{\"@context\":\"https:\/\/schema.org\",\"@graph\":[{\"@type\":\"WebPage\",\"@id\":\"https:\/\/shop.ucrent.ee\/fi\/toode\/tyylikas-estetolppa-kultainen-setti-4-tolppa-3-koytta\",\"url\":\"https:\/\/shop.ucrent.ee\/fi\/toode\/tyylikas-estetolppa-kultainen-setti-4-tolppa-3-koytta\",\"name\":\"Tyylik\u00e4s estetolppa kultainen setti, 4 tolppa + 3 k\u00f6ytt\u00e4 - UC Rent e-pood\",\"isPartOf\":{\"@id\":\"https:\/\/shop.ucrent.ee\/#website\"},\"primaryImageOfPage\":{\"@id\":\"https:\/\/shop.ucrent.ee\/fi\/toode\/tyylikas-estetolppa-kultainen-setti-4-tolppa-3-koytta#primaryimage\"},\"image\":{\"@id\":\"https:\/\/shop.ucrent.ee\/fi\/toode\/tyylikas-estetolppa-kultainen-setti-4-tolppa-3-koytta#primaryimage\"},\"thumbnailUrl\":\"https:\/\/shop.ucrent.ee\/wp-content\/uploads\/2023\/01\/Komplekt-43tk-kuldne.png\",\"datePublished\":\"2023-01-27T11:17:16+00:00\",\"dateModified\":\"2026-05-01T00:01:19+00:00\",\"breadcrumb\":{\"@id\":\"https:\/\/shop.ucrent.ee\/fi\/toode\/tyylikas-estetolppa-kultainen-setti-4-tolppa-3-koytta#breadcrumb\"},\"inLanguage\":\"fi\",\"potentialAction\":[{\"@type\":\"ReadAction\",\"target\":[\"https:\/\/shop.ucrent.ee\/fi\/toode\/tyylikas-estetolppa-kultainen-setti-4-tolppa-3-koytta\"]}]},{\"@type\":\"ImageObject\",\"inLanguage\":\"fi\",\"@id\":\"https:\/\/shop.ucrent.ee\/fi\/toode\/tyylikas-estetolppa-kultainen-setti-4-tolppa-3-koytta#primaryimage\",\"url\":\"https:\/\/shop.ucrent.ee\/wp-content\/uploads\/2023\/01\/Komplekt-43tk-kuldne.png\",\"contentUrl\":\"https:\/\/shop.ucrent.ee\/wp-content\/uploads\/2023\/01\/Komplekt-43tk-kuldne.png\",\"width\":672,\"height\":572},{\"@type\":\"BreadcrumbList\",\"@id\":\"https:\/\/shop.ucrent.ee\/fi\/toode\/tyylikas-estetolppa-kultainen-setti-4-tolppa-3-koytta#breadcrumb\",\"itemListElement\":[{\"@type\":\"ListItem\",\"position\":1,\"name\":\"Home\",\"item\":\"https:\/\/shop.ucrent.ee\/fi\"},{\"@type\":\"ListItem\",\"position\":2,\"name\":\"K\u00f5ik tooted\",\"item\":\"https:\/\/shop.ucrent.ee\/tooted\"},{\"@type\":\"ListItem\",\"position\":3,\"name\":\"Tyylik\u00e4s estetolppa kultainen setti, 4 tolppa + 3 k\u00f6ytt\u00e4\"}]},{\"@type\":\"WebSite\",\"@id\":\"https:\/\/shop.ucrent.ee\/#website\",\"url\":\"https:\/\/shop.ucrent.ee\/\",\"name\":\"UC Rent e-pood\",\"description\":\"\",\"potentialAction\":[{\"@type\":\"SearchAction\",\"target\":{\"@type\":\"EntryPoint\",\"urlTemplate\":\"https:\/\/shop.ucrent.ee\/?s={search_term_string}\"},\"query-input\":{\"@type\":\"PropertyValueSpecification\",\"valueRequired\":true,\"valueName\":\"search_term_string\"}}],\"inLanguage\":\"fi\"}]}<\/script>\n<!-- \/ Yoast SEO plugin. -->","yoast_head_json":{"title":"Tyylik\u00e4s estetolppa kultainen setti, 4 tolppa + 3 k\u00f6ytt\u00e4 - UC Rent e-pood","robots":{"index":"index","follow":"follow","max-snippet":"max-snippet:-1","max-image-preview":"max-image-preview:large","max-video-preview":"max-video-preview:-1"},"canonical":"https:\/\/shop.ucrent.ee\/fi\/toode\/tyylikas-estetolppa-kultainen-setti-4-tolppa-3-koytta","og_locale":"fi_FI","og_type":"article","og_title":"Tyylik\u00e4s estetolppa kultainen setti, 4 tolppa + 3 k\u00f6ytt\u00e4 - UC Rent e-pood","og_description":"Tyylik\u00e4s estetolppa setti V\u00e4ri: kultainen Materiaali: ter\u00e4s Mitat: 32 x K-96 cm Vankka ja edullinen sarja aitatolppaa V\u00e4ri: kultainen Materiaali: ter\u00e4s Mitat: 32cm x K-96 cm Sarjassa: 4 kpl tolppa ja 3 kpl punaista samettik\u00f6ytt\u00e4","og_url":"https:\/\/shop.ucrent.ee\/fi\/toode\/tyylikas-estetolppa-kultainen-setti-4-tolppa-3-koytta","og_site_name":"UC Rent e-pood","article_modified_time":"2026-05-01T00:01:19+00:00","og_image":[{"width":672,"height":572,"url":"https:\/\/shop.ucrent.ee\/wp-content\/uploads\/2023\/01\/Komplekt-43tk-kuldne.png","type":"image\/png"}],"twitter_card":"summary_large_image","schema":{"@context":"https:\/\/schema.org","@graph":[{"@type":"WebPage","@id":"https:\/\/shop.ucrent.ee\/fi\/toode\/tyylikas-estetolppa-kultainen-setti-4-tolppa-3-koytta","url":"https:\/\/shop.ucrent.ee\/fi\/toode\/tyylikas-estetolppa-kultainen-setti-4-tolppa-3-koytta","name":"Tyylik\u00e4s estetolppa kultainen setti, 4 tolppa + 3 k\u00f6ytt\u00e4 - UC Rent e-pood","isPartOf":{"@id":"https:\/\/shop.ucrent.ee\/#website"},"primaryImageOfPage":{"@id":"https:\/\/shop.ucrent.ee\/fi\/toode\/tyylikas-estetolppa-kultainen-setti-4-tolppa-3-koytta#primaryimage"},"image":{"@id":"https:\/\/shop.ucrent.ee\/fi\/toode\/tyylikas-estetolppa-kultainen-setti-4-tolppa-3-koytta#primaryimage"},"thumbnailUrl":"https:\/\/shop.ucrent.ee\/wp-content\/uploads\/2023\/01\/Komplekt-43tk-kuldne.png","datePublished":"2023-01-27T11:17:16+00:00","dateModified":"2026-05-01T00:01:19+00:00","breadcrumb":{"@id":"https:\/\/shop.ucrent.ee\/fi\/toode\/tyylikas-estetolppa-kultainen-setti-4-tolppa-3-koytta#breadcrumb"},"inLanguage":"fi","potentialAction":[{"@type":"ReadAction","target":["https:\/\/shop.ucrent.ee\/fi\/toode\/tyylikas-estetolppa-kultainen-setti-4-tolppa-3-koytta"]}]},{"@type":"ImageObject","inLanguage":"fi","@id":"https:\/\/shop.ucrent.ee\/fi\/toode\/tyylikas-estetolppa-kultainen-setti-4-tolppa-3-koytta#primaryimage","url":"https:\/\/shop.ucrent.ee\/wp-content\/uploads\/2023\/01\/Komplekt-43tk-kuldne.png","contentUrl":"https:\/\/shop.ucrent.ee\/wp-content\/uploads\/2023\/01\/Komplekt-43tk-kuldne.png","width":672,"height":572},{"@type":"BreadcrumbList","@id":"https:\/\/shop.ucrent.ee\/fi\/toode\/tyylikas-estetolppa-kultainen-setti-4-tolppa-3-koytta#breadcrumb","itemListElement":[{"@type":"ListItem","position":1,"name":"Home","item":"https:\/\/shop.ucrent.ee\/fi"},{"@type":"ListItem","position":2,"name":"K\u00f5ik tooted","item":"https:\/\/shop.ucrent.ee\/tooted"},{"@type":"ListItem","position":3,"name":"Tyylik\u00e4s estetolppa kultainen setti, 4 tolppa + 3 k\u00f6ytt\u00e4"}]},{"@type":"WebSite","@id":"https:\/\/shop.ucrent.ee\/#website","url":"https:\/\/shop.ucrent.ee\/","name":"UC Rent e-pood","description":"","potentialAction":[{"@type":"SearchAction","target":{"@type":"EntryPoint","urlTemplate":"https:\/\/shop.ucrent.ee\/?s={search_term_string}"},"query-input":{"@type":"PropertyValueSpecification","valueRequired":true,"valueName":"search_term_string"}}],"inLanguage":"fi"}]}},"_links":{"self":[{"href":"https:\/\/shop.ucrent.ee\/fi\/wp-json\/wp\/v2\/product\/618765","targetHints":{"allow":["GET"]}}],"collection":[{"href":"https:\/\/shop.ucrent.ee\/fi\/wp-json\/wp\/v2\/product"}],"about":[{"href":"https:\/\/shop.ucrent.ee\/fi\/wp-json\/wp\/v2\/types\/product"}],"wp:featuredmedia":[{"embeddable":true,"href":"https:\/\/shop.ucrent.ee\/fi\/wp-json\/wp\/v2\/media\/618758"}],"wp:attachment":[{"href":"https:\/\/shop.ucrent.ee\/fi\/wp-json\/wp\/v2\/media?parent=618765"}],"wp:term":[{"taxonomy":"product_brand","embeddable":true,"href":"https:\/\/shop.ucrent.ee\/fi\/wp-json\/wp\/v2\/product_brand?post=618765"},{"taxonomy":"product_cat","embeddable":true,"href":"https:\/\/shop.ucrent.ee\/fi\/wp-json\/wp\/v2\/product_cat?post=618765"},{"taxonomy":"product_tag","embeddable":true,"href":"https:\/\/shop.ucrent.ee\/fi\/wp-json\/wp\/v2\/product_tag?post=618765"}],"curies":[{"name":"wp","href":"https:\/\/api.w.org\/{rel}","templated":true}]}}