{"id":618784,"date":"2023-01-27T14:05:01","date_gmt":"2023-01-27T12:05:01","guid":{"rendered":"https:\/\/shop.ucrent.ee\/toode\/koysi-punainen-sametti-hopea-16m"},"modified":"2026-05-01T03:02:45","modified_gmt":"2026-05-01T00:02:45","slug":"koysi-punainen-sametti-hopea-16m","status":"publish","type":"product","link":"https:\/\/shop.ucrent.ee\/fi\/toode\/koysi-punainen-sametti-hopea-16m","title":{"rendered":"K\u00f6ysi punainen sametti, hopea 1,6m"},"content":{"rendered":"<p>V\u00e4ri ja materiaali: punainen sametti  k\u00f6ysi<br \/>\nPituus 1,60m<br \/>\nHopeiset lukot<\/p>\n","protected":false},"excerpt":{"rendered":"V\u00e4ri ja materiaali: punainen sametti k\u00f6ysi Pituus 1,60m Hopeiset lukot","protected":false},"featured_media":618770,"template":"","meta":{"_acf_changed":false},"product_brand":[],"product_cat":[828],"product_tag":[],"class_list":{"0":"post-618784","1":"product","2":"type-product","3":"status-publish","4":"has-post-thumbnail","6":"product_cat-rajapylvaat","8":"first","9":"instock","10":"taxable","11":"shipping-taxable","12":"purchasable","13":"product-type-simple"},"acf":[],"yoast_head":"<!-- This site is optimized with the Yoast SEO plugin v27.0 - https:\/\/yoast.com\/product\/yoast-seo-wordpress\/ -->\n<title>K\u00f6ysi punainen sametti, hopea 1,6m - UC Rent e-pood<\/title>\n<meta name=\"robots\" content=\"index, follow, max-snippet:-1, max-image-preview:large, max-video-preview:-1\" \/>\n<link rel=\"canonical\" href=\"https:\/\/shop.ucrent.ee\/fi\/toode\/koysi-punainen-sametti-hopea-16m\" \/>\n<meta property=\"og:locale\" content=\"fi_FI\" \/>\n<meta property=\"og:type\" content=\"article\" \/>\n<meta property=\"og:title\" content=\"K\u00f6ysi punainen sametti, hopea 1,6m - UC Rent e-pood\" \/>\n<meta property=\"og:description\" content=\"V\u00e4ri ja materiaali: punainen sametti k\u00f6ysi Pituus 1,60m Hopeiset lukot\" \/>\n<meta property=\"og:url\" content=\"https:\/\/shop.ucrent.ee\/fi\/toode\/koysi-punainen-sametti-hopea-16m\" \/>\n<meta property=\"og:site_name\" content=\"UC Rent e-pood\" \/>\n<meta property=\"article:modified_time\" content=\"2026-05-01T00:02:45+00:00\" \/>\n<meta property=\"og:image\" content=\"https:\/\/shop.ucrent.ee\/wp-content\/uploads\/2023\/01\/Piirdekois-punane-samet-16m-hobedane.jpg\" \/>\n\t<meta property=\"og:image:width\" content=\"1024\" \/>\n\t<meta property=\"og:image:height\" content=\"1024\" \/>\n\t<meta property=\"og:image:type\" content=\"image\/jpeg\" \/>\n<meta name=\"twitter:card\" content=\"summary_large_image\" \/>\n<script type=\"application\/ld+json\" class=\"yoast-schema-graph\">{\"@context\":\"https:\/\/schema.org\",\"@graph\":[{\"@type\":\"WebPage\",\"@id\":\"https:\/\/shop.ucrent.ee\/fi\/toode\/koysi-punainen-sametti-hopea-16m\",\"url\":\"https:\/\/shop.ucrent.ee\/fi\/toode\/koysi-punainen-sametti-hopea-16m\",\"name\":\"K\u00f6ysi punainen sametti, hopea 1,6m - UC Rent e-pood\",\"isPartOf\":{\"@id\":\"https:\/\/shop.ucrent.ee\/#website\"},\"primaryImageOfPage\":{\"@id\":\"https:\/\/shop.ucrent.ee\/fi\/toode\/koysi-punainen-sametti-hopea-16m#primaryimage\"},\"image\":{\"@id\":\"https:\/\/shop.ucrent.ee\/fi\/toode\/koysi-punainen-sametti-hopea-16m#primaryimage\"},\"thumbnailUrl\":\"https:\/\/shop.ucrent.ee\/wp-content\/uploads\/2023\/01\/Piirdekois-punane-samet-16m-hobedane.jpg\",\"datePublished\":\"2023-01-27T12:05:01+00:00\",\"dateModified\":\"2026-05-01T00:02:45+00:00\",\"breadcrumb\":{\"@id\":\"https:\/\/shop.ucrent.ee\/fi\/toode\/koysi-punainen-sametti-hopea-16m#breadcrumb\"},\"inLanguage\":\"fi\",\"potentialAction\":[{\"@type\":\"ReadAction\",\"target\":[\"https:\/\/shop.ucrent.ee\/fi\/toode\/koysi-punainen-sametti-hopea-16m\"]}]},{\"@type\":\"ImageObject\",\"inLanguage\":\"fi\",\"@id\":\"https:\/\/shop.ucrent.ee\/fi\/toode\/koysi-punainen-sametti-hopea-16m#primaryimage\",\"url\":\"https:\/\/shop.ucrent.ee\/wp-content\/uploads\/2023\/01\/Piirdekois-punane-samet-16m-hobedane.jpg\",\"contentUrl\":\"https:\/\/shop.ucrent.ee\/wp-content\/uploads\/2023\/01\/Piirdekois-punane-samet-16m-hobedane.jpg\",\"width\":1024,\"height\":1024},{\"@type\":\"BreadcrumbList\",\"@id\":\"https:\/\/shop.ucrent.ee\/fi\/toode\/koysi-punainen-sametti-hopea-16m#breadcrumb\",\"itemListElement\":[{\"@type\":\"ListItem\",\"position\":1,\"name\":\"Home\",\"item\":\"https:\/\/shop.ucrent.ee\/fi\"},{\"@type\":\"ListItem\",\"position\":2,\"name\":\"K\u00f5ik tooted\",\"item\":\"https:\/\/shop.ucrent.ee\/tooted\"},{\"@type\":\"ListItem\",\"position\":3,\"name\":\"K\u00f6ysi punainen sametti, hopea 1,6m\"}]},{\"@type\":\"WebSite\",\"@id\":\"https:\/\/shop.ucrent.ee\/#website\",\"url\":\"https:\/\/shop.ucrent.ee\/\",\"name\":\"UC Rent e-pood\",\"description\":\"\",\"potentialAction\":[{\"@type\":\"SearchAction\",\"target\":{\"@type\":\"EntryPoint\",\"urlTemplate\":\"https:\/\/shop.ucrent.ee\/?s={search_term_string}\"},\"query-input\":{\"@type\":\"PropertyValueSpecification\",\"valueRequired\":true,\"valueName\":\"search_term_string\"}}],\"inLanguage\":\"fi\"}]}<\/script>\n<!-- \/ Yoast SEO plugin. -->","yoast_head_json":{"title":"K\u00f6ysi punainen sametti, hopea 1,6m - UC Rent e-pood","robots":{"index":"index","follow":"follow","max-snippet":"max-snippet:-1","max-image-preview":"max-image-preview:large","max-video-preview":"max-video-preview:-1"},"canonical":"https:\/\/shop.ucrent.ee\/fi\/toode\/koysi-punainen-sametti-hopea-16m","og_locale":"fi_FI","og_type":"article","og_title":"K\u00f6ysi punainen sametti, hopea 1,6m - UC Rent e-pood","og_description":"V\u00e4ri ja materiaali: punainen sametti k\u00f6ysi Pituus 1,60m Hopeiset lukot","og_url":"https:\/\/shop.ucrent.ee\/fi\/toode\/koysi-punainen-sametti-hopea-16m","og_site_name":"UC Rent e-pood","article_modified_time":"2026-05-01T00:02:45+00:00","og_image":[{"width":1024,"height":1024,"url":"https:\/\/shop.ucrent.ee\/wp-content\/uploads\/2023\/01\/Piirdekois-punane-samet-16m-hobedane.jpg","type":"image\/jpeg"}],"twitter_card":"summary_large_image","schema":{"@context":"https:\/\/schema.org","@graph":[{"@type":"WebPage","@id":"https:\/\/shop.ucrent.ee\/fi\/toode\/koysi-punainen-sametti-hopea-16m","url":"https:\/\/shop.ucrent.ee\/fi\/toode\/koysi-punainen-sametti-hopea-16m","name":"K\u00f6ysi punainen sametti, hopea 1,6m - UC Rent e-pood","isPartOf":{"@id":"https:\/\/shop.ucrent.ee\/#website"},"primaryImageOfPage":{"@id":"https:\/\/shop.ucrent.ee\/fi\/toode\/koysi-punainen-sametti-hopea-16m#primaryimage"},"image":{"@id":"https:\/\/shop.ucrent.ee\/fi\/toode\/koysi-punainen-sametti-hopea-16m#primaryimage"},"thumbnailUrl":"https:\/\/shop.ucrent.ee\/wp-content\/uploads\/2023\/01\/Piirdekois-punane-samet-16m-hobedane.jpg","datePublished":"2023-01-27T12:05:01+00:00","dateModified":"2026-05-01T00:02:45+00:00","breadcrumb":{"@id":"https:\/\/shop.ucrent.ee\/fi\/toode\/koysi-punainen-sametti-hopea-16m#breadcrumb"},"inLanguage":"fi","potentialAction":[{"@type":"ReadAction","target":["https:\/\/shop.ucrent.ee\/fi\/toode\/koysi-punainen-sametti-hopea-16m"]}]},{"@type":"ImageObject","inLanguage":"fi","@id":"https:\/\/shop.ucrent.ee\/fi\/toode\/koysi-punainen-sametti-hopea-16m#primaryimage","url":"https:\/\/shop.ucrent.ee\/wp-content\/uploads\/2023\/01\/Piirdekois-punane-samet-16m-hobedane.jpg","contentUrl":"https:\/\/shop.ucrent.ee\/wp-content\/uploads\/2023\/01\/Piirdekois-punane-samet-16m-hobedane.jpg","width":1024,"height":1024},{"@type":"BreadcrumbList","@id":"https:\/\/shop.ucrent.ee\/fi\/toode\/koysi-punainen-sametti-hopea-16m#breadcrumb","itemListElement":[{"@type":"ListItem","position":1,"name":"Home","item":"https:\/\/shop.ucrent.ee\/fi"},{"@type":"ListItem","position":2,"name":"K\u00f5ik tooted","item":"https:\/\/shop.ucrent.ee\/tooted"},{"@type":"ListItem","position":3,"name":"K\u00f6ysi punainen sametti, hopea 1,6m"}]},{"@type":"WebSite","@id":"https:\/\/shop.ucrent.ee\/#website","url":"https:\/\/shop.ucrent.ee\/","name":"UC Rent e-pood","description":"","potentialAction":[{"@type":"SearchAction","target":{"@type":"EntryPoint","urlTemplate":"https:\/\/shop.ucrent.ee\/?s={search_term_string}"},"query-input":{"@type":"PropertyValueSpecification","valueRequired":true,"valueName":"search_term_string"}}],"inLanguage":"fi"}]}},"_links":{"self":[{"href":"https:\/\/shop.ucrent.ee\/fi\/wp-json\/wp\/v2\/product\/618784","targetHints":{"allow":["GET"]}}],"collection":[{"href":"https:\/\/shop.ucrent.ee\/fi\/wp-json\/wp\/v2\/product"}],"about":[{"href":"https:\/\/shop.ucrent.ee\/fi\/wp-json\/wp\/v2\/types\/product"}],"wp:featuredmedia":[{"embeddable":true,"href":"https:\/\/shop.ucrent.ee\/fi\/wp-json\/wp\/v2\/media\/618770"}],"wp:attachment":[{"href":"https:\/\/shop.ucrent.ee\/fi\/wp-json\/wp\/v2\/media?parent=618784"}],"wp:term":[{"taxonomy":"product_brand","embeddable":true,"href":"https:\/\/shop.ucrent.ee\/fi\/wp-json\/wp\/v2\/product_brand?post=618784"},{"taxonomy":"product_cat","embeddable":true,"href":"https:\/\/shop.ucrent.ee\/fi\/wp-json\/wp\/v2\/product_cat?post=618784"},{"taxonomy":"product_tag","embeddable":true,"href":"https:\/\/shop.ucrent.ee\/fi\/wp-json\/wp\/v2\/product_tag?post=618784"}],"curies":[{"name":"wp","href":"https:\/\/api.w.org\/{rel}","templated":true}]}}