{"id":618816,"date":"2023-01-30T12:17:35","date_gmt":"2023-01-30T10:17:35","guid":{"rendered":"https:\/\/shop.ucrent.ee\/toode\/pyorea-juhlapoyta-152cm"},"modified":"2026-04-18T10:31:44","modified_gmt":"2026-04-18T07:31:44","slug":"pyorea-juhlapoyta-152cm","status":"publish","type":"product","link":"https:\/\/shop.ucrent.ee\/fi\/toode\/pyorea-juhlapoyta-152cm","title":{"rendered":"Py\u00f6re\u00e4 juhlap\u00f6yt\u00e4 160cm"},"content":{"rendered":"<p>Esiintyv\u00e4 ja kompakti kokoontaittuva juhlap\u00f6yt\u00e4.<br \/>\nKoko: halkaisija 160cm x K-75cm.<br \/>\nP\u00f6yd\u00e4n rakenne: jauhemaalattu ja vahva musta ter\u00e4srunko 30x30mm.<br \/>\nP\u00f6yt\u00e4levy on 18 mm paksu ja laminoitu molemmilta puolilta<br \/>\nSaatavilla eri kokoja ja 4 perusv\u00e4ri\u00e4.<br \/>\nP\u00f6yt\u00e4levy on viimeistelty vahvalla reunalla.<br \/>\nPinottava.<br \/>\nS\u00e4\u00e4dett\u00e4v\u00e4t jalat, voimme tasapainottaa ep\u00e4tasaisella alustalla.<br \/>\nHygieniatodistus &#8211; E1<br \/>\nT\u00e4ytt\u00e4\u00e4 standardeja PN-EN 15372: 2010, PN-EN 1730: 2002<br \/>\nP\u00f6ytiin on saatavilla p\u00f6yt\u00e4p\u00e4\u00e4llysteit\u00e4 ja kuljetusk\u00e4rryj\u00e4.<br \/>\nArvioitu toimitusaika 2-3 viikkoa.<\/p>\n","protected":false},"excerpt":{"rendered":"Esiintyv\u00e4 ja kompakti kokoontaittuva juhlap\u00f6yt\u00e4. Koko: halkaisija 160cm x K-75cm. P\u00f6yd\u00e4n rakenne: jauhemaalattu ja vahva musta ter\u00e4srunko 30x30mm. P\u00f6yt\u00e4levy on 18 mm paksu ja laminoitu molemmilta puolilta Saatavilla eri kokoja ja 4 perusv\u00e4ri\u00e4. P\u00f6yt\u00e4levy on viimeistelty vahvalla reunalla. Pinottava. S\u00e4\u00e4dett\u00e4v\u00e4t jalat, voimme tasapainottaa ep\u00e4tasaisella alustalla. Hygieniatodistus &#8211; E1 T\u00e4ytt\u00e4\u00e4 standardeja PN-EN 15372: 2010, PN-EN 1730:&#8230; <a class=\"view-article\" href=\"https:\/\/shop.ucrent.ee\/fi\/toode\/pyorea-juhlapoyta-152cm\">View Article<\/a>","protected":false},"featured_media":621287,"template":"","meta":{"_acf_changed":false},"product_brand":[],"product_cat":[840],"product_tag":[],"class_list":{"0":"post-618816","1":"product","2":"type-product","3":"status-publish","4":"has-post-thumbnail","6":"product_cat-poyta","8":"first","9":"instock","10":"taxable","11":"shipping-taxable","12":"purchasable","13":"product-type-simple"},"acf":[],"yoast_head":"<!-- This site is optimized with the Yoast SEO plugin v27.0 - https:\/\/yoast.com\/product\/yoast-seo-wordpress\/ -->\n<title>Py\u00f6re\u00e4 juhlap\u00f6yt\u00e4 160cm - UC Rent e-pood<\/title>\n<meta name=\"robots\" content=\"index, follow, max-snippet:-1, max-image-preview:large, max-video-preview:-1\" \/>\n<link rel=\"canonical\" href=\"https:\/\/shop.ucrent.ee\/fi\/toode\/pyorea-juhlapoyta-152cm\" \/>\n<meta property=\"og:locale\" content=\"fi_FI\" \/>\n<meta property=\"og:type\" content=\"article\" \/>\n<meta property=\"og:title\" content=\"Py\u00f6re\u00e4 juhlap\u00f6yt\u00e4 160cm - UC Rent e-pood\" \/>\n<meta property=\"og:description\" content=\"Esiintyv\u00e4 ja kompakti kokoontaittuva juhlap\u00f6yt\u00e4. Koko: halkaisija 160cm x K-75cm. P\u00f6yd\u00e4n rakenne: jauhemaalattu ja vahva musta ter\u00e4srunko 30x30mm. P\u00f6yt\u00e4levy on 18 mm paksu ja laminoitu molemmilta puolilta Saatavilla eri kokoja ja 4 perusv\u00e4ri\u00e4. P\u00f6yt\u00e4levy on viimeistelty vahvalla reunalla. Pinottava. S\u00e4\u00e4dett\u00e4v\u00e4t jalat, voimme tasapainottaa ep\u00e4tasaisella alustalla. Hygieniatodistus &#8211; E1 T\u00e4ytt\u00e4\u00e4 standardeja PN-EN 15372: 2010, PN-EN 1730:... View Article\" \/>\n<meta property=\"og:url\" content=\"https:\/\/shop.ucrent.ee\/fi\/toode\/pyorea-juhlapoyta-152cm\" \/>\n<meta property=\"og:site_name\" content=\"UC Rent e-pood\" \/>\n<meta property=\"article:modified_time\" content=\"2026-04-18T07:31:44+00:00\" \/>\n<meta property=\"og:image\" content=\"https:\/\/shop.ucrent.ee\/wp-content\/uploads\/2024\/01\/EC-HK-1.jpg\" \/>\n\t<meta property=\"og:image:width\" content=\"1200\" \/>\n\t<meta property=\"og:image:height\" content=\"800\" \/>\n\t<meta property=\"og:image:type\" content=\"image\/jpeg\" \/>\n<meta name=\"twitter:card\" content=\"summary_large_image\" \/>\n<script type=\"application\/ld+json\" class=\"yoast-schema-graph\">{\"@context\":\"https:\/\/schema.org\",\"@graph\":[{\"@type\":\"WebPage\",\"@id\":\"https:\/\/shop.ucrent.ee\/fi\/toode\/pyorea-juhlapoyta-152cm\",\"url\":\"https:\/\/shop.ucrent.ee\/fi\/toode\/pyorea-juhlapoyta-152cm\",\"name\":\"Py\u00f6re\u00e4 juhlap\u00f6yt\u00e4 160cm - UC Rent e-pood\",\"isPartOf\":{\"@id\":\"https:\/\/shop.ucrent.ee\/#website\"},\"primaryImageOfPage\":{\"@id\":\"https:\/\/shop.ucrent.ee\/fi\/toode\/pyorea-juhlapoyta-152cm#primaryimage\"},\"image\":{\"@id\":\"https:\/\/shop.ucrent.ee\/fi\/toode\/pyorea-juhlapoyta-152cm#primaryimage\"},\"thumbnailUrl\":\"https:\/\/shop.ucrent.ee\/wp-content\/uploads\/2024\/01\/EC-HK-1.jpg\",\"datePublished\":\"2023-01-30T10:17:35+00:00\",\"dateModified\":\"2026-04-18T07:31:44+00:00\",\"breadcrumb\":{\"@id\":\"https:\/\/shop.ucrent.ee\/fi\/toode\/pyorea-juhlapoyta-152cm#breadcrumb\"},\"inLanguage\":\"fi\",\"potentialAction\":[{\"@type\":\"ReadAction\",\"target\":[\"https:\/\/shop.ucrent.ee\/fi\/toode\/pyorea-juhlapoyta-152cm\"]}]},{\"@type\":\"ImageObject\",\"inLanguage\":\"fi\",\"@id\":\"https:\/\/shop.ucrent.ee\/fi\/toode\/pyorea-juhlapoyta-152cm#primaryimage\",\"url\":\"https:\/\/shop.ucrent.ee\/wp-content\/uploads\/2024\/01\/EC-HK-1.jpg\",\"contentUrl\":\"https:\/\/shop.ucrent.ee\/wp-content\/uploads\/2024\/01\/EC-HK-1.jpg\",\"width\":1200,\"height\":800},{\"@type\":\"BreadcrumbList\",\"@id\":\"https:\/\/shop.ucrent.ee\/fi\/toode\/pyorea-juhlapoyta-152cm#breadcrumb\",\"itemListElement\":[{\"@type\":\"ListItem\",\"position\":1,\"name\":\"Home\",\"item\":\"https:\/\/shop.ucrent.ee\/fi\"},{\"@type\":\"ListItem\",\"position\":2,\"name\":\"K\u00f5ik tooted\",\"item\":\"https:\/\/shop.ucrent.ee\/tooted\"},{\"@type\":\"ListItem\",\"position\":3,\"name\":\"Py\u00f6re\u00e4 juhlap\u00f6yt\u00e4 160cm\"}]},{\"@type\":\"WebSite\",\"@id\":\"https:\/\/shop.ucrent.ee\/#website\",\"url\":\"https:\/\/shop.ucrent.ee\/\",\"name\":\"UC Rent e-pood\",\"description\":\"\",\"potentialAction\":[{\"@type\":\"SearchAction\",\"target\":{\"@type\":\"EntryPoint\",\"urlTemplate\":\"https:\/\/shop.ucrent.ee\/?s={search_term_string}\"},\"query-input\":{\"@type\":\"PropertyValueSpecification\",\"valueRequired\":true,\"valueName\":\"search_term_string\"}}],\"inLanguage\":\"fi\"}]}<\/script>\n<!-- \/ Yoast SEO plugin. -->","yoast_head_json":{"title":"Py\u00f6re\u00e4 juhlap\u00f6yt\u00e4 160cm - UC Rent e-pood","robots":{"index":"index","follow":"follow","max-snippet":"max-snippet:-1","max-image-preview":"max-image-preview:large","max-video-preview":"max-video-preview:-1"},"canonical":"https:\/\/shop.ucrent.ee\/fi\/toode\/pyorea-juhlapoyta-152cm","og_locale":"fi_FI","og_type":"article","og_title":"Py\u00f6re\u00e4 juhlap\u00f6yt\u00e4 160cm - UC Rent e-pood","og_description":"Esiintyv\u00e4 ja kompakti kokoontaittuva juhlap\u00f6yt\u00e4. Koko: halkaisija 160cm x K-75cm. P\u00f6yd\u00e4n rakenne: jauhemaalattu ja vahva musta ter\u00e4srunko 30x30mm. P\u00f6yt\u00e4levy on 18 mm paksu ja laminoitu molemmilta puolilta Saatavilla eri kokoja ja 4 perusv\u00e4ri\u00e4. P\u00f6yt\u00e4levy on viimeistelty vahvalla reunalla. Pinottava. S\u00e4\u00e4dett\u00e4v\u00e4t jalat, voimme tasapainottaa ep\u00e4tasaisella alustalla. Hygieniatodistus &#8211; E1 T\u00e4ytt\u00e4\u00e4 standardeja PN-EN 15372: 2010, PN-EN 1730:... View Article","og_url":"https:\/\/shop.ucrent.ee\/fi\/toode\/pyorea-juhlapoyta-152cm","og_site_name":"UC Rent e-pood","article_modified_time":"2026-04-18T07:31:44+00:00","og_image":[{"width":1200,"height":800,"url":"https:\/\/shop.ucrent.ee\/wp-content\/uploads\/2024\/01\/EC-HK-1.jpg","type":"image\/jpeg"}],"twitter_card":"summary_large_image","schema":{"@context":"https:\/\/schema.org","@graph":[{"@type":"WebPage","@id":"https:\/\/shop.ucrent.ee\/fi\/toode\/pyorea-juhlapoyta-152cm","url":"https:\/\/shop.ucrent.ee\/fi\/toode\/pyorea-juhlapoyta-152cm","name":"Py\u00f6re\u00e4 juhlap\u00f6yt\u00e4 160cm - UC Rent e-pood","isPartOf":{"@id":"https:\/\/shop.ucrent.ee\/#website"},"primaryImageOfPage":{"@id":"https:\/\/shop.ucrent.ee\/fi\/toode\/pyorea-juhlapoyta-152cm#primaryimage"},"image":{"@id":"https:\/\/shop.ucrent.ee\/fi\/toode\/pyorea-juhlapoyta-152cm#primaryimage"},"thumbnailUrl":"https:\/\/shop.ucrent.ee\/wp-content\/uploads\/2024\/01\/EC-HK-1.jpg","datePublished":"2023-01-30T10:17:35+00:00","dateModified":"2026-04-18T07:31:44+00:00","breadcrumb":{"@id":"https:\/\/shop.ucrent.ee\/fi\/toode\/pyorea-juhlapoyta-152cm#breadcrumb"},"inLanguage":"fi","potentialAction":[{"@type":"ReadAction","target":["https:\/\/shop.ucrent.ee\/fi\/toode\/pyorea-juhlapoyta-152cm"]}]},{"@type":"ImageObject","inLanguage":"fi","@id":"https:\/\/shop.ucrent.ee\/fi\/toode\/pyorea-juhlapoyta-152cm#primaryimage","url":"https:\/\/shop.ucrent.ee\/wp-content\/uploads\/2024\/01\/EC-HK-1.jpg","contentUrl":"https:\/\/shop.ucrent.ee\/wp-content\/uploads\/2024\/01\/EC-HK-1.jpg","width":1200,"height":800},{"@type":"BreadcrumbList","@id":"https:\/\/shop.ucrent.ee\/fi\/toode\/pyorea-juhlapoyta-152cm#breadcrumb","itemListElement":[{"@type":"ListItem","position":1,"name":"Home","item":"https:\/\/shop.ucrent.ee\/fi"},{"@type":"ListItem","position":2,"name":"K\u00f5ik tooted","item":"https:\/\/shop.ucrent.ee\/tooted"},{"@type":"ListItem","position":3,"name":"Py\u00f6re\u00e4 juhlap\u00f6yt\u00e4 160cm"}]},{"@type":"WebSite","@id":"https:\/\/shop.ucrent.ee\/#website","url":"https:\/\/shop.ucrent.ee\/","name":"UC Rent e-pood","description":"","potentialAction":[{"@type":"SearchAction","target":{"@type":"EntryPoint","urlTemplate":"https:\/\/shop.ucrent.ee\/?s={search_term_string}"},"query-input":{"@type":"PropertyValueSpecification","valueRequired":true,"valueName":"search_term_string"}}],"inLanguage":"fi"}]}},"_links":{"self":[{"href":"https:\/\/shop.ucrent.ee\/fi\/wp-json\/wp\/v2\/product\/618816","targetHints":{"allow":["GET"]}}],"collection":[{"href":"https:\/\/shop.ucrent.ee\/fi\/wp-json\/wp\/v2\/product"}],"about":[{"href":"https:\/\/shop.ucrent.ee\/fi\/wp-json\/wp\/v2\/types\/product"}],"wp:featuredmedia":[{"embeddable":true,"href":"https:\/\/shop.ucrent.ee\/fi\/wp-json\/wp\/v2\/media\/621287"}],"wp:attachment":[{"href":"https:\/\/shop.ucrent.ee\/fi\/wp-json\/wp\/v2\/media?parent=618816"}],"wp:term":[{"taxonomy":"product_brand","embeddable":true,"href":"https:\/\/shop.ucrent.ee\/fi\/wp-json\/wp\/v2\/product_brand?post=618816"},{"taxonomy":"product_cat","embeddable":true,"href":"https:\/\/shop.ucrent.ee\/fi\/wp-json\/wp\/v2\/product_cat?post=618816"},{"taxonomy":"product_tag","embeddable":true,"href":"https:\/\/shop.ucrent.ee\/fi\/wp-json\/wp\/v2\/product_tag?post=618816"}],"curies":[{"name":"wp","href":"https:\/\/api.w.org\/{rel}","templated":true}]}}