{"id":618826,"date":"2023-01-30T15:32:28","date_gmt":"2023-01-30T13:32:28","guid":{"rendered":"https:\/\/shop.ucrent.ee\/toode\/juhlapoyta-152x76cm"},"modified":"2026-03-19T10:31:55","modified_gmt":"2026-03-19T08:31:55","slug":"kokoontaitettava-kalustesarja-180cm-poyta-ja-kaksi-penkkia","status":"publish","type":"product","link":"https:\/\/shop.ucrent.ee\/fi\/toode\/kokoontaitettava-kalustesarja-180cm-poyta-ja-kaksi-penkkia","title":{"rendered":"Kokoontaitettava kalustesarja 180cm \u2013 p\u00f6yt\u00e4 ja kaksi penkki\u00e4"},"content":{"rendered":"<p>Kokoontaitettava kalustesarja \u2013 p\u00f6yt\u00e4 ja kaksi penkki\u00e4<br \/>\nP\u00f6yt\u00e4 ja penkit taittuvat keskelt\u00e4, mik\u00e4 tekee niiden kuljettamisesta ja varastoinnista eritt\u00e4in helppoa.<br \/>\nMuovin v\u00e4ri: valkoinen<br \/>\nP\u00f6yt\u00e4 avattuna: 180 \u00d7 74 cm<br \/>\nP\u00f6yt\u00e4 taitettuna: 102 \u00d7 75 \u00d7 K 6 cm<br \/>\nP\u00f6yd\u00e4n kantavuus: 120 kg \/ paino: 13 kg<br \/>\nPenkki avattuna: 180 \u00d7 28 cm<br \/>\nPenkki taitettuna: 2 \u00d7 94 \u00d7 29 \u00d7 K 11 cm<br \/>\nPenkin kantavuus: 400 kg \/ paino: 8 kg<\/p>\n","protected":false},"excerpt":{"rendered":"Kokoontaitettava kalustesarja \u2013 p\u00f6yt\u00e4 ja kaksi penkki\u00e4 P\u00f6yt\u00e4 ja penkit taittuvat keskelt\u00e4, mik\u00e4 tekee niiden kuljettamisesta ja varastoinnista eritt\u00e4in helppoa. Muovin v\u00e4ri: valkoinen P\u00f6yt\u00e4 avattuna: 180 \u00d7 74 cm P\u00f6yt\u00e4 taitettuna: 102 \u00d7 75 \u00d7 K 6 cm P\u00f6yd\u00e4n kantavuus: 120 kg \/ paino: 13 kg Penkki avattuna: 180 \u00d7 28 cm Penkki taitettuna: 2&#8230; <a class=\"view-article\" href=\"https:\/\/shop.ucrent.ee\/fi\/toode\/kokoontaitettava-kalustesarja-180cm-poyta-ja-kaksi-penkkia\">View Article<\/a>","protected":false},"featured_media":626541,"template":"","meta":{"_acf_changed":false},"product_brand":[],"product_cat":[840],"product_tag":[],"class_list":{"0":"post-618826","1":"product","2":"type-product","3":"status-publish","4":"has-post-thumbnail","6":"product_cat-poyta","8":"first","9":"instock","10":"sale","11":"taxable","12":"shipping-taxable","13":"purchasable","14":"product-type-simple"},"acf":[],"yoast_head":"<!-- This site is optimized with the Yoast SEO plugin v27.0 - https:\/\/yoast.com\/product\/yoast-seo-wordpress\/ -->\n<title>Kokoontaitettava kalustesarja 180cm \u2013 p\u00f6yt\u00e4 ja kaksi penkki\u00e4 - UC Rent e-pood<\/title>\n<meta name=\"robots\" content=\"index, follow, max-snippet:-1, max-image-preview:large, max-video-preview:-1\" \/>\n<link rel=\"canonical\" href=\"https:\/\/shop.ucrent.ee\/fi\/toode\/kokoontaitettava-kalustesarja-180cm-poyta-ja-kaksi-penkkia\" \/>\n<meta property=\"og:locale\" content=\"fi_FI\" \/>\n<meta property=\"og:type\" content=\"article\" \/>\n<meta property=\"og:title\" content=\"Kokoontaitettava kalustesarja 180cm \u2013 p\u00f6yt\u00e4 ja kaksi penkki\u00e4 - UC Rent e-pood\" \/>\n<meta property=\"og:description\" content=\"Kokoontaitettava kalustesarja \u2013 p\u00f6yt\u00e4 ja kaksi penkki\u00e4 P\u00f6yt\u00e4 ja penkit taittuvat keskelt\u00e4, mik\u00e4 tekee niiden kuljettamisesta ja varastoinnista eritt\u00e4in helppoa. Muovin v\u00e4ri: valkoinen P\u00f6yt\u00e4 avattuna: 180 \u00d7 74 cm P\u00f6yt\u00e4 taitettuna: 102 \u00d7 75 \u00d7 K 6 cm P\u00f6yd\u00e4n kantavuus: 120 kg \/ paino: 13 kg Penkki avattuna: 180 \u00d7 28 cm Penkki taitettuna: 2... View Article\" \/>\n<meta property=\"og:url\" content=\"https:\/\/shop.ucrent.ee\/fi\/toode\/kokoontaitettava-kalustesarja-180cm-poyta-ja-kaksi-penkkia\" \/>\n<meta property=\"og:site_name\" content=\"UC Rent e-pood\" \/>\n<meta property=\"article:modified_time\" content=\"2026-03-19T08:31:55+00:00\" \/>\n<meta property=\"og:image\" content=\"https:\/\/shop.ucrent.ee\/wp-content\/uploads\/2026\/03\/Kokkupandav-laud-ja-kokkupandavad-pingid.jpg\" \/>\n\t<meta property=\"og:image:width\" content=\"800\" \/>\n\t<meta property=\"og:image:height\" content=\"600\" \/>\n\t<meta property=\"og:image:type\" content=\"image\/jpeg\" \/>\n<meta name=\"twitter:card\" content=\"summary_large_image\" \/>\n<script type=\"application\/ld+json\" class=\"yoast-schema-graph\">{\"@context\":\"https:\/\/schema.org\",\"@graph\":[{\"@type\":\"WebPage\",\"@id\":\"https:\/\/shop.ucrent.ee\/fi\/toode\/kokoontaitettava-kalustesarja-180cm-poyta-ja-kaksi-penkkia\",\"url\":\"https:\/\/shop.ucrent.ee\/fi\/toode\/kokoontaitettava-kalustesarja-180cm-poyta-ja-kaksi-penkkia\",\"name\":\"Kokoontaitettava kalustesarja 180cm \u2013 p\u00f6yt\u00e4 ja kaksi penkki\u00e4 - UC Rent e-pood\",\"isPartOf\":{\"@id\":\"https:\/\/shop.ucrent.ee\/#website\"},\"primaryImageOfPage\":{\"@id\":\"https:\/\/shop.ucrent.ee\/fi\/toode\/kokoontaitettava-kalustesarja-180cm-poyta-ja-kaksi-penkkia#primaryimage\"},\"image\":{\"@id\":\"https:\/\/shop.ucrent.ee\/fi\/toode\/kokoontaitettava-kalustesarja-180cm-poyta-ja-kaksi-penkkia#primaryimage\"},\"thumbnailUrl\":\"https:\/\/shop.ucrent.ee\/wp-content\/uploads\/2026\/03\/Kokkupandav-laud-ja-kokkupandavad-pingid.jpg\",\"datePublished\":\"2023-01-30T13:32:28+00:00\",\"dateModified\":\"2026-03-19T08:31:55+00:00\",\"breadcrumb\":{\"@id\":\"https:\/\/shop.ucrent.ee\/fi\/toode\/kokoontaitettava-kalustesarja-180cm-poyta-ja-kaksi-penkkia#breadcrumb\"},\"inLanguage\":\"fi\",\"potentialAction\":[{\"@type\":\"ReadAction\",\"target\":[\"https:\/\/shop.ucrent.ee\/fi\/toode\/kokoontaitettava-kalustesarja-180cm-poyta-ja-kaksi-penkkia\"]}]},{\"@type\":\"ImageObject\",\"inLanguage\":\"fi\",\"@id\":\"https:\/\/shop.ucrent.ee\/fi\/toode\/kokoontaitettava-kalustesarja-180cm-poyta-ja-kaksi-penkkia#primaryimage\",\"url\":\"https:\/\/shop.ucrent.ee\/wp-content\/uploads\/2026\/03\/Kokkupandav-laud-ja-kokkupandavad-pingid.jpg\",\"contentUrl\":\"https:\/\/shop.ucrent.ee\/wp-content\/uploads\/2026\/03\/Kokkupandav-laud-ja-kokkupandavad-pingid.jpg\",\"width\":800,\"height\":600},{\"@type\":\"BreadcrumbList\",\"@id\":\"https:\/\/shop.ucrent.ee\/fi\/toode\/kokoontaitettava-kalustesarja-180cm-poyta-ja-kaksi-penkkia#breadcrumb\",\"itemListElement\":[{\"@type\":\"ListItem\",\"position\":1,\"name\":\"Home\",\"item\":\"https:\/\/shop.ucrent.ee\/fi\"},{\"@type\":\"ListItem\",\"position\":2,\"name\":\"K\u00f5ik tooted\",\"item\":\"https:\/\/shop.ucrent.ee\/tooted\"},{\"@type\":\"ListItem\",\"position\":3,\"name\":\"Kokoontaitettava kalustesarja 180cm \u2013 p\u00f6yt\u00e4 ja kaksi penkki\u00e4\"}]},{\"@type\":\"WebSite\",\"@id\":\"https:\/\/shop.ucrent.ee\/#website\",\"url\":\"https:\/\/shop.ucrent.ee\/\",\"name\":\"UC Rent e-pood\",\"description\":\"\",\"potentialAction\":[{\"@type\":\"SearchAction\",\"target\":{\"@type\":\"EntryPoint\",\"urlTemplate\":\"https:\/\/shop.ucrent.ee\/?s={search_term_string}\"},\"query-input\":{\"@type\":\"PropertyValueSpecification\",\"valueRequired\":true,\"valueName\":\"search_term_string\"}}],\"inLanguage\":\"fi\"}]}<\/script>\n<!-- \/ Yoast SEO plugin. -->","yoast_head_json":{"title":"Kokoontaitettava kalustesarja 180cm \u2013 p\u00f6yt\u00e4 ja kaksi penkki\u00e4 - UC Rent e-pood","robots":{"index":"index","follow":"follow","max-snippet":"max-snippet:-1","max-image-preview":"max-image-preview:large","max-video-preview":"max-video-preview:-1"},"canonical":"https:\/\/shop.ucrent.ee\/fi\/toode\/kokoontaitettava-kalustesarja-180cm-poyta-ja-kaksi-penkkia","og_locale":"fi_FI","og_type":"article","og_title":"Kokoontaitettava kalustesarja 180cm \u2013 p\u00f6yt\u00e4 ja kaksi penkki\u00e4 - UC Rent e-pood","og_description":"Kokoontaitettava kalustesarja \u2013 p\u00f6yt\u00e4 ja kaksi penkki\u00e4 P\u00f6yt\u00e4 ja penkit taittuvat keskelt\u00e4, mik\u00e4 tekee niiden kuljettamisesta ja varastoinnista eritt\u00e4in helppoa. Muovin v\u00e4ri: valkoinen P\u00f6yt\u00e4 avattuna: 180 \u00d7 74 cm P\u00f6yt\u00e4 taitettuna: 102 \u00d7 75 \u00d7 K 6 cm P\u00f6yd\u00e4n kantavuus: 120 kg \/ paino: 13 kg Penkki avattuna: 180 \u00d7 28 cm Penkki taitettuna: 2... View Article","og_url":"https:\/\/shop.ucrent.ee\/fi\/toode\/kokoontaitettava-kalustesarja-180cm-poyta-ja-kaksi-penkkia","og_site_name":"UC Rent e-pood","article_modified_time":"2026-03-19T08:31:55+00:00","og_image":[{"width":800,"height":600,"url":"https:\/\/shop.ucrent.ee\/wp-content\/uploads\/2026\/03\/Kokkupandav-laud-ja-kokkupandavad-pingid.jpg","type":"image\/jpeg"}],"twitter_card":"summary_large_image","schema":{"@context":"https:\/\/schema.org","@graph":[{"@type":"WebPage","@id":"https:\/\/shop.ucrent.ee\/fi\/toode\/kokoontaitettava-kalustesarja-180cm-poyta-ja-kaksi-penkkia","url":"https:\/\/shop.ucrent.ee\/fi\/toode\/kokoontaitettava-kalustesarja-180cm-poyta-ja-kaksi-penkkia","name":"Kokoontaitettava kalustesarja 180cm \u2013 p\u00f6yt\u00e4 ja kaksi penkki\u00e4 - UC Rent e-pood","isPartOf":{"@id":"https:\/\/shop.ucrent.ee\/#website"},"primaryImageOfPage":{"@id":"https:\/\/shop.ucrent.ee\/fi\/toode\/kokoontaitettava-kalustesarja-180cm-poyta-ja-kaksi-penkkia#primaryimage"},"image":{"@id":"https:\/\/shop.ucrent.ee\/fi\/toode\/kokoontaitettava-kalustesarja-180cm-poyta-ja-kaksi-penkkia#primaryimage"},"thumbnailUrl":"https:\/\/shop.ucrent.ee\/wp-content\/uploads\/2026\/03\/Kokkupandav-laud-ja-kokkupandavad-pingid.jpg","datePublished":"2023-01-30T13:32:28+00:00","dateModified":"2026-03-19T08:31:55+00:00","breadcrumb":{"@id":"https:\/\/shop.ucrent.ee\/fi\/toode\/kokoontaitettava-kalustesarja-180cm-poyta-ja-kaksi-penkkia#breadcrumb"},"inLanguage":"fi","potentialAction":[{"@type":"ReadAction","target":["https:\/\/shop.ucrent.ee\/fi\/toode\/kokoontaitettava-kalustesarja-180cm-poyta-ja-kaksi-penkkia"]}]},{"@type":"ImageObject","inLanguage":"fi","@id":"https:\/\/shop.ucrent.ee\/fi\/toode\/kokoontaitettava-kalustesarja-180cm-poyta-ja-kaksi-penkkia#primaryimage","url":"https:\/\/shop.ucrent.ee\/wp-content\/uploads\/2026\/03\/Kokkupandav-laud-ja-kokkupandavad-pingid.jpg","contentUrl":"https:\/\/shop.ucrent.ee\/wp-content\/uploads\/2026\/03\/Kokkupandav-laud-ja-kokkupandavad-pingid.jpg","width":800,"height":600},{"@type":"BreadcrumbList","@id":"https:\/\/shop.ucrent.ee\/fi\/toode\/kokoontaitettava-kalustesarja-180cm-poyta-ja-kaksi-penkkia#breadcrumb","itemListElement":[{"@type":"ListItem","position":1,"name":"Home","item":"https:\/\/shop.ucrent.ee\/fi"},{"@type":"ListItem","position":2,"name":"K\u00f5ik tooted","item":"https:\/\/shop.ucrent.ee\/tooted"},{"@type":"ListItem","position":3,"name":"Kokoontaitettava kalustesarja 180cm \u2013 p\u00f6yt\u00e4 ja kaksi penkki\u00e4"}]},{"@type":"WebSite","@id":"https:\/\/shop.ucrent.ee\/#website","url":"https:\/\/shop.ucrent.ee\/","name":"UC Rent e-pood","description":"","potentialAction":[{"@type":"SearchAction","target":{"@type":"EntryPoint","urlTemplate":"https:\/\/shop.ucrent.ee\/?s={search_term_string}"},"query-input":{"@type":"PropertyValueSpecification","valueRequired":true,"valueName":"search_term_string"}}],"inLanguage":"fi"}]}},"_links":{"self":[{"href":"https:\/\/shop.ucrent.ee\/fi\/wp-json\/wp\/v2\/product\/618826","targetHints":{"allow":["GET"]}}],"collection":[{"href":"https:\/\/shop.ucrent.ee\/fi\/wp-json\/wp\/v2\/product"}],"about":[{"href":"https:\/\/shop.ucrent.ee\/fi\/wp-json\/wp\/v2\/types\/product"}],"wp:featuredmedia":[{"embeddable":true,"href":"https:\/\/shop.ucrent.ee\/fi\/wp-json\/wp\/v2\/media\/626541"}],"wp:attachment":[{"href":"https:\/\/shop.ucrent.ee\/fi\/wp-json\/wp\/v2\/media?parent=618826"}],"wp:term":[{"taxonomy":"product_brand","embeddable":true,"href":"https:\/\/shop.ucrent.ee\/fi\/wp-json\/wp\/v2\/product_brand?post=618826"},{"taxonomy":"product_cat","embeddable":true,"href":"https:\/\/shop.ucrent.ee\/fi\/wp-json\/wp\/v2\/product_cat?post=618826"},{"taxonomy":"product_tag","embeddable":true,"href":"https:\/\/shop.ucrent.ee\/fi\/wp-json\/wp\/v2\/product_tag?post=618826"}],"curies":[{"name":"wp","href":"https:\/\/api.w.org\/{rel}","templated":true}]}}