{"id":619065,"date":"2023-03-02T14:00:24","date_gmt":"2023-03-02T12:00:24","guid":{"rendered":"https:\/\/shop.ucrent.ee\/toode\/tikkaat-kaiteella-1x3-askelmaa-275m-krause-monto-xl"},"modified":"2026-04-11T16:45:19","modified_gmt":"2026-04-11T13:45:19","slug":"tikkaat-kaiteella-1x3-askelmaa-275m-krause-monto-xl","status":"publish","type":"product","link":"https:\/\/shop.ucrent.ee\/fi\/toode\/tikkaat-kaiteella-1x3-askelmaa-275m-krause-monto-xl","title":{"rendered":"Tikkaat kaiteella 1&#215;3 askelmaa 2,75m Krause Monto XL"},"content":{"rendered":"<p>Kompakti ja mukava tikkaat k\u00e4sinojilla.<br \/>\nKorkea turvatanko (600 mm)<br \/>\nSuuret liukumattomat kumip\u00e4\u00e4llysteiset askelmat<br \/>\nArtikli kood 130877<br \/>\nTy\u00f6korkeus korkeintaan 2,75m<br \/>\nTy\u00f6taso korkeus 0,75m<br \/>\nPaino 5,9kg<\/p>\n","protected":false},"excerpt":{"rendered":"Kompakti ja mukava tikkaat k\u00e4sinojilla. Korkea turvatanko (600 mm) Suuret liukumattomat kumip\u00e4\u00e4llysteiset askelmat Artikli kood 130877 Ty\u00f6korkeus korkeintaan 2,75m Ty\u00f6taso korkeus 0,75m Paino 5,9kg","protected":false},"featured_media":619026,"template":"","meta":{"_acf_changed":false},"product_brand":[],"product_cat":[348],"product_tag":[],"class_list":{"0":"post-619065","1":"product","2":"type-product","3":"status-publish","4":"has-post-thumbnail","6":"product_cat-portaat_tikkaat","8":"first","9":"instock","10":"taxable","11":"shipping-taxable","12":"purchasable","13":"product-type-simple"},"acf":[],"yoast_head":"<!-- This site is optimized with the Yoast SEO plugin v27.0 - https:\/\/yoast.com\/product\/yoast-seo-wordpress\/ -->\n<title>Tikkaat kaiteella 1x3 askelmaa 2,75m Krause Monto XL - UC Rent e-pood<\/title>\n<meta name=\"robots\" content=\"index, follow, max-snippet:-1, max-image-preview:large, max-video-preview:-1\" \/>\n<link rel=\"canonical\" href=\"https:\/\/shop.ucrent.ee\/fi\/toode\/tikkaat-kaiteella-1x3-askelmaa-275m-krause-monto-xl\" \/>\n<meta property=\"og:locale\" content=\"fi_FI\" \/>\n<meta property=\"og:type\" content=\"article\" \/>\n<meta property=\"og:title\" content=\"Tikkaat kaiteella 1x3 askelmaa 2,75m Krause Monto XL - UC Rent e-pood\" \/>\n<meta property=\"og:description\" content=\"Kompakti ja mukava tikkaat k\u00e4sinojilla. Korkea turvatanko (600 mm) Suuret liukumattomat kumip\u00e4\u00e4llysteiset askelmat Artikli kood 130877 Ty\u00f6korkeus korkeintaan 2,75m Ty\u00f6taso korkeus 0,75m Paino 5,9kg\" \/>\n<meta property=\"og:url\" content=\"https:\/\/shop.ucrent.ee\/fi\/toode\/tikkaat-kaiteella-1x3-askelmaa-275m-krause-monto-xl\" \/>\n<meta property=\"og:site_name\" content=\"UC Rent e-pood\" \/>\n<meta property=\"article:modified_time\" content=\"2026-04-11T13:45:19+00:00\" \/>\n<meta property=\"og:image\" content=\"https:\/\/shop.ucrent.ee\/wp-content\/uploads\/2023\/03\/Krause-treppredel-kaetoega-1x3-astete-Toppy-XL.jpg\" \/>\n\t<meta property=\"og:image:width\" content=\"653\" \/>\n\t<meta property=\"og:image:height\" content=\"1280\" \/>\n\t<meta property=\"og:image:type\" content=\"image\/jpeg\" \/>\n<meta name=\"twitter:card\" content=\"summary_large_image\" \/>\n<script type=\"application\/ld+json\" class=\"yoast-schema-graph\">{\"@context\":\"https:\/\/schema.org\",\"@graph\":[{\"@type\":\"WebPage\",\"@id\":\"https:\/\/shop.ucrent.ee\/fi\/toode\/tikkaat-kaiteella-1x3-askelmaa-275m-krause-monto-xl\",\"url\":\"https:\/\/shop.ucrent.ee\/fi\/toode\/tikkaat-kaiteella-1x3-askelmaa-275m-krause-monto-xl\",\"name\":\"Tikkaat kaiteella 1x3 askelmaa 2,75m Krause Monto XL - UC Rent e-pood\",\"isPartOf\":{\"@id\":\"https:\/\/shop.ucrent.ee\/#website\"},\"primaryImageOfPage\":{\"@id\":\"https:\/\/shop.ucrent.ee\/fi\/toode\/tikkaat-kaiteella-1x3-askelmaa-275m-krause-monto-xl#primaryimage\"},\"image\":{\"@id\":\"https:\/\/shop.ucrent.ee\/fi\/toode\/tikkaat-kaiteella-1x3-askelmaa-275m-krause-monto-xl#primaryimage\"},\"thumbnailUrl\":\"https:\/\/shop.ucrent.ee\/wp-content\/uploads\/2023\/03\/Krause-treppredel-kaetoega-1x3-astete-Toppy-XL.jpg\",\"datePublished\":\"2023-03-02T12:00:24+00:00\",\"dateModified\":\"2026-04-11T13:45:19+00:00\",\"breadcrumb\":{\"@id\":\"https:\/\/shop.ucrent.ee\/fi\/toode\/tikkaat-kaiteella-1x3-askelmaa-275m-krause-monto-xl#breadcrumb\"},\"inLanguage\":\"fi\",\"potentialAction\":[{\"@type\":\"ReadAction\",\"target\":[\"https:\/\/shop.ucrent.ee\/fi\/toode\/tikkaat-kaiteella-1x3-askelmaa-275m-krause-monto-xl\"]}]},{\"@type\":\"ImageObject\",\"inLanguage\":\"fi\",\"@id\":\"https:\/\/shop.ucrent.ee\/fi\/toode\/tikkaat-kaiteella-1x3-askelmaa-275m-krause-monto-xl#primaryimage\",\"url\":\"https:\/\/shop.ucrent.ee\/wp-content\/uploads\/2023\/03\/Krause-treppredel-kaetoega-1x3-astete-Toppy-XL.jpg\",\"contentUrl\":\"https:\/\/shop.ucrent.ee\/wp-content\/uploads\/2023\/03\/Krause-treppredel-kaetoega-1x3-astete-Toppy-XL.jpg\",\"width\":653,\"height\":1280},{\"@type\":\"BreadcrumbList\",\"@id\":\"https:\/\/shop.ucrent.ee\/fi\/toode\/tikkaat-kaiteella-1x3-askelmaa-275m-krause-monto-xl#breadcrumb\",\"itemListElement\":[{\"@type\":\"ListItem\",\"position\":1,\"name\":\"Home\",\"item\":\"https:\/\/shop.ucrent.ee\/fi\"},{\"@type\":\"ListItem\",\"position\":2,\"name\":\"K\u00f5ik tooted\",\"item\":\"https:\/\/shop.ucrent.ee\/tooted\"},{\"@type\":\"ListItem\",\"position\":3,\"name\":\"Tikkaat kaiteella 1&#215;3 askelmaa 2,75m Krause Monto XL\"}]},{\"@type\":\"WebSite\",\"@id\":\"https:\/\/shop.ucrent.ee\/#website\",\"url\":\"https:\/\/shop.ucrent.ee\/\",\"name\":\"UC Rent e-pood\",\"description\":\"\",\"potentialAction\":[{\"@type\":\"SearchAction\",\"target\":{\"@type\":\"EntryPoint\",\"urlTemplate\":\"https:\/\/shop.ucrent.ee\/?s={search_term_string}\"},\"query-input\":{\"@type\":\"PropertyValueSpecification\",\"valueRequired\":true,\"valueName\":\"search_term_string\"}}],\"inLanguage\":\"fi\"}]}<\/script>\n<!-- \/ Yoast SEO plugin. -->","yoast_head_json":{"title":"Tikkaat kaiteella 1x3 askelmaa 2,75m Krause Monto XL - UC Rent e-pood","robots":{"index":"index","follow":"follow","max-snippet":"max-snippet:-1","max-image-preview":"max-image-preview:large","max-video-preview":"max-video-preview:-1"},"canonical":"https:\/\/shop.ucrent.ee\/fi\/toode\/tikkaat-kaiteella-1x3-askelmaa-275m-krause-monto-xl","og_locale":"fi_FI","og_type":"article","og_title":"Tikkaat kaiteella 1x3 askelmaa 2,75m Krause Monto XL - UC Rent e-pood","og_description":"Kompakti ja mukava tikkaat k\u00e4sinojilla. Korkea turvatanko (600 mm) Suuret liukumattomat kumip\u00e4\u00e4llysteiset askelmat Artikli kood 130877 Ty\u00f6korkeus korkeintaan 2,75m Ty\u00f6taso korkeus 0,75m Paino 5,9kg","og_url":"https:\/\/shop.ucrent.ee\/fi\/toode\/tikkaat-kaiteella-1x3-askelmaa-275m-krause-monto-xl","og_site_name":"UC Rent e-pood","article_modified_time":"2026-04-11T13:45:19+00:00","og_image":[{"width":653,"height":1280,"url":"https:\/\/shop.ucrent.ee\/wp-content\/uploads\/2023\/03\/Krause-treppredel-kaetoega-1x3-astete-Toppy-XL.jpg","type":"image\/jpeg"}],"twitter_card":"summary_large_image","schema":{"@context":"https:\/\/schema.org","@graph":[{"@type":"WebPage","@id":"https:\/\/shop.ucrent.ee\/fi\/toode\/tikkaat-kaiteella-1x3-askelmaa-275m-krause-monto-xl","url":"https:\/\/shop.ucrent.ee\/fi\/toode\/tikkaat-kaiteella-1x3-askelmaa-275m-krause-monto-xl","name":"Tikkaat kaiteella 1x3 askelmaa 2,75m Krause Monto XL - UC Rent e-pood","isPartOf":{"@id":"https:\/\/shop.ucrent.ee\/#website"},"primaryImageOfPage":{"@id":"https:\/\/shop.ucrent.ee\/fi\/toode\/tikkaat-kaiteella-1x3-askelmaa-275m-krause-monto-xl#primaryimage"},"image":{"@id":"https:\/\/shop.ucrent.ee\/fi\/toode\/tikkaat-kaiteella-1x3-askelmaa-275m-krause-monto-xl#primaryimage"},"thumbnailUrl":"https:\/\/shop.ucrent.ee\/wp-content\/uploads\/2023\/03\/Krause-treppredel-kaetoega-1x3-astete-Toppy-XL.jpg","datePublished":"2023-03-02T12:00:24+00:00","dateModified":"2026-04-11T13:45:19+00:00","breadcrumb":{"@id":"https:\/\/shop.ucrent.ee\/fi\/toode\/tikkaat-kaiteella-1x3-askelmaa-275m-krause-monto-xl#breadcrumb"},"inLanguage":"fi","potentialAction":[{"@type":"ReadAction","target":["https:\/\/shop.ucrent.ee\/fi\/toode\/tikkaat-kaiteella-1x3-askelmaa-275m-krause-monto-xl"]}]},{"@type":"ImageObject","inLanguage":"fi","@id":"https:\/\/shop.ucrent.ee\/fi\/toode\/tikkaat-kaiteella-1x3-askelmaa-275m-krause-monto-xl#primaryimage","url":"https:\/\/shop.ucrent.ee\/wp-content\/uploads\/2023\/03\/Krause-treppredel-kaetoega-1x3-astete-Toppy-XL.jpg","contentUrl":"https:\/\/shop.ucrent.ee\/wp-content\/uploads\/2023\/03\/Krause-treppredel-kaetoega-1x3-astete-Toppy-XL.jpg","width":653,"height":1280},{"@type":"BreadcrumbList","@id":"https:\/\/shop.ucrent.ee\/fi\/toode\/tikkaat-kaiteella-1x3-askelmaa-275m-krause-monto-xl#breadcrumb","itemListElement":[{"@type":"ListItem","position":1,"name":"Home","item":"https:\/\/shop.ucrent.ee\/fi"},{"@type":"ListItem","position":2,"name":"K\u00f5ik tooted","item":"https:\/\/shop.ucrent.ee\/tooted"},{"@type":"ListItem","position":3,"name":"Tikkaat kaiteella 1&#215;3 askelmaa 2,75m Krause Monto XL"}]},{"@type":"WebSite","@id":"https:\/\/shop.ucrent.ee\/#website","url":"https:\/\/shop.ucrent.ee\/","name":"UC Rent e-pood","description":"","potentialAction":[{"@type":"SearchAction","target":{"@type":"EntryPoint","urlTemplate":"https:\/\/shop.ucrent.ee\/?s={search_term_string}"},"query-input":{"@type":"PropertyValueSpecification","valueRequired":true,"valueName":"search_term_string"}}],"inLanguage":"fi"}]}},"_links":{"self":[{"href":"https:\/\/shop.ucrent.ee\/fi\/wp-json\/wp\/v2\/product\/619065","targetHints":{"allow":["GET"]}}],"collection":[{"href":"https:\/\/shop.ucrent.ee\/fi\/wp-json\/wp\/v2\/product"}],"about":[{"href":"https:\/\/shop.ucrent.ee\/fi\/wp-json\/wp\/v2\/types\/product"}],"wp:featuredmedia":[{"embeddable":true,"href":"https:\/\/shop.ucrent.ee\/fi\/wp-json\/wp\/v2\/media\/619026"}],"wp:attachment":[{"href":"https:\/\/shop.ucrent.ee\/fi\/wp-json\/wp\/v2\/media?parent=619065"}],"wp:term":[{"taxonomy":"product_brand","embeddable":true,"href":"https:\/\/shop.ucrent.ee\/fi\/wp-json\/wp\/v2\/product_brand?post=619065"},{"taxonomy":"product_cat","embeddable":true,"href":"https:\/\/shop.ucrent.ee\/fi\/wp-json\/wp\/v2\/product_cat?post=619065"},{"taxonomy":"product_tag","embeddable":true,"href":"https:\/\/shop.ucrent.ee\/fi\/wp-json\/wp\/v2\/product_tag?post=619065"}],"curies":[{"name":"wp","href":"https:\/\/api.w.org\/{rel}","templated":true}]}}