{"id":619330,"date":"2023-03-27T10:50:05","date_gmt":"2023-03-27T07:50:05","guid":{"rendered":"https:\/\/shop.ucrent.ee\/toode\/joustopaallinen-setti-olutkalusteille-220x70cm-valkoinen"},"modified":"2026-04-09T18:02:37","modified_gmt":"2026-04-09T15:02:37","slug":"joustopaallinen-setti-olutkalusteille-220x70cm-valkoinen","status":"publish","type":"product","link":"https:\/\/shop.ucrent.ee\/fi\/toode\/joustopaallinen-setti-olutkalusteille-220x70cm-valkoinen","title":{"rendered":"Joustop\u00e4\u00e4llinen setti olutkalusteille 220x70cm, valkoinen"},"content":{"rendered":"<p>Joustop\u00e4\u00e4lliset 220x70cm oluthuonekaluihin.<br \/>\nSarjassa: 1x p\u00f6yt\u00e4liina ja 2x penkinp\u00e4\u00e4llinen<br \/>\nV\u00e4ri valkoinen<br \/>\nMateriaali: 90 % polyesteri\u00e4 ja 10 % elastaania, konepest\u00e4v\u00e4 40\u00b0C asti, ei vaadi silityst\u00e4<\/p>\n","protected":false},"excerpt":{"rendered":"Joustop\u00e4\u00e4lliset 220x70cm oluthuonekaluihin. Sarjassa: 1x p\u00f6yt\u00e4liina ja 2x penkinp\u00e4\u00e4llinen V\u00e4ri valkoinen Materiaali: 90 % polyesteri\u00e4 ja 10 % elastaania, konepest\u00e4v\u00e4 40\u00b0C asti, ei vaadi silityst\u00e4","protected":false},"featured_media":618831,"template":"","meta":{"_acf_changed":false},"product_brand":[],"product_cat":[832],"product_tag":[],"class_list":{"0":"post-619330","1":"product","2":"type-product","3":"status-publish","4":"has-post-thumbnail","6":"product_cat-poydan-ja-tuolin-paalliset","8":"first","9":"instock","10":"taxable","11":"shipping-taxable","12":"purchasable","13":"product-type-simple"},"acf":[],"yoast_head":"<!-- This site is optimized with the Yoast SEO plugin v27.0 - https:\/\/yoast.com\/product\/yoast-seo-wordpress\/ -->\n<title>Joustop\u00e4\u00e4llinen setti olutkalusteille 220x70cm, valkoinen - UC Rent e-pood<\/title>\n<meta name=\"robots\" content=\"index, follow, max-snippet:-1, max-image-preview:large, max-video-preview:-1\" \/>\n<link rel=\"canonical\" href=\"https:\/\/shop.ucrent.ee\/fi\/toode\/joustopaallinen-setti-olutkalusteille-220x70cm-valkoinen\" \/>\n<meta property=\"og:locale\" content=\"fi_FI\" \/>\n<meta property=\"og:type\" content=\"article\" \/>\n<meta property=\"og:title\" content=\"Joustop\u00e4\u00e4llinen setti olutkalusteille 220x70cm, valkoinen - UC Rent e-pood\" \/>\n<meta property=\"og:description\" content=\"Joustop\u00e4\u00e4lliset 220x70cm oluthuonekaluihin. Sarjassa: 1x p\u00f6yt\u00e4liina ja 2x penkinp\u00e4\u00e4llinen V\u00e4ri valkoinen Materiaali: 90 % polyesteri\u00e4 ja 10 % elastaania, konepest\u00e4v\u00e4 40\u00b0C asti, ei vaadi silityst\u00e4\" \/>\n<meta property=\"og:url\" content=\"https:\/\/shop.ucrent.ee\/fi\/toode\/joustopaallinen-setti-olutkalusteille-220x70cm-valkoinen\" \/>\n<meta property=\"og:site_name\" content=\"UC Rent e-pood\" \/>\n<meta property=\"article:modified_time\" content=\"2026-04-09T15:02:37+00:00\" \/>\n<meta property=\"og:image\" content=\"https:\/\/shop.ucrent.ee\/wp-content\/uploads\/2023\/02\/Ollemooblikomplekti-strechkate-valge.jpg\" \/>\n\t<meta property=\"og:image:width\" content=\"1019\" \/>\n\t<meta property=\"og:image:height\" content=\"895\" \/>\n\t<meta property=\"og:image:type\" content=\"image\/jpeg\" \/>\n<meta name=\"twitter:card\" content=\"summary_large_image\" \/>\n<script type=\"application\/ld+json\" class=\"yoast-schema-graph\">{\"@context\":\"https:\/\/schema.org\",\"@graph\":[{\"@type\":\"WebPage\",\"@id\":\"https:\/\/shop.ucrent.ee\/fi\/toode\/joustopaallinen-setti-olutkalusteille-220x70cm-valkoinen\",\"url\":\"https:\/\/shop.ucrent.ee\/fi\/toode\/joustopaallinen-setti-olutkalusteille-220x70cm-valkoinen\",\"name\":\"Joustop\u00e4\u00e4llinen setti olutkalusteille 220x70cm, valkoinen - UC Rent e-pood\",\"isPartOf\":{\"@id\":\"https:\/\/shop.ucrent.ee\/#website\"},\"primaryImageOfPage\":{\"@id\":\"https:\/\/shop.ucrent.ee\/fi\/toode\/joustopaallinen-setti-olutkalusteille-220x70cm-valkoinen#primaryimage\"},\"image\":{\"@id\":\"https:\/\/shop.ucrent.ee\/fi\/toode\/joustopaallinen-setti-olutkalusteille-220x70cm-valkoinen#primaryimage\"},\"thumbnailUrl\":\"https:\/\/shop.ucrent.ee\/wp-content\/uploads\/2023\/02\/Ollemooblikomplekti-strechkate-valge.jpg\",\"datePublished\":\"2023-03-27T07:50:05+00:00\",\"dateModified\":\"2026-04-09T15:02:37+00:00\",\"breadcrumb\":{\"@id\":\"https:\/\/shop.ucrent.ee\/fi\/toode\/joustopaallinen-setti-olutkalusteille-220x70cm-valkoinen#breadcrumb\"},\"inLanguage\":\"fi\",\"potentialAction\":[{\"@type\":\"ReadAction\",\"target\":[\"https:\/\/shop.ucrent.ee\/fi\/toode\/joustopaallinen-setti-olutkalusteille-220x70cm-valkoinen\"]}]},{\"@type\":\"ImageObject\",\"inLanguage\":\"fi\",\"@id\":\"https:\/\/shop.ucrent.ee\/fi\/toode\/joustopaallinen-setti-olutkalusteille-220x70cm-valkoinen#primaryimage\",\"url\":\"https:\/\/shop.ucrent.ee\/wp-content\/uploads\/2023\/02\/Ollemooblikomplekti-strechkate-valge.jpg\",\"contentUrl\":\"https:\/\/shop.ucrent.ee\/wp-content\/uploads\/2023\/02\/Ollemooblikomplekti-strechkate-valge.jpg\",\"width\":1019,\"height\":895},{\"@type\":\"BreadcrumbList\",\"@id\":\"https:\/\/shop.ucrent.ee\/fi\/toode\/joustopaallinen-setti-olutkalusteille-220x70cm-valkoinen#breadcrumb\",\"itemListElement\":[{\"@type\":\"ListItem\",\"position\":1,\"name\":\"Home\",\"item\":\"https:\/\/shop.ucrent.ee\/fi\"},{\"@type\":\"ListItem\",\"position\":2,\"name\":\"K\u00f5ik tooted\",\"item\":\"https:\/\/shop.ucrent.ee\/tooted\"},{\"@type\":\"ListItem\",\"position\":3,\"name\":\"Joustop\u00e4\u00e4llinen setti olutkalusteille 220x70cm, valkoinen\"}]},{\"@type\":\"WebSite\",\"@id\":\"https:\/\/shop.ucrent.ee\/#website\",\"url\":\"https:\/\/shop.ucrent.ee\/\",\"name\":\"UC Rent e-pood\",\"description\":\"\",\"potentialAction\":[{\"@type\":\"SearchAction\",\"target\":{\"@type\":\"EntryPoint\",\"urlTemplate\":\"https:\/\/shop.ucrent.ee\/?s={search_term_string}\"},\"query-input\":{\"@type\":\"PropertyValueSpecification\",\"valueRequired\":true,\"valueName\":\"search_term_string\"}}],\"inLanguage\":\"fi\"}]}<\/script>\n<!-- \/ Yoast SEO plugin. -->","yoast_head_json":{"title":"Joustop\u00e4\u00e4llinen setti olutkalusteille 220x70cm, valkoinen - UC Rent e-pood","robots":{"index":"index","follow":"follow","max-snippet":"max-snippet:-1","max-image-preview":"max-image-preview:large","max-video-preview":"max-video-preview:-1"},"canonical":"https:\/\/shop.ucrent.ee\/fi\/toode\/joustopaallinen-setti-olutkalusteille-220x70cm-valkoinen","og_locale":"fi_FI","og_type":"article","og_title":"Joustop\u00e4\u00e4llinen setti olutkalusteille 220x70cm, valkoinen - UC Rent e-pood","og_description":"Joustop\u00e4\u00e4lliset 220x70cm oluthuonekaluihin. Sarjassa: 1x p\u00f6yt\u00e4liina ja 2x penkinp\u00e4\u00e4llinen V\u00e4ri valkoinen Materiaali: 90 % polyesteri\u00e4 ja 10 % elastaania, konepest\u00e4v\u00e4 40\u00b0C asti, ei vaadi silityst\u00e4","og_url":"https:\/\/shop.ucrent.ee\/fi\/toode\/joustopaallinen-setti-olutkalusteille-220x70cm-valkoinen","og_site_name":"UC Rent e-pood","article_modified_time":"2026-04-09T15:02:37+00:00","og_image":[{"width":1019,"height":895,"url":"https:\/\/shop.ucrent.ee\/wp-content\/uploads\/2023\/02\/Ollemooblikomplekti-strechkate-valge.jpg","type":"image\/jpeg"}],"twitter_card":"summary_large_image","schema":{"@context":"https:\/\/schema.org","@graph":[{"@type":"WebPage","@id":"https:\/\/shop.ucrent.ee\/fi\/toode\/joustopaallinen-setti-olutkalusteille-220x70cm-valkoinen","url":"https:\/\/shop.ucrent.ee\/fi\/toode\/joustopaallinen-setti-olutkalusteille-220x70cm-valkoinen","name":"Joustop\u00e4\u00e4llinen setti olutkalusteille 220x70cm, valkoinen - UC Rent e-pood","isPartOf":{"@id":"https:\/\/shop.ucrent.ee\/#website"},"primaryImageOfPage":{"@id":"https:\/\/shop.ucrent.ee\/fi\/toode\/joustopaallinen-setti-olutkalusteille-220x70cm-valkoinen#primaryimage"},"image":{"@id":"https:\/\/shop.ucrent.ee\/fi\/toode\/joustopaallinen-setti-olutkalusteille-220x70cm-valkoinen#primaryimage"},"thumbnailUrl":"https:\/\/shop.ucrent.ee\/wp-content\/uploads\/2023\/02\/Ollemooblikomplekti-strechkate-valge.jpg","datePublished":"2023-03-27T07:50:05+00:00","dateModified":"2026-04-09T15:02:37+00:00","breadcrumb":{"@id":"https:\/\/shop.ucrent.ee\/fi\/toode\/joustopaallinen-setti-olutkalusteille-220x70cm-valkoinen#breadcrumb"},"inLanguage":"fi","potentialAction":[{"@type":"ReadAction","target":["https:\/\/shop.ucrent.ee\/fi\/toode\/joustopaallinen-setti-olutkalusteille-220x70cm-valkoinen"]}]},{"@type":"ImageObject","inLanguage":"fi","@id":"https:\/\/shop.ucrent.ee\/fi\/toode\/joustopaallinen-setti-olutkalusteille-220x70cm-valkoinen#primaryimage","url":"https:\/\/shop.ucrent.ee\/wp-content\/uploads\/2023\/02\/Ollemooblikomplekti-strechkate-valge.jpg","contentUrl":"https:\/\/shop.ucrent.ee\/wp-content\/uploads\/2023\/02\/Ollemooblikomplekti-strechkate-valge.jpg","width":1019,"height":895},{"@type":"BreadcrumbList","@id":"https:\/\/shop.ucrent.ee\/fi\/toode\/joustopaallinen-setti-olutkalusteille-220x70cm-valkoinen#breadcrumb","itemListElement":[{"@type":"ListItem","position":1,"name":"Home","item":"https:\/\/shop.ucrent.ee\/fi"},{"@type":"ListItem","position":2,"name":"K\u00f5ik tooted","item":"https:\/\/shop.ucrent.ee\/tooted"},{"@type":"ListItem","position":3,"name":"Joustop\u00e4\u00e4llinen setti olutkalusteille 220x70cm, valkoinen"}]},{"@type":"WebSite","@id":"https:\/\/shop.ucrent.ee\/#website","url":"https:\/\/shop.ucrent.ee\/","name":"UC Rent e-pood","description":"","potentialAction":[{"@type":"SearchAction","target":{"@type":"EntryPoint","urlTemplate":"https:\/\/shop.ucrent.ee\/?s={search_term_string}"},"query-input":{"@type":"PropertyValueSpecification","valueRequired":true,"valueName":"search_term_string"}}],"inLanguage":"fi"}]}},"_links":{"self":[{"href":"https:\/\/shop.ucrent.ee\/fi\/wp-json\/wp\/v2\/product\/619330","targetHints":{"allow":["GET"]}}],"collection":[{"href":"https:\/\/shop.ucrent.ee\/fi\/wp-json\/wp\/v2\/product"}],"about":[{"href":"https:\/\/shop.ucrent.ee\/fi\/wp-json\/wp\/v2\/types\/product"}],"wp:featuredmedia":[{"embeddable":true,"href":"https:\/\/shop.ucrent.ee\/fi\/wp-json\/wp\/v2\/media\/618831"}],"wp:attachment":[{"href":"https:\/\/shop.ucrent.ee\/fi\/wp-json\/wp\/v2\/media?parent=619330"}],"wp:term":[{"taxonomy":"product_brand","embeddable":true,"href":"https:\/\/shop.ucrent.ee\/fi\/wp-json\/wp\/v2\/product_brand?post=619330"},{"taxonomy":"product_cat","embeddable":true,"href":"https:\/\/shop.ucrent.ee\/fi\/wp-json\/wp\/v2\/product_cat?post=619330"},{"taxonomy":"product_tag","embeddable":true,"href":"https:\/\/shop.ucrent.ee\/fi\/wp-json\/wp\/v2\/product_tag?post=619330"}],"curies":[{"name":"wp","href":"https:\/\/api.w.org\/{rel}","templated":true}]}}