{"id":619668,"date":"2023-04-10T13:45:39","date_gmt":"2023-04-10T10:45:39","guid":{"rendered":"https:\/\/shop.ucrent.ee\/toode\/puutarhapaviljonki-sunset-deluxe-3x3m-polykarbonaatti-8mm-samppanja"},"modified":"2026-04-09T18:00:26","modified_gmt":"2026-04-09T15:00:26","slug":"puutarhapaviljonki-sunset-deluxe-3x3m-polykarbonaatti-8mm-samppanja","status":"publish","type":"product","link":"https:\/\/shop.ucrent.ee\/fi\/toode\/puutarhapaviljonki-sunset-deluxe-3x3m-polykarbonaatti-8mm-samppanja","title":{"rendered":"Puutarhapaviljonki Sunset Deluxe 3x3m, polykarbonaatti 8mm, samppanja"},"content":{"rendered":"<p>Viet\u00e4 kauniita hetki\u00e4 puutarhassa ja luo oma hyvinvoinnin keidas.<br \/>\nSunset Deluxe puutarhapaviljonki ansaitsee pysyv\u00e4n paikan puutarhassa, eik\u00e4 vain modernin muotoilunsa vuoksi, vaan siksi, ett\u00e4 se sopii t\u00e4ydellisesti mihin tahansa puutarhaan. Vakaan jauhemaalatun alumiinirakenteen ja korkealaatuisten polykarbonaattikattopaneelien yhdistelm\u00e4 mahdollistaa parhaan mahdollisen tyylin ja kest\u00e4vyyden yhdistelm\u00e4n.<br \/>\nKankaan v\u00e4ri: samppanja<br \/>\nRakenteen v\u00e4ri: grafiitti<br \/>\nPulverimaalattu alumiinirakenne<br \/>\nKatto 100 % vedenpit\u00e4v\u00e4, 8 mm paksut s\u00e4\u00e4nkest\u00e4v\u00e4t polykarbonaattipaneelit<br \/>\nSein\u00e4t 100 % vedenpit\u00e4v\u00e4\u00e4 polyesterikangasta 180g\/m2 lis\u00e4tyll\u00e4 PU-pinnoitteella<br \/>\nKorkea UV-suojakerroin 50+.<br \/>\nSarja sis\u00e4lt\u00e4\u00e4 rungon, katon ja sivusein\u00e4t.<\/p>\n","protected":false},"excerpt":{"rendered":"Viet\u00e4 kauniita hetki\u00e4 puutarhassa ja luo oma hyvinvoinnin keidas. Sunset Deluxe puutarhapaviljonki ansaitsee pysyv\u00e4n paikan puutarhassa, eik\u00e4 vain modernin muotoilunsa vuoksi, vaan siksi, ett\u00e4 se sopii t\u00e4ydellisesti mihin tahansa puutarhaan. Vakaan jauhemaalatun alumiinirakenteen ja korkealaatuisten polykarbonaattikattopaneelien yhdistelm\u00e4 mahdollistaa parhaan mahdollisen tyylin ja kest\u00e4vyyden yhdistelm\u00e4n. Kankaan v\u00e4ri: samppanja Rakenteen v\u00e4ri: grafiitti Pulverimaalattu alumiinirakenne Katto 100 %&#8230; <a class=\"view-article\" href=\"https:\/\/shop.ucrent.ee\/fi\/toode\/puutarhapaviljonki-sunset-deluxe-3x3m-polykarbonaatti-8mm-samppanja\">View Article<\/a>","protected":false},"featured_media":619637,"template":"","meta":{"_acf_changed":false},"product_brand":[],"product_cat":[820],"product_tag":[],"class_list":{"0":"post-619668","1":"product","2":"type-product","3":"status-publish","4":"has-post-thumbnail","6":"product_cat-aiapaviljonid_fi","8":"first","9":"instock","10":"sale","11":"taxable","12":"shipping-taxable","13":"purchasable","14":"product-type-simple"},"acf":[],"yoast_head":"<!-- This site is optimized with the Yoast SEO plugin v27.0 - https:\/\/yoast.com\/product\/yoast-seo-wordpress\/ -->\n<title>Puutarhapaviljonki Sunset Deluxe 3x3m, polykarbonaatti 8mm, samppanja - UC Rent e-pood<\/title>\n<meta name=\"robots\" content=\"index, follow, max-snippet:-1, max-image-preview:large, max-video-preview:-1\" \/>\n<link rel=\"canonical\" href=\"https:\/\/shop.ucrent.ee\/fi\/toode\/puutarhapaviljonki-sunset-deluxe-3x3m-polykarbonaatti-8mm-samppanja\" \/>\n<meta property=\"og:locale\" content=\"fi_FI\" \/>\n<meta property=\"og:type\" content=\"article\" \/>\n<meta property=\"og:title\" content=\"Puutarhapaviljonki Sunset Deluxe 3x3m, polykarbonaatti 8mm, samppanja - UC Rent e-pood\" \/>\n<meta property=\"og:description\" content=\"Viet\u00e4 kauniita hetki\u00e4 puutarhassa ja luo oma hyvinvoinnin keidas. Sunset Deluxe puutarhapaviljonki ansaitsee pysyv\u00e4n paikan puutarhassa, eik\u00e4 vain modernin muotoilunsa vuoksi, vaan siksi, ett\u00e4 se sopii t\u00e4ydellisesti mihin tahansa puutarhaan. Vakaan jauhemaalatun alumiinirakenteen ja korkealaatuisten polykarbonaattikattopaneelien yhdistelm\u00e4 mahdollistaa parhaan mahdollisen tyylin ja kest\u00e4vyyden yhdistelm\u00e4n. Kankaan v\u00e4ri: samppanja Rakenteen v\u00e4ri: grafiitti Pulverimaalattu alumiinirakenne Katto 100 %... View Article\" \/>\n<meta property=\"og:url\" content=\"https:\/\/shop.ucrent.ee\/fi\/toode\/puutarhapaviljonki-sunset-deluxe-3x3m-polykarbonaatti-8mm-samppanja\" \/>\n<meta property=\"og:site_name\" content=\"UC Rent e-pood\" \/>\n<meta property=\"article:modified_time\" content=\"2026-04-09T15:00:26+00:00\" \/>\n<meta property=\"og:image\" content=\"https:\/\/shop.ucrent.ee\/wp-content\/uploads\/2023\/04\/Aiapaviljon-3x3m-shampanja-Polu-300166.jpg\" \/>\n\t<meta property=\"og:image:width\" content=\"679\" \/>\n\t<meta property=\"og:image:height\" content=\"486\" \/>\n\t<meta property=\"og:image:type\" content=\"image\/jpeg\" \/>\n<meta name=\"twitter:card\" content=\"summary_large_image\" \/>\n<script type=\"application\/ld+json\" class=\"yoast-schema-graph\">{\"@context\":\"https:\/\/schema.org\",\"@graph\":[{\"@type\":\"WebPage\",\"@id\":\"https:\/\/shop.ucrent.ee\/fi\/toode\/puutarhapaviljonki-sunset-deluxe-3x3m-polykarbonaatti-8mm-samppanja\",\"url\":\"https:\/\/shop.ucrent.ee\/fi\/toode\/puutarhapaviljonki-sunset-deluxe-3x3m-polykarbonaatti-8mm-samppanja\",\"name\":\"Puutarhapaviljonki Sunset Deluxe 3x3m, polykarbonaatti 8mm, samppanja - UC Rent e-pood\",\"isPartOf\":{\"@id\":\"https:\/\/shop.ucrent.ee\/#website\"},\"primaryImageOfPage\":{\"@id\":\"https:\/\/shop.ucrent.ee\/fi\/toode\/puutarhapaviljonki-sunset-deluxe-3x3m-polykarbonaatti-8mm-samppanja#primaryimage\"},\"image\":{\"@id\":\"https:\/\/shop.ucrent.ee\/fi\/toode\/puutarhapaviljonki-sunset-deluxe-3x3m-polykarbonaatti-8mm-samppanja#primaryimage\"},\"thumbnailUrl\":\"https:\/\/shop.ucrent.ee\/wp-content\/uploads\/2023\/04\/Aiapaviljon-3x3m-shampanja-Polu-300166.jpg\",\"datePublished\":\"2023-04-10T10:45:39+00:00\",\"dateModified\":\"2026-04-09T15:00:26+00:00\",\"breadcrumb\":{\"@id\":\"https:\/\/shop.ucrent.ee\/fi\/toode\/puutarhapaviljonki-sunset-deluxe-3x3m-polykarbonaatti-8mm-samppanja#breadcrumb\"},\"inLanguage\":\"fi\",\"potentialAction\":[{\"@type\":\"ReadAction\",\"target\":[\"https:\/\/shop.ucrent.ee\/fi\/toode\/puutarhapaviljonki-sunset-deluxe-3x3m-polykarbonaatti-8mm-samppanja\"]}]},{\"@type\":\"ImageObject\",\"inLanguage\":\"fi\",\"@id\":\"https:\/\/shop.ucrent.ee\/fi\/toode\/puutarhapaviljonki-sunset-deluxe-3x3m-polykarbonaatti-8mm-samppanja#primaryimage\",\"url\":\"https:\/\/shop.ucrent.ee\/wp-content\/uploads\/2023\/04\/Aiapaviljon-3x3m-shampanja-Polu-300166.jpg\",\"contentUrl\":\"https:\/\/shop.ucrent.ee\/wp-content\/uploads\/2023\/04\/Aiapaviljon-3x3m-shampanja-Polu-300166.jpg\",\"width\":679,\"height\":486},{\"@type\":\"BreadcrumbList\",\"@id\":\"https:\/\/shop.ucrent.ee\/fi\/toode\/puutarhapaviljonki-sunset-deluxe-3x3m-polykarbonaatti-8mm-samppanja#breadcrumb\",\"itemListElement\":[{\"@type\":\"ListItem\",\"position\":1,\"name\":\"Home\",\"item\":\"https:\/\/shop.ucrent.ee\/fi\"},{\"@type\":\"ListItem\",\"position\":2,\"name\":\"K\u00f5ik tooted\",\"item\":\"https:\/\/shop.ucrent.ee\/tooted\"},{\"@type\":\"ListItem\",\"position\":3,\"name\":\"Puutarhapaviljonki Sunset Deluxe 3x3m, polykarbonaatti 8mm, samppanja\"}]},{\"@type\":\"WebSite\",\"@id\":\"https:\/\/shop.ucrent.ee\/#website\",\"url\":\"https:\/\/shop.ucrent.ee\/\",\"name\":\"UC Rent e-pood\",\"description\":\"\",\"potentialAction\":[{\"@type\":\"SearchAction\",\"target\":{\"@type\":\"EntryPoint\",\"urlTemplate\":\"https:\/\/shop.ucrent.ee\/?s={search_term_string}\"},\"query-input\":{\"@type\":\"PropertyValueSpecification\",\"valueRequired\":true,\"valueName\":\"search_term_string\"}}],\"inLanguage\":\"fi\"}]}<\/script>\n<!-- \/ Yoast SEO plugin. -->","yoast_head_json":{"title":"Puutarhapaviljonki Sunset Deluxe 3x3m, polykarbonaatti 8mm, samppanja - UC Rent e-pood","robots":{"index":"index","follow":"follow","max-snippet":"max-snippet:-1","max-image-preview":"max-image-preview:large","max-video-preview":"max-video-preview:-1"},"canonical":"https:\/\/shop.ucrent.ee\/fi\/toode\/puutarhapaviljonki-sunset-deluxe-3x3m-polykarbonaatti-8mm-samppanja","og_locale":"fi_FI","og_type":"article","og_title":"Puutarhapaviljonki Sunset Deluxe 3x3m, polykarbonaatti 8mm, samppanja - UC Rent e-pood","og_description":"Viet\u00e4 kauniita hetki\u00e4 puutarhassa ja luo oma hyvinvoinnin keidas. Sunset Deluxe puutarhapaviljonki ansaitsee pysyv\u00e4n paikan puutarhassa, eik\u00e4 vain modernin muotoilunsa vuoksi, vaan siksi, ett\u00e4 se sopii t\u00e4ydellisesti mihin tahansa puutarhaan. Vakaan jauhemaalatun alumiinirakenteen ja korkealaatuisten polykarbonaattikattopaneelien yhdistelm\u00e4 mahdollistaa parhaan mahdollisen tyylin ja kest\u00e4vyyden yhdistelm\u00e4n. Kankaan v\u00e4ri: samppanja Rakenteen v\u00e4ri: grafiitti Pulverimaalattu alumiinirakenne Katto 100 %... View Article","og_url":"https:\/\/shop.ucrent.ee\/fi\/toode\/puutarhapaviljonki-sunset-deluxe-3x3m-polykarbonaatti-8mm-samppanja","og_site_name":"UC Rent e-pood","article_modified_time":"2026-04-09T15:00:26+00:00","og_image":[{"width":679,"height":486,"url":"https:\/\/shop.ucrent.ee\/wp-content\/uploads\/2023\/04\/Aiapaviljon-3x3m-shampanja-Polu-300166.jpg","type":"image\/jpeg"}],"twitter_card":"summary_large_image","schema":{"@context":"https:\/\/schema.org","@graph":[{"@type":"WebPage","@id":"https:\/\/shop.ucrent.ee\/fi\/toode\/puutarhapaviljonki-sunset-deluxe-3x3m-polykarbonaatti-8mm-samppanja","url":"https:\/\/shop.ucrent.ee\/fi\/toode\/puutarhapaviljonki-sunset-deluxe-3x3m-polykarbonaatti-8mm-samppanja","name":"Puutarhapaviljonki Sunset Deluxe 3x3m, polykarbonaatti 8mm, samppanja - UC Rent e-pood","isPartOf":{"@id":"https:\/\/shop.ucrent.ee\/#website"},"primaryImageOfPage":{"@id":"https:\/\/shop.ucrent.ee\/fi\/toode\/puutarhapaviljonki-sunset-deluxe-3x3m-polykarbonaatti-8mm-samppanja#primaryimage"},"image":{"@id":"https:\/\/shop.ucrent.ee\/fi\/toode\/puutarhapaviljonki-sunset-deluxe-3x3m-polykarbonaatti-8mm-samppanja#primaryimage"},"thumbnailUrl":"https:\/\/shop.ucrent.ee\/wp-content\/uploads\/2023\/04\/Aiapaviljon-3x3m-shampanja-Polu-300166.jpg","datePublished":"2023-04-10T10:45:39+00:00","dateModified":"2026-04-09T15:00:26+00:00","breadcrumb":{"@id":"https:\/\/shop.ucrent.ee\/fi\/toode\/puutarhapaviljonki-sunset-deluxe-3x3m-polykarbonaatti-8mm-samppanja#breadcrumb"},"inLanguage":"fi","potentialAction":[{"@type":"ReadAction","target":["https:\/\/shop.ucrent.ee\/fi\/toode\/puutarhapaviljonki-sunset-deluxe-3x3m-polykarbonaatti-8mm-samppanja"]}]},{"@type":"ImageObject","inLanguage":"fi","@id":"https:\/\/shop.ucrent.ee\/fi\/toode\/puutarhapaviljonki-sunset-deluxe-3x3m-polykarbonaatti-8mm-samppanja#primaryimage","url":"https:\/\/shop.ucrent.ee\/wp-content\/uploads\/2023\/04\/Aiapaviljon-3x3m-shampanja-Polu-300166.jpg","contentUrl":"https:\/\/shop.ucrent.ee\/wp-content\/uploads\/2023\/04\/Aiapaviljon-3x3m-shampanja-Polu-300166.jpg","width":679,"height":486},{"@type":"BreadcrumbList","@id":"https:\/\/shop.ucrent.ee\/fi\/toode\/puutarhapaviljonki-sunset-deluxe-3x3m-polykarbonaatti-8mm-samppanja#breadcrumb","itemListElement":[{"@type":"ListItem","position":1,"name":"Home","item":"https:\/\/shop.ucrent.ee\/fi"},{"@type":"ListItem","position":2,"name":"K\u00f5ik tooted","item":"https:\/\/shop.ucrent.ee\/tooted"},{"@type":"ListItem","position":3,"name":"Puutarhapaviljonki Sunset Deluxe 3x3m, polykarbonaatti 8mm, samppanja"}]},{"@type":"WebSite","@id":"https:\/\/shop.ucrent.ee\/#website","url":"https:\/\/shop.ucrent.ee\/","name":"UC Rent e-pood","description":"","potentialAction":[{"@type":"SearchAction","target":{"@type":"EntryPoint","urlTemplate":"https:\/\/shop.ucrent.ee\/?s={search_term_string}"},"query-input":{"@type":"PropertyValueSpecification","valueRequired":true,"valueName":"search_term_string"}}],"inLanguage":"fi"}]}},"_links":{"self":[{"href":"https:\/\/shop.ucrent.ee\/fi\/wp-json\/wp\/v2\/product\/619668","targetHints":{"allow":["GET"]}}],"collection":[{"href":"https:\/\/shop.ucrent.ee\/fi\/wp-json\/wp\/v2\/product"}],"about":[{"href":"https:\/\/shop.ucrent.ee\/fi\/wp-json\/wp\/v2\/types\/product"}],"wp:featuredmedia":[{"embeddable":true,"href":"https:\/\/shop.ucrent.ee\/fi\/wp-json\/wp\/v2\/media\/619637"}],"wp:attachment":[{"href":"https:\/\/shop.ucrent.ee\/fi\/wp-json\/wp\/v2\/media?parent=619668"}],"wp:term":[{"taxonomy":"product_brand","embeddable":true,"href":"https:\/\/shop.ucrent.ee\/fi\/wp-json\/wp\/v2\/product_brand?post=619668"},{"taxonomy":"product_cat","embeddable":true,"href":"https:\/\/shop.ucrent.ee\/fi\/wp-json\/wp\/v2\/product_cat?post=619668"},{"taxonomy":"product_tag","embeddable":true,"href":"https:\/\/shop.ucrent.ee\/fi\/wp-json\/wp\/v2\/product_tag?post=619668"}],"curies":[{"name":"wp","href":"https:\/\/api.w.org\/{rel}","templated":true}]}}