{"id":619708,"date":"2023-04-10T14:00:39","date_gmt":"2023-04-10T11:00:39","guid":{"rendered":"https:\/\/shop.ucrent.ee\/toode\/puutarhapaviljonki-rendezvous-deluxe-3x3m-polykarbonaatti-6mm-cappuccino"},"modified":"2026-04-09T18:00:26","modified_gmt":"2026-04-09T15:00:26","slug":"puutarhapaviljonki-rendezvous-deluxe-3x3m-polykarbonaatti-6mm-cappuccino","status":"publish","type":"product","link":"https:\/\/shop.ucrent.ee\/fi\/toode\/puutarhapaviljonki-rendezvous-deluxe-3x3m-polykarbonaatti-6mm-cappuccino","title":{"rendered":"Puutarhapaviljonki Rendezvous Deluxe 3x3m, polykarbonaatti 6mm, cappuccino"},"content":{"rendered":"<p>Viet\u00e4 kauniita hetki\u00e4 puutarhassa ja luo oma hyvinvoinnin keidas.<br \/>\nRendezvous Deluxe puutarhapaviljonki ansaitsee pysyv\u00e4n paikan puutarhassa, eik\u00e4 vain modernin muotoilunsa vuoksi, vaan siksi, ett\u00e4 se sopii t\u00e4ydellisesti mihin tahansa puutarhaan. Vakaan jauhemaalatun alumiinirakenteen ja korkealaatuisten polykarbonaattikattopaneelien yhdistelm\u00e4 mahdollistaa parhaan mahdollisen tyylin ja kest\u00e4vyyden yhdistelm\u00e4n.<br \/>\nKankaan v\u00e4ri: cappuccino<br \/>\nRakenteen v\u00e4ri: antrasiitti<br \/>\nPulverimaalattu alumiinirakenne<br \/>\nKatto 100 % vedenpit\u00e4v\u00e4, 6 mm paksut s\u00e4\u00e4nkest\u00e4v\u00e4t polykarbonaattipaneelit<br \/>\nSein\u00e4t 100 % vedenpit\u00e4v\u00e4\u00e4 polyesterikangasta 160g\/m2 lis\u00e4tyll\u00e4 PU-pinnoitteella<br \/>\nKorkea UV-suojakerroin 50+.<br \/>\nSarja sis\u00e4lt\u00e4\u00e4 rungon, katon ja sivusein\u00e4t.<\/p>\n","protected":false},"excerpt":{"rendered":"Viet\u00e4 kauniita hetki\u00e4 puutarhassa ja luo oma hyvinvoinnin keidas. Rendezvous Deluxe puutarhapaviljonki ansaitsee pysyv\u00e4n paikan puutarhassa, eik\u00e4 vain modernin muotoilunsa vuoksi, vaan siksi, ett\u00e4 se sopii t\u00e4ydellisesti mihin tahansa puutarhaan. Vakaan jauhemaalatun alumiinirakenteen ja korkealaatuisten polykarbonaattikattopaneelien yhdistelm\u00e4 mahdollistaa parhaan mahdollisen tyylin ja kest\u00e4vyyden yhdistelm\u00e4n. Kankaan v\u00e4ri: cappuccino Rakenteen v\u00e4ri: antrasiitti Pulverimaalattu alumiinirakenne Katto 100 %&#8230; <a class=\"view-article\" href=\"https:\/\/shop.ucrent.ee\/fi\/toode\/puutarhapaviljonki-rendezvous-deluxe-3x3m-polykarbonaatti-6mm-cappuccino\">View Article<\/a>","protected":false},"featured_media":619697,"template":"","meta":{"_acf_changed":false},"product_brand":[],"product_cat":[820],"product_tag":[],"class_list":{"0":"post-619708","1":"product","2":"type-product","3":"status-publish","4":"has-post-thumbnail","6":"product_cat-aiapaviljonid_fi","8":"first","9":"instock","10":"sale","11":"taxable","12":"shipping-taxable","13":"purchasable","14":"product-type-simple"},"acf":[],"yoast_head":"<!-- This site is optimized with the Yoast SEO plugin v27.0 - https:\/\/yoast.com\/product\/yoast-seo-wordpress\/ -->\n<title>Puutarhapaviljonki Rendezvous Deluxe 3x3m, polykarbonaatti 6mm, cappuccino - UC Rent e-pood<\/title>\n<meta name=\"robots\" content=\"index, follow, max-snippet:-1, max-image-preview:large, max-video-preview:-1\" \/>\n<link rel=\"canonical\" href=\"https:\/\/shop.ucrent.ee\/fi\/toode\/puutarhapaviljonki-rendezvous-deluxe-3x3m-polykarbonaatti-6mm-cappuccino\" \/>\n<meta property=\"og:locale\" content=\"fi_FI\" \/>\n<meta property=\"og:type\" content=\"article\" \/>\n<meta property=\"og:title\" content=\"Puutarhapaviljonki Rendezvous Deluxe 3x3m, polykarbonaatti 6mm, cappuccino - UC Rent e-pood\" \/>\n<meta property=\"og:description\" content=\"Viet\u00e4 kauniita hetki\u00e4 puutarhassa ja luo oma hyvinvoinnin keidas. Rendezvous Deluxe puutarhapaviljonki ansaitsee pysyv\u00e4n paikan puutarhassa, eik\u00e4 vain modernin muotoilunsa vuoksi, vaan siksi, ett\u00e4 se sopii t\u00e4ydellisesti mihin tahansa puutarhaan. Vakaan jauhemaalatun alumiinirakenteen ja korkealaatuisten polykarbonaattikattopaneelien yhdistelm\u00e4 mahdollistaa parhaan mahdollisen tyylin ja kest\u00e4vyyden yhdistelm\u00e4n. Kankaan v\u00e4ri: cappuccino Rakenteen v\u00e4ri: antrasiitti Pulverimaalattu alumiinirakenne Katto 100 %... View Article\" \/>\n<meta property=\"og:url\" content=\"https:\/\/shop.ucrent.ee\/fi\/toode\/puutarhapaviljonki-rendezvous-deluxe-3x3m-polykarbonaatti-6mm-cappuccino\" \/>\n<meta property=\"og:site_name\" content=\"UC Rent e-pood\" \/>\n<meta property=\"article:modified_time\" content=\"2026-04-09T15:00:26+00:00\" \/>\n<meta property=\"og:image\" content=\"https:\/\/shop.ucrent.ee\/wp-content\/uploads\/2023\/04\/Aiapaviljon_3x4m_cappuccino_polu_300118_8.webp\" \/>\n\t<meta property=\"og:image:width\" content=\"640\" \/>\n\t<meta property=\"og:image:height\" content=\"480\" \/>\n\t<meta property=\"og:image:type\" content=\"image\/webp\" \/>\n<meta name=\"twitter:card\" content=\"summary_large_image\" \/>\n<script type=\"application\/ld+json\" class=\"yoast-schema-graph\">{\"@context\":\"https:\/\/schema.org\",\"@graph\":[{\"@type\":\"WebPage\",\"@id\":\"https:\/\/shop.ucrent.ee\/fi\/toode\/puutarhapaviljonki-rendezvous-deluxe-3x3m-polykarbonaatti-6mm-cappuccino\",\"url\":\"https:\/\/shop.ucrent.ee\/fi\/toode\/puutarhapaviljonki-rendezvous-deluxe-3x3m-polykarbonaatti-6mm-cappuccino\",\"name\":\"Puutarhapaviljonki Rendezvous Deluxe 3x3m, polykarbonaatti 6mm, cappuccino - UC Rent e-pood\",\"isPartOf\":{\"@id\":\"https:\/\/shop.ucrent.ee\/#website\"},\"primaryImageOfPage\":{\"@id\":\"https:\/\/shop.ucrent.ee\/fi\/toode\/puutarhapaviljonki-rendezvous-deluxe-3x3m-polykarbonaatti-6mm-cappuccino#primaryimage\"},\"image\":{\"@id\":\"https:\/\/shop.ucrent.ee\/fi\/toode\/puutarhapaviljonki-rendezvous-deluxe-3x3m-polykarbonaatti-6mm-cappuccino#primaryimage\"},\"thumbnailUrl\":\"https:\/\/shop.ucrent.ee\/wp-content\/uploads\/2023\/04\/Aiapaviljon_3x4m_cappuccino_polu_300118_8.webp\",\"datePublished\":\"2023-04-10T11:00:39+00:00\",\"dateModified\":\"2026-04-09T15:00:26+00:00\",\"breadcrumb\":{\"@id\":\"https:\/\/shop.ucrent.ee\/fi\/toode\/puutarhapaviljonki-rendezvous-deluxe-3x3m-polykarbonaatti-6mm-cappuccino#breadcrumb\"},\"inLanguage\":\"fi\",\"potentialAction\":[{\"@type\":\"ReadAction\",\"target\":[\"https:\/\/shop.ucrent.ee\/fi\/toode\/puutarhapaviljonki-rendezvous-deluxe-3x3m-polykarbonaatti-6mm-cappuccino\"]}]},{\"@type\":\"ImageObject\",\"inLanguage\":\"fi\",\"@id\":\"https:\/\/shop.ucrent.ee\/fi\/toode\/puutarhapaviljonki-rendezvous-deluxe-3x3m-polykarbonaatti-6mm-cappuccino#primaryimage\",\"url\":\"https:\/\/shop.ucrent.ee\/wp-content\/uploads\/2023\/04\/Aiapaviljon_3x4m_cappuccino_polu_300118_8.webp\",\"contentUrl\":\"https:\/\/shop.ucrent.ee\/wp-content\/uploads\/2023\/04\/Aiapaviljon_3x4m_cappuccino_polu_300118_8.webp\",\"width\":640,\"height\":480},{\"@type\":\"BreadcrumbList\",\"@id\":\"https:\/\/shop.ucrent.ee\/fi\/toode\/puutarhapaviljonki-rendezvous-deluxe-3x3m-polykarbonaatti-6mm-cappuccino#breadcrumb\",\"itemListElement\":[{\"@type\":\"ListItem\",\"position\":1,\"name\":\"Home\",\"item\":\"https:\/\/shop.ucrent.ee\/fi\"},{\"@type\":\"ListItem\",\"position\":2,\"name\":\"K\u00f5ik tooted\",\"item\":\"https:\/\/shop.ucrent.ee\/tooted\"},{\"@type\":\"ListItem\",\"position\":3,\"name\":\"Puutarhapaviljonki Rendezvous Deluxe 3x3m, polykarbonaatti 6mm, cappuccino\"}]},{\"@type\":\"WebSite\",\"@id\":\"https:\/\/shop.ucrent.ee\/#website\",\"url\":\"https:\/\/shop.ucrent.ee\/\",\"name\":\"UC Rent e-pood\",\"description\":\"\",\"potentialAction\":[{\"@type\":\"SearchAction\",\"target\":{\"@type\":\"EntryPoint\",\"urlTemplate\":\"https:\/\/shop.ucrent.ee\/?s={search_term_string}\"},\"query-input\":{\"@type\":\"PropertyValueSpecification\",\"valueRequired\":true,\"valueName\":\"search_term_string\"}}],\"inLanguage\":\"fi\"}]}<\/script>\n<!-- \/ Yoast SEO plugin. -->","yoast_head_json":{"title":"Puutarhapaviljonki Rendezvous Deluxe 3x3m, polykarbonaatti 6mm, cappuccino - UC Rent e-pood","robots":{"index":"index","follow":"follow","max-snippet":"max-snippet:-1","max-image-preview":"max-image-preview:large","max-video-preview":"max-video-preview:-1"},"canonical":"https:\/\/shop.ucrent.ee\/fi\/toode\/puutarhapaviljonki-rendezvous-deluxe-3x3m-polykarbonaatti-6mm-cappuccino","og_locale":"fi_FI","og_type":"article","og_title":"Puutarhapaviljonki Rendezvous Deluxe 3x3m, polykarbonaatti 6mm, cappuccino - UC Rent e-pood","og_description":"Viet\u00e4 kauniita hetki\u00e4 puutarhassa ja luo oma hyvinvoinnin keidas. Rendezvous Deluxe puutarhapaviljonki ansaitsee pysyv\u00e4n paikan puutarhassa, eik\u00e4 vain modernin muotoilunsa vuoksi, vaan siksi, ett\u00e4 se sopii t\u00e4ydellisesti mihin tahansa puutarhaan. Vakaan jauhemaalatun alumiinirakenteen ja korkealaatuisten polykarbonaattikattopaneelien yhdistelm\u00e4 mahdollistaa parhaan mahdollisen tyylin ja kest\u00e4vyyden yhdistelm\u00e4n. Kankaan v\u00e4ri: cappuccino Rakenteen v\u00e4ri: antrasiitti Pulverimaalattu alumiinirakenne Katto 100 %... View Article","og_url":"https:\/\/shop.ucrent.ee\/fi\/toode\/puutarhapaviljonki-rendezvous-deluxe-3x3m-polykarbonaatti-6mm-cappuccino","og_site_name":"UC Rent e-pood","article_modified_time":"2026-04-09T15:00:26+00:00","og_image":[{"width":640,"height":480,"url":"https:\/\/shop.ucrent.ee\/wp-content\/uploads\/2023\/04\/Aiapaviljon_3x4m_cappuccino_polu_300118_8.webp","type":"image\/webp"}],"twitter_card":"summary_large_image","schema":{"@context":"https:\/\/schema.org","@graph":[{"@type":"WebPage","@id":"https:\/\/shop.ucrent.ee\/fi\/toode\/puutarhapaviljonki-rendezvous-deluxe-3x3m-polykarbonaatti-6mm-cappuccino","url":"https:\/\/shop.ucrent.ee\/fi\/toode\/puutarhapaviljonki-rendezvous-deluxe-3x3m-polykarbonaatti-6mm-cappuccino","name":"Puutarhapaviljonki Rendezvous Deluxe 3x3m, polykarbonaatti 6mm, cappuccino - UC Rent e-pood","isPartOf":{"@id":"https:\/\/shop.ucrent.ee\/#website"},"primaryImageOfPage":{"@id":"https:\/\/shop.ucrent.ee\/fi\/toode\/puutarhapaviljonki-rendezvous-deluxe-3x3m-polykarbonaatti-6mm-cappuccino#primaryimage"},"image":{"@id":"https:\/\/shop.ucrent.ee\/fi\/toode\/puutarhapaviljonki-rendezvous-deluxe-3x3m-polykarbonaatti-6mm-cappuccino#primaryimage"},"thumbnailUrl":"https:\/\/shop.ucrent.ee\/wp-content\/uploads\/2023\/04\/Aiapaviljon_3x4m_cappuccino_polu_300118_8.webp","datePublished":"2023-04-10T11:00:39+00:00","dateModified":"2026-04-09T15:00:26+00:00","breadcrumb":{"@id":"https:\/\/shop.ucrent.ee\/fi\/toode\/puutarhapaviljonki-rendezvous-deluxe-3x3m-polykarbonaatti-6mm-cappuccino#breadcrumb"},"inLanguage":"fi","potentialAction":[{"@type":"ReadAction","target":["https:\/\/shop.ucrent.ee\/fi\/toode\/puutarhapaviljonki-rendezvous-deluxe-3x3m-polykarbonaatti-6mm-cappuccino"]}]},{"@type":"ImageObject","inLanguage":"fi","@id":"https:\/\/shop.ucrent.ee\/fi\/toode\/puutarhapaviljonki-rendezvous-deluxe-3x3m-polykarbonaatti-6mm-cappuccino#primaryimage","url":"https:\/\/shop.ucrent.ee\/wp-content\/uploads\/2023\/04\/Aiapaviljon_3x4m_cappuccino_polu_300118_8.webp","contentUrl":"https:\/\/shop.ucrent.ee\/wp-content\/uploads\/2023\/04\/Aiapaviljon_3x4m_cappuccino_polu_300118_8.webp","width":640,"height":480},{"@type":"BreadcrumbList","@id":"https:\/\/shop.ucrent.ee\/fi\/toode\/puutarhapaviljonki-rendezvous-deluxe-3x3m-polykarbonaatti-6mm-cappuccino#breadcrumb","itemListElement":[{"@type":"ListItem","position":1,"name":"Home","item":"https:\/\/shop.ucrent.ee\/fi"},{"@type":"ListItem","position":2,"name":"K\u00f5ik tooted","item":"https:\/\/shop.ucrent.ee\/tooted"},{"@type":"ListItem","position":3,"name":"Puutarhapaviljonki Rendezvous Deluxe 3x3m, polykarbonaatti 6mm, cappuccino"}]},{"@type":"WebSite","@id":"https:\/\/shop.ucrent.ee\/#website","url":"https:\/\/shop.ucrent.ee\/","name":"UC Rent e-pood","description":"","potentialAction":[{"@type":"SearchAction","target":{"@type":"EntryPoint","urlTemplate":"https:\/\/shop.ucrent.ee\/?s={search_term_string}"},"query-input":{"@type":"PropertyValueSpecification","valueRequired":true,"valueName":"search_term_string"}}],"inLanguage":"fi"}]}},"_links":{"self":[{"href":"https:\/\/shop.ucrent.ee\/fi\/wp-json\/wp\/v2\/product\/619708","targetHints":{"allow":["GET"]}}],"collection":[{"href":"https:\/\/shop.ucrent.ee\/fi\/wp-json\/wp\/v2\/product"}],"about":[{"href":"https:\/\/shop.ucrent.ee\/fi\/wp-json\/wp\/v2\/types\/product"}],"wp:featuredmedia":[{"embeddable":true,"href":"https:\/\/shop.ucrent.ee\/fi\/wp-json\/wp\/v2\/media\/619697"}],"wp:attachment":[{"href":"https:\/\/shop.ucrent.ee\/fi\/wp-json\/wp\/v2\/media?parent=619708"}],"wp:term":[{"taxonomy":"product_brand","embeddable":true,"href":"https:\/\/shop.ucrent.ee\/fi\/wp-json\/wp\/v2\/product_brand?post=619708"},{"taxonomy":"product_cat","embeddable":true,"href":"https:\/\/shop.ucrent.ee\/fi\/wp-json\/wp\/v2\/product_cat?post=619708"},{"taxonomy":"product_tag","embeddable":true,"href":"https:\/\/shop.ucrent.ee\/fi\/wp-json\/wp\/v2\/product_tag?post=619708"}],"curies":[{"name":"wp","href":"https:\/\/api.w.org\/{rel}","templated":true}]}}