{"id":619792,"date":"2023-04-12T10:50:35","date_gmt":"2023-04-12T07:50:35","guid":{"rendered":"https:\/\/shop.ucrent.ee\/toode\/siirrettava-wc-johon-paasee-pyoratuolilla"},"modified":"2026-04-21T16:50:08","modified_gmt":"2026-04-21T13:50:08","slug":"siirrettava-wc-johon-paasee-pyoratuolilla","status":"publish","type":"product","link":"https:\/\/shop.ucrent.ee\/fi\/toode\/siirrettava-wc-johon-paasee-pyoratuolilla","title":{"rendered":"Siirrett\u00e4v\u00e4 wc, johon p\u00e4\u00e4see py\u00f6r\u00e4tuolilla"},"content":{"rendered":"<p>T\u00e4ysin muovinen ulkok\u00e4ym\u00e4l\u00e4 liikuntarajoitteisille.<br \/>\nTasainen lattiaj\u00e4rjestelm\u00e4, joka mahdollistaa helpon p\u00e4\u00e4syn py\u00f6r\u00e4tuolilla ja ohjattavuuden.<br \/>\nUlkokulmissa on reiki\u00e4, joilla wc haluttaessa kiinnitet\u00e4\u00e4n maahan,<br \/>\nSivuilla on suuret ja mukavat kahvat wc:n siirt\u00e4mist\u00e4\/kuljetusta varten.<br \/>\nV\u00e4ri: harmaa tai vihre\u00e4<br \/>\nLeveys (ulkoinen): 1575 mm<br \/>\nSyvyys (ulkoinen): 1575 mm<br \/>\nKorkeus (ulkoinen): 2210 mm<br \/>\nPinta-ala: 2,75m2<br \/>\nOven leveys: 831 mm<br \/>\nOven korkeus: 2054 mm<br \/>\nIstuinkorkeus: 470 mm<br \/>\nPaino: 113kg<br \/>\nS\u00e4ili\u00f6n koko 132L<br \/>\nK\u00e4sienpesupiste: 45L<\/p>\n","protected":false},"excerpt":{"rendered":"T\u00e4ysin muovinen ulkok\u00e4ym\u00e4l\u00e4 liikuntarajoitteisille. Tasainen lattiaj\u00e4rjestelm\u00e4, joka mahdollistaa helpon p\u00e4\u00e4syn py\u00f6r\u00e4tuolilla ja ohjattavuuden. Ulkokulmissa on reiki\u00e4, joilla wc haluttaessa kiinnitet\u00e4\u00e4n maahan, Sivuilla on suuret ja mukavat kahvat wc:n siirt\u00e4mist\u00e4\/kuljetusta varten. V\u00e4ri: harmaa tai vihre\u00e4 Leveys (ulkoinen): 1575 mm Syvyys (ulkoinen): 1575 mm Korkeus (ulkoinen): 2210 mm Pinta-ala: 2,75m2 Oven leveys: 831 mm Oven korkeus: 2054&#8230; <a class=\"view-article\" href=\"https:\/\/shop.ucrent.ee\/fi\/toode\/siirrettava-wc-johon-paasee-pyoratuolilla\">View Article<\/a>","protected":false},"featured_media":619741,"template":"","meta":{"_acf_changed":false},"product_brand":[],"product_cat":[395],"product_tag":[],"class_list":{"0":"post-619792","1":"product","2":"type-product","3":"status-publish","4":"has-post-thumbnail","6":"product_cat-siirrettavat_wc","8":"first","9":"instock","10":"taxable","11":"shipping-taxable","12":"purchasable","13":"product-type-simple"},"acf":[],"yoast_head":"<!-- This site is optimized with the Yoast SEO plugin v27.0 - https:\/\/yoast.com\/product\/yoast-seo-wordpress\/ -->\n<title>Siirrett\u00e4v\u00e4 wc, johon p\u00e4\u00e4see py\u00f6r\u00e4tuolilla - UC Rent e-pood<\/title>\n<meta name=\"robots\" content=\"index, follow, max-snippet:-1, max-image-preview:large, max-video-preview:-1\" \/>\n<link rel=\"canonical\" href=\"https:\/\/shop.ucrent.ee\/fi\/toode\/siirrettava-wc-johon-paasee-pyoratuolilla\" \/>\n<meta property=\"og:locale\" content=\"fi_FI\" \/>\n<meta property=\"og:type\" content=\"article\" \/>\n<meta property=\"og:title\" content=\"Siirrett\u00e4v\u00e4 wc, johon p\u00e4\u00e4see py\u00f6r\u00e4tuolilla - UC Rent e-pood\" \/>\n<meta property=\"og:description\" content=\"T\u00e4ysin muovinen ulkok\u00e4ym\u00e4l\u00e4 liikuntarajoitteisille. Tasainen lattiaj\u00e4rjestelm\u00e4, joka mahdollistaa helpon p\u00e4\u00e4syn py\u00f6r\u00e4tuolilla ja ohjattavuuden. Ulkokulmissa on reiki\u00e4, joilla wc haluttaessa kiinnitet\u00e4\u00e4n maahan, Sivuilla on suuret ja mukavat kahvat wc:n siirt\u00e4mist\u00e4\/kuljetusta varten. V\u00e4ri: harmaa tai vihre\u00e4 Leveys (ulkoinen): 1575 mm Syvyys (ulkoinen): 1575 mm Korkeus (ulkoinen): 2210 mm Pinta-ala: 2,75m2 Oven leveys: 831 mm Oven korkeus: 2054... View Article\" \/>\n<meta property=\"og:url\" content=\"https:\/\/shop.ucrent.ee\/fi\/toode\/siirrettava-wc-johon-paasee-pyoratuolilla\" \/>\n<meta property=\"og:site_name\" content=\"UC Rent e-pood\" \/>\n<meta property=\"article:modified_time\" content=\"2026-04-21T13:50:08+00:00\" \/>\n<meta property=\"og:image\" content=\"https:\/\/shop.ucrent.ee\/wp-content\/uploads\/2023\/04\/Inva-WC-700x700.png\" \/>\n\t<meta property=\"og:image:width\" content=\"700\" \/>\n\t<meta property=\"og:image:height\" content=\"700\" \/>\n\t<meta property=\"og:image:type\" content=\"image\/png\" \/>\n<meta name=\"twitter:card\" content=\"summary_large_image\" \/>\n<script type=\"application\/ld+json\" class=\"yoast-schema-graph\">{\"@context\":\"https:\/\/schema.org\",\"@graph\":[{\"@type\":\"WebPage\",\"@id\":\"https:\/\/shop.ucrent.ee\/fi\/toode\/siirrettava-wc-johon-paasee-pyoratuolilla\",\"url\":\"https:\/\/shop.ucrent.ee\/fi\/toode\/siirrettava-wc-johon-paasee-pyoratuolilla\",\"name\":\"Siirrett\u00e4v\u00e4 wc, johon p\u00e4\u00e4see py\u00f6r\u00e4tuolilla - UC Rent e-pood\",\"isPartOf\":{\"@id\":\"https:\/\/shop.ucrent.ee\/#website\"},\"primaryImageOfPage\":{\"@id\":\"https:\/\/shop.ucrent.ee\/fi\/toode\/siirrettava-wc-johon-paasee-pyoratuolilla#primaryimage\"},\"image\":{\"@id\":\"https:\/\/shop.ucrent.ee\/fi\/toode\/siirrettava-wc-johon-paasee-pyoratuolilla#primaryimage\"},\"thumbnailUrl\":\"https:\/\/shop.ucrent.ee\/wp-content\/uploads\/2023\/04\/Inva-WC.png\",\"datePublished\":\"2023-04-12T07:50:35+00:00\",\"dateModified\":\"2026-04-21T13:50:08+00:00\",\"breadcrumb\":{\"@id\":\"https:\/\/shop.ucrent.ee\/fi\/toode\/siirrettava-wc-johon-paasee-pyoratuolilla#breadcrumb\"},\"inLanguage\":\"fi\",\"potentialAction\":[{\"@type\":\"ReadAction\",\"target\":[\"https:\/\/shop.ucrent.ee\/fi\/toode\/siirrettava-wc-johon-paasee-pyoratuolilla\"]}]},{\"@type\":\"ImageObject\",\"inLanguage\":\"fi\",\"@id\":\"https:\/\/shop.ucrent.ee\/fi\/toode\/siirrettava-wc-johon-paasee-pyoratuolilla#primaryimage\",\"url\":\"https:\/\/shop.ucrent.ee\/wp-content\/uploads\/2023\/04\/Inva-WC.png\",\"contentUrl\":\"https:\/\/shop.ucrent.ee\/wp-content\/uploads\/2023\/04\/Inva-WC.png\",\"width\":2507,\"height\":2506},{\"@type\":\"BreadcrumbList\",\"@id\":\"https:\/\/shop.ucrent.ee\/fi\/toode\/siirrettava-wc-johon-paasee-pyoratuolilla#breadcrumb\",\"itemListElement\":[{\"@type\":\"ListItem\",\"position\":1,\"name\":\"Home\",\"item\":\"https:\/\/shop.ucrent.ee\/fi\"},{\"@type\":\"ListItem\",\"position\":2,\"name\":\"K\u00f5ik tooted\",\"item\":\"https:\/\/shop.ucrent.ee\/tooted\"},{\"@type\":\"ListItem\",\"position\":3,\"name\":\"Siirrett\u00e4v\u00e4 wc, johon p\u00e4\u00e4see py\u00f6r\u00e4tuolilla\"}]},{\"@type\":\"WebSite\",\"@id\":\"https:\/\/shop.ucrent.ee\/#website\",\"url\":\"https:\/\/shop.ucrent.ee\/\",\"name\":\"UC Rent e-pood\",\"description\":\"\",\"potentialAction\":[{\"@type\":\"SearchAction\",\"target\":{\"@type\":\"EntryPoint\",\"urlTemplate\":\"https:\/\/shop.ucrent.ee\/?s={search_term_string}\"},\"query-input\":{\"@type\":\"PropertyValueSpecification\",\"valueRequired\":true,\"valueName\":\"search_term_string\"}}],\"inLanguage\":\"fi\"}]}<\/script>\n<!-- \/ Yoast SEO plugin. -->","yoast_head_json":{"title":"Siirrett\u00e4v\u00e4 wc, johon p\u00e4\u00e4see py\u00f6r\u00e4tuolilla - UC Rent e-pood","robots":{"index":"index","follow":"follow","max-snippet":"max-snippet:-1","max-image-preview":"max-image-preview:large","max-video-preview":"max-video-preview:-1"},"canonical":"https:\/\/shop.ucrent.ee\/fi\/toode\/siirrettava-wc-johon-paasee-pyoratuolilla","og_locale":"fi_FI","og_type":"article","og_title":"Siirrett\u00e4v\u00e4 wc, johon p\u00e4\u00e4see py\u00f6r\u00e4tuolilla - UC Rent e-pood","og_description":"T\u00e4ysin muovinen ulkok\u00e4ym\u00e4l\u00e4 liikuntarajoitteisille. Tasainen lattiaj\u00e4rjestelm\u00e4, joka mahdollistaa helpon p\u00e4\u00e4syn py\u00f6r\u00e4tuolilla ja ohjattavuuden. Ulkokulmissa on reiki\u00e4, joilla wc haluttaessa kiinnitet\u00e4\u00e4n maahan, Sivuilla on suuret ja mukavat kahvat wc:n siirt\u00e4mist\u00e4\/kuljetusta varten. V\u00e4ri: harmaa tai vihre\u00e4 Leveys (ulkoinen): 1575 mm Syvyys (ulkoinen): 1575 mm Korkeus (ulkoinen): 2210 mm Pinta-ala: 2,75m2 Oven leveys: 831 mm Oven korkeus: 2054... View Article","og_url":"https:\/\/shop.ucrent.ee\/fi\/toode\/siirrettava-wc-johon-paasee-pyoratuolilla","og_site_name":"UC Rent e-pood","article_modified_time":"2026-04-21T13:50:08+00:00","og_image":[{"width":700,"height":700,"url":"https:\/\/shop.ucrent.ee\/wp-content\/uploads\/2023\/04\/Inva-WC-700x700.png","type":"image\/png"}],"twitter_card":"summary_large_image","schema":{"@context":"https:\/\/schema.org","@graph":[{"@type":"WebPage","@id":"https:\/\/shop.ucrent.ee\/fi\/toode\/siirrettava-wc-johon-paasee-pyoratuolilla","url":"https:\/\/shop.ucrent.ee\/fi\/toode\/siirrettava-wc-johon-paasee-pyoratuolilla","name":"Siirrett\u00e4v\u00e4 wc, johon p\u00e4\u00e4see py\u00f6r\u00e4tuolilla - UC Rent e-pood","isPartOf":{"@id":"https:\/\/shop.ucrent.ee\/#website"},"primaryImageOfPage":{"@id":"https:\/\/shop.ucrent.ee\/fi\/toode\/siirrettava-wc-johon-paasee-pyoratuolilla#primaryimage"},"image":{"@id":"https:\/\/shop.ucrent.ee\/fi\/toode\/siirrettava-wc-johon-paasee-pyoratuolilla#primaryimage"},"thumbnailUrl":"https:\/\/shop.ucrent.ee\/wp-content\/uploads\/2023\/04\/Inva-WC.png","datePublished":"2023-04-12T07:50:35+00:00","dateModified":"2026-04-21T13:50:08+00:00","breadcrumb":{"@id":"https:\/\/shop.ucrent.ee\/fi\/toode\/siirrettava-wc-johon-paasee-pyoratuolilla#breadcrumb"},"inLanguage":"fi","potentialAction":[{"@type":"ReadAction","target":["https:\/\/shop.ucrent.ee\/fi\/toode\/siirrettava-wc-johon-paasee-pyoratuolilla"]}]},{"@type":"ImageObject","inLanguage":"fi","@id":"https:\/\/shop.ucrent.ee\/fi\/toode\/siirrettava-wc-johon-paasee-pyoratuolilla#primaryimage","url":"https:\/\/shop.ucrent.ee\/wp-content\/uploads\/2023\/04\/Inva-WC.png","contentUrl":"https:\/\/shop.ucrent.ee\/wp-content\/uploads\/2023\/04\/Inva-WC.png","width":2507,"height":2506},{"@type":"BreadcrumbList","@id":"https:\/\/shop.ucrent.ee\/fi\/toode\/siirrettava-wc-johon-paasee-pyoratuolilla#breadcrumb","itemListElement":[{"@type":"ListItem","position":1,"name":"Home","item":"https:\/\/shop.ucrent.ee\/fi"},{"@type":"ListItem","position":2,"name":"K\u00f5ik tooted","item":"https:\/\/shop.ucrent.ee\/tooted"},{"@type":"ListItem","position":3,"name":"Siirrett\u00e4v\u00e4 wc, johon p\u00e4\u00e4see py\u00f6r\u00e4tuolilla"}]},{"@type":"WebSite","@id":"https:\/\/shop.ucrent.ee\/#website","url":"https:\/\/shop.ucrent.ee\/","name":"UC Rent e-pood","description":"","potentialAction":[{"@type":"SearchAction","target":{"@type":"EntryPoint","urlTemplate":"https:\/\/shop.ucrent.ee\/?s={search_term_string}"},"query-input":{"@type":"PropertyValueSpecification","valueRequired":true,"valueName":"search_term_string"}}],"inLanguage":"fi"}]}},"_links":{"self":[{"href":"https:\/\/shop.ucrent.ee\/fi\/wp-json\/wp\/v2\/product\/619792","targetHints":{"allow":["GET"]}}],"collection":[{"href":"https:\/\/shop.ucrent.ee\/fi\/wp-json\/wp\/v2\/product"}],"about":[{"href":"https:\/\/shop.ucrent.ee\/fi\/wp-json\/wp\/v2\/types\/product"}],"wp:featuredmedia":[{"embeddable":true,"href":"https:\/\/shop.ucrent.ee\/fi\/wp-json\/wp\/v2\/media\/619741"}],"wp:attachment":[{"href":"https:\/\/shop.ucrent.ee\/fi\/wp-json\/wp\/v2\/media?parent=619792"}],"wp:term":[{"taxonomy":"product_brand","embeddable":true,"href":"https:\/\/shop.ucrent.ee\/fi\/wp-json\/wp\/v2\/product_brand?post=619792"},{"taxonomy":"product_cat","embeddable":true,"href":"https:\/\/shop.ucrent.ee\/fi\/wp-json\/wp\/v2\/product_cat?post=619792"},{"taxonomy":"product_tag","embeddable":true,"href":"https:\/\/shop.ucrent.ee\/fi\/wp-json\/wp\/v2\/product_tag?post=619792"}],"curies":[{"name":"wp","href":"https:\/\/api.w.org\/{rel}","templated":true}]}}