{"id":619977,"date":"2023-05-11T15:49:07","date_gmt":"2023-05-11T12:49:07","guid":{"rendered":"https:\/\/shop.ucrent.ee\/toode\/penkkipaallinen-venyva-180x23cm-k-43cm-musta"},"modified":"2026-04-09T18:01:52","modified_gmt":"2026-04-09T15:01:52","slug":"penkkipaallinen-venyva-180x23cm-k-43cm-musta","status":"publish","type":"product","link":"https:\/\/shop.ucrent.ee\/fi\/toode\/penkkipaallinen-venyva-180x23cm-k-43cm-musta","title":{"rendered":"Penkkip\u00e4\u00e4llinen venyv\u00e4 180x23cm k-43cm, musta"},"content":{"rendered":"<p>Joustava ja joustava stretch-p\u00e4\u00e4llinen penkille.<br \/>\nKoko 180x23cm h-43cm<br \/>\nKoostumus: 90 % polyesteri\u00e4, 10 % elastaania, 190 g\/m\u00b2<br \/>\nHelppok\u00e4ytt\u00f6inen, ei vaadi silityst\u00e4<br \/>\nKonepesu 40\u00b0C, ei valkaisua, rumpukuivaus alhaisessa l\u00e4mp\u00f6tilassa.<br \/>\nOn mahdollista tilata seuraavat v\u00e4rit: musta ja valkoinen<\/p>\n","protected":false},"excerpt":{"rendered":"Joustava ja joustava stretch-p\u00e4\u00e4llinen penkille. Koko 180x23cm h-43cm Koostumus: 90 % polyesteri\u00e4, 10 % elastaania, 190 g\/m\u00b2 Helppok\u00e4ytt\u00f6inen, ei vaadi silityst\u00e4 Konepesu 40\u00b0C, ei valkaisua, rumpukuivaus alhaisessa l\u00e4mp\u00f6tilassa. On mahdollista tilata seuraavat v\u00e4rit: musta ja valkoinen","protected":false},"featured_media":619962,"template":"","meta":{"_acf_changed":false},"product_brand":[],"product_cat":[832],"product_tag":[],"class_list":{"0":"post-619977","1":"product","2":"type-product","3":"status-publish","4":"has-post-thumbnail","6":"product_cat-poydan-ja-tuolin-paalliset","8":"first","9":"instock","10":"taxable","11":"shipping-taxable","12":"purchasable","13":"product-type-simple"},"acf":[],"yoast_head":"<!-- This site is optimized with the Yoast SEO plugin v27.0 - https:\/\/yoast.com\/product\/yoast-seo-wordpress\/ -->\n<title>Penkkip\u00e4\u00e4llinen venyv\u00e4 180x23cm k-43cm, musta - UC Rent e-pood<\/title>\n<meta name=\"robots\" content=\"index, follow, max-snippet:-1, max-image-preview:large, max-video-preview:-1\" \/>\n<link rel=\"canonical\" href=\"https:\/\/shop.ucrent.ee\/fi\/toode\/penkkipaallinen-venyva-180x23cm-k-43cm-musta\" \/>\n<meta property=\"og:locale\" content=\"fi_FI\" \/>\n<meta property=\"og:type\" content=\"article\" \/>\n<meta property=\"og:title\" content=\"Penkkip\u00e4\u00e4llinen venyv\u00e4 180x23cm k-43cm, musta - UC Rent e-pood\" \/>\n<meta property=\"og:description\" content=\"Joustava ja joustava stretch-p\u00e4\u00e4llinen penkille. Koko 180x23cm h-43cm Koostumus: 90 % polyesteri\u00e4, 10 % elastaania, 190 g\/m\u00b2 Helppok\u00e4ytt\u00f6inen, ei vaadi silityst\u00e4 Konepesu 40\u00b0C, ei valkaisua, rumpukuivaus alhaisessa l\u00e4mp\u00f6tilassa. On mahdollista tilata seuraavat v\u00e4rit: musta ja valkoinen\" \/>\n<meta property=\"og:url\" content=\"https:\/\/shop.ucrent.ee\/fi\/toode\/penkkipaallinen-venyva-180x23cm-k-43cm-musta\" \/>\n<meta property=\"og:site_name\" content=\"UC Rent e-pood\" \/>\n<meta property=\"article:modified_time\" content=\"2026-04-09T15:01:52+00:00\" \/>\n<meta property=\"og:image\" content=\"https:\/\/shop.ucrent.ee\/wp-content\/uploads\/2023\/05\/Pingikate_strech-transformed.jpeg\" \/>\n\t<meta property=\"og:image:width\" content=\"800\" \/>\n\t<meta property=\"og:image:height\" content=\"600\" \/>\n\t<meta property=\"og:image:type\" content=\"image\/jpeg\" \/>\n<meta name=\"twitter:card\" content=\"summary_large_image\" \/>\n<script type=\"application\/ld+json\" class=\"yoast-schema-graph\">{\"@context\":\"https:\/\/schema.org\",\"@graph\":[{\"@type\":\"WebPage\",\"@id\":\"https:\/\/shop.ucrent.ee\/fi\/toode\/penkkipaallinen-venyva-180x23cm-k-43cm-musta\",\"url\":\"https:\/\/shop.ucrent.ee\/fi\/toode\/penkkipaallinen-venyva-180x23cm-k-43cm-musta\",\"name\":\"Penkkip\u00e4\u00e4llinen venyv\u00e4 180x23cm k-43cm, musta - UC Rent e-pood\",\"isPartOf\":{\"@id\":\"https:\/\/shop.ucrent.ee\/#website\"},\"primaryImageOfPage\":{\"@id\":\"https:\/\/shop.ucrent.ee\/fi\/toode\/penkkipaallinen-venyva-180x23cm-k-43cm-musta#primaryimage\"},\"image\":{\"@id\":\"https:\/\/shop.ucrent.ee\/fi\/toode\/penkkipaallinen-venyva-180x23cm-k-43cm-musta#primaryimage\"},\"thumbnailUrl\":\"https:\/\/shop.ucrent.ee\/wp-content\/uploads\/2023\/05\/Pingikate_strech-transformed.jpeg\",\"datePublished\":\"2023-05-11T12:49:07+00:00\",\"dateModified\":\"2026-04-09T15:01:52+00:00\",\"breadcrumb\":{\"@id\":\"https:\/\/shop.ucrent.ee\/fi\/toode\/penkkipaallinen-venyva-180x23cm-k-43cm-musta#breadcrumb\"},\"inLanguage\":\"fi\",\"potentialAction\":[{\"@type\":\"ReadAction\",\"target\":[\"https:\/\/shop.ucrent.ee\/fi\/toode\/penkkipaallinen-venyva-180x23cm-k-43cm-musta\"]}]},{\"@type\":\"ImageObject\",\"inLanguage\":\"fi\",\"@id\":\"https:\/\/shop.ucrent.ee\/fi\/toode\/penkkipaallinen-venyva-180x23cm-k-43cm-musta#primaryimage\",\"url\":\"https:\/\/shop.ucrent.ee\/wp-content\/uploads\/2023\/05\/Pingikate_strech-transformed.jpeg\",\"contentUrl\":\"https:\/\/shop.ucrent.ee\/wp-content\/uploads\/2023\/05\/Pingikate_strech-transformed.jpeg\",\"width\":800,\"height\":600},{\"@type\":\"BreadcrumbList\",\"@id\":\"https:\/\/shop.ucrent.ee\/fi\/toode\/penkkipaallinen-venyva-180x23cm-k-43cm-musta#breadcrumb\",\"itemListElement\":[{\"@type\":\"ListItem\",\"position\":1,\"name\":\"Home\",\"item\":\"https:\/\/shop.ucrent.ee\/fi\"},{\"@type\":\"ListItem\",\"position\":2,\"name\":\"K\u00f5ik tooted\",\"item\":\"https:\/\/shop.ucrent.ee\/tooted\"},{\"@type\":\"ListItem\",\"position\":3,\"name\":\"Penkkip\u00e4\u00e4llinen venyv\u00e4 180x23cm k-43cm, musta\"}]},{\"@type\":\"WebSite\",\"@id\":\"https:\/\/shop.ucrent.ee\/#website\",\"url\":\"https:\/\/shop.ucrent.ee\/\",\"name\":\"UC Rent e-pood\",\"description\":\"\",\"potentialAction\":[{\"@type\":\"SearchAction\",\"target\":{\"@type\":\"EntryPoint\",\"urlTemplate\":\"https:\/\/shop.ucrent.ee\/?s={search_term_string}\"},\"query-input\":{\"@type\":\"PropertyValueSpecification\",\"valueRequired\":true,\"valueName\":\"search_term_string\"}}],\"inLanguage\":\"fi\"}]}<\/script>\n<!-- \/ Yoast SEO plugin. -->","yoast_head_json":{"title":"Penkkip\u00e4\u00e4llinen venyv\u00e4 180x23cm k-43cm, musta - UC Rent e-pood","robots":{"index":"index","follow":"follow","max-snippet":"max-snippet:-1","max-image-preview":"max-image-preview:large","max-video-preview":"max-video-preview:-1"},"canonical":"https:\/\/shop.ucrent.ee\/fi\/toode\/penkkipaallinen-venyva-180x23cm-k-43cm-musta","og_locale":"fi_FI","og_type":"article","og_title":"Penkkip\u00e4\u00e4llinen venyv\u00e4 180x23cm k-43cm, musta - UC Rent e-pood","og_description":"Joustava ja joustava stretch-p\u00e4\u00e4llinen penkille. Koko 180x23cm h-43cm Koostumus: 90 % polyesteri\u00e4, 10 % elastaania, 190 g\/m\u00b2 Helppok\u00e4ytt\u00f6inen, ei vaadi silityst\u00e4 Konepesu 40\u00b0C, ei valkaisua, rumpukuivaus alhaisessa l\u00e4mp\u00f6tilassa. On mahdollista tilata seuraavat v\u00e4rit: musta ja valkoinen","og_url":"https:\/\/shop.ucrent.ee\/fi\/toode\/penkkipaallinen-venyva-180x23cm-k-43cm-musta","og_site_name":"UC Rent e-pood","article_modified_time":"2026-04-09T15:01:52+00:00","og_image":[{"width":800,"height":600,"url":"https:\/\/shop.ucrent.ee\/wp-content\/uploads\/2023\/05\/Pingikate_strech-transformed.jpeg","type":"image\/jpeg"}],"twitter_card":"summary_large_image","schema":{"@context":"https:\/\/schema.org","@graph":[{"@type":"WebPage","@id":"https:\/\/shop.ucrent.ee\/fi\/toode\/penkkipaallinen-venyva-180x23cm-k-43cm-musta","url":"https:\/\/shop.ucrent.ee\/fi\/toode\/penkkipaallinen-venyva-180x23cm-k-43cm-musta","name":"Penkkip\u00e4\u00e4llinen venyv\u00e4 180x23cm k-43cm, musta - UC Rent e-pood","isPartOf":{"@id":"https:\/\/shop.ucrent.ee\/#website"},"primaryImageOfPage":{"@id":"https:\/\/shop.ucrent.ee\/fi\/toode\/penkkipaallinen-venyva-180x23cm-k-43cm-musta#primaryimage"},"image":{"@id":"https:\/\/shop.ucrent.ee\/fi\/toode\/penkkipaallinen-venyva-180x23cm-k-43cm-musta#primaryimage"},"thumbnailUrl":"https:\/\/shop.ucrent.ee\/wp-content\/uploads\/2023\/05\/Pingikate_strech-transformed.jpeg","datePublished":"2023-05-11T12:49:07+00:00","dateModified":"2026-04-09T15:01:52+00:00","breadcrumb":{"@id":"https:\/\/shop.ucrent.ee\/fi\/toode\/penkkipaallinen-venyva-180x23cm-k-43cm-musta#breadcrumb"},"inLanguage":"fi","potentialAction":[{"@type":"ReadAction","target":["https:\/\/shop.ucrent.ee\/fi\/toode\/penkkipaallinen-venyva-180x23cm-k-43cm-musta"]}]},{"@type":"ImageObject","inLanguage":"fi","@id":"https:\/\/shop.ucrent.ee\/fi\/toode\/penkkipaallinen-venyva-180x23cm-k-43cm-musta#primaryimage","url":"https:\/\/shop.ucrent.ee\/wp-content\/uploads\/2023\/05\/Pingikate_strech-transformed.jpeg","contentUrl":"https:\/\/shop.ucrent.ee\/wp-content\/uploads\/2023\/05\/Pingikate_strech-transformed.jpeg","width":800,"height":600},{"@type":"BreadcrumbList","@id":"https:\/\/shop.ucrent.ee\/fi\/toode\/penkkipaallinen-venyva-180x23cm-k-43cm-musta#breadcrumb","itemListElement":[{"@type":"ListItem","position":1,"name":"Home","item":"https:\/\/shop.ucrent.ee\/fi"},{"@type":"ListItem","position":2,"name":"K\u00f5ik tooted","item":"https:\/\/shop.ucrent.ee\/tooted"},{"@type":"ListItem","position":3,"name":"Penkkip\u00e4\u00e4llinen venyv\u00e4 180x23cm k-43cm, musta"}]},{"@type":"WebSite","@id":"https:\/\/shop.ucrent.ee\/#website","url":"https:\/\/shop.ucrent.ee\/","name":"UC Rent e-pood","description":"","potentialAction":[{"@type":"SearchAction","target":{"@type":"EntryPoint","urlTemplate":"https:\/\/shop.ucrent.ee\/?s={search_term_string}"},"query-input":{"@type":"PropertyValueSpecification","valueRequired":true,"valueName":"search_term_string"}}],"inLanguage":"fi"}]}},"_links":{"self":[{"href":"https:\/\/shop.ucrent.ee\/fi\/wp-json\/wp\/v2\/product\/619977","targetHints":{"allow":["GET"]}}],"collection":[{"href":"https:\/\/shop.ucrent.ee\/fi\/wp-json\/wp\/v2\/product"}],"about":[{"href":"https:\/\/shop.ucrent.ee\/fi\/wp-json\/wp\/v2\/types\/product"}],"wp:featuredmedia":[{"embeddable":true,"href":"https:\/\/shop.ucrent.ee\/fi\/wp-json\/wp\/v2\/media\/619962"}],"wp:attachment":[{"href":"https:\/\/shop.ucrent.ee\/fi\/wp-json\/wp\/v2\/media?parent=619977"}],"wp:term":[{"taxonomy":"product_brand","embeddable":true,"href":"https:\/\/shop.ucrent.ee\/fi\/wp-json\/wp\/v2\/product_brand?post=619977"},{"taxonomy":"product_cat","embeddable":true,"href":"https:\/\/shop.ucrent.ee\/fi\/wp-json\/wp\/v2\/product_cat?post=619977"},{"taxonomy":"product_tag","embeddable":true,"href":"https:\/\/shop.ucrent.ee\/fi\/wp-json\/wp\/v2\/product_tag?post=619977"}],"curies":[{"name":"wp","href":"https:\/\/api.w.org\/{rel}","templated":true}]}}