{"id":619998,"date":"2023-05-18T10:36:32","date_gmt":"2023-05-18T07:36:32","guid":{"rendered":"https:\/\/shop.ucrent.ee\/toode\/vahan-kaytetty-merikontti-20ft-hq-pariovet"},"modified":"2026-04-21T11:35:14","modified_gmt":"2026-04-21T08:35:14","slug":"vahan-kaytetty-merikontti-20ft-hq-pariovet","status":"publish","type":"product","link":"https:\/\/shop.ucrent.ee\/fi\/toode\/vahan-kaytetty-merikontti-20ft-hq-pariovet","title":{"rendered":"V\u00e4h\u00e4n k\u00e4ytetty merikontti 20ft HQ, pariovet"},"content":{"rendered":"<p>V\u00e4h\u00e4n k\u00e4ytetty ja eritt\u00e4in hyv\u00e4kuntoinen 20\u00b4HQ merikontti pariovilla.<br \/>\nUlkomitat: 2,43 x 6,05m x h-2,89m<br \/>\nPaino 2300 kg<br \/>\nSis\u00e4mitat: 2,35 x 5,89m x h-2,69m<br \/>\nOven aukon koko:<br \/>\nLeveys 2,34m<br \/>\nKorkeus 2,66m<br \/>\nJ\u00e4lkitilaus, toimitusaika 1-2 viikkoa<br \/>\nV\u00e4rivalikoima saatavuuden mukaan<br \/>\nL\u00e4het\u00e4 meille toiveesi, niin teemme sinulle tarjouksen.<br \/>\nKuvat ovat havainnollistavia.<\/p>\n","protected":false},"excerpt":{"rendered":"V\u00e4h\u00e4n k\u00e4ytetty ja eritt\u00e4in hyv\u00e4kuntoinen 20\u00b4HQ merikontti pariovilla. Ulkomitat: 2,43 x 6,05m x h-2,89m Paino 2300 kg Sis\u00e4mitat: 2,35 x 5,89m x h-2,69m Oven aukon koko: Leveys 2,34m Korkeus 2,66m J\u00e4lkitilaus, toimitusaika 1-2 viikkoa V\u00e4rivalikoima saatavuuden mukaan L\u00e4het\u00e4 meille toiveesi, niin teemme sinulle tarjouksen. Kuvat ovat havainnollistavia.","protected":false},"featured_media":619991,"template":"","meta":{"_acf_changed":false},"product_brand":[],"product_cat":[317],"product_tag":[],"class_list":{"0":"post-619998","1":"product","2":"type-product","3":"status-publish","4":"has-post-thumbnail","6":"product_cat-varasto_ja_merikonttit","8":"first","9":"instock","10":"taxable","11":"shipping-taxable","12":"purchasable","13":"product-type-simple"},"acf":[],"yoast_head":"<!-- This site is optimized with the Yoast SEO plugin v27.0 - https:\/\/yoast.com\/product\/yoast-seo-wordpress\/ -->\n<title>V\u00e4h\u00e4n k\u00e4ytetty merikontti 20ft HQ, pariovet - UC Rent e-pood<\/title>\n<meta name=\"robots\" content=\"index, follow, max-snippet:-1, max-image-preview:large, max-video-preview:-1\" \/>\n<link rel=\"canonical\" href=\"https:\/\/shop.ucrent.ee\/fi\/toode\/vahan-kaytetty-merikontti-20ft-hq-pariovet\" \/>\n<meta property=\"og:locale\" content=\"fi_FI\" \/>\n<meta property=\"og:type\" content=\"article\" \/>\n<meta property=\"og:title\" content=\"V\u00e4h\u00e4n k\u00e4ytetty merikontti 20ft HQ, pariovet - UC Rent e-pood\" \/>\n<meta property=\"og:description\" content=\"V\u00e4h\u00e4n k\u00e4ytetty ja eritt\u00e4in hyv\u00e4kuntoinen 20\u00b4HQ merikontti pariovilla. Ulkomitat: 2,43 x 6,05m x h-2,89m Paino 2300 kg Sis\u00e4mitat: 2,35 x 5,89m x h-2,69m Oven aukon koko: Leveys 2,34m Korkeus 2,66m J\u00e4lkitilaus, toimitusaika 1-2 viikkoa V\u00e4rivalikoima saatavuuden mukaan L\u00e4het\u00e4 meille toiveesi, niin teemme sinulle tarjouksen. Kuvat ovat havainnollistavia.\" \/>\n<meta property=\"og:url\" content=\"https:\/\/shop.ucrent.ee\/fi\/toode\/vahan-kaytetty-merikontti-20ft-hq-pariovet\" \/>\n<meta property=\"og:site_name\" content=\"UC Rent e-pood\" \/>\n<meta property=\"article:modified_time\" content=\"2026-04-21T08:35:14+00:00\" \/>\n<meta property=\"og:image\" content=\"https:\/\/shop.ucrent.ee\/wp-content\/uploads\/2023\/05\/IMG_5632-700x623.png\" \/>\n\t<meta property=\"og:image:width\" content=\"700\" \/>\n\t<meta property=\"og:image:height\" content=\"623\" \/>\n\t<meta property=\"og:image:type\" content=\"image\/png\" \/>\n<meta name=\"twitter:card\" content=\"summary_large_image\" \/>\n<script type=\"application\/ld+json\" class=\"yoast-schema-graph\">{\"@context\":\"https:\/\/schema.org\",\"@graph\":[{\"@type\":\"WebPage\",\"@id\":\"https:\/\/shop.ucrent.ee\/fi\/toode\/vahan-kaytetty-merikontti-20ft-hq-pariovet\",\"url\":\"https:\/\/shop.ucrent.ee\/fi\/toode\/vahan-kaytetty-merikontti-20ft-hq-pariovet\",\"name\":\"V\u00e4h\u00e4n k\u00e4ytetty merikontti 20ft HQ, pariovet - UC Rent e-pood\",\"isPartOf\":{\"@id\":\"https:\/\/shop.ucrent.ee\/#website\"},\"primaryImageOfPage\":{\"@id\":\"https:\/\/shop.ucrent.ee\/fi\/toode\/vahan-kaytetty-merikontti-20ft-hq-pariovet#primaryimage\"},\"image\":{\"@id\":\"https:\/\/shop.ucrent.ee\/fi\/toode\/vahan-kaytetty-merikontti-20ft-hq-pariovet#primaryimage\"},\"thumbnailUrl\":\"https:\/\/shop.ucrent.ee\/wp-content\/uploads\/2023\/05\/IMG_5632.png\",\"datePublished\":\"2023-05-18T07:36:32+00:00\",\"dateModified\":\"2026-04-21T08:35:14+00:00\",\"breadcrumb\":{\"@id\":\"https:\/\/shop.ucrent.ee\/fi\/toode\/vahan-kaytetty-merikontti-20ft-hq-pariovet#breadcrumb\"},\"inLanguage\":\"fi\",\"potentialAction\":[{\"@type\":\"ReadAction\",\"target\":[\"https:\/\/shop.ucrent.ee\/fi\/toode\/vahan-kaytetty-merikontti-20ft-hq-pariovet\"]}]},{\"@type\":\"ImageObject\",\"inLanguage\":\"fi\",\"@id\":\"https:\/\/shop.ucrent.ee\/fi\/toode\/vahan-kaytetty-merikontti-20ft-hq-pariovet#primaryimage\",\"url\":\"https:\/\/shop.ucrent.ee\/wp-content\/uploads\/2023\/05\/IMG_5632.png\",\"contentUrl\":\"https:\/\/shop.ucrent.ee\/wp-content\/uploads\/2023\/05\/IMG_5632.png\",\"width\":3561,\"height\":3168},{\"@type\":\"BreadcrumbList\",\"@id\":\"https:\/\/shop.ucrent.ee\/fi\/toode\/vahan-kaytetty-merikontti-20ft-hq-pariovet#breadcrumb\",\"itemListElement\":[{\"@type\":\"ListItem\",\"position\":1,\"name\":\"Home\",\"item\":\"https:\/\/shop.ucrent.ee\/fi\"},{\"@type\":\"ListItem\",\"position\":2,\"name\":\"K\u00f5ik tooted\",\"item\":\"https:\/\/shop.ucrent.ee\/tooted\"},{\"@type\":\"ListItem\",\"position\":3,\"name\":\"V\u00e4h\u00e4n k\u00e4ytetty merikontti 20ft HQ, pariovet\"}]},{\"@type\":\"WebSite\",\"@id\":\"https:\/\/shop.ucrent.ee\/#website\",\"url\":\"https:\/\/shop.ucrent.ee\/\",\"name\":\"UC Rent e-pood\",\"description\":\"\",\"potentialAction\":[{\"@type\":\"SearchAction\",\"target\":{\"@type\":\"EntryPoint\",\"urlTemplate\":\"https:\/\/shop.ucrent.ee\/?s={search_term_string}\"},\"query-input\":{\"@type\":\"PropertyValueSpecification\",\"valueRequired\":true,\"valueName\":\"search_term_string\"}}],\"inLanguage\":\"fi\"}]}<\/script>\n<!-- \/ Yoast SEO plugin. -->","yoast_head_json":{"title":"V\u00e4h\u00e4n k\u00e4ytetty merikontti 20ft HQ, pariovet - UC Rent e-pood","robots":{"index":"index","follow":"follow","max-snippet":"max-snippet:-1","max-image-preview":"max-image-preview:large","max-video-preview":"max-video-preview:-1"},"canonical":"https:\/\/shop.ucrent.ee\/fi\/toode\/vahan-kaytetty-merikontti-20ft-hq-pariovet","og_locale":"fi_FI","og_type":"article","og_title":"V\u00e4h\u00e4n k\u00e4ytetty merikontti 20ft HQ, pariovet - UC Rent e-pood","og_description":"V\u00e4h\u00e4n k\u00e4ytetty ja eritt\u00e4in hyv\u00e4kuntoinen 20\u00b4HQ merikontti pariovilla. Ulkomitat: 2,43 x 6,05m x h-2,89m Paino 2300 kg Sis\u00e4mitat: 2,35 x 5,89m x h-2,69m Oven aukon koko: Leveys 2,34m Korkeus 2,66m J\u00e4lkitilaus, toimitusaika 1-2 viikkoa V\u00e4rivalikoima saatavuuden mukaan L\u00e4het\u00e4 meille toiveesi, niin teemme sinulle tarjouksen. Kuvat ovat havainnollistavia.","og_url":"https:\/\/shop.ucrent.ee\/fi\/toode\/vahan-kaytetty-merikontti-20ft-hq-pariovet","og_site_name":"UC Rent e-pood","article_modified_time":"2026-04-21T08:35:14+00:00","og_image":[{"width":700,"height":623,"url":"https:\/\/shop.ucrent.ee\/wp-content\/uploads\/2023\/05\/IMG_5632-700x623.png","type":"image\/png"}],"twitter_card":"summary_large_image","schema":{"@context":"https:\/\/schema.org","@graph":[{"@type":"WebPage","@id":"https:\/\/shop.ucrent.ee\/fi\/toode\/vahan-kaytetty-merikontti-20ft-hq-pariovet","url":"https:\/\/shop.ucrent.ee\/fi\/toode\/vahan-kaytetty-merikontti-20ft-hq-pariovet","name":"V\u00e4h\u00e4n k\u00e4ytetty merikontti 20ft HQ, pariovet - UC Rent e-pood","isPartOf":{"@id":"https:\/\/shop.ucrent.ee\/#website"},"primaryImageOfPage":{"@id":"https:\/\/shop.ucrent.ee\/fi\/toode\/vahan-kaytetty-merikontti-20ft-hq-pariovet#primaryimage"},"image":{"@id":"https:\/\/shop.ucrent.ee\/fi\/toode\/vahan-kaytetty-merikontti-20ft-hq-pariovet#primaryimage"},"thumbnailUrl":"https:\/\/shop.ucrent.ee\/wp-content\/uploads\/2023\/05\/IMG_5632.png","datePublished":"2023-05-18T07:36:32+00:00","dateModified":"2026-04-21T08:35:14+00:00","breadcrumb":{"@id":"https:\/\/shop.ucrent.ee\/fi\/toode\/vahan-kaytetty-merikontti-20ft-hq-pariovet#breadcrumb"},"inLanguage":"fi","potentialAction":[{"@type":"ReadAction","target":["https:\/\/shop.ucrent.ee\/fi\/toode\/vahan-kaytetty-merikontti-20ft-hq-pariovet"]}]},{"@type":"ImageObject","inLanguage":"fi","@id":"https:\/\/shop.ucrent.ee\/fi\/toode\/vahan-kaytetty-merikontti-20ft-hq-pariovet#primaryimage","url":"https:\/\/shop.ucrent.ee\/wp-content\/uploads\/2023\/05\/IMG_5632.png","contentUrl":"https:\/\/shop.ucrent.ee\/wp-content\/uploads\/2023\/05\/IMG_5632.png","width":3561,"height":3168},{"@type":"BreadcrumbList","@id":"https:\/\/shop.ucrent.ee\/fi\/toode\/vahan-kaytetty-merikontti-20ft-hq-pariovet#breadcrumb","itemListElement":[{"@type":"ListItem","position":1,"name":"Home","item":"https:\/\/shop.ucrent.ee\/fi"},{"@type":"ListItem","position":2,"name":"K\u00f5ik tooted","item":"https:\/\/shop.ucrent.ee\/tooted"},{"@type":"ListItem","position":3,"name":"V\u00e4h\u00e4n k\u00e4ytetty merikontti 20ft HQ, pariovet"}]},{"@type":"WebSite","@id":"https:\/\/shop.ucrent.ee\/#website","url":"https:\/\/shop.ucrent.ee\/","name":"UC Rent e-pood","description":"","potentialAction":[{"@type":"SearchAction","target":{"@type":"EntryPoint","urlTemplate":"https:\/\/shop.ucrent.ee\/?s={search_term_string}"},"query-input":{"@type":"PropertyValueSpecification","valueRequired":true,"valueName":"search_term_string"}}],"inLanguage":"fi"}]}},"_links":{"self":[{"href":"https:\/\/shop.ucrent.ee\/fi\/wp-json\/wp\/v2\/product\/619998","targetHints":{"allow":["GET"]}}],"collection":[{"href":"https:\/\/shop.ucrent.ee\/fi\/wp-json\/wp\/v2\/product"}],"about":[{"href":"https:\/\/shop.ucrent.ee\/fi\/wp-json\/wp\/v2\/types\/product"}],"wp:featuredmedia":[{"embeddable":true,"href":"https:\/\/shop.ucrent.ee\/fi\/wp-json\/wp\/v2\/media\/619991"}],"wp:attachment":[{"href":"https:\/\/shop.ucrent.ee\/fi\/wp-json\/wp\/v2\/media?parent=619998"}],"wp:term":[{"taxonomy":"product_brand","embeddable":true,"href":"https:\/\/shop.ucrent.ee\/fi\/wp-json\/wp\/v2\/product_brand?post=619998"},{"taxonomy":"product_cat","embeddable":true,"href":"https:\/\/shop.ucrent.ee\/fi\/wp-json\/wp\/v2\/product_cat?post=619998"},{"taxonomy":"product_tag","embeddable":true,"href":"https:\/\/shop.ucrent.ee\/fi\/wp-json\/wp\/v2\/product_tag?post=619998"}],"curies":[{"name":"wp","href":"https:\/\/api.w.org\/{rel}","templated":true}]}}