{"id":620094,"date":"2023-06-14T11:34:26","date_gmt":"2023-06-14T08:34:26","guid":{"rendered":"https:\/\/shop.ucrent.ee\/toode\/poytaliina-310x220cm-harmaa"},"modified":"2026-04-09T18:02:01","modified_gmt":"2026-04-09T15:02:01","slug":"poytaliina-310x220cm-harmaa","status":"publish","type":"product","link":"https:\/\/shop.ucrent.ee\/fi\/toode\/poytaliina-310x220cm-harmaa","title":{"rendered":"P\u00f6yt\u00e4liina 310x220cm, harmaa"},"content":{"rendered":"<p>Koko: 310&#215;220 cm<br \/>\nMateriaali: 100 % polyesteri\u00e4<br \/>\nHoito: pesu 40\u00b0C.<br \/>\n\u00d6KO-TEX\u00ae sertifioitu<br \/>\nP\u00f6yt\u00e4liina on valmistettu kiinte\u00e4st\u00e4 kankaasta, joten siin\u00e4 ei ole yhdist\u00e4vi\u00e4 saumoja ja t\u00e4m\u00e4n ansiosta se tekee p\u00f6yd\u00e4st\u00e4si ylellisen ja esteettisen. P\u00f6yt\u00e4liina soveltuu k\u00e4ytett\u00e4v\u00e4ksi niin kotona kuin ravintoloissa, kahviloissa, hotelleissa ja erilaisissa tapahtumissa.<br \/>\nSaatavilla olevat v\u00e4rit: valkoinen, samppanja, harmaa, ruskea, musta, punainen, viininpunainen.<\/p>\n","protected":false},"excerpt":{"rendered":"Koko: 310&#215;220 cm Materiaali: 100 % polyesteri\u00e4 Hoito: pesu 40\u00b0C. \u00d6KO-TEX\u00ae sertifioitu P\u00f6yt\u00e4liina on valmistettu kiinte\u00e4st\u00e4 kankaasta, joten siin\u00e4 ei ole yhdist\u00e4vi\u00e4 saumoja ja t\u00e4m\u00e4n ansiosta se tekee p\u00f6yd\u00e4st\u00e4si ylellisen ja esteettisen. P\u00f6yt\u00e4liina soveltuu k\u00e4ytett\u00e4v\u00e4ksi niin kotona kuin ravintoloissa, kahviloissa, hotelleissa ja erilaisissa tapahtumissa. Saatavilla olevat v\u00e4rit: valkoinen, samppanja, harmaa, ruskea, musta, punainen, viininpunainen.","protected":false},"featured_media":620079,"template":"","meta":{"_acf_changed":false},"product_brand":[],"product_cat":[832],"product_tag":[],"class_list":{"0":"post-620094","1":"product","2":"type-product","3":"status-publish","4":"has-post-thumbnail","6":"product_cat-poydan-ja-tuolin-paalliset","8":"first","9":"instock","10":"taxable","11":"shipping-taxable","12":"purchasable","13":"product-type-simple"},"acf":[],"yoast_head":"<!-- This site is optimized with the Yoast SEO plugin v27.0 - https:\/\/yoast.com\/product\/yoast-seo-wordpress\/ -->\n<title>P\u00f6yt\u00e4liina 310x220cm, harmaa - UC Rent e-pood<\/title>\n<meta name=\"robots\" content=\"index, follow, max-snippet:-1, max-image-preview:large, max-video-preview:-1\" \/>\n<link rel=\"canonical\" href=\"https:\/\/shop.ucrent.ee\/fi\/toode\/poytaliina-310x220cm-harmaa\" \/>\n<meta property=\"og:locale\" content=\"fi_FI\" \/>\n<meta property=\"og:type\" content=\"article\" \/>\n<meta property=\"og:title\" content=\"P\u00f6yt\u00e4liina 310x220cm, harmaa - UC Rent e-pood\" \/>\n<meta property=\"og:description\" content=\"Koko: 310&#215;220 cm Materiaali: 100 % polyesteri\u00e4 Hoito: pesu 40\u00b0C. \u00d6KO-TEX\u00ae sertifioitu P\u00f6yt\u00e4liina on valmistettu kiinte\u00e4st\u00e4 kankaasta, joten siin\u00e4 ei ole yhdist\u00e4vi\u00e4 saumoja ja t\u00e4m\u00e4n ansiosta se tekee p\u00f6yd\u00e4st\u00e4si ylellisen ja esteettisen. P\u00f6yt\u00e4liina soveltuu k\u00e4ytett\u00e4v\u00e4ksi niin kotona kuin ravintoloissa, kahviloissa, hotelleissa ja erilaisissa tapahtumissa. Saatavilla olevat v\u00e4rit: valkoinen, samppanja, harmaa, ruskea, musta, punainen, viininpunainen.\" \/>\n<meta property=\"og:url\" content=\"https:\/\/shop.ucrent.ee\/fi\/toode\/poytaliina-310x220cm-harmaa\" \/>\n<meta property=\"og:site_name\" content=\"UC Rent e-pood\" \/>\n<meta property=\"article:modified_time\" content=\"2026-04-09T15:02:01+00:00\" \/>\n<meta property=\"og:image\" content=\"https:\/\/shop.ucrent.ee\/wp-content\/uploads\/2023\/06\/hallkandilinelaudlina-1-768x770-transformed.png\" \/>\n\t<meta property=\"og:image:width\" content=\"768\" \/>\n\t<meta property=\"og:image:height\" content=\"770\" \/>\n\t<meta property=\"og:image:type\" content=\"image\/png\" \/>\n<meta name=\"twitter:card\" content=\"summary_large_image\" \/>\n<script type=\"application\/ld+json\" class=\"yoast-schema-graph\">{\"@context\":\"https:\/\/schema.org\",\"@graph\":[{\"@type\":\"WebPage\",\"@id\":\"https:\/\/shop.ucrent.ee\/fi\/toode\/poytaliina-310x220cm-harmaa\",\"url\":\"https:\/\/shop.ucrent.ee\/fi\/toode\/poytaliina-310x220cm-harmaa\",\"name\":\"P\u00f6yt\u00e4liina 310x220cm, harmaa - UC Rent e-pood\",\"isPartOf\":{\"@id\":\"https:\/\/shop.ucrent.ee\/#website\"},\"primaryImageOfPage\":{\"@id\":\"https:\/\/shop.ucrent.ee\/fi\/toode\/poytaliina-310x220cm-harmaa#primaryimage\"},\"image\":{\"@id\":\"https:\/\/shop.ucrent.ee\/fi\/toode\/poytaliina-310x220cm-harmaa#primaryimage\"},\"thumbnailUrl\":\"https:\/\/shop.ucrent.ee\/wp-content\/uploads\/2023\/06\/hallkandilinelaudlina-1-768x770-transformed.png\",\"datePublished\":\"2023-06-14T08:34:26+00:00\",\"dateModified\":\"2026-04-09T15:02:01+00:00\",\"breadcrumb\":{\"@id\":\"https:\/\/shop.ucrent.ee\/fi\/toode\/poytaliina-310x220cm-harmaa#breadcrumb\"},\"inLanguage\":\"fi\",\"potentialAction\":[{\"@type\":\"ReadAction\",\"target\":[\"https:\/\/shop.ucrent.ee\/fi\/toode\/poytaliina-310x220cm-harmaa\"]}]},{\"@type\":\"ImageObject\",\"inLanguage\":\"fi\",\"@id\":\"https:\/\/shop.ucrent.ee\/fi\/toode\/poytaliina-310x220cm-harmaa#primaryimage\",\"url\":\"https:\/\/shop.ucrent.ee\/wp-content\/uploads\/2023\/06\/hallkandilinelaudlina-1-768x770-transformed.png\",\"contentUrl\":\"https:\/\/shop.ucrent.ee\/wp-content\/uploads\/2023\/06\/hallkandilinelaudlina-1-768x770-transformed.png\",\"width\":768,\"height\":770},{\"@type\":\"BreadcrumbList\",\"@id\":\"https:\/\/shop.ucrent.ee\/fi\/toode\/poytaliina-310x220cm-harmaa#breadcrumb\",\"itemListElement\":[{\"@type\":\"ListItem\",\"position\":1,\"name\":\"Home\",\"item\":\"https:\/\/shop.ucrent.ee\/fi\"},{\"@type\":\"ListItem\",\"position\":2,\"name\":\"K\u00f5ik tooted\",\"item\":\"https:\/\/shop.ucrent.ee\/tooted\"},{\"@type\":\"ListItem\",\"position\":3,\"name\":\"P\u00f6yt\u00e4liina 310x220cm, harmaa\"}]},{\"@type\":\"WebSite\",\"@id\":\"https:\/\/shop.ucrent.ee\/#website\",\"url\":\"https:\/\/shop.ucrent.ee\/\",\"name\":\"UC Rent e-pood\",\"description\":\"\",\"potentialAction\":[{\"@type\":\"SearchAction\",\"target\":{\"@type\":\"EntryPoint\",\"urlTemplate\":\"https:\/\/shop.ucrent.ee\/?s={search_term_string}\"},\"query-input\":{\"@type\":\"PropertyValueSpecification\",\"valueRequired\":true,\"valueName\":\"search_term_string\"}}],\"inLanguage\":\"fi\"}]}<\/script>\n<!-- \/ Yoast SEO plugin. -->","yoast_head_json":{"title":"P\u00f6yt\u00e4liina 310x220cm, harmaa - UC Rent e-pood","robots":{"index":"index","follow":"follow","max-snippet":"max-snippet:-1","max-image-preview":"max-image-preview:large","max-video-preview":"max-video-preview:-1"},"canonical":"https:\/\/shop.ucrent.ee\/fi\/toode\/poytaliina-310x220cm-harmaa","og_locale":"fi_FI","og_type":"article","og_title":"P\u00f6yt\u00e4liina 310x220cm, harmaa - UC Rent e-pood","og_description":"Koko: 310&#215;220 cm Materiaali: 100 % polyesteri\u00e4 Hoito: pesu 40\u00b0C. \u00d6KO-TEX\u00ae sertifioitu P\u00f6yt\u00e4liina on valmistettu kiinte\u00e4st\u00e4 kankaasta, joten siin\u00e4 ei ole yhdist\u00e4vi\u00e4 saumoja ja t\u00e4m\u00e4n ansiosta se tekee p\u00f6yd\u00e4st\u00e4si ylellisen ja esteettisen. P\u00f6yt\u00e4liina soveltuu k\u00e4ytett\u00e4v\u00e4ksi niin kotona kuin ravintoloissa, kahviloissa, hotelleissa ja erilaisissa tapahtumissa. Saatavilla olevat v\u00e4rit: valkoinen, samppanja, harmaa, ruskea, musta, punainen, viininpunainen.","og_url":"https:\/\/shop.ucrent.ee\/fi\/toode\/poytaliina-310x220cm-harmaa","og_site_name":"UC Rent e-pood","article_modified_time":"2026-04-09T15:02:01+00:00","og_image":[{"width":768,"height":770,"url":"https:\/\/shop.ucrent.ee\/wp-content\/uploads\/2023\/06\/hallkandilinelaudlina-1-768x770-transformed.png","type":"image\/png"}],"twitter_card":"summary_large_image","schema":{"@context":"https:\/\/schema.org","@graph":[{"@type":"WebPage","@id":"https:\/\/shop.ucrent.ee\/fi\/toode\/poytaliina-310x220cm-harmaa","url":"https:\/\/shop.ucrent.ee\/fi\/toode\/poytaliina-310x220cm-harmaa","name":"P\u00f6yt\u00e4liina 310x220cm, harmaa - UC Rent e-pood","isPartOf":{"@id":"https:\/\/shop.ucrent.ee\/#website"},"primaryImageOfPage":{"@id":"https:\/\/shop.ucrent.ee\/fi\/toode\/poytaliina-310x220cm-harmaa#primaryimage"},"image":{"@id":"https:\/\/shop.ucrent.ee\/fi\/toode\/poytaliina-310x220cm-harmaa#primaryimage"},"thumbnailUrl":"https:\/\/shop.ucrent.ee\/wp-content\/uploads\/2023\/06\/hallkandilinelaudlina-1-768x770-transformed.png","datePublished":"2023-06-14T08:34:26+00:00","dateModified":"2026-04-09T15:02:01+00:00","breadcrumb":{"@id":"https:\/\/shop.ucrent.ee\/fi\/toode\/poytaliina-310x220cm-harmaa#breadcrumb"},"inLanguage":"fi","potentialAction":[{"@type":"ReadAction","target":["https:\/\/shop.ucrent.ee\/fi\/toode\/poytaliina-310x220cm-harmaa"]}]},{"@type":"ImageObject","inLanguage":"fi","@id":"https:\/\/shop.ucrent.ee\/fi\/toode\/poytaliina-310x220cm-harmaa#primaryimage","url":"https:\/\/shop.ucrent.ee\/wp-content\/uploads\/2023\/06\/hallkandilinelaudlina-1-768x770-transformed.png","contentUrl":"https:\/\/shop.ucrent.ee\/wp-content\/uploads\/2023\/06\/hallkandilinelaudlina-1-768x770-transformed.png","width":768,"height":770},{"@type":"BreadcrumbList","@id":"https:\/\/shop.ucrent.ee\/fi\/toode\/poytaliina-310x220cm-harmaa#breadcrumb","itemListElement":[{"@type":"ListItem","position":1,"name":"Home","item":"https:\/\/shop.ucrent.ee\/fi"},{"@type":"ListItem","position":2,"name":"K\u00f5ik tooted","item":"https:\/\/shop.ucrent.ee\/tooted"},{"@type":"ListItem","position":3,"name":"P\u00f6yt\u00e4liina 310x220cm, harmaa"}]},{"@type":"WebSite","@id":"https:\/\/shop.ucrent.ee\/#website","url":"https:\/\/shop.ucrent.ee\/","name":"UC Rent e-pood","description":"","potentialAction":[{"@type":"SearchAction","target":{"@type":"EntryPoint","urlTemplate":"https:\/\/shop.ucrent.ee\/?s={search_term_string}"},"query-input":{"@type":"PropertyValueSpecification","valueRequired":true,"valueName":"search_term_string"}}],"inLanguage":"fi"}]}},"_links":{"self":[{"href":"https:\/\/shop.ucrent.ee\/fi\/wp-json\/wp\/v2\/product\/620094","targetHints":{"allow":["GET"]}}],"collection":[{"href":"https:\/\/shop.ucrent.ee\/fi\/wp-json\/wp\/v2\/product"}],"about":[{"href":"https:\/\/shop.ucrent.ee\/fi\/wp-json\/wp\/v2\/types\/product"}],"wp:featuredmedia":[{"embeddable":true,"href":"https:\/\/shop.ucrent.ee\/fi\/wp-json\/wp\/v2\/media\/620079"}],"wp:attachment":[{"href":"https:\/\/shop.ucrent.ee\/fi\/wp-json\/wp\/v2\/media?parent=620094"}],"wp:term":[{"taxonomy":"product_brand","embeddable":true,"href":"https:\/\/shop.ucrent.ee\/fi\/wp-json\/wp\/v2\/product_brand?post=620094"},{"taxonomy":"product_cat","embeddable":true,"href":"https:\/\/shop.ucrent.ee\/fi\/wp-json\/wp\/v2\/product_cat?post=620094"},{"taxonomy":"product_tag","embeddable":true,"href":"https:\/\/shop.ucrent.ee\/fi\/wp-json\/wp\/v2\/product_tag?post=620094"}],"curies":[{"name":"wp","href":"https:\/\/api.w.org\/{rel}","templated":true}]}}