{"id":620116,"date":"2023-06-16T15:17:51","date_gmt":"2023-06-16T12:17:51","guid":{"rendered":"https:\/\/shop.ucrent.ee\/toode\/poytaliina-pyoreaan-poytaan-o-300cm-valkoinen"},"modified":"2026-04-09T18:01:22","modified_gmt":"2026-04-09T15:01:22","slug":"poytaliina-pyoreaan-poytaan-o-300cm-valkoinen","status":"publish","type":"product","link":"https:\/\/shop.ucrent.ee\/fi\/toode\/poytaliina-pyoreaan-poytaan-o-300cm-valkoinen","title":{"rendered":"P\u00f6yt\u00e4liina py\u00f6re\u00e4\u00e4n p\u00f6yt\u00e4\u00e4n \u00d8 300cm, valkoinen"},"content":{"rendered":"<p>Klassinen py\u00f6re\u00e4 p\u00f6yt\u00e4liina.<br \/>\nKoko: halkaisija \u00d8 300 cm<br \/>\nMateriaali: 100 % polyesteri\u00e4<br \/>\nHoito: pesu 40\u00b0C.<br \/>\nP\u00f6yt\u00e4liina soveltuu k\u00e4ytett\u00e4v\u00e4ksi niin kotona kuin ravintoloissa, kahviloissa, hotelleissa ja erilaisissa tapahtumissa.<\/p>\n","protected":false},"excerpt":{"rendered":"Klassinen py\u00f6re\u00e4 p\u00f6yt\u00e4liina. Koko: halkaisija \u00d8 300 cm Materiaali: 100 % polyesteri\u00e4 Hoito: pesu 40\u00b0C. P\u00f6yt\u00e4liina soveltuu k\u00e4ytett\u00e4v\u00e4ksi niin kotona kuin ravintoloissa, kahviloissa, hotelleissa ja erilaisissa tapahtumissa.","protected":false},"featured_media":620110,"template":"","meta":{"_acf_changed":false},"product_brand":[],"product_cat":[832],"product_tag":[],"class_list":{"0":"post-620116","1":"product","2":"type-product","3":"status-publish","4":"has-post-thumbnail","6":"product_cat-poydan-ja-tuolin-paalliset","8":"first","9":"instock","10":"taxable","11":"shipping-taxable","12":"purchasable","13":"product-type-simple"},"acf":[],"yoast_head":"<!-- This site is optimized with the Yoast SEO plugin v27.0 - https:\/\/yoast.com\/product\/yoast-seo-wordpress\/ -->\n<title>P\u00f6yt\u00e4liina py\u00f6re\u00e4\u00e4n p\u00f6yt\u00e4\u00e4n \u00d8 300cm, valkoinen - UC Rent e-pood<\/title>\n<meta name=\"robots\" content=\"index, follow, max-snippet:-1, max-image-preview:large, max-video-preview:-1\" \/>\n<link rel=\"canonical\" href=\"https:\/\/shop.ucrent.ee\/fi\/toode\/poytaliina-pyoreaan-poytaan-o-300cm-valkoinen\" \/>\n<meta property=\"og:locale\" content=\"fi_FI\" \/>\n<meta property=\"og:type\" content=\"article\" \/>\n<meta property=\"og:title\" content=\"P\u00f6yt\u00e4liina py\u00f6re\u00e4\u00e4n p\u00f6yt\u00e4\u00e4n \u00d8 300cm, valkoinen - UC Rent e-pood\" \/>\n<meta property=\"og:description\" content=\"Klassinen py\u00f6re\u00e4 p\u00f6yt\u00e4liina. Koko: halkaisija \u00d8 300 cm Materiaali: 100 % polyesteri\u00e4 Hoito: pesu 40\u00b0C. P\u00f6yt\u00e4liina soveltuu k\u00e4ytett\u00e4v\u00e4ksi niin kotona kuin ravintoloissa, kahviloissa, hotelleissa ja erilaisissa tapahtumissa.\" \/>\n<meta property=\"og:url\" content=\"https:\/\/shop.ucrent.ee\/fi\/toode\/poytaliina-pyoreaan-poytaan-o-300cm-valkoinen\" \/>\n<meta property=\"og:site_name\" content=\"UC Rent e-pood\" \/>\n<meta property=\"article:modified_time\" content=\"2026-04-09T15:01:22+00:00\" \/>\n<meta property=\"og:image\" content=\"https:\/\/shop.ucrent.ee\/wp-content\/uploads\/2023\/06\/Laudlina-ummargusele-lauale-valge1.webp\" \/>\n\t<meta property=\"og:image:width\" content=\"1000\" \/>\n\t<meta property=\"og:image:height\" content=\"1000\" \/>\n\t<meta property=\"og:image:type\" content=\"image\/webp\" \/>\n<meta name=\"twitter:card\" content=\"summary_large_image\" \/>\n<script type=\"application\/ld+json\" class=\"yoast-schema-graph\">{\"@context\":\"https:\/\/schema.org\",\"@graph\":[{\"@type\":\"WebPage\",\"@id\":\"https:\/\/shop.ucrent.ee\/fi\/toode\/poytaliina-pyoreaan-poytaan-o-300cm-valkoinen\",\"url\":\"https:\/\/shop.ucrent.ee\/fi\/toode\/poytaliina-pyoreaan-poytaan-o-300cm-valkoinen\",\"name\":\"P\u00f6yt\u00e4liina py\u00f6re\u00e4\u00e4n p\u00f6yt\u00e4\u00e4n \u00d8 300cm, valkoinen - UC Rent e-pood\",\"isPartOf\":{\"@id\":\"https:\/\/shop.ucrent.ee\/#website\"},\"primaryImageOfPage\":{\"@id\":\"https:\/\/shop.ucrent.ee\/fi\/toode\/poytaliina-pyoreaan-poytaan-o-300cm-valkoinen#primaryimage\"},\"image\":{\"@id\":\"https:\/\/shop.ucrent.ee\/fi\/toode\/poytaliina-pyoreaan-poytaan-o-300cm-valkoinen#primaryimage\"},\"thumbnailUrl\":\"https:\/\/shop.ucrent.ee\/wp-content\/uploads\/2023\/06\/Laudlina-ummargusele-lauale-valge1.webp\",\"datePublished\":\"2023-06-16T12:17:51+00:00\",\"dateModified\":\"2026-04-09T15:01:22+00:00\",\"breadcrumb\":{\"@id\":\"https:\/\/shop.ucrent.ee\/fi\/toode\/poytaliina-pyoreaan-poytaan-o-300cm-valkoinen#breadcrumb\"},\"inLanguage\":\"fi\",\"potentialAction\":[{\"@type\":\"ReadAction\",\"target\":[\"https:\/\/shop.ucrent.ee\/fi\/toode\/poytaliina-pyoreaan-poytaan-o-300cm-valkoinen\"]}]},{\"@type\":\"ImageObject\",\"inLanguage\":\"fi\",\"@id\":\"https:\/\/shop.ucrent.ee\/fi\/toode\/poytaliina-pyoreaan-poytaan-o-300cm-valkoinen#primaryimage\",\"url\":\"https:\/\/shop.ucrent.ee\/wp-content\/uploads\/2023\/06\/Laudlina-ummargusele-lauale-valge1.webp\",\"contentUrl\":\"https:\/\/shop.ucrent.ee\/wp-content\/uploads\/2023\/06\/Laudlina-ummargusele-lauale-valge1.webp\",\"width\":1000,\"height\":1000},{\"@type\":\"BreadcrumbList\",\"@id\":\"https:\/\/shop.ucrent.ee\/fi\/toode\/poytaliina-pyoreaan-poytaan-o-300cm-valkoinen#breadcrumb\",\"itemListElement\":[{\"@type\":\"ListItem\",\"position\":1,\"name\":\"Home\",\"item\":\"https:\/\/shop.ucrent.ee\/fi\"},{\"@type\":\"ListItem\",\"position\":2,\"name\":\"K\u00f5ik tooted\",\"item\":\"https:\/\/shop.ucrent.ee\/tooted\"},{\"@type\":\"ListItem\",\"position\":3,\"name\":\"P\u00f6yt\u00e4liina py\u00f6re\u00e4\u00e4n p\u00f6yt\u00e4\u00e4n \u00d8 300cm, valkoinen\"}]},{\"@type\":\"WebSite\",\"@id\":\"https:\/\/shop.ucrent.ee\/#website\",\"url\":\"https:\/\/shop.ucrent.ee\/\",\"name\":\"UC Rent e-pood\",\"description\":\"\",\"potentialAction\":[{\"@type\":\"SearchAction\",\"target\":{\"@type\":\"EntryPoint\",\"urlTemplate\":\"https:\/\/shop.ucrent.ee\/?s={search_term_string}\"},\"query-input\":{\"@type\":\"PropertyValueSpecification\",\"valueRequired\":true,\"valueName\":\"search_term_string\"}}],\"inLanguage\":\"fi\"}]}<\/script>\n<!-- \/ Yoast SEO plugin. -->","yoast_head_json":{"title":"P\u00f6yt\u00e4liina py\u00f6re\u00e4\u00e4n p\u00f6yt\u00e4\u00e4n \u00d8 300cm, valkoinen - UC Rent e-pood","robots":{"index":"index","follow":"follow","max-snippet":"max-snippet:-1","max-image-preview":"max-image-preview:large","max-video-preview":"max-video-preview:-1"},"canonical":"https:\/\/shop.ucrent.ee\/fi\/toode\/poytaliina-pyoreaan-poytaan-o-300cm-valkoinen","og_locale":"fi_FI","og_type":"article","og_title":"P\u00f6yt\u00e4liina py\u00f6re\u00e4\u00e4n p\u00f6yt\u00e4\u00e4n \u00d8 300cm, valkoinen - UC Rent e-pood","og_description":"Klassinen py\u00f6re\u00e4 p\u00f6yt\u00e4liina. Koko: halkaisija \u00d8 300 cm Materiaali: 100 % polyesteri\u00e4 Hoito: pesu 40\u00b0C. P\u00f6yt\u00e4liina soveltuu k\u00e4ytett\u00e4v\u00e4ksi niin kotona kuin ravintoloissa, kahviloissa, hotelleissa ja erilaisissa tapahtumissa.","og_url":"https:\/\/shop.ucrent.ee\/fi\/toode\/poytaliina-pyoreaan-poytaan-o-300cm-valkoinen","og_site_name":"UC Rent e-pood","article_modified_time":"2026-04-09T15:01:22+00:00","og_image":[{"width":1000,"height":1000,"url":"https:\/\/shop.ucrent.ee\/wp-content\/uploads\/2023\/06\/Laudlina-ummargusele-lauale-valge1.webp","type":"image\/webp"}],"twitter_card":"summary_large_image","schema":{"@context":"https:\/\/schema.org","@graph":[{"@type":"WebPage","@id":"https:\/\/shop.ucrent.ee\/fi\/toode\/poytaliina-pyoreaan-poytaan-o-300cm-valkoinen","url":"https:\/\/shop.ucrent.ee\/fi\/toode\/poytaliina-pyoreaan-poytaan-o-300cm-valkoinen","name":"P\u00f6yt\u00e4liina py\u00f6re\u00e4\u00e4n p\u00f6yt\u00e4\u00e4n \u00d8 300cm, valkoinen - UC Rent e-pood","isPartOf":{"@id":"https:\/\/shop.ucrent.ee\/#website"},"primaryImageOfPage":{"@id":"https:\/\/shop.ucrent.ee\/fi\/toode\/poytaliina-pyoreaan-poytaan-o-300cm-valkoinen#primaryimage"},"image":{"@id":"https:\/\/shop.ucrent.ee\/fi\/toode\/poytaliina-pyoreaan-poytaan-o-300cm-valkoinen#primaryimage"},"thumbnailUrl":"https:\/\/shop.ucrent.ee\/wp-content\/uploads\/2023\/06\/Laudlina-ummargusele-lauale-valge1.webp","datePublished":"2023-06-16T12:17:51+00:00","dateModified":"2026-04-09T15:01:22+00:00","breadcrumb":{"@id":"https:\/\/shop.ucrent.ee\/fi\/toode\/poytaliina-pyoreaan-poytaan-o-300cm-valkoinen#breadcrumb"},"inLanguage":"fi","potentialAction":[{"@type":"ReadAction","target":["https:\/\/shop.ucrent.ee\/fi\/toode\/poytaliina-pyoreaan-poytaan-o-300cm-valkoinen"]}]},{"@type":"ImageObject","inLanguage":"fi","@id":"https:\/\/shop.ucrent.ee\/fi\/toode\/poytaliina-pyoreaan-poytaan-o-300cm-valkoinen#primaryimage","url":"https:\/\/shop.ucrent.ee\/wp-content\/uploads\/2023\/06\/Laudlina-ummargusele-lauale-valge1.webp","contentUrl":"https:\/\/shop.ucrent.ee\/wp-content\/uploads\/2023\/06\/Laudlina-ummargusele-lauale-valge1.webp","width":1000,"height":1000},{"@type":"BreadcrumbList","@id":"https:\/\/shop.ucrent.ee\/fi\/toode\/poytaliina-pyoreaan-poytaan-o-300cm-valkoinen#breadcrumb","itemListElement":[{"@type":"ListItem","position":1,"name":"Home","item":"https:\/\/shop.ucrent.ee\/fi"},{"@type":"ListItem","position":2,"name":"K\u00f5ik tooted","item":"https:\/\/shop.ucrent.ee\/tooted"},{"@type":"ListItem","position":3,"name":"P\u00f6yt\u00e4liina py\u00f6re\u00e4\u00e4n p\u00f6yt\u00e4\u00e4n \u00d8 300cm, valkoinen"}]},{"@type":"WebSite","@id":"https:\/\/shop.ucrent.ee\/#website","url":"https:\/\/shop.ucrent.ee\/","name":"UC Rent e-pood","description":"","potentialAction":[{"@type":"SearchAction","target":{"@type":"EntryPoint","urlTemplate":"https:\/\/shop.ucrent.ee\/?s={search_term_string}"},"query-input":{"@type":"PropertyValueSpecification","valueRequired":true,"valueName":"search_term_string"}}],"inLanguage":"fi"}]}},"_links":{"self":[{"href":"https:\/\/shop.ucrent.ee\/fi\/wp-json\/wp\/v2\/product\/620116","targetHints":{"allow":["GET"]}}],"collection":[{"href":"https:\/\/shop.ucrent.ee\/fi\/wp-json\/wp\/v2\/product"}],"about":[{"href":"https:\/\/shop.ucrent.ee\/fi\/wp-json\/wp\/v2\/types\/product"}],"wp:featuredmedia":[{"embeddable":true,"href":"https:\/\/shop.ucrent.ee\/fi\/wp-json\/wp\/v2\/media\/620110"}],"wp:attachment":[{"href":"https:\/\/shop.ucrent.ee\/fi\/wp-json\/wp\/v2\/media?parent=620116"}],"wp:term":[{"taxonomy":"product_brand","embeddable":true,"href":"https:\/\/shop.ucrent.ee\/fi\/wp-json\/wp\/v2\/product_brand?post=620116"},{"taxonomy":"product_cat","embeddable":true,"href":"https:\/\/shop.ucrent.ee\/fi\/wp-json\/wp\/v2\/product_cat?post=620116"},{"taxonomy":"product_tag","embeddable":true,"href":"https:\/\/shop.ucrent.ee\/fi\/wp-json\/wp\/v2\/product_tag?post=620116"}],"curies":[{"name":"wp","href":"https:\/\/api.w.org\/{rel}","templated":true}]}}