{"id":620554,"date":"2023-10-10T11:23:14","date_gmt":"2023-10-10T08:23:14","guid":{"rendered":"https:\/\/shop.ucrent.ee\/toode\/joustava-poytaliina-150x70cm-k-74cm-musta"},"modified":"2026-04-09T14:47:06","modified_gmt":"2026-04-09T11:47:06","slug":"joustava-poytaliina-150x70cm-k-74cm-musta","status":"publish","type":"product","link":"https:\/\/shop.ucrent.ee\/fi\/toode\/joustava-poytaliina-150x70cm-k-74cm-musta","title":{"rendered":"Joustava p\u00f6yt\u00e4liina 152x70cm k-74cm, musta"},"content":{"rendered":"<p>Joustava ja joustava p\u00e4\u00e4llinen neli\u00f6m\u00e4iselle p\u00f6yd\u00e4lle.<br \/>\nKoko 152x70cm k-74cm<br \/>\nKoostumus: 90 % polyesteri\u00e4, 10 % elastaania, 190 g\/m\u00b2<br \/>\nHelppok\u00e4ytt\u00f6inen, ei vaadi silityst\u00e4<br \/>\nKonepesu 40\u00b0C, ei valkaisua, rumpukuivaus alhaisessa l\u00e4mp\u00f6tilassa.<br \/>\nOn mahdollista tilata seuraavat v\u00e4rit: musta ja valkoinen<\/p>\n","protected":false},"excerpt":{"rendered":"Joustava ja joustava p\u00e4\u00e4llinen neli\u00f6m\u00e4iselle p\u00f6yd\u00e4lle. Koko 152x70cm k-74cm Koostumus: 90 % polyesteri\u00e4, 10 % elastaania, 190 g\/m\u00b2 Helppok\u00e4ytt\u00f6inen, ei vaadi silityst\u00e4 Konepesu 40\u00b0C, ei valkaisua, rumpukuivaus alhaisessa l\u00e4mp\u00f6tilassa. On mahdollista tilata seuraavat v\u00e4rit: musta ja valkoinen","protected":false},"featured_media":620594,"template":"","meta":{"_acf_changed":false},"product_brand":[],"product_cat":[832],"product_tag":[],"class_list":{"0":"post-620554","1":"product","2":"type-product","3":"status-publish","4":"has-post-thumbnail","6":"product_cat-poydan-ja-tuolin-paalliset","8":"first","9":"instock","10":"taxable","11":"shipping-taxable","12":"purchasable","13":"product-type-simple"},"acf":[],"yoast_head":"<!-- This site is optimized with the Yoast SEO plugin v27.0 - https:\/\/yoast.com\/product\/yoast-seo-wordpress\/ -->\n<title>Joustava p\u00f6yt\u00e4liina 152x70cm k-74cm, musta - UC Rent e-pood<\/title>\n<meta name=\"robots\" content=\"index, follow, max-snippet:-1, max-image-preview:large, max-video-preview:-1\" \/>\n<link rel=\"canonical\" href=\"https:\/\/shop.ucrent.ee\/fi\/toode\/joustava-poytaliina-150x70cm-k-74cm-musta\" \/>\n<meta property=\"og:locale\" content=\"fi_FI\" \/>\n<meta property=\"og:type\" content=\"article\" \/>\n<meta property=\"og:title\" content=\"Joustava p\u00f6yt\u00e4liina 152x70cm k-74cm, musta - UC Rent e-pood\" \/>\n<meta property=\"og:description\" content=\"Joustava ja joustava p\u00e4\u00e4llinen neli\u00f6m\u00e4iselle p\u00f6yd\u00e4lle. Koko 152x70cm k-74cm Koostumus: 90 % polyesteri\u00e4, 10 % elastaania, 190 g\/m\u00b2 Helppok\u00e4ytt\u00f6inen, ei vaadi silityst\u00e4 Konepesu 40\u00b0C, ei valkaisua, rumpukuivaus alhaisessa l\u00e4mp\u00f6tilassa. On mahdollista tilata seuraavat v\u00e4rit: musta ja valkoinen\" \/>\n<meta property=\"og:url\" content=\"https:\/\/shop.ucrent.ee\/fi\/toode\/joustava-poytaliina-150x70cm-k-74cm-musta\" \/>\n<meta property=\"og:site_name\" content=\"UC Rent e-pood\" \/>\n<meta property=\"article:modified_time\" content=\"2026-04-09T11:47:06+00:00\" \/>\n<meta property=\"og:image\" content=\"https:\/\/shop.ucrent.ee\/wp-content\/uploads\/2023\/10\/Must_strech_lauakate1-transformed.png\" \/>\n\t<meta property=\"og:image:width\" content=\"723\" \/>\n\t<meta property=\"og:image:height\" content=\"727\" \/>\n\t<meta property=\"og:image:type\" content=\"image\/png\" \/>\n<meta name=\"twitter:card\" content=\"summary_large_image\" \/>\n<script type=\"application\/ld+json\" class=\"yoast-schema-graph\">{\"@context\":\"https:\/\/schema.org\",\"@graph\":[{\"@type\":\"WebPage\",\"@id\":\"https:\/\/shop.ucrent.ee\/fi\/toode\/joustava-poytaliina-150x70cm-k-74cm-musta\",\"url\":\"https:\/\/shop.ucrent.ee\/fi\/toode\/joustava-poytaliina-150x70cm-k-74cm-musta\",\"name\":\"Joustava p\u00f6yt\u00e4liina 152x70cm k-74cm, musta - UC Rent e-pood\",\"isPartOf\":{\"@id\":\"https:\/\/shop.ucrent.ee\/#website\"},\"primaryImageOfPage\":{\"@id\":\"https:\/\/shop.ucrent.ee\/fi\/toode\/joustava-poytaliina-150x70cm-k-74cm-musta#primaryimage\"},\"image\":{\"@id\":\"https:\/\/shop.ucrent.ee\/fi\/toode\/joustava-poytaliina-150x70cm-k-74cm-musta#primaryimage\"},\"thumbnailUrl\":\"https:\/\/shop.ucrent.ee\/wp-content\/uploads\/2023\/10\/Must_strech_lauakate1-transformed.png\",\"datePublished\":\"2023-10-10T08:23:14+00:00\",\"dateModified\":\"2026-04-09T11:47:06+00:00\",\"breadcrumb\":{\"@id\":\"https:\/\/shop.ucrent.ee\/fi\/toode\/joustava-poytaliina-150x70cm-k-74cm-musta#breadcrumb\"},\"inLanguage\":\"fi\",\"potentialAction\":[{\"@type\":\"ReadAction\",\"target\":[\"https:\/\/shop.ucrent.ee\/fi\/toode\/joustava-poytaliina-150x70cm-k-74cm-musta\"]}]},{\"@type\":\"ImageObject\",\"inLanguage\":\"fi\",\"@id\":\"https:\/\/shop.ucrent.ee\/fi\/toode\/joustava-poytaliina-150x70cm-k-74cm-musta#primaryimage\",\"url\":\"https:\/\/shop.ucrent.ee\/wp-content\/uploads\/2023\/10\/Must_strech_lauakate1-transformed.png\",\"contentUrl\":\"https:\/\/shop.ucrent.ee\/wp-content\/uploads\/2023\/10\/Must_strech_lauakate1-transformed.png\",\"width\":723,\"height\":727},{\"@type\":\"BreadcrumbList\",\"@id\":\"https:\/\/shop.ucrent.ee\/fi\/toode\/joustava-poytaliina-150x70cm-k-74cm-musta#breadcrumb\",\"itemListElement\":[{\"@type\":\"ListItem\",\"position\":1,\"name\":\"Home\",\"item\":\"https:\/\/shop.ucrent.ee\/fi\"},{\"@type\":\"ListItem\",\"position\":2,\"name\":\"K\u00f5ik tooted\",\"item\":\"https:\/\/shop.ucrent.ee\/tooted\"},{\"@type\":\"ListItem\",\"position\":3,\"name\":\"Joustava p\u00f6yt\u00e4liina 152x70cm k-74cm, musta\"}]},{\"@type\":\"WebSite\",\"@id\":\"https:\/\/shop.ucrent.ee\/#website\",\"url\":\"https:\/\/shop.ucrent.ee\/\",\"name\":\"UC Rent e-pood\",\"description\":\"\",\"potentialAction\":[{\"@type\":\"SearchAction\",\"target\":{\"@type\":\"EntryPoint\",\"urlTemplate\":\"https:\/\/shop.ucrent.ee\/?s={search_term_string}\"},\"query-input\":{\"@type\":\"PropertyValueSpecification\",\"valueRequired\":true,\"valueName\":\"search_term_string\"}}],\"inLanguage\":\"fi\"}]}<\/script>\n<!-- \/ Yoast SEO plugin. -->","yoast_head_json":{"title":"Joustava p\u00f6yt\u00e4liina 152x70cm k-74cm, musta - UC Rent e-pood","robots":{"index":"index","follow":"follow","max-snippet":"max-snippet:-1","max-image-preview":"max-image-preview:large","max-video-preview":"max-video-preview:-1"},"canonical":"https:\/\/shop.ucrent.ee\/fi\/toode\/joustava-poytaliina-150x70cm-k-74cm-musta","og_locale":"fi_FI","og_type":"article","og_title":"Joustava p\u00f6yt\u00e4liina 152x70cm k-74cm, musta - UC Rent e-pood","og_description":"Joustava ja joustava p\u00e4\u00e4llinen neli\u00f6m\u00e4iselle p\u00f6yd\u00e4lle. Koko 152x70cm k-74cm Koostumus: 90 % polyesteri\u00e4, 10 % elastaania, 190 g\/m\u00b2 Helppok\u00e4ytt\u00f6inen, ei vaadi silityst\u00e4 Konepesu 40\u00b0C, ei valkaisua, rumpukuivaus alhaisessa l\u00e4mp\u00f6tilassa. On mahdollista tilata seuraavat v\u00e4rit: musta ja valkoinen","og_url":"https:\/\/shop.ucrent.ee\/fi\/toode\/joustava-poytaliina-150x70cm-k-74cm-musta","og_site_name":"UC Rent e-pood","article_modified_time":"2026-04-09T11:47:06+00:00","og_image":[{"width":723,"height":727,"url":"https:\/\/shop.ucrent.ee\/wp-content\/uploads\/2023\/10\/Must_strech_lauakate1-transformed.png","type":"image\/png"}],"twitter_card":"summary_large_image","schema":{"@context":"https:\/\/schema.org","@graph":[{"@type":"WebPage","@id":"https:\/\/shop.ucrent.ee\/fi\/toode\/joustava-poytaliina-150x70cm-k-74cm-musta","url":"https:\/\/shop.ucrent.ee\/fi\/toode\/joustava-poytaliina-150x70cm-k-74cm-musta","name":"Joustava p\u00f6yt\u00e4liina 152x70cm k-74cm, musta - UC Rent e-pood","isPartOf":{"@id":"https:\/\/shop.ucrent.ee\/#website"},"primaryImageOfPage":{"@id":"https:\/\/shop.ucrent.ee\/fi\/toode\/joustava-poytaliina-150x70cm-k-74cm-musta#primaryimage"},"image":{"@id":"https:\/\/shop.ucrent.ee\/fi\/toode\/joustava-poytaliina-150x70cm-k-74cm-musta#primaryimage"},"thumbnailUrl":"https:\/\/shop.ucrent.ee\/wp-content\/uploads\/2023\/10\/Must_strech_lauakate1-transformed.png","datePublished":"2023-10-10T08:23:14+00:00","dateModified":"2026-04-09T11:47:06+00:00","breadcrumb":{"@id":"https:\/\/shop.ucrent.ee\/fi\/toode\/joustava-poytaliina-150x70cm-k-74cm-musta#breadcrumb"},"inLanguage":"fi","potentialAction":[{"@type":"ReadAction","target":["https:\/\/shop.ucrent.ee\/fi\/toode\/joustava-poytaliina-150x70cm-k-74cm-musta"]}]},{"@type":"ImageObject","inLanguage":"fi","@id":"https:\/\/shop.ucrent.ee\/fi\/toode\/joustava-poytaliina-150x70cm-k-74cm-musta#primaryimage","url":"https:\/\/shop.ucrent.ee\/wp-content\/uploads\/2023\/10\/Must_strech_lauakate1-transformed.png","contentUrl":"https:\/\/shop.ucrent.ee\/wp-content\/uploads\/2023\/10\/Must_strech_lauakate1-transformed.png","width":723,"height":727},{"@type":"BreadcrumbList","@id":"https:\/\/shop.ucrent.ee\/fi\/toode\/joustava-poytaliina-150x70cm-k-74cm-musta#breadcrumb","itemListElement":[{"@type":"ListItem","position":1,"name":"Home","item":"https:\/\/shop.ucrent.ee\/fi"},{"@type":"ListItem","position":2,"name":"K\u00f5ik tooted","item":"https:\/\/shop.ucrent.ee\/tooted"},{"@type":"ListItem","position":3,"name":"Joustava p\u00f6yt\u00e4liina 152x70cm k-74cm, musta"}]},{"@type":"WebSite","@id":"https:\/\/shop.ucrent.ee\/#website","url":"https:\/\/shop.ucrent.ee\/","name":"UC Rent e-pood","description":"","potentialAction":[{"@type":"SearchAction","target":{"@type":"EntryPoint","urlTemplate":"https:\/\/shop.ucrent.ee\/?s={search_term_string}"},"query-input":{"@type":"PropertyValueSpecification","valueRequired":true,"valueName":"search_term_string"}}],"inLanguage":"fi"}]}},"_links":{"self":[{"href":"https:\/\/shop.ucrent.ee\/fi\/wp-json\/wp\/v2\/product\/620554","targetHints":{"allow":["GET"]}}],"collection":[{"href":"https:\/\/shop.ucrent.ee\/fi\/wp-json\/wp\/v2\/product"}],"about":[{"href":"https:\/\/shop.ucrent.ee\/fi\/wp-json\/wp\/v2\/types\/product"}],"wp:featuredmedia":[{"embeddable":true,"href":"https:\/\/shop.ucrent.ee\/fi\/wp-json\/wp\/v2\/media\/620594"}],"wp:attachment":[{"href":"https:\/\/shop.ucrent.ee\/fi\/wp-json\/wp\/v2\/media?parent=620554"}],"wp:term":[{"taxonomy":"product_brand","embeddable":true,"href":"https:\/\/shop.ucrent.ee\/fi\/wp-json\/wp\/v2\/product_brand?post=620554"},{"taxonomy":"product_cat","embeddable":true,"href":"https:\/\/shop.ucrent.ee\/fi\/wp-json\/wp\/v2\/product_cat?post=620554"},{"taxonomy":"product_tag","embeddable":true,"href":"https:\/\/shop.ucrent.ee\/fi\/wp-json\/wp\/v2\/product_tag?post=620554"}],"curies":[{"name":"wp","href":"https:\/\/api.w.org\/{rel}","templated":true}]}}