{"id":620558,"date":"2023-10-11T10:52:54","date_gmt":"2023-10-11T07:52:54","guid":{"rendered":"https:\/\/shop.ucrent.ee\/toode\/muovi-kokoontaitettava-poyta-150cm-x-70cm-korkeus-74-cm-valkoinen"},"modified":"2026-04-21T16:48:38","modified_gmt":"2026-04-21T13:48:38","slug":"muovi-kokoontaitettava-poyta-150cm-x-70cm-korkeus-74-cm-valkoinen","status":"publish","type":"product","link":"https:\/\/shop.ucrent.ee\/fi\/toode\/muovi-kokoontaitettava-poyta-150cm-x-70cm-korkeus-74-cm-valkoinen","title":{"rendered":"Muovi kokoontaitettava p\u00f6yt\u00e4 150cm x 70cm, korkeus 74 cm, valkoinen"},"content":{"rendered":"<p>Valkoinen kokoontaitettava muovinen taitettava p\u00f6yt\u00e4, kompakti, tukeva ja kevyt, sopii sek\u00e4 sis\u00e4- ja ulkok\u00e4ytt\u00f6\u00f6n.<br \/>\nP\u00f6yt\u00e4levyn koko 150 x 70 cm, korkeus 74 cm<br \/>\nPaino 10,5 kg.<br \/>\nKantavuus 190 kg<br \/>\nMahtuu 6-8 henkil\u00f6\u00e4<br \/>\nPakkauksen koko 81 x 71 cm x 10 cm<br \/>\nKuvat ovat havainnollistavia<\/p>\n","protected":false},"excerpt":{"rendered":"Valkoinen kokoontaitettava muovinen taitettava p\u00f6yt\u00e4, kompakti, tukeva ja kevyt, sopii sek\u00e4 sis\u00e4- ja ulkok\u00e4ytt\u00f6\u00f6n. P\u00f6yt\u00e4levyn koko 150 x 70 cm, korkeus 74 cm Paino 10,5 kg. Kantavuus 190 kg Mahtuu 6-8 henkil\u00f6\u00e4 Pakkauksen koko 81 x 71 cm x 10 cm Kuvat ovat havainnollistavia","protected":false},"featured_media":16230,"template":"","meta":{"_acf_changed":false},"product_brand":[],"product_cat":[840],"product_tag":[],"class_list":{"0":"post-620558","1":"product","2":"type-product","3":"status-publish","4":"has-post-thumbnail","6":"product_cat-poyta","8":"first","9":"instock","10":"taxable","11":"shipping-taxable","12":"purchasable","13":"product-type-simple"},"acf":[],"yoast_head":"<!-- This site is optimized with the Yoast SEO plugin v27.0 - https:\/\/yoast.com\/product\/yoast-seo-wordpress\/ -->\n<title>Muovi kokoontaitettava p\u00f6yt\u00e4 150cm x 70cm, korkeus 74 cm, valkoinen - UC Rent e-pood<\/title>\n<meta name=\"robots\" content=\"index, follow, max-snippet:-1, max-image-preview:large, max-video-preview:-1\" \/>\n<link rel=\"canonical\" href=\"https:\/\/shop.ucrent.ee\/fi\/toode\/muovi-kokoontaitettava-poyta-150cm-x-70cm-korkeus-74-cm-valkoinen\" \/>\n<meta property=\"og:locale\" content=\"fi_FI\" \/>\n<meta property=\"og:type\" content=\"article\" \/>\n<meta property=\"og:title\" content=\"Muovi kokoontaitettava p\u00f6yt\u00e4 150cm x 70cm, korkeus 74 cm, valkoinen - UC Rent e-pood\" \/>\n<meta property=\"og:description\" content=\"Valkoinen kokoontaitettava muovinen taitettava p\u00f6yt\u00e4, kompakti, tukeva ja kevyt, sopii sek\u00e4 sis\u00e4- ja ulkok\u00e4ytt\u00f6\u00f6n. P\u00f6yt\u00e4levyn koko 150 x 70 cm, korkeus 74 cm Paino 10,5 kg. Kantavuus 190 kg Mahtuu 6-8 henkil\u00f6\u00e4 Pakkauksen koko 81 x 71 cm x 10 cm Kuvat ovat havainnollistavia\" \/>\n<meta property=\"og:url\" content=\"https:\/\/shop.ucrent.ee\/fi\/toode\/muovi-kokoontaitettava-poyta-150cm-x-70cm-korkeus-74-cm-valkoinen\" \/>\n<meta property=\"og:site_name\" content=\"UC Rent e-pood\" \/>\n<meta property=\"article:modified_time\" content=\"2026-04-21T13:48:38+00:00\" \/>\n<meta property=\"og:image\" content=\"https:\/\/shop.ucrent.ee\/wp-content\/uploads\/2020\/03\/583421-1200x1200.jpg\" \/>\n\t<meta property=\"og:image:width\" content=\"1200\" \/>\n\t<meta property=\"og:image:height\" content=\"1200\" \/>\n\t<meta property=\"og:image:type\" content=\"image\/jpeg\" \/>\n<meta name=\"twitter:card\" content=\"summary_large_image\" \/>\n<script type=\"application\/ld+json\" class=\"yoast-schema-graph\">{\"@context\":\"https:\/\/schema.org\",\"@graph\":[{\"@type\":\"WebPage\",\"@id\":\"https:\/\/shop.ucrent.ee\/fi\/toode\/muovi-kokoontaitettava-poyta-150cm-x-70cm-korkeus-74-cm-valkoinen\",\"url\":\"https:\/\/shop.ucrent.ee\/fi\/toode\/muovi-kokoontaitettava-poyta-150cm-x-70cm-korkeus-74-cm-valkoinen\",\"name\":\"Muovi kokoontaitettava p\u00f6yt\u00e4 150cm x 70cm, korkeus 74 cm, valkoinen - UC Rent e-pood\",\"isPartOf\":{\"@id\":\"https:\/\/shop.ucrent.ee\/#website\"},\"primaryImageOfPage\":{\"@id\":\"https:\/\/shop.ucrent.ee\/fi\/toode\/muovi-kokoontaitettava-poyta-150cm-x-70cm-korkeus-74-cm-valkoinen#primaryimage\"},\"image\":{\"@id\":\"https:\/\/shop.ucrent.ee\/fi\/toode\/muovi-kokoontaitettava-poyta-150cm-x-70cm-korkeus-74-cm-valkoinen#primaryimage\"},\"thumbnailUrl\":\"https:\/\/shop.ucrent.ee\/wp-content\/uploads\/2020\/03\/583421-1200x1200.jpg\",\"datePublished\":\"2023-10-11T07:52:54+00:00\",\"dateModified\":\"2026-04-21T13:48:38+00:00\",\"breadcrumb\":{\"@id\":\"https:\/\/shop.ucrent.ee\/fi\/toode\/muovi-kokoontaitettava-poyta-150cm-x-70cm-korkeus-74-cm-valkoinen#breadcrumb\"},\"inLanguage\":\"fi\",\"potentialAction\":[{\"@type\":\"ReadAction\",\"target\":[\"https:\/\/shop.ucrent.ee\/fi\/toode\/muovi-kokoontaitettava-poyta-150cm-x-70cm-korkeus-74-cm-valkoinen\"]}]},{\"@type\":\"ImageObject\",\"inLanguage\":\"fi\",\"@id\":\"https:\/\/shop.ucrent.ee\/fi\/toode\/muovi-kokoontaitettava-poyta-150cm-x-70cm-korkeus-74-cm-valkoinen#primaryimage\",\"url\":\"https:\/\/shop.ucrent.ee\/wp-content\/uploads\/2020\/03\/583421-1200x1200.jpg\",\"contentUrl\":\"https:\/\/shop.ucrent.ee\/wp-content\/uploads\/2020\/03\/583421-1200x1200.jpg\",\"width\":1200,\"height\":1200},{\"@type\":\"BreadcrumbList\",\"@id\":\"https:\/\/shop.ucrent.ee\/fi\/toode\/muovi-kokoontaitettava-poyta-150cm-x-70cm-korkeus-74-cm-valkoinen#breadcrumb\",\"itemListElement\":[{\"@type\":\"ListItem\",\"position\":1,\"name\":\"Home\",\"item\":\"https:\/\/shop.ucrent.ee\/fi\"},{\"@type\":\"ListItem\",\"position\":2,\"name\":\"K\u00f5ik tooted\",\"item\":\"https:\/\/shop.ucrent.ee\/tooted\"},{\"@type\":\"ListItem\",\"position\":3,\"name\":\"Muovi kokoontaitettava p\u00f6yt\u00e4 150cm x 70cm, korkeus 74 cm, valkoinen\"}]},{\"@type\":\"WebSite\",\"@id\":\"https:\/\/shop.ucrent.ee\/#website\",\"url\":\"https:\/\/shop.ucrent.ee\/\",\"name\":\"UC Rent e-pood\",\"description\":\"\",\"potentialAction\":[{\"@type\":\"SearchAction\",\"target\":{\"@type\":\"EntryPoint\",\"urlTemplate\":\"https:\/\/shop.ucrent.ee\/?s={search_term_string}\"},\"query-input\":{\"@type\":\"PropertyValueSpecification\",\"valueRequired\":true,\"valueName\":\"search_term_string\"}}],\"inLanguage\":\"fi\"}]}<\/script>\n<!-- \/ Yoast SEO plugin. -->","yoast_head_json":{"title":"Muovi kokoontaitettava p\u00f6yt\u00e4 150cm x 70cm, korkeus 74 cm, valkoinen - UC Rent e-pood","robots":{"index":"index","follow":"follow","max-snippet":"max-snippet:-1","max-image-preview":"max-image-preview:large","max-video-preview":"max-video-preview:-1"},"canonical":"https:\/\/shop.ucrent.ee\/fi\/toode\/muovi-kokoontaitettava-poyta-150cm-x-70cm-korkeus-74-cm-valkoinen","og_locale":"fi_FI","og_type":"article","og_title":"Muovi kokoontaitettava p\u00f6yt\u00e4 150cm x 70cm, korkeus 74 cm, valkoinen - UC Rent e-pood","og_description":"Valkoinen kokoontaitettava muovinen taitettava p\u00f6yt\u00e4, kompakti, tukeva ja kevyt, sopii sek\u00e4 sis\u00e4- ja ulkok\u00e4ytt\u00f6\u00f6n. P\u00f6yt\u00e4levyn koko 150 x 70 cm, korkeus 74 cm Paino 10,5 kg. Kantavuus 190 kg Mahtuu 6-8 henkil\u00f6\u00e4 Pakkauksen koko 81 x 71 cm x 10 cm Kuvat ovat havainnollistavia","og_url":"https:\/\/shop.ucrent.ee\/fi\/toode\/muovi-kokoontaitettava-poyta-150cm-x-70cm-korkeus-74-cm-valkoinen","og_site_name":"UC Rent e-pood","article_modified_time":"2026-04-21T13:48:38+00:00","og_image":[{"width":1200,"height":1200,"url":"https:\/\/shop.ucrent.ee\/wp-content\/uploads\/2020\/03\/583421-1200x1200.jpg","type":"image\/jpeg"}],"twitter_card":"summary_large_image","schema":{"@context":"https:\/\/schema.org","@graph":[{"@type":"WebPage","@id":"https:\/\/shop.ucrent.ee\/fi\/toode\/muovi-kokoontaitettava-poyta-150cm-x-70cm-korkeus-74-cm-valkoinen","url":"https:\/\/shop.ucrent.ee\/fi\/toode\/muovi-kokoontaitettava-poyta-150cm-x-70cm-korkeus-74-cm-valkoinen","name":"Muovi kokoontaitettava p\u00f6yt\u00e4 150cm x 70cm, korkeus 74 cm, valkoinen - UC Rent e-pood","isPartOf":{"@id":"https:\/\/shop.ucrent.ee\/#website"},"primaryImageOfPage":{"@id":"https:\/\/shop.ucrent.ee\/fi\/toode\/muovi-kokoontaitettava-poyta-150cm-x-70cm-korkeus-74-cm-valkoinen#primaryimage"},"image":{"@id":"https:\/\/shop.ucrent.ee\/fi\/toode\/muovi-kokoontaitettava-poyta-150cm-x-70cm-korkeus-74-cm-valkoinen#primaryimage"},"thumbnailUrl":"https:\/\/shop.ucrent.ee\/wp-content\/uploads\/2020\/03\/583421-1200x1200.jpg","datePublished":"2023-10-11T07:52:54+00:00","dateModified":"2026-04-21T13:48:38+00:00","breadcrumb":{"@id":"https:\/\/shop.ucrent.ee\/fi\/toode\/muovi-kokoontaitettava-poyta-150cm-x-70cm-korkeus-74-cm-valkoinen#breadcrumb"},"inLanguage":"fi","potentialAction":[{"@type":"ReadAction","target":["https:\/\/shop.ucrent.ee\/fi\/toode\/muovi-kokoontaitettava-poyta-150cm-x-70cm-korkeus-74-cm-valkoinen"]}]},{"@type":"ImageObject","inLanguage":"fi","@id":"https:\/\/shop.ucrent.ee\/fi\/toode\/muovi-kokoontaitettava-poyta-150cm-x-70cm-korkeus-74-cm-valkoinen#primaryimage","url":"https:\/\/shop.ucrent.ee\/wp-content\/uploads\/2020\/03\/583421-1200x1200.jpg","contentUrl":"https:\/\/shop.ucrent.ee\/wp-content\/uploads\/2020\/03\/583421-1200x1200.jpg","width":1200,"height":1200},{"@type":"BreadcrumbList","@id":"https:\/\/shop.ucrent.ee\/fi\/toode\/muovi-kokoontaitettava-poyta-150cm-x-70cm-korkeus-74-cm-valkoinen#breadcrumb","itemListElement":[{"@type":"ListItem","position":1,"name":"Home","item":"https:\/\/shop.ucrent.ee\/fi"},{"@type":"ListItem","position":2,"name":"K\u00f5ik tooted","item":"https:\/\/shop.ucrent.ee\/tooted"},{"@type":"ListItem","position":3,"name":"Muovi kokoontaitettava p\u00f6yt\u00e4 150cm x 70cm, korkeus 74 cm, valkoinen"}]},{"@type":"WebSite","@id":"https:\/\/shop.ucrent.ee\/#website","url":"https:\/\/shop.ucrent.ee\/","name":"UC Rent e-pood","description":"","potentialAction":[{"@type":"SearchAction","target":{"@type":"EntryPoint","urlTemplate":"https:\/\/shop.ucrent.ee\/?s={search_term_string}"},"query-input":{"@type":"PropertyValueSpecification","valueRequired":true,"valueName":"search_term_string"}}],"inLanguage":"fi"}]}},"_links":{"self":[{"href":"https:\/\/shop.ucrent.ee\/fi\/wp-json\/wp\/v2\/product\/620558","targetHints":{"allow":["GET"]}}],"collection":[{"href":"https:\/\/shop.ucrent.ee\/fi\/wp-json\/wp\/v2\/product"}],"about":[{"href":"https:\/\/shop.ucrent.ee\/fi\/wp-json\/wp\/v2\/types\/product"}],"wp:featuredmedia":[{"embeddable":true,"href":"https:\/\/shop.ucrent.ee\/fi\/wp-json\/wp\/v2\/media\/16230"}],"wp:attachment":[{"href":"https:\/\/shop.ucrent.ee\/fi\/wp-json\/wp\/v2\/media?parent=620558"}],"wp:term":[{"taxonomy":"product_brand","embeddable":true,"href":"https:\/\/shop.ucrent.ee\/fi\/wp-json\/wp\/v2\/product_brand?post=620558"},{"taxonomy":"product_cat","embeddable":true,"href":"https:\/\/shop.ucrent.ee\/fi\/wp-json\/wp\/v2\/product_cat?post=620558"},{"taxonomy":"product_tag","embeddable":true,"href":"https:\/\/shop.ucrent.ee\/fi\/wp-json\/wp\/v2\/product_tag?post=620558"}],"curies":[{"name":"wp","href":"https:\/\/api.w.org\/{rel}","templated":true}]}}