{"id":620581,"date":"2023-10-19T14:24:30","date_gmt":"2023-10-19T11:24:30","guid":{"rendered":"https:\/\/shop.ucrent.ee\/toode\/telttahalli-8x10m-sivukorkeus-40m-pvc-850g-harmaa-ylosvedettava-ovi"},"modified":"2026-04-20T16:34:49","modified_gmt":"2026-04-20T13:34:49","slug":"telttahalli-8x10m-sivukorkeus-40m-pvc-850g-harmaa-ylosvedettava-ovi","status":"publish","type":"product","link":"https:\/\/shop.ucrent.ee\/fi\/toode\/telttahalli-8x10m-sivukorkeus-40m-pvc-850g-harmaa-ylosvedettava-ovi","title":{"rendered":"Telttahalli 8x10m, sivukorkeus 4,0m, PVC 850g, harmaa, yl\u00f6svedett\u00e4v\u00e4 ovi"},"content":{"rendered":"<p>PVC telttahalli.<br \/>\nKoko 8x10m.<br \/>\nSein\u00e4n korkeus 4,0m.<br \/>\nHarjan korkeus on 5,40m.<br \/>\nSis\u00e4\u00e4nk\u00e4ynti: yl\u00f6svedett\u00e4v\u00e4t ovet 1kpl + vetoketjullinen ovi 1kpl + kulkuovi 1kpl.<br \/>\nOvi 1: leveys 3,5 m x korkeus 4,2 m.<br \/>\nOvi 2: leveys 6,0 m x korkeus 4,25 m.<br \/>\nOvi 3: leveys 1,0 m x korkeus 2 m.<br \/>\nMateriaali: vahva PVC 850g\/m2.<br \/>\nKatto- ja sivusuojukset ovat yhten\u00e4 kappaleena, mik\u00e4 varmistaa paremman vakauden.<br \/>\n100 % vedenpit\u00e4v\u00e4.<br \/>\nUV-kest\u00e4v\u00e4, suojakerroin 50+.<br \/>\nV\u00e4ri: harmaa.<br \/>\nTer\u00e4sputket \u00d8 50-54mm ja putken sein\u00e4m\u00e4n paksuus 1,6-1,7mm.<br \/>\nPakkaustiedot: laatikoiden lukum\u00e4\u00e4r\u00e4 1 kpl, kokonaispaino 546 kg.<br \/>\nPVC-halli on tilattavissa koossa 8x10m; 8x12m; 8x16m; 8x20m; 8x24m; 8x28m; 8x32m; 8x36m<br \/>\nPyyd\u00e4 tarjous ja toimitusaika!<\/p>\n","protected":false},"excerpt":{"rendered":"PVC telttahalli. Koko 8x10m. Sein\u00e4n korkeus 4,0m. Harjan korkeus on 5,40m. Sis\u00e4\u00e4nk\u00e4ynti: yl\u00f6svedett\u00e4v\u00e4t ovet 1kpl + vetoketjullinen ovi 1kpl + kulkuovi 1kpl. Ovi 1: leveys 3,5 m x korkeus 4,2 m. Ovi 2: leveys 6,0 m x korkeus 4,25 m. Ovi 3: leveys 1,0 m x korkeus 2 m. Materiaali: vahva PVC 850g\/m2. Katto- ja&#8230; <a class=\"view-article\" href=\"https:\/\/shop.ucrent.ee\/fi\/toode\/telttahalli-8x10m-sivukorkeus-40m-pvc-850g-harmaa-ylosvedettava-ovi\">View Article<\/a>","protected":false},"featured_media":618477,"template":"","meta":{"_acf_changed":false},"product_brand":[],"product_cat":[802],"product_tag":[],"class_list":{"0":"post-620581","1":"product","2":"type-product","3":"status-publish","4":"has-post-thumbnail","6":"product_cat-kerghallid_fi","8":"first","9":"instock","10":"taxable","11":"shipping-taxable","12":"purchasable","13":"product-type-simple"},"acf":[],"yoast_head":"<!-- This site is optimized with the Yoast SEO plugin v27.0 - https:\/\/yoast.com\/product\/yoast-seo-wordpress\/ -->\n<title>Telttahalli 8x10m, sivukorkeus 4,0m, PVC 850g, harmaa, yl\u00f6svedett\u00e4v\u00e4 ovi - UC Rent e-pood<\/title>\n<meta name=\"robots\" content=\"index, follow, max-snippet:-1, max-image-preview:large, max-video-preview:-1\" \/>\n<link rel=\"canonical\" href=\"https:\/\/shop.ucrent.ee\/fi\/toode\/telttahalli-8x10m-sivukorkeus-40m-pvc-850g-harmaa-ylosvedettava-ovi\" \/>\n<meta property=\"og:locale\" content=\"fi_FI\" \/>\n<meta property=\"og:type\" content=\"article\" \/>\n<meta property=\"og:title\" content=\"Telttahalli 8x10m, sivukorkeus 4,0m, PVC 850g, harmaa, yl\u00f6svedett\u00e4v\u00e4 ovi - UC Rent e-pood\" \/>\n<meta property=\"og:description\" content=\"PVC telttahalli. Koko 8x10m. Sein\u00e4n korkeus 4,0m. Harjan korkeus on 5,40m. Sis\u00e4\u00e4nk\u00e4ynti: yl\u00f6svedett\u00e4v\u00e4t ovet 1kpl + vetoketjullinen ovi 1kpl + kulkuovi 1kpl. Ovi 1: leveys 3,5 m x korkeus 4,2 m. Ovi 2: leveys 6,0 m x korkeus 4,25 m. Ovi 3: leveys 1,0 m x korkeus 2 m. Materiaali: vahva PVC 850g\/m2. Katto- ja... View Article\" \/>\n<meta property=\"og:url\" content=\"https:\/\/shop.ucrent.ee\/fi\/toode\/telttahalli-8x10m-sivukorkeus-40m-pvc-850g-harmaa-ylosvedettava-ovi\" \/>\n<meta property=\"og:site_name\" content=\"UC Rent e-pood\" \/>\n<meta property=\"article:modified_time\" content=\"2026-04-20T13:34:49+00:00\" \/>\n<meta property=\"og:image\" content=\"https:\/\/shop.ucrent.ee\/wp-content\/uploads\/2022\/11\/8x12m-hall.jpg\" \/>\n\t<meta property=\"og:image:width\" content=\"800\" \/>\n\t<meta property=\"og:image:height\" content=\"800\" \/>\n\t<meta property=\"og:image:type\" content=\"image\/jpeg\" \/>\n<meta name=\"twitter:card\" content=\"summary_large_image\" \/>\n<meta name=\"twitter:label1\" content=\"Arvioitu lukuaika\" \/>\n\t<meta name=\"twitter:data1\" content=\"1 minuutti\" \/>\n<script type=\"application\/ld+json\" class=\"yoast-schema-graph\">{\"@context\":\"https:\/\/schema.org\",\"@graph\":[{\"@type\":\"WebPage\",\"@id\":\"https:\/\/shop.ucrent.ee\/fi\/toode\/telttahalli-8x10m-sivukorkeus-40m-pvc-850g-harmaa-ylosvedettava-ovi\",\"url\":\"https:\/\/shop.ucrent.ee\/fi\/toode\/telttahalli-8x10m-sivukorkeus-40m-pvc-850g-harmaa-ylosvedettava-ovi\",\"name\":\"Telttahalli 8x10m, sivukorkeus 4,0m, PVC 850g, harmaa, yl\u00f6svedett\u00e4v\u00e4 ovi - UC Rent e-pood\",\"isPartOf\":{\"@id\":\"https:\/\/shop.ucrent.ee\/#website\"},\"primaryImageOfPage\":{\"@id\":\"https:\/\/shop.ucrent.ee\/fi\/toode\/telttahalli-8x10m-sivukorkeus-40m-pvc-850g-harmaa-ylosvedettava-ovi#primaryimage\"},\"image\":{\"@id\":\"https:\/\/shop.ucrent.ee\/fi\/toode\/telttahalli-8x10m-sivukorkeus-40m-pvc-850g-harmaa-ylosvedettava-ovi#primaryimage\"},\"thumbnailUrl\":\"https:\/\/shop.ucrent.ee\/wp-content\/uploads\/2022\/11\/8x12m-hall.jpg\",\"datePublished\":\"2023-10-19T11:24:30+00:00\",\"dateModified\":\"2026-04-20T13:34:49+00:00\",\"breadcrumb\":{\"@id\":\"https:\/\/shop.ucrent.ee\/fi\/toode\/telttahalli-8x10m-sivukorkeus-40m-pvc-850g-harmaa-ylosvedettava-ovi#breadcrumb\"},\"inLanguage\":\"fi\",\"potentialAction\":[{\"@type\":\"ReadAction\",\"target\":[\"https:\/\/shop.ucrent.ee\/fi\/toode\/telttahalli-8x10m-sivukorkeus-40m-pvc-850g-harmaa-ylosvedettava-ovi\"]}]},{\"@type\":\"ImageObject\",\"inLanguage\":\"fi\",\"@id\":\"https:\/\/shop.ucrent.ee\/fi\/toode\/telttahalli-8x10m-sivukorkeus-40m-pvc-850g-harmaa-ylosvedettava-ovi#primaryimage\",\"url\":\"https:\/\/shop.ucrent.ee\/wp-content\/uploads\/2022\/11\/8x12m-hall.jpg\",\"contentUrl\":\"https:\/\/shop.ucrent.ee\/wp-content\/uploads\/2022\/11\/8x12m-hall.jpg\",\"width\":800,\"height\":800},{\"@type\":\"BreadcrumbList\",\"@id\":\"https:\/\/shop.ucrent.ee\/fi\/toode\/telttahalli-8x10m-sivukorkeus-40m-pvc-850g-harmaa-ylosvedettava-ovi#breadcrumb\",\"itemListElement\":[{\"@type\":\"ListItem\",\"position\":1,\"name\":\"Home\",\"item\":\"https:\/\/shop.ucrent.ee\/fi\"},{\"@type\":\"ListItem\",\"position\":2,\"name\":\"K\u00f5ik tooted\",\"item\":\"https:\/\/shop.ucrent.ee\/tooted\"},{\"@type\":\"ListItem\",\"position\":3,\"name\":\"Telttahalli 8x10m, sivukorkeus 4,0m, PVC 850g, harmaa, yl\u00f6svedett\u00e4v\u00e4 ovi\"}]},{\"@type\":\"WebSite\",\"@id\":\"https:\/\/shop.ucrent.ee\/#website\",\"url\":\"https:\/\/shop.ucrent.ee\/\",\"name\":\"UC Rent e-pood\",\"description\":\"\",\"potentialAction\":[{\"@type\":\"SearchAction\",\"target\":{\"@type\":\"EntryPoint\",\"urlTemplate\":\"https:\/\/shop.ucrent.ee\/?s={search_term_string}\"},\"query-input\":{\"@type\":\"PropertyValueSpecification\",\"valueRequired\":true,\"valueName\":\"search_term_string\"}}],\"inLanguage\":\"fi\"}]}<\/script>\n<!-- \/ Yoast SEO plugin. -->","yoast_head_json":{"title":"Telttahalli 8x10m, sivukorkeus 4,0m, PVC 850g, harmaa, yl\u00f6svedett\u00e4v\u00e4 ovi - UC Rent e-pood","robots":{"index":"index","follow":"follow","max-snippet":"max-snippet:-1","max-image-preview":"max-image-preview:large","max-video-preview":"max-video-preview:-1"},"canonical":"https:\/\/shop.ucrent.ee\/fi\/toode\/telttahalli-8x10m-sivukorkeus-40m-pvc-850g-harmaa-ylosvedettava-ovi","og_locale":"fi_FI","og_type":"article","og_title":"Telttahalli 8x10m, sivukorkeus 4,0m, PVC 850g, harmaa, yl\u00f6svedett\u00e4v\u00e4 ovi - UC Rent e-pood","og_description":"PVC telttahalli. Koko 8x10m. Sein\u00e4n korkeus 4,0m. Harjan korkeus on 5,40m. Sis\u00e4\u00e4nk\u00e4ynti: yl\u00f6svedett\u00e4v\u00e4t ovet 1kpl + vetoketjullinen ovi 1kpl + kulkuovi 1kpl. Ovi 1: leveys 3,5 m x korkeus 4,2 m. Ovi 2: leveys 6,0 m x korkeus 4,25 m. Ovi 3: leveys 1,0 m x korkeus 2 m. Materiaali: vahva PVC 850g\/m2. Katto- ja... View Article","og_url":"https:\/\/shop.ucrent.ee\/fi\/toode\/telttahalli-8x10m-sivukorkeus-40m-pvc-850g-harmaa-ylosvedettava-ovi","og_site_name":"UC Rent e-pood","article_modified_time":"2026-04-20T13:34:49+00:00","og_image":[{"width":800,"height":800,"url":"https:\/\/shop.ucrent.ee\/wp-content\/uploads\/2022\/11\/8x12m-hall.jpg","type":"image\/jpeg"}],"twitter_card":"summary_large_image","twitter_misc":{"Arvioitu lukuaika":"1 minuutti"},"schema":{"@context":"https:\/\/schema.org","@graph":[{"@type":"WebPage","@id":"https:\/\/shop.ucrent.ee\/fi\/toode\/telttahalli-8x10m-sivukorkeus-40m-pvc-850g-harmaa-ylosvedettava-ovi","url":"https:\/\/shop.ucrent.ee\/fi\/toode\/telttahalli-8x10m-sivukorkeus-40m-pvc-850g-harmaa-ylosvedettava-ovi","name":"Telttahalli 8x10m, sivukorkeus 4,0m, PVC 850g, harmaa, yl\u00f6svedett\u00e4v\u00e4 ovi - UC Rent e-pood","isPartOf":{"@id":"https:\/\/shop.ucrent.ee\/#website"},"primaryImageOfPage":{"@id":"https:\/\/shop.ucrent.ee\/fi\/toode\/telttahalli-8x10m-sivukorkeus-40m-pvc-850g-harmaa-ylosvedettava-ovi#primaryimage"},"image":{"@id":"https:\/\/shop.ucrent.ee\/fi\/toode\/telttahalli-8x10m-sivukorkeus-40m-pvc-850g-harmaa-ylosvedettava-ovi#primaryimage"},"thumbnailUrl":"https:\/\/shop.ucrent.ee\/wp-content\/uploads\/2022\/11\/8x12m-hall.jpg","datePublished":"2023-10-19T11:24:30+00:00","dateModified":"2026-04-20T13:34:49+00:00","breadcrumb":{"@id":"https:\/\/shop.ucrent.ee\/fi\/toode\/telttahalli-8x10m-sivukorkeus-40m-pvc-850g-harmaa-ylosvedettava-ovi#breadcrumb"},"inLanguage":"fi","potentialAction":[{"@type":"ReadAction","target":["https:\/\/shop.ucrent.ee\/fi\/toode\/telttahalli-8x10m-sivukorkeus-40m-pvc-850g-harmaa-ylosvedettava-ovi"]}]},{"@type":"ImageObject","inLanguage":"fi","@id":"https:\/\/shop.ucrent.ee\/fi\/toode\/telttahalli-8x10m-sivukorkeus-40m-pvc-850g-harmaa-ylosvedettava-ovi#primaryimage","url":"https:\/\/shop.ucrent.ee\/wp-content\/uploads\/2022\/11\/8x12m-hall.jpg","contentUrl":"https:\/\/shop.ucrent.ee\/wp-content\/uploads\/2022\/11\/8x12m-hall.jpg","width":800,"height":800},{"@type":"BreadcrumbList","@id":"https:\/\/shop.ucrent.ee\/fi\/toode\/telttahalli-8x10m-sivukorkeus-40m-pvc-850g-harmaa-ylosvedettava-ovi#breadcrumb","itemListElement":[{"@type":"ListItem","position":1,"name":"Home","item":"https:\/\/shop.ucrent.ee\/fi"},{"@type":"ListItem","position":2,"name":"K\u00f5ik tooted","item":"https:\/\/shop.ucrent.ee\/tooted"},{"@type":"ListItem","position":3,"name":"Telttahalli 8x10m, sivukorkeus 4,0m, PVC 850g, harmaa, yl\u00f6svedett\u00e4v\u00e4 ovi"}]},{"@type":"WebSite","@id":"https:\/\/shop.ucrent.ee\/#website","url":"https:\/\/shop.ucrent.ee\/","name":"UC Rent e-pood","description":"","potentialAction":[{"@type":"SearchAction","target":{"@type":"EntryPoint","urlTemplate":"https:\/\/shop.ucrent.ee\/?s={search_term_string}"},"query-input":{"@type":"PropertyValueSpecification","valueRequired":true,"valueName":"search_term_string"}}],"inLanguage":"fi"}]}},"_links":{"self":[{"href":"https:\/\/shop.ucrent.ee\/fi\/wp-json\/wp\/v2\/product\/620581","targetHints":{"allow":["GET"]}}],"collection":[{"href":"https:\/\/shop.ucrent.ee\/fi\/wp-json\/wp\/v2\/product"}],"about":[{"href":"https:\/\/shop.ucrent.ee\/fi\/wp-json\/wp\/v2\/types\/product"}],"wp:featuredmedia":[{"embeddable":true,"href":"https:\/\/shop.ucrent.ee\/fi\/wp-json\/wp\/v2\/media\/618477"}],"wp:attachment":[{"href":"https:\/\/shop.ucrent.ee\/fi\/wp-json\/wp\/v2\/media?parent=620581"}],"wp:term":[{"taxonomy":"product_brand","embeddable":true,"href":"https:\/\/shop.ucrent.ee\/fi\/wp-json\/wp\/v2\/product_brand?post=620581"},{"taxonomy":"product_cat","embeddable":true,"href":"https:\/\/shop.ucrent.ee\/fi\/wp-json\/wp\/v2\/product_cat?post=620581"},{"taxonomy":"product_tag","embeddable":true,"href":"https:\/\/shop.ucrent.ee\/fi\/wp-json\/wp\/v2\/product_tag?post=620581"}],"curies":[{"name":"wp","href":"https:\/\/api.w.org\/{rel}","templated":true}]}}