{"id":620620,"date":"2023-10-20T11:21:33","date_gmt":"2023-10-20T08:21:33","guid":{"rendered":"https:\/\/shop.ucrent.ee\/toode\/juhlatuolin-joustava-paallinen-valkoinen-220g-m2"},"modified":"2026-04-09T16:31:23","modified_gmt":"2026-04-09T13:31:23","slug":"juhlatuolin-joustava-paallinen-valkoinen-220g-m2","status":"publish","type":"product","link":"https:\/\/shop.ucrent.ee\/fi\/toode\/juhlatuolin-joustava-paallinen-valkoinen-220g-m2","title":{"rendered":"Juhlatuolin joustava p\u00e4\u00e4llinen, valkoinen 220g\/m2"},"content":{"rendered":"<p>Elastinen materiaali: 90% polyesteri, 10% elastaani<br \/>\nPaino 220 g\/m\u00b2<br \/>\nT\u00e4ytt\u00e4\u00e4 \u00d6KO-TEX\u00ae Standard 100 -sertifikaatin luokan 1 ja luokan 2 vaatimukset<br \/>\nTehokas pesu 30\u00b0C:ssa<br \/>\nJalkaalue on avoin, eli jalat voidaan sijoittaa tuolin alle, jolloin p\u00e4\u00e4lliset likaantuvat v\u00e4hemm\u00e4n<br \/>\nMuoviset vahvistetut reisitaskut<br \/>\nKannen etuosa on lis\u00e4ksi vahvistettu<\/p>\n","protected":false},"excerpt":{"rendered":"Elastinen materiaali: 90% polyesteri, 10% elastaani Paino 220 g\/m\u00b2 T\u00e4ytt\u00e4\u00e4 \u00d6KO-TEX\u00ae Standard 100 -sertifikaatin luokan 1 ja luokan 2 vaatimukset Tehokas pesu 30\u00b0C:ssa Jalkaalue on avoin, eli jalat voidaan sijoittaa tuolin alle, jolloin p\u00e4\u00e4lliset likaantuvat v\u00e4hemm\u00e4n Muoviset vahvistetut reisitaskut Kannen etuosa on lis\u00e4ksi vahvistettu","protected":false},"featured_media":620598,"template":"","meta":{"_acf_changed":false},"product_brand":[],"product_cat":[832],"product_tag":[],"class_list":{"0":"post-620620","1":"product","2":"type-product","3":"status-publish","4":"has-post-thumbnail","6":"product_cat-poydan-ja-tuolin-paalliset","8":"first","9":"instock","10":"taxable","11":"shipping-taxable","12":"purchasable","13":"product-type-simple"},"acf":[],"yoast_head":"<!-- This site is optimized with the Yoast SEO plugin v27.0 - https:\/\/yoast.com\/product\/yoast-seo-wordpress\/ -->\n<title>Juhlatuolin joustava p\u00e4\u00e4llinen, valkoinen 220g\/m2 - UC Rent e-pood<\/title>\n<meta name=\"robots\" content=\"index, follow, max-snippet:-1, max-image-preview:large, max-video-preview:-1\" \/>\n<link rel=\"canonical\" href=\"https:\/\/shop.ucrent.ee\/fi\/toode\/juhlatuolin-joustava-paallinen-valkoinen-220g-m2\" \/>\n<meta property=\"og:locale\" content=\"fi_FI\" \/>\n<meta property=\"og:type\" content=\"article\" \/>\n<meta property=\"og:title\" content=\"Juhlatuolin joustava p\u00e4\u00e4llinen, valkoinen 220g\/m2 - UC Rent e-pood\" \/>\n<meta property=\"og:description\" content=\"Elastinen materiaali: 90% polyesteri, 10% elastaani Paino 220 g\/m\u00b2 T\u00e4ytt\u00e4\u00e4 \u00d6KO-TEX\u00ae Standard 100 -sertifikaatin luokan 1 ja luokan 2 vaatimukset Tehokas pesu 30\u00b0C:ssa Jalkaalue on avoin, eli jalat voidaan sijoittaa tuolin alle, jolloin p\u00e4\u00e4lliset likaantuvat v\u00e4hemm\u00e4n Muoviset vahvistetut reisitaskut Kannen etuosa on lis\u00e4ksi vahvistettu\" \/>\n<meta property=\"og:url\" content=\"https:\/\/shop.ucrent.ee\/fi\/toode\/juhlatuolin-joustava-paallinen-valkoinen-220g-m2\" \/>\n<meta property=\"og:site_name\" content=\"UC Rent e-pood\" \/>\n<meta property=\"article:modified_time\" content=\"2026-04-09T13:31:23+00:00\" \/>\n<meta property=\"og:image\" content=\"https:\/\/shop.ucrent.ee\/wp-content\/uploads\/2023\/10\/Banketitooli-strechkate-220g.jpg\" \/>\n\t<meta property=\"og:image:width\" content=\"800\" \/>\n\t<meta property=\"og:image:height\" content=\"800\" \/>\n\t<meta property=\"og:image:type\" content=\"image\/jpeg\" \/>\n<meta name=\"twitter:card\" content=\"summary_large_image\" \/>\n<script type=\"application\/ld+json\" class=\"yoast-schema-graph\">{\"@context\":\"https:\/\/schema.org\",\"@graph\":[{\"@type\":\"WebPage\",\"@id\":\"https:\/\/shop.ucrent.ee\/fi\/toode\/juhlatuolin-joustava-paallinen-valkoinen-220g-m2\",\"url\":\"https:\/\/shop.ucrent.ee\/fi\/toode\/juhlatuolin-joustava-paallinen-valkoinen-220g-m2\",\"name\":\"Juhlatuolin joustava p\u00e4\u00e4llinen, valkoinen 220g\/m2 - UC Rent e-pood\",\"isPartOf\":{\"@id\":\"https:\/\/shop.ucrent.ee\/#website\"},\"primaryImageOfPage\":{\"@id\":\"https:\/\/shop.ucrent.ee\/fi\/toode\/juhlatuolin-joustava-paallinen-valkoinen-220g-m2#primaryimage\"},\"image\":{\"@id\":\"https:\/\/shop.ucrent.ee\/fi\/toode\/juhlatuolin-joustava-paallinen-valkoinen-220g-m2#primaryimage\"},\"thumbnailUrl\":\"https:\/\/shop.ucrent.ee\/wp-content\/uploads\/2023\/10\/Banketitooli-strechkate-220g.jpg\",\"datePublished\":\"2023-10-20T08:21:33+00:00\",\"dateModified\":\"2026-04-09T13:31:23+00:00\",\"breadcrumb\":{\"@id\":\"https:\/\/shop.ucrent.ee\/fi\/toode\/juhlatuolin-joustava-paallinen-valkoinen-220g-m2#breadcrumb\"},\"inLanguage\":\"fi\",\"potentialAction\":[{\"@type\":\"ReadAction\",\"target\":[\"https:\/\/shop.ucrent.ee\/fi\/toode\/juhlatuolin-joustava-paallinen-valkoinen-220g-m2\"]}]},{\"@type\":\"ImageObject\",\"inLanguage\":\"fi\",\"@id\":\"https:\/\/shop.ucrent.ee\/fi\/toode\/juhlatuolin-joustava-paallinen-valkoinen-220g-m2#primaryimage\",\"url\":\"https:\/\/shop.ucrent.ee\/wp-content\/uploads\/2023\/10\/Banketitooli-strechkate-220g.jpg\",\"contentUrl\":\"https:\/\/shop.ucrent.ee\/wp-content\/uploads\/2023\/10\/Banketitooli-strechkate-220g.jpg\",\"width\":800,\"height\":800},{\"@type\":\"BreadcrumbList\",\"@id\":\"https:\/\/shop.ucrent.ee\/fi\/toode\/juhlatuolin-joustava-paallinen-valkoinen-220g-m2#breadcrumb\",\"itemListElement\":[{\"@type\":\"ListItem\",\"position\":1,\"name\":\"Home\",\"item\":\"https:\/\/shop.ucrent.ee\/fi\"},{\"@type\":\"ListItem\",\"position\":2,\"name\":\"K\u00f5ik tooted\",\"item\":\"https:\/\/shop.ucrent.ee\/tooted\"},{\"@type\":\"ListItem\",\"position\":3,\"name\":\"Juhlatuolin joustava p\u00e4\u00e4llinen, valkoinen 220g\/m2\"}]},{\"@type\":\"WebSite\",\"@id\":\"https:\/\/shop.ucrent.ee\/#website\",\"url\":\"https:\/\/shop.ucrent.ee\/\",\"name\":\"UC Rent e-pood\",\"description\":\"\",\"potentialAction\":[{\"@type\":\"SearchAction\",\"target\":{\"@type\":\"EntryPoint\",\"urlTemplate\":\"https:\/\/shop.ucrent.ee\/?s={search_term_string}\"},\"query-input\":{\"@type\":\"PropertyValueSpecification\",\"valueRequired\":true,\"valueName\":\"search_term_string\"}}],\"inLanguage\":\"fi\"}]}<\/script>\n<!-- \/ Yoast SEO plugin. -->","yoast_head_json":{"title":"Juhlatuolin joustava p\u00e4\u00e4llinen, valkoinen 220g\/m2 - UC Rent e-pood","robots":{"index":"index","follow":"follow","max-snippet":"max-snippet:-1","max-image-preview":"max-image-preview:large","max-video-preview":"max-video-preview:-1"},"canonical":"https:\/\/shop.ucrent.ee\/fi\/toode\/juhlatuolin-joustava-paallinen-valkoinen-220g-m2","og_locale":"fi_FI","og_type":"article","og_title":"Juhlatuolin joustava p\u00e4\u00e4llinen, valkoinen 220g\/m2 - UC Rent e-pood","og_description":"Elastinen materiaali: 90% polyesteri, 10% elastaani Paino 220 g\/m\u00b2 T\u00e4ytt\u00e4\u00e4 \u00d6KO-TEX\u00ae Standard 100 -sertifikaatin luokan 1 ja luokan 2 vaatimukset Tehokas pesu 30\u00b0C:ssa Jalkaalue on avoin, eli jalat voidaan sijoittaa tuolin alle, jolloin p\u00e4\u00e4lliset likaantuvat v\u00e4hemm\u00e4n Muoviset vahvistetut reisitaskut Kannen etuosa on lis\u00e4ksi vahvistettu","og_url":"https:\/\/shop.ucrent.ee\/fi\/toode\/juhlatuolin-joustava-paallinen-valkoinen-220g-m2","og_site_name":"UC Rent e-pood","article_modified_time":"2026-04-09T13:31:23+00:00","og_image":[{"width":800,"height":800,"url":"https:\/\/shop.ucrent.ee\/wp-content\/uploads\/2023\/10\/Banketitooli-strechkate-220g.jpg","type":"image\/jpeg"}],"twitter_card":"summary_large_image","schema":{"@context":"https:\/\/schema.org","@graph":[{"@type":"WebPage","@id":"https:\/\/shop.ucrent.ee\/fi\/toode\/juhlatuolin-joustava-paallinen-valkoinen-220g-m2","url":"https:\/\/shop.ucrent.ee\/fi\/toode\/juhlatuolin-joustava-paallinen-valkoinen-220g-m2","name":"Juhlatuolin joustava p\u00e4\u00e4llinen, valkoinen 220g\/m2 - UC Rent e-pood","isPartOf":{"@id":"https:\/\/shop.ucrent.ee\/#website"},"primaryImageOfPage":{"@id":"https:\/\/shop.ucrent.ee\/fi\/toode\/juhlatuolin-joustava-paallinen-valkoinen-220g-m2#primaryimage"},"image":{"@id":"https:\/\/shop.ucrent.ee\/fi\/toode\/juhlatuolin-joustava-paallinen-valkoinen-220g-m2#primaryimage"},"thumbnailUrl":"https:\/\/shop.ucrent.ee\/wp-content\/uploads\/2023\/10\/Banketitooli-strechkate-220g.jpg","datePublished":"2023-10-20T08:21:33+00:00","dateModified":"2026-04-09T13:31:23+00:00","breadcrumb":{"@id":"https:\/\/shop.ucrent.ee\/fi\/toode\/juhlatuolin-joustava-paallinen-valkoinen-220g-m2#breadcrumb"},"inLanguage":"fi","potentialAction":[{"@type":"ReadAction","target":["https:\/\/shop.ucrent.ee\/fi\/toode\/juhlatuolin-joustava-paallinen-valkoinen-220g-m2"]}]},{"@type":"ImageObject","inLanguage":"fi","@id":"https:\/\/shop.ucrent.ee\/fi\/toode\/juhlatuolin-joustava-paallinen-valkoinen-220g-m2#primaryimage","url":"https:\/\/shop.ucrent.ee\/wp-content\/uploads\/2023\/10\/Banketitooli-strechkate-220g.jpg","contentUrl":"https:\/\/shop.ucrent.ee\/wp-content\/uploads\/2023\/10\/Banketitooli-strechkate-220g.jpg","width":800,"height":800},{"@type":"BreadcrumbList","@id":"https:\/\/shop.ucrent.ee\/fi\/toode\/juhlatuolin-joustava-paallinen-valkoinen-220g-m2#breadcrumb","itemListElement":[{"@type":"ListItem","position":1,"name":"Home","item":"https:\/\/shop.ucrent.ee\/fi"},{"@type":"ListItem","position":2,"name":"K\u00f5ik tooted","item":"https:\/\/shop.ucrent.ee\/tooted"},{"@type":"ListItem","position":3,"name":"Juhlatuolin joustava p\u00e4\u00e4llinen, valkoinen 220g\/m2"}]},{"@type":"WebSite","@id":"https:\/\/shop.ucrent.ee\/#website","url":"https:\/\/shop.ucrent.ee\/","name":"UC Rent e-pood","description":"","potentialAction":[{"@type":"SearchAction","target":{"@type":"EntryPoint","urlTemplate":"https:\/\/shop.ucrent.ee\/?s={search_term_string}"},"query-input":{"@type":"PropertyValueSpecification","valueRequired":true,"valueName":"search_term_string"}}],"inLanguage":"fi"}]}},"_links":{"self":[{"href":"https:\/\/shop.ucrent.ee\/fi\/wp-json\/wp\/v2\/product\/620620","targetHints":{"allow":["GET"]}}],"collection":[{"href":"https:\/\/shop.ucrent.ee\/fi\/wp-json\/wp\/v2\/product"}],"about":[{"href":"https:\/\/shop.ucrent.ee\/fi\/wp-json\/wp\/v2\/types\/product"}],"wp:featuredmedia":[{"embeddable":true,"href":"https:\/\/shop.ucrent.ee\/fi\/wp-json\/wp\/v2\/media\/620598"}],"wp:attachment":[{"href":"https:\/\/shop.ucrent.ee\/fi\/wp-json\/wp\/v2\/media?parent=620620"}],"wp:term":[{"taxonomy":"product_brand","embeddable":true,"href":"https:\/\/shop.ucrent.ee\/fi\/wp-json\/wp\/v2\/product_brand?post=620620"},{"taxonomy":"product_cat","embeddable":true,"href":"https:\/\/shop.ucrent.ee\/fi\/wp-json\/wp\/v2\/product_cat?post=620620"},{"taxonomy":"product_tag","embeddable":true,"href":"https:\/\/shop.ucrent.ee\/fi\/wp-json\/wp\/v2\/product_tag?post=620620"}],"curies":[{"name":"wp","href":"https:\/\/api.w.org\/{rel}","templated":true}]}}