{"id":620637,"date":"2023-10-27T09:08:15","date_gmt":"2023-10-27T06:08:15","guid":{"rendered":"https:\/\/shop.ucrent.ee\/toode\/korkea-muovinen-pukkipoyta-80cm-x-k-110cm-tumman-ruskea-wood"},"modified":"2026-04-18T10:32:19","modified_gmt":"2026-04-18T07:32:19","slug":"korkea-muovinen-pukkipoyta-80cm-x-k-110cm-tumman-ruskea-wood","status":"publish","type":"product","link":"https:\/\/shop.ucrent.ee\/fi\/toode\/korkea-muovinen-pukkipoyta-80cm-x-k-110cm-tumman-ruskea-wood","title":{"rendered":"Korkea muovinen pukkip\u00f6yt\u00e4 80cm x K-110cm, tumman ruskea \/ wood"},"content":{"rendered":"<p>Kokoontaittuva p\u00f6yt\u00e4, joka on kompakti, vahva ja kevyt, sopii sek\u00e4 sis\u00e4- ett\u00e4 ulkok\u00e4ytt\u00f6\u00f6n.<br \/>\nKoko 80 cm x korkeus 110 cm<br \/>\nPaino 9kg.<br \/>\nKantavuus 170 kg<br \/>\nMahtuu 4-5 henkil\u00f6\u00e4<br \/>\nPakkauksen koko 136 x 81 cm x 6 cm<br \/>\nKuvat ovat havainnollistavia<\/p>\n","protected":false},"excerpt":{"rendered":"Kokoontaittuva p\u00f6yt\u00e4, joka on kompakti, vahva ja kevyt, sopii sek\u00e4 sis\u00e4- ett\u00e4 ulkok\u00e4ytt\u00f6\u00f6n. Koko 80 cm x korkeus 110 cm Paino 9kg. Kantavuus 170 kg Mahtuu 4-5 henkil\u00f6\u00e4 Pakkauksen koko 136 x 81 cm x 6 cm Kuvat ovat havainnollistavia","protected":false},"featured_media":620630,"template":"","meta":{"_acf_changed":false},"product_brand":[],"product_cat":[840],"product_tag":[],"class_list":{"0":"post-620637","1":"product","2":"type-product","3":"status-publish","4":"has-post-thumbnail","6":"product_cat-poyta","8":"first","9":"instock","10":"taxable","11":"shipping-taxable","12":"purchasable","13":"product-type-simple"},"acf":[],"yoast_head":"<!-- This site is optimized with the Yoast SEO plugin v27.0 - https:\/\/yoast.com\/product\/yoast-seo-wordpress\/ -->\n<title>Korkea muovinen pukkip\u00f6yt\u00e4 80cm x K-110cm, tumman ruskea \/ wood - UC Rent e-pood<\/title>\n<meta name=\"robots\" content=\"index, follow, max-snippet:-1, max-image-preview:large, max-video-preview:-1\" \/>\n<link rel=\"canonical\" href=\"https:\/\/shop.ucrent.ee\/fi\/toode\/korkea-muovinen-pukkipoyta-80cm-x-k-110cm-tumman-ruskea-wood\" \/>\n<meta property=\"og:locale\" content=\"fi_FI\" \/>\n<meta property=\"og:type\" content=\"article\" \/>\n<meta property=\"og:title\" content=\"Korkea muovinen pukkip\u00f6yt\u00e4 80cm x K-110cm, tumman ruskea \/ wood - UC Rent e-pood\" \/>\n<meta property=\"og:description\" content=\"Kokoontaittuva p\u00f6yt\u00e4, joka on kompakti, vahva ja kevyt, sopii sek\u00e4 sis\u00e4- ett\u00e4 ulkok\u00e4ytt\u00f6\u00f6n. Koko 80 cm x korkeus 110 cm Paino 9kg. Kantavuus 170 kg Mahtuu 4-5 henkil\u00f6\u00e4 Pakkauksen koko 136 x 81 cm x 6 cm Kuvat ovat havainnollistavia\" \/>\n<meta property=\"og:url\" content=\"https:\/\/shop.ucrent.ee\/fi\/toode\/korkea-muovinen-pukkipoyta-80cm-x-k-110cm-tumman-ruskea-wood\" \/>\n<meta property=\"og:site_name\" content=\"UC Rent e-pood\" \/>\n<meta property=\"article:modified_time\" content=\"2026-04-18T07:32:19+00:00\" \/>\n<meta property=\"og:image\" content=\"https:\/\/shop.ucrent.ee\/wp-content\/uploads\/2023\/10\/Korge-pukklaud-80x110cm-pruun.jpg\" \/>\n\t<meta property=\"og:image:width\" content=\"800\" \/>\n\t<meta property=\"og:image:height\" content=\"600\" \/>\n\t<meta property=\"og:image:type\" content=\"image\/jpeg\" \/>\n<meta name=\"twitter:card\" content=\"summary_large_image\" \/>\n<script type=\"application\/ld+json\" class=\"yoast-schema-graph\">{\"@context\":\"https:\/\/schema.org\",\"@graph\":[{\"@type\":\"WebPage\",\"@id\":\"https:\/\/shop.ucrent.ee\/fi\/toode\/korkea-muovinen-pukkipoyta-80cm-x-k-110cm-tumman-ruskea-wood\",\"url\":\"https:\/\/shop.ucrent.ee\/fi\/toode\/korkea-muovinen-pukkipoyta-80cm-x-k-110cm-tumman-ruskea-wood\",\"name\":\"Korkea muovinen pukkip\u00f6yt\u00e4 80cm x K-110cm, tumman ruskea \/ wood - UC Rent e-pood\",\"isPartOf\":{\"@id\":\"https:\/\/shop.ucrent.ee\/#website\"},\"primaryImageOfPage\":{\"@id\":\"https:\/\/shop.ucrent.ee\/fi\/toode\/korkea-muovinen-pukkipoyta-80cm-x-k-110cm-tumman-ruskea-wood#primaryimage\"},\"image\":{\"@id\":\"https:\/\/shop.ucrent.ee\/fi\/toode\/korkea-muovinen-pukkipoyta-80cm-x-k-110cm-tumman-ruskea-wood#primaryimage\"},\"thumbnailUrl\":\"https:\/\/shop.ucrent.ee\/wp-content\/uploads\/2023\/10\/Korge-pukklaud-80x110cm-pruun.jpg\",\"datePublished\":\"2023-10-27T06:08:15+00:00\",\"dateModified\":\"2026-04-18T07:32:19+00:00\",\"breadcrumb\":{\"@id\":\"https:\/\/shop.ucrent.ee\/fi\/toode\/korkea-muovinen-pukkipoyta-80cm-x-k-110cm-tumman-ruskea-wood#breadcrumb\"},\"inLanguage\":\"fi\",\"potentialAction\":[{\"@type\":\"ReadAction\",\"target\":[\"https:\/\/shop.ucrent.ee\/fi\/toode\/korkea-muovinen-pukkipoyta-80cm-x-k-110cm-tumman-ruskea-wood\"]}]},{\"@type\":\"ImageObject\",\"inLanguage\":\"fi\",\"@id\":\"https:\/\/shop.ucrent.ee\/fi\/toode\/korkea-muovinen-pukkipoyta-80cm-x-k-110cm-tumman-ruskea-wood#primaryimage\",\"url\":\"https:\/\/shop.ucrent.ee\/wp-content\/uploads\/2023\/10\/Korge-pukklaud-80x110cm-pruun.jpg\",\"contentUrl\":\"https:\/\/shop.ucrent.ee\/wp-content\/uploads\/2023\/10\/Korge-pukklaud-80x110cm-pruun.jpg\",\"width\":800,\"height\":600},{\"@type\":\"BreadcrumbList\",\"@id\":\"https:\/\/shop.ucrent.ee\/fi\/toode\/korkea-muovinen-pukkipoyta-80cm-x-k-110cm-tumman-ruskea-wood#breadcrumb\",\"itemListElement\":[{\"@type\":\"ListItem\",\"position\":1,\"name\":\"Home\",\"item\":\"https:\/\/shop.ucrent.ee\/fi\"},{\"@type\":\"ListItem\",\"position\":2,\"name\":\"K\u00f5ik tooted\",\"item\":\"https:\/\/shop.ucrent.ee\/tooted\"},{\"@type\":\"ListItem\",\"position\":3,\"name\":\"Korkea muovinen pukkip\u00f6yt\u00e4 80cm x K-110cm, tumman ruskea \/ wood\"}]},{\"@type\":\"WebSite\",\"@id\":\"https:\/\/shop.ucrent.ee\/#website\",\"url\":\"https:\/\/shop.ucrent.ee\/\",\"name\":\"UC Rent e-pood\",\"description\":\"\",\"potentialAction\":[{\"@type\":\"SearchAction\",\"target\":{\"@type\":\"EntryPoint\",\"urlTemplate\":\"https:\/\/shop.ucrent.ee\/?s={search_term_string}\"},\"query-input\":{\"@type\":\"PropertyValueSpecification\",\"valueRequired\":true,\"valueName\":\"search_term_string\"}}],\"inLanguage\":\"fi\"}]}<\/script>\n<!-- \/ Yoast SEO plugin. -->","yoast_head_json":{"title":"Korkea muovinen pukkip\u00f6yt\u00e4 80cm x K-110cm, tumman ruskea \/ wood - UC Rent e-pood","robots":{"index":"index","follow":"follow","max-snippet":"max-snippet:-1","max-image-preview":"max-image-preview:large","max-video-preview":"max-video-preview:-1"},"canonical":"https:\/\/shop.ucrent.ee\/fi\/toode\/korkea-muovinen-pukkipoyta-80cm-x-k-110cm-tumman-ruskea-wood","og_locale":"fi_FI","og_type":"article","og_title":"Korkea muovinen pukkip\u00f6yt\u00e4 80cm x K-110cm, tumman ruskea \/ wood - UC Rent e-pood","og_description":"Kokoontaittuva p\u00f6yt\u00e4, joka on kompakti, vahva ja kevyt, sopii sek\u00e4 sis\u00e4- ett\u00e4 ulkok\u00e4ytt\u00f6\u00f6n. Koko 80 cm x korkeus 110 cm Paino 9kg. Kantavuus 170 kg Mahtuu 4-5 henkil\u00f6\u00e4 Pakkauksen koko 136 x 81 cm x 6 cm Kuvat ovat havainnollistavia","og_url":"https:\/\/shop.ucrent.ee\/fi\/toode\/korkea-muovinen-pukkipoyta-80cm-x-k-110cm-tumman-ruskea-wood","og_site_name":"UC Rent e-pood","article_modified_time":"2026-04-18T07:32:19+00:00","og_image":[{"width":800,"height":600,"url":"https:\/\/shop.ucrent.ee\/wp-content\/uploads\/2023\/10\/Korge-pukklaud-80x110cm-pruun.jpg","type":"image\/jpeg"}],"twitter_card":"summary_large_image","schema":{"@context":"https:\/\/schema.org","@graph":[{"@type":"WebPage","@id":"https:\/\/shop.ucrent.ee\/fi\/toode\/korkea-muovinen-pukkipoyta-80cm-x-k-110cm-tumman-ruskea-wood","url":"https:\/\/shop.ucrent.ee\/fi\/toode\/korkea-muovinen-pukkipoyta-80cm-x-k-110cm-tumman-ruskea-wood","name":"Korkea muovinen pukkip\u00f6yt\u00e4 80cm x K-110cm, tumman ruskea \/ wood - UC Rent e-pood","isPartOf":{"@id":"https:\/\/shop.ucrent.ee\/#website"},"primaryImageOfPage":{"@id":"https:\/\/shop.ucrent.ee\/fi\/toode\/korkea-muovinen-pukkipoyta-80cm-x-k-110cm-tumman-ruskea-wood#primaryimage"},"image":{"@id":"https:\/\/shop.ucrent.ee\/fi\/toode\/korkea-muovinen-pukkipoyta-80cm-x-k-110cm-tumman-ruskea-wood#primaryimage"},"thumbnailUrl":"https:\/\/shop.ucrent.ee\/wp-content\/uploads\/2023\/10\/Korge-pukklaud-80x110cm-pruun.jpg","datePublished":"2023-10-27T06:08:15+00:00","dateModified":"2026-04-18T07:32:19+00:00","breadcrumb":{"@id":"https:\/\/shop.ucrent.ee\/fi\/toode\/korkea-muovinen-pukkipoyta-80cm-x-k-110cm-tumman-ruskea-wood#breadcrumb"},"inLanguage":"fi","potentialAction":[{"@type":"ReadAction","target":["https:\/\/shop.ucrent.ee\/fi\/toode\/korkea-muovinen-pukkipoyta-80cm-x-k-110cm-tumman-ruskea-wood"]}]},{"@type":"ImageObject","inLanguage":"fi","@id":"https:\/\/shop.ucrent.ee\/fi\/toode\/korkea-muovinen-pukkipoyta-80cm-x-k-110cm-tumman-ruskea-wood#primaryimage","url":"https:\/\/shop.ucrent.ee\/wp-content\/uploads\/2023\/10\/Korge-pukklaud-80x110cm-pruun.jpg","contentUrl":"https:\/\/shop.ucrent.ee\/wp-content\/uploads\/2023\/10\/Korge-pukklaud-80x110cm-pruun.jpg","width":800,"height":600},{"@type":"BreadcrumbList","@id":"https:\/\/shop.ucrent.ee\/fi\/toode\/korkea-muovinen-pukkipoyta-80cm-x-k-110cm-tumman-ruskea-wood#breadcrumb","itemListElement":[{"@type":"ListItem","position":1,"name":"Home","item":"https:\/\/shop.ucrent.ee\/fi"},{"@type":"ListItem","position":2,"name":"K\u00f5ik tooted","item":"https:\/\/shop.ucrent.ee\/tooted"},{"@type":"ListItem","position":3,"name":"Korkea muovinen pukkip\u00f6yt\u00e4 80cm x K-110cm, tumman ruskea \/ wood"}]},{"@type":"WebSite","@id":"https:\/\/shop.ucrent.ee\/#website","url":"https:\/\/shop.ucrent.ee\/","name":"UC Rent e-pood","description":"","potentialAction":[{"@type":"SearchAction","target":{"@type":"EntryPoint","urlTemplate":"https:\/\/shop.ucrent.ee\/?s={search_term_string}"},"query-input":{"@type":"PropertyValueSpecification","valueRequired":true,"valueName":"search_term_string"}}],"inLanguage":"fi"}]}},"_links":{"self":[{"href":"https:\/\/shop.ucrent.ee\/fi\/wp-json\/wp\/v2\/product\/620637","targetHints":{"allow":["GET"]}}],"collection":[{"href":"https:\/\/shop.ucrent.ee\/fi\/wp-json\/wp\/v2\/product"}],"about":[{"href":"https:\/\/shop.ucrent.ee\/fi\/wp-json\/wp\/v2\/types\/product"}],"wp:featuredmedia":[{"embeddable":true,"href":"https:\/\/shop.ucrent.ee\/fi\/wp-json\/wp\/v2\/media\/620630"}],"wp:attachment":[{"href":"https:\/\/shop.ucrent.ee\/fi\/wp-json\/wp\/v2\/media?parent=620637"}],"wp:term":[{"taxonomy":"product_brand","embeddable":true,"href":"https:\/\/shop.ucrent.ee\/fi\/wp-json\/wp\/v2\/product_brand?post=620637"},{"taxonomy":"product_cat","embeddable":true,"href":"https:\/\/shop.ucrent.ee\/fi\/wp-json\/wp\/v2\/product_cat?post=620637"},{"taxonomy":"product_tag","embeddable":true,"href":"https:\/\/shop.ucrent.ee\/fi\/wp-json\/wp\/v2\/product_tag?post=620637"}],"curies":[{"name":"wp","href":"https:\/\/api.w.org\/{rel}","templated":true}]}}