{"id":620818,"date":"2023-11-08T16:51:53","date_gmt":"2023-11-08T14:51:53","guid":{"rendered":"https:\/\/shop.ucrent.ee\/toode\/poytaliina-pyoreaan-poytaan-o-280cm-musta-220g-m2"},"modified":"2026-04-09T16:31:21","modified_gmt":"2026-04-09T13:31:21","slug":"poytaliina-pyoreaan-poytaan-o-280cm-musta-220g-m2","status":"publish","type":"product","link":"https:\/\/shop.ucrent.ee\/fi\/toode\/poytaliina-pyoreaan-poytaan-o-280cm-musta-220g-m2","title":{"rendered":"P\u00f6yt\u00e4liina py\u00f6re\u00e4\u00e4n p\u00f6yt\u00e4\u00e4n \u00d8 280cm, musta, 220g\/m2"},"content":{"rendered":"<p>Koko: halkaisija \u00d8 280 cm<br \/>\nMateriaali: 100% polyesteri, likaa hylkiv\u00e4.<br \/>\nHoito: pesu 30\u00b0C, pesuaineita ei tarvita.<br \/>\nKangas 220g\/m2.<br \/>\nEritt\u00e4in ryppyj\u00e4 kest\u00e4v\u00e4 ja helppo silitt\u00e4\u00e4.<br \/>\nTahraa hylkiv\u00e4t p\u00f6yt\u00e4liinat on peitetty n\u00e4kym\u00e4tt\u00f6m\u00e4ll\u00e4 teflonpinnoitteella, joka suojaa roiskuvilta nesteilt\u00e4.<br \/>\nNeste ei tunkeudu kankaan rakenteeseen, joten se ei j\u00e4t\u00e4 tahroja, vaan muodostuu pisaroita, jotka on helppo poistaa.<br \/>\nMahdollista tilata eri v\u00e4rej\u00e4, toimitusaika 2-3 viikkoa.<\/p>\n","protected":false},"excerpt":{"rendered":"Koko: halkaisija \u00d8 280 cm Materiaali: 100% polyesteri, likaa hylkiv\u00e4. Hoito: pesu 30\u00b0C, pesuaineita ei tarvita. Kangas 220g\/m2. Eritt\u00e4in ryppyj\u00e4 kest\u00e4v\u00e4 ja helppo silitt\u00e4\u00e4. Tahraa hylkiv\u00e4t p\u00f6yt\u00e4liinat on peitetty n\u00e4kym\u00e4tt\u00f6m\u00e4ll\u00e4 teflonpinnoitteella, joka suojaa roiskuvilta nesteilt\u00e4. Neste ei tunkeudu kankaan rakenteeseen, joten se ei j\u00e4t\u00e4 tahroja, vaan muodostuu pisaroita, jotka on helppo poistaa. Mahdollista tilata eri&#8230; <a class=\"view-article\" href=\"https:\/\/shop.ucrent.ee\/fi\/toode\/poytaliina-pyoreaan-poytaan-o-280cm-musta-220g-m2\">View Article<\/a>","protected":false},"featured_media":620809,"template":"","meta":{"_acf_changed":false},"product_brand":[],"product_cat":[832],"product_tag":[],"class_list":{"0":"post-620818","1":"product","2":"type-product","3":"status-publish","4":"has-post-thumbnail","6":"product_cat-poydan-ja-tuolin-paalliset","8":"first","9":"instock","10":"taxable","11":"shipping-taxable","12":"purchasable","13":"product-type-simple"},"acf":[],"yoast_head":"<!-- This site is optimized with the Yoast SEO plugin v27.0 - https:\/\/yoast.com\/product\/yoast-seo-wordpress\/ -->\n<title>P\u00f6yt\u00e4liina py\u00f6re\u00e4\u00e4n p\u00f6yt\u00e4\u00e4n \u00d8 280cm, musta, 220g\/m2 - UC Rent e-pood<\/title>\n<meta name=\"robots\" content=\"index, follow, max-snippet:-1, max-image-preview:large, max-video-preview:-1\" \/>\n<link rel=\"canonical\" href=\"https:\/\/shop.ucrent.ee\/fi\/toode\/poytaliina-pyoreaan-poytaan-o-280cm-musta-220g-m2\" \/>\n<meta property=\"og:locale\" content=\"fi_FI\" \/>\n<meta property=\"og:type\" content=\"article\" \/>\n<meta property=\"og:title\" content=\"P\u00f6yt\u00e4liina py\u00f6re\u00e4\u00e4n p\u00f6yt\u00e4\u00e4n \u00d8 280cm, musta, 220g\/m2 - UC Rent e-pood\" \/>\n<meta property=\"og:description\" content=\"Koko: halkaisija \u00d8 280 cm Materiaali: 100% polyesteri, likaa hylkiv\u00e4. Hoito: pesu 30\u00b0C, pesuaineita ei tarvita. Kangas 220g\/m2. Eritt\u00e4in ryppyj\u00e4 kest\u00e4v\u00e4 ja helppo silitt\u00e4\u00e4. Tahraa hylkiv\u00e4t p\u00f6yt\u00e4liinat on peitetty n\u00e4kym\u00e4tt\u00f6m\u00e4ll\u00e4 teflonpinnoitteella, joka suojaa roiskuvilta nesteilt\u00e4. Neste ei tunkeudu kankaan rakenteeseen, joten se ei j\u00e4t\u00e4 tahroja, vaan muodostuu pisaroita, jotka on helppo poistaa. Mahdollista tilata eri... View Article\" \/>\n<meta property=\"og:url\" content=\"https:\/\/shop.ucrent.ee\/fi\/toode\/poytaliina-pyoreaan-poytaan-o-280cm-musta-220g-m2\" \/>\n<meta property=\"og:site_name\" content=\"UC Rent e-pood\" \/>\n<meta property=\"article:modified_time\" content=\"2026-04-09T13:31:21+00:00\" \/>\n<meta property=\"og:image\" content=\"https:\/\/shop.ucrent.ee\/wp-content\/uploads\/2023\/11\/Ummargune-laudlina-must.webp\" \/>\n\t<meta property=\"og:image:width\" content=\"600\" \/>\n\t<meta property=\"og:image:height\" content=\"600\" \/>\n\t<meta property=\"og:image:type\" content=\"image\/webp\" \/>\n<meta name=\"twitter:card\" content=\"summary_large_image\" \/>\n<script type=\"application\/ld+json\" class=\"yoast-schema-graph\">{\"@context\":\"https:\/\/schema.org\",\"@graph\":[{\"@type\":\"WebPage\",\"@id\":\"https:\/\/shop.ucrent.ee\/fi\/toode\/poytaliina-pyoreaan-poytaan-o-280cm-musta-220g-m2\",\"url\":\"https:\/\/shop.ucrent.ee\/fi\/toode\/poytaliina-pyoreaan-poytaan-o-280cm-musta-220g-m2\",\"name\":\"P\u00f6yt\u00e4liina py\u00f6re\u00e4\u00e4n p\u00f6yt\u00e4\u00e4n \u00d8 280cm, musta, 220g\/m2 - UC Rent e-pood\",\"isPartOf\":{\"@id\":\"https:\/\/shop.ucrent.ee\/#website\"},\"primaryImageOfPage\":{\"@id\":\"https:\/\/shop.ucrent.ee\/fi\/toode\/poytaliina-pyoreaan-poytaan-o-280cm-musta-220g-m2#primaryimage\"},\"image\":{\"@id\":\"https:\/\/shop.ucrent.ee\/fi\/toode\/poytaliina-pyoreaan-poytaan-o-280cm-musta-220g-m2#primaryimage\"},\"thumbnailUrl\":\"https:\/\/shop.ucrent.ee\/wp-content\/uploads\/2023\/11\/Ummargune-laudlina-must.webp\",\"datePublished\":\"2023-11-08T14:51:53+00:00\",\"dateModified\":\"2026-04-09T13:31:21+00:00\",\"breadcrumb\":{\"@id\":\"https:\/\/shop.ucrent.ee\/fi\/toode\/poytaliina-pyoreaan-poytaan-o-280cm-musta-220g-m2#breadcrumb\"},\"inLanguage\":\"fi\",\"potentialAction\":[{\"@type\":\"ReadAction\",\"target\":[\"https:\/\/shop.ucrent.ee\/fi\/toode\/poytaliina-pyoreaan-poytaan-o-280cm-musta-220g-m2\"]}]},{\"@type\":\"ImageObject\",\"inLanguage\":\"fi\",\"@id\":\"https:\/\/shop.ucrent.ee\/fi\/toode\/poytaliina-pyoreaan-poytaan-o-280cm-musta-220g-m2#primaryimage\",\"url\":\"https:\/\/shop.ucrent.ee\/wp-content\/uploads\/2023\/11\/Ummargune-laudlina-must.webp\",\"contentUrl\":\"https:\/\/shop.ucrent.ee\/wp-content\/uploads\/2023\/11\/Ummargune-laudlina-must.webp\",\"width\":600,\"height\":600},{\"@type\":\"BreadcrumbList\",\"@id\":\"https:\/\/shop.ucrent.ee\/fi\/toode\/poytaliina-pyoreaan-poytaan-o-280cm-musta-220g-m2#breadcrumb\",\"itemListElement\":[{\"@type\":\"ListItem\",\"position\":1,\"name\":\"Home\",\"item\":\"https:\/\/shop.ucrent.ee\/fi\"},{\"@type\":\"ListItem\",\"position\":2,\"name\":\"K\u00f5ik tooted\",\"item\":\"https:\/\/shop.ucrent.ee\/tooted\"},{\"@type\":\"ListItem\",\"position\":3,\"name\":\"P\u00f6yt\u00e4liina py\u00f6re\u00e4\u00e4n p\u00f6yt\u00e4\u00e4n \u00d8 280cm, musta, 220g\/m2\"}]},{\"@type\":\"WebSite\",\"@id\":\"https:\/\/shop.ucrent.ee\/#website\",\"url\":\"https:\/\/shop.ucrent.ee\/\",\"name\":\"UC Rent e-pood\",\"description\":\"\",\"potentialAction\":[{\"@type\":\"SearchAction\",\"target\":{\"@type\":\"EntryPoint\",\"urlTemplate\":\"https:\/\/shop.ucrent.ee\/?s={search_term_string}\"},\"query-input\":{\"@type\":\"PropertyValueSpecification\",\"valueRequired\":true,\"valueName\":\"search_term_string\"}}],\"inLanguage\":\"fi\"}]}<\/script>\n<!-- \/ Yoast SEO plugin. -->","yoast_head_json":{"title":"P\u00f6yt\u00e4liina py\u00f6re\u00e4\u00e4n p\u00f6yt\u00e4\u00e4n \u00d8 280cm, musta, 220g\/m2 - UC Rent e-pood","robots":{"index":"index","follow":"follow","max-snippet":"max-snippet:-1","max-image-preview":"max-image-preview:large","max-video-preview":"max-video-preview:-1"},"canonical":"https:\/\/shop.ucrent.ee\/fi\/toode\/poytaliina-pyoreaan-poytaan-o-280cm-musta-220g-m2","og_locale":"fi_FI","og_type":"article","og_title":"P\u00f6yt\u00e4liina py\u00f6re\u00e4\u00e4n p\u00f6yt\u00e4\u00e4n \u00d8 280cm, musta, 220g\/m2 - UC Rent e-pood","og_description":"Koko: halkaisija \u00d8 280 cm Materiaali: 100% polyesteri, likaa hylkiv\u00e4. Hoito: pesu 30\u00b0C, pesuaineita ei tarvita. Kangas 220g\/m2. Eritt\u00e4in ryppyj\u00e4 kest\u00e4v\u00e4 ja helppo silitt\u00e4\u00e4. Tahraa hylkiv\u00e4t p\u00f6yt\u00e4liinat on peitetty n\u00e4kym\u00e4tt\u00f6m\u00e4ll\u00e4 teflonpinnoitteella, joka suojaa roiskuvilta nesteilt\u00e4. Neste ei tunkeudu kankaan rakenteeseen, joten se ei j\u00e4t\u00e4 tahroja, vaan muodostuu pisaroita, jotka on helppo poistaa. Mahdollista tilata eri... View Article","og_url":"https:\/\/shop.ucrent.ee\/fi\/toode\/poytaliina-pyoreaan-poytaan-o-280cm-musta-220g-m2","og_site_name":"UC Rent e-pood","article_modified_time":"2026-04-09T13:31:21+00:00","og_image":[{"width":600,"height":600,"url":"https:\/\/shop.ucrent.ee\/wp-content\/uploads\/2023\/11\/Ummargune-laudlina-must.webp","type":"image\/webp"}],"twitter_card":"summary_large_image","schema":{"@context":"https:\/\/schema.org","@graph":[{"@type":"WebPage","@id":"https:\/\/shop.ucrent.ee\/fi\/toode\/poytaliina-pyoreaan-poytaan-o-280cm-musta-220g-m2","url":"https:\/\/shop.ucrent.ee\/fi\/toode\/poytaliina-pyoreaan-poytaan-o-280cm-musta-220g-m2","name":"P\u00f6yt\u00e4liina py\u00f6re\u00e4\u00e4n p\u00f6yt\u00e4\u00e4n \u00d8 280cm, musta, 220g\/m2 - UC Rent e-pood","isPartOf":{"@id":"https:\/\/shop.ucrent.ee\/#website"},"primaryImageOfPage":{"@id":"https:\/\/shop.ucrent.ee\/fi\/toode\/poytaliina-pyoreaan-poytaan-o-280cm-musta-220g-m2#primaryimage"},"image":{"@id":"https:\/\/shop.ucrent.ee\/fi\/toode\/poytaliina-pyoreaan-poytaan-o-280cm-musta-220g-m2#primaryimage"},"thumbnailUrl":"https:\/\/shop.ucrent.ee\/wp-content\/uploads\/2023\/11\/Ummargune-laudlina-must.webp","datePublished":"2023-11-08T14:51:53+00:00","dateModified":"2026-04-09T13:31:21+00:00","breadcrumb":{"@id":"https:\/\/shop.ucrent.ee\/fi\/toode\/poytaliina-pyoreaan-poytaan-o-280cm-musta-220g-m2#breadcrumb"},"inLanguage":"fi","potentialAction":[{"@type":"ReadAction","target":["https:\/\/shop.ucrent.ee\/fi\/toode\/poytaliina-pyoreaan-poytaan-o-280cm-musta-220g-m2"]}]},{"@type":"ImageObject","inLanguage":"fi","@id":"https:\/\/shop.ucrent.ee\/fi\/toode\/poytaliina-pyoreaan-poytaan-o-280cm-musta-220g-m2#primaryimage","url":"https:\/\/shop.ucrent.ee\/wp-content\/uploads\/2023\/11\/Ummargune-laudlina-must.webp","contentUrl":"https:\/\/shop.ucrent.ee\/wp-content\/uploads\/2023\/11\/Ummargune-laudlina-must.webp","width":600,"height":600},{"@type":"BreadcrumbList","@id":"https:\/\/shop.ucrent.ee\/fi\/toode\/poytaliina-pyoreaan-poytaan-o-280cm-musta-220g-m2#breadcrumb","itemListElement":[{"@type":"ListItem","position":1,"name":"Home","item":"https:\/\/shop.ucrent.ee\/fi"},{"@type":"ListItem","position":2,"name":"K\u00f5ik tooted","item":"https:\/\/shop.ucrent.ee\/tooted"},{"@type":"ListItem","position":3,"name":"P\u00f6yt\u00e4liina py\u00f6re\u00e4\u00e4n p\u00f6yt\u00e4\u00e4n \u00d8 280cm, musta, 220g\/m2"}]},{"@type":"WebSite","@id":"https:\/\/shop.ucrent.ee\/#website","url":"https:\/\/shop.ucrent.ee\/","name":"UC Rent e-pood","description":"","potentialAction":[{"@type":"SearchAction","target":{"@type":"EntryPoint","urlTemplate":"https:\/\/shop.ucrent.ee\/?s={search_term_string}"},"query-input":{"@type":"PropertyValueSpecification","valueRequired":true,"valueName":"search_term_string"}}],"inLanguage":"fi"}]}},"_links":{"self":[{"href":"https:\/\/shop.ucrent.ee\/fi\/wp-json\/wp\/v2\/product\/620818","targetHints":{"allow":["GET"]}}],"collection":[{"href":"https:\/\/shop.ucrent.ee\/fi\/wp-json\/wp\/v2\/product"}],"about":[{"href":"https:\/\/shop.ucrent.ee\/fi\/wp-json\/wp\/v2\/types\/product"}],"wp:featuredmedia":[{"embeddable":true,"href":"https:\/\/shop.ucrent.ee\/fi\/wp-json\/wp\/v2\/media\/620809"}],"wp:attachment":[{"href":"https:\/\/shop.ucrent.ee\/fi\/wp-json\/wp\/v2\/media?parent=620818"}],"wp:term":[{"taxonomy":"product_brand","embeddable":true,"href":"https:\/\/shop.ucrent.ee\/fi\/wp-json\/wp\/v2\/product_brand?post=620818"},{"taxonomy":"product_cat","embeddable":true,"href":"https:\/\/shop.ucrent.ee\/fi\/wp-json\/wp\/v2\/product_cat?post=620818"},{"taxonomy":"product_tag","embeddable":true,"href":"https:\/\/shop.ucrent.ee\/fi\/wp-json\/wp\/v2\/product_tag?post=620818"}],"curies":[{"name":"wp","href":"https:\/\/api.w.org\/{rel}","templated":true}]}}