{"id":621558,"date":"2024-02-02T10:21:15","date_gmt":"2024-02-02T08:21:15","guid":{"rendered":"https:\/\/shop.ucrent.ee\/toode\/tuoli-chiavari-tiffany-kultainen"},"modified":"2026-04-16T17:16:40","modified_gmt":"2026-04-16T14:16:40","slug":"tuoli-chiavari-tiffany-kultainen","status":"publish","type":"product","link":"https:\/\/shop.ucrent.ee\/fi\/toode\/tuoli-chiavari-tiffany-kultainen","title":{"rendered":"Tuoli Chiavari Tiffany, kultainen"},"content":{"rendered":"<p>Tyylik\u00e4s ja edullinen juhlatuoli, joka sopii k\u00e4ytett\u00e4v\u00e4ksi eri tilaisuuksissa.<br \/>\nTuolit ovat helposti puhdistettavia, naarmuuntumattomia ja UV-kest\u00e4vi\u00e4.<br \/>\nMateriaali: polypropeeni.<br \/>\nPinottavissa jopa 11 kpl.<br \/>\nPaino 4,4kg.<br \/>\nSopii sis\u00e4- ja ulkok\u00e4ytt\u00f6\u00f6n.<br \/>\nToimitusaika 2-3 viikkoa<\/p>\n","protected":false},"excerpt":{"rendered":"Tyylik\u00e4s ja edullinen juhlatuoli, joka sopii k\u00e4ytett\u00e4v\u00e4ksi eri tilaisuuksissa. Tuolit ovat helposti puhdistettavia, naarmuuntumattomia ja UV-kest\u00e4vi\u00e4. Materiaali: polypropeeni. Pinottavissa jopa 11 kpl. Paino 4,4kg. Sopii sis\u00e4- ja ulkok\u00e4ytt\u00f6\u00f6n. Toimitusaika 2-3 viikkoa","protected":false},"featured_media":621539,"template":"","meta":{"_acf_changed":false},"product_brand":[],"product_cat":[836],"product_tag":[],"class_list":{"0":"post-621558","1":"product","2":"type-product","3":"status-publish","4":"has-post-thumbnail","6":"product_cat-tuolit","8":"first","9":"instock","10":"taxable","11":"shipping-taxable","12":"purchasable","13":"product-type-simple"},"acf":[],"yoast_head":"<!-- This site is optimized with the Yoast SEO plugin v27.0 - https:\/\/yoast.com\/product\/yoast-seo-wordpress\/ -->\n<title>Tuoli Chiavari Tiffany, kultainen - UC Rent e-pood<\/title>\n<meta name=\"robots\" content=\"index, follow, max-snippet:-1, max-image-preview:large, max-video-preview:-1\" \/>\n<link rel=\"canonical\" href=\"https:\/\/shop.ucrent.ee\/fi\/toode\/tuoli-chiavari-tiffany-kultainen\" \/>\n<meta property=\"og:locale\" content=\"fi_FI\" \/>\n<meta property=\"og:type\" content=\"article\" \/>\n<meta property=\"og:title\" content=\"Tuoli Chiavari Tiffany, kultainen - UC Rent e-pood\" \/>\n<meta property=\"og:description\" content=\"Tyylik\u00e4s ja edullinen juhlatuoli, joka sopii k\u00e4ytett\u00e4v\u00e4ksi eri tilaisuuksissa. Tuolit ovat helposti puhdistettavia, naarmuuntumattomia ja UV-kest\u00e4vi\u00e4. Materiaali: polypropeeni. Pinottavissa jopa 11 kpl. Paino 4,4kg. Sopii sis\u00e4- ja ulkok\u00e4ytt\u00f6\u00f6n. Toimitusaika 2-3 viikkoa\" \/>\n<meta property=\"og:url\" content=\"https:\/\/shop.ucrent.ee\/fi\/toode\/tuoli-chiavari-tiffany-kultainen\" \/>\n<meta property=\"og:site_name\" content=\"UC Rent e-pood\" \/>\n<meta property=\"article:modified_time\" content=\"2026-04-16T14:16:40+00:00\" \/>\n<meta property=\"og:image\" content=\"https:\/\/shop.ucrent.ee\/wp-content\/uploads\/2024\/02\/Tiffany-GOLD-C600.jpg\" \/>\n\t<meta property=\"og:image:width\" content=\"800\" \/>\n\t<meta property=\"og:image:height\" content=\"800\" \/>\n\t<meta property=\"og:image:type\" content=\"image\/jpeg\" \/>\n<meta name=\"twitter:card\" content=\"summary_large_image\" \/>\n<script type=\"application\/ld+json\" class=\"yoast-schema-graph\">{\"@context\":\"https:\/\/schema.org\",\"@graph\":[{\"@type\":\"WebPage\",\"@id\":\"https:\/\/shop.ucrent.ee\/fi\/toode\/tuoli-chiavari-tiffany-kultainen\",\"url\":\"https:\/\/shop.ucrent.ee\/fi\/toode\/tuoli-chiavari-tiffany-kultainen\",\"name\":\"Tuoli Chiavari Tiffany, kultainen - UC Rent e-pood\",\"isPartOf\":{\"@id\":\"https:\/\/shop.ucrent.ee\/#website\"},\"primaryImageOfPage\":{\"@id\":\"https:\/\/shop.ucrent.ee\/fi\/toode\/tuoli-chiavari-tiffany-kultainen#primaryimage\"},\"image\":{\"@id\":\"https:\/\/shop.ucrent.ee\/fi\/toode\/tuoli-chiavari-tiffany-kultainen#primaryimage\"},\"thumbnailUrl\":\"https:\/\/shop.ucrent.ee\/wp-content\/uploads\/2024\/02\/Tiffany-GOLD-C600.jpg\",\"datePublished\":\"2024-02-02T08:21:15+00:00\",\"dateModified\":\"2026-04-16T14:16:40+00:00\",\"breadcrumb\":{\"@id\":\"https:\/\/shop.ucrent.ee\/fi\/toode\/tuoli-chiavari-tiffany-kultainen#breadcrumb\"},\"inLanguage\":\"fi\",\"potentialAction\":[{\"@type\":\"ReadAction\",\"target\":[\"https:\/\/shop.ucrent.ee\/fi\/toode\/tuoli-chiavari-tiffany-kultainen\"]}]},{\"@type\":\"ImageObject\",\"inLanguage\":\"fi\",\"@id\":\"https:\/\/shop.ucrent.ee\/fi\/toode\/tuoli-chiavari-tiffany-kultainen#primaryimage\",\"url\":\"https:\/\/shop.ucrent.ee\/wp-content\/uploads\/2024\/02\/Tiffany-GOLD-C600.jpg\",\"contentUrl\":\"https:\/\/shop.ucrent.ee\/wp-content\/uploads\/2024\/02\/Tiffany-GOLD-C600.jpg\",\"width\":800,\"height\":800},{\"@type\":\"BreadcrumbList\",\"@id\":\"https:\/\/shop.ucrent.ee\/fi\/toode\/tuoli-chiavari-tiffany-kultainen#breadcrumb\",\"itemListElement\":[{\"@type\":\"ListItem\",\"position\":1,\"name\":\"Home\",\"item\":\"https:\/\/shop.ucrent.ee\/fi\"},{\"@type\":\"ListItem\",\"position\":2,\"name\":\"K\u00f5ik tooted\",\"item\":\"https:\/\/shop.ucrent.ee\/tooted\"},{\"@type\":\"ListItem\",\"position\":3,\"name\":\"Tuoli Chiavari Tiffany, kultainen\"}]},{\"@type\":\"WebSite\",\"@id\":\"https:\/\/shop.ucrent.ee\/#website\",\"url\":\"https:\/\/shop.ucrent.ee\/\",\"name\":\"UC Rent e-pood\",\"description\":\"\",\"potentialAction\":[{\"@type\":\"SearchAction\",\"target\":{\"@type\":\"EntryPoint\",\"urlTemplate\":\"https:\/\/shop.ucrent.ee\/?s={search_term_string}\"},\"query-input\":{\"@type\":\"PropertyValueSpecification\",\"valueRequired\":true,\"valueName\":\"search_term_string\"}}],\"inLanguage\":\"fi\"}]}<\/script>\n<!-- \/ Yoast SEO plugin. -->","yoast_head_json":{"title":"Tuoli Chiavari Tiffany, kultainen - UC Rent e-pood","robots":{"index":"index","follow":"follow","max-snippet":"max-snippet:-1","max-image-preview":"max-image-preview:large","max-video-preview":"max-video-preview:-1"},"canonical":"https:\/\/shop.ucrent.ee\/fi\/toode\/tuoli-chiavari-tiffany-kultainen","og_locale":"fi_FI","og_type":"article","og_title":"Tuoli Chiavari Tiffany, kultainen - UC Rent e-pood","og_description":"Tyylik\u00e4s ja edullinen juhlatuoli, joka sopii k\u00e4ytett\u00e4v\u00e4ksi eri tilaisuuksissa. Tuolit ovat helposti puhdistettavia, naarmuuntumattomia ja UV-kest\u00e4vi\u00e4. Materiaali: polypropeeni. Pinottavissa jopa 11 kpl. Paino 4,4kg. Sopii sis\u00e4- ja ulkok\u00e4ytt\u00f6\u00f6n. Toimitusaika 2-3 viikkoa","og_url":"https:\/\/shop.ucrent.ee\/fi\/toode\/tuoli-chiavari-tiffany-kultainen","og_site_name":"UC Rent e-pood","article_modified_time":"2026-04-16T14:16:40+00:00","og_image":[{"width":800,"height":800,"url":"https:\/\/shop.ucrent.ee\/wp-content\/uploads\/2024\/02\/Tiffany-GOLD-C600.jpg","type":"image\/jpeg"}],"twitter_card":"summary_large_image","schema":{"@context":"https:\/\/schema.org","@graph":[{"@type":"WebPage","@id":"https:\/\/shop.ucrent.ee\/fi\/toode\/tuoli-chiavari-tiffany-kultainen","url":"https:\/\/shop.ucrent.ee\/fi\/toode\/tuoli-chiavari-tiffany-kultainen","name":"Tuoli Chiavari Tiffany, kultainen - UC Rent e-pood","isPartOf":{"@id":"https:\/\/shop.ucrent.ee\/#website"},"primaryImageOfPage":{"@id":"https:\/\/shop.ucrent.ee\/fi\/toode\/tuoli-chiavari-tiffany-kultainen#primaryimage"},"image":{"@id":"https:\/\/shop.ucrent.ee\/fi\/toode\/tuoli-chiavari-tiffany-kultainen#primaryimage"},"thumbnailUrl":"https:\/\/shop.ucrent.ee\/wp-content\/uploads\/2024\/02\/Tiffany-GOLD-C600.jpg","datePublished":"2024-02-02T08:21:15+00:00","dateModified":"2026-04-16T14:16:40+00:00","breadcrumb":{"@id":"https:\/\/shop.ucrent.ee\/fi\/toode\/tuoli-chiavari-tiffany-kultainen#breadcrumb"},"inLanguage":"fi","potentialAction":[{"@type":"ReadAction","target":["https:\/\/shop.ucrent.ee\/fi\/toode\/tuoli-chiavari-tiffany-kultainen"]}]},{"@type":"ImageObject","inLanguage":"fi","@id":"https:\/\/shop.ucrent.ee\/fi\/toode\/tuoli-chiavari-tiffany-kultainen#primaryimage","url":"https:\/\/shop.ucrent.ee\/wp-content\/uploads\/2024\/02\/Tiffany-GOLD-C600.jpg","contentUrl":"https:\/\/shop.ucrent.ee\/wp-content\/uploads\/2024\/02\/Tiffany-GOLD-C600.jpg","width":800,"height":800},{"@type":"BreadcrumbList","@id":"https:\/\/shop.ucrent.ee\/fi\/toode\/tuoli-chiavari-tiffany-kultainen#breadcrumb","itemListElement":[{"@type":"ListItem","position":1,"name":"Home","item":"https:\/\/shop.ucrent.ee\/fi"},{"@type":"ListItem","position":2,"name":"K\u00f5ik tooted","item":"https:\/\/shop.ucrent.ee\/tooted"},{"@type":"ListItem","position":3,"name":"Tuoli Chiavari Tiffany, kultainen"}]},{"@type":"WebSite","@id":"https:\/\/shop.ucrent.ee\/#website","url":"https:\/\/shop.ucrent.ee\/","name":"UC Rent e-pood","description":"","potentialAction":[{"@type":"SearchAction","target":{"@type":"EntryPoint","urlTemplate":"https:\/\/shop.ucrent.ee\/?s={search_term_string}"},"query-input":{"@type":"PropertyValueSpecification","valueRequired":true,"valueName":"search_term_string"}}],"inLanguage":"fi"}]}},"_links":{"self":[{"href":"https:\/\/shop.ucrent.ee\/fi\/wp-json\/wp\/v2\/product\/621558","targetHints":{"allow":["GET"]}}],"collection":[{"href":"https:\/\/shop.ucrent.ee\/fi\/wp-json\/wp\/v2\/product"}],"about":[{"href":"https:\/\/shop.ucrent.ee\/fi\/wp-json\/wp\/v2\/types\/product"}],"wp:featuredmedia":[{"embeddable":true,"href":"https:\/\/shop.ucrent.ee\/fi\/wp-json\/wp\/v2\/media\/621539"}],"wp:attachment":[{"href":"https:\/\/shop.ucrent.ee\/fi\/wp-json\/wp\/v2\/media?parent=621558"}],"wp:term":[{"taxonomy":"product_brand","embeddable":true,"href":"https:\/\/shop.ucrent.ee\/fi\/wp-json\/wp\/v2\/product_brand?post=621558"},{"taxonomy":"product_cat","embeddable":true,"href":"https:\/\/shop.ucrent.ee\/fi\/wp-json\/wp\/v2\/product_cat?post=621558"},{"taxonomy":"product_tag","embeddable":true,"href":"https:\/\/shop.ucrent.ee\/fi\/wp-json\/wp\/v2\/product_tag?post=621558"}],"curies":[{"name":"wp","href":"https:\/\/api.w.org\/{rel}","templated":true}]}}