{"id":621878,"date":"2024-02-13T11:21:35","date_gmt":"2024-02-13T09:21:35","guid":{"rendered":"https:\/\/shop.ucrent.ee\/toode\/tuoli-maxi-eri-vareja"},"modified":"2026-04-21T14:47:51","modified_gmt":"2026-04-21T11:47:51","slug":"tuoli-maxi-eri-vareja","status":"publish","type":"product","link":"https:\/\/shop.ucrent.ee\/fi\/toode\/tuoli-maxi-eri-vareja","title":{"rendered":"Tuoli Maxi, eri v\u00e4rej\u00e4"},"content":{"rendered":"<p>Edustava ja yksinkertainen neuvottelutuoli, joka on eritt\u00e4in kevyt ja vahva.<br \/>\nTuoli on valmistettu korkealaatuisimmista materiaaleista, mik\u00e4 tekee siit\u00e4 kest\u00e4v\u00e4n raskaita kuormia, vaurioita ja kaikenlaisia \u200b\u200bnaarmuja. Helppo puhdistaa ja huoltaa.<br \/>\nTuolin jalat on valmistettu kromatusta ter\u00e4ksest\u00e4.<br \/>\nKantavuus jopa 120 kg.<br \/>\nPinottavissa jopa 12 kpl<br \/>\nPaino vain 2,6 kg.<br \/>\nV\u00e4rivalinta: sininen; mustava; valkoinen.<br \/>\nToimitusaika: 2 viikkoa<\/p>\n","protected":false},"excerpt":{"rendered":"Edustava ja yksinkertainen neuvottelutuoli, joka on eritt\u00e4in kevyt ja vahva. Tuoli on valmistettu korkealaatuisimmista materiaaleista, mik\u00e4 tekee siit\u00e4 kest\u00e4v\u00e4n raskaita kuormia, vaurioita ja kaikenlaisia \u200b\u200bnaarmuja. Helppo puhdistaa ja huoltaa. Tuolin jalat on valmistettu kromatusta ter\u00e4ksest\u00e4. Kantavuus jopa 120 kg. Pinottavissa jopa 12 kpl Paino vain 2,6 kg. V\u00e4rivalinta: sininen; mustava; valkoinen. Toimitusaika: 2 viikkoa","protected":false},"featured_media":621845,"template":"","meta":{"_acf_changed":false},"product_brand":[],"product_cat":[836],"product_tag":[],"class_list":{"0":"post-621878","1":"product","2":"type-product","3":"status-publish","4":"has-post-thumbnail","6":"product_cat-tuolit","8":"first","9":"instock","10":"taxable","11":"shipping-taxable","12":"purchasable","13":"product-type-simple"},"acf":[],"yoast_head":"<!-- This site is optimized with the Yoast SEO plugin v27.0 - https:\/\/yoast.com\/product\/yoast-seo-wordpress\/ -->\n<title>Tuoli Maxi, eri v\u00e4rej\u00e4 - UC Rent e-pood<\/title>\n<meta name=\"robots\" content=\"index, follow, max-snippet:-1, max-image-preview:large, max-video-preview:-1\" \/>\n<link rel=\"canonical\" href=\"https:\/\/shop.ucrent.ee\/fi\/toode\/tuoli-maxi-eri-vareja\" \/>\n<meta property=\"og:locale\" content=\"fi_FI\" \/>\n<meta property=\"og:type\" content=\"article\" \/>\n<meta property=\"og:title\" content=\"Tuoli Maxi, eri v\u00e4rej\u00e4 - UC Rent e-pood\" \/>\n<meta property=\"og:description\" content=\"Edustava ja yksinkertainen neuvottelutuoli, joka on eritt\u00e4in kevyt ja vahva. Tuoli on valmistettu korkealaatuisimmista materiaaleista, mik\u00e4 tekee siit\u00e4 kest\u00e4v\u00e4n raskaita kuormia, vaurioita ja kaikenlaisia \u200b\u200bnaarmuja. Helppo puhdistaa ja huoltaa. Tuolin jalat on valmistettu kromatusta ter\u00e4ksest\u00e4. Kantavuus jopa 120 kg. Pinottavissa jopa 12 kpl Paino vain 2,6 kg. V\u00e4rivalinta: sininen; mustava; valkoinen. Toimitusaika: 2 viikkoa\" \/>\n<meta property=\"og:url\" content=\"https:\/\/shop.ucrent.ee\/fi\/toode\/tuoli-maxi-eri-vareja\" \/>\n<meta property=\"og:site_name\" content=\"UC Rent e-pood\" \/>\n<meta property=\"article:modified_time\" content=\"2026-04-21T11:47:51+00:00\" \/>\n<meta property=\"og:image\" content=\"https:\/\/shop.ucrent.ee\/wp-content\/uploads\/2024\/02\/Maxi-CR-white.jpg\" \/>\n\t<meta property=\"og:image:width\" content=\"800\" \/>\n\t<meta property=\"og:image:height\" content=\"1200\" \/>\n\t<meta property=\"og:image:type\" content=\"image\/jpeg\" \/>\n<meta name=\"twitter:card\" content=\"summary_large_image\" \/>\n<script type=\"application\/ld+json\" class=\"yoast-schema-graph\">{\"@context\":\"https:\/\/schema.org\",\"@graph\":[{\"@type\":\"WebPage\",\"@id\":\"https:\/\/shop.ucrent.ee\/fi\/toode\/tuoli-maxi-eri-vareja\",\"url\":\"https:\/\/shop.ucrent.ee\/fi\/toode\/tuoli-maxi-eri-vareja\",\"name\":\"Tuoli Maxi, eri v\u00e4rej\u00e4 - UC Rent e-pood\",\"isPartOf\":{\"@id\":\"https:\/\/shop.ucrent.ee\/#website\"},\"primaryImageOfPage\":{\"@id\":\"https:\/\/shop.ucrent.ee\/fi\/toode\/tuoli-maxi-eri-vareja#primaryimage\"},\"image\":{\"@id\":\"https:\/\/shop.ucrent.ee\/fi\/toode\/tuoli-maxi-eri-vareja#primaryimage\"},\"thumbnailUrl\":\"https:\/\/shop.ucrent.ee\/wp-content\/uploads\/2024\/02\/Maxi-CR-white.jpg\",\"datePublished\":\"2024-02-13T09:21:35+00:00\",\"dateModified\":\"2026-04-21T11:47:51+00:00\",\"breadcrumb\":{\"@id\":\"https:\/\/shop.ucrent.ee\/fi\/toode\/tuoli-maxi-eri-vareja#breadcrumb\"},\"inLanguage\":\"fi\",\"potentialAction\":[{\"@type\":\"ReadAction\",\"target\":[\"https:\/\/shop.ucrent.ee\/fi\/toode\/tuoli-maxi-eri-vareja\"]}]},{\"@type\":\"ImageObject\",\"inLanguage\":\"fi\",\"@id\":\"https:\/\/shop.ucrent.ee\/fi\/toode\/tuoli-maxi-eri-vareja#primaryimage\",\"url\":\"https:\/\/shop.ucrent.ee\/wp-content\/uploads\/2024\/02\/Maxi-CR-white.jpg\",\"contentUrl\":\"https:\/\/shop.ucrent.ee\/wp-content\/uploads\/2024\/02\/Maxi-CR-white.jpg\",\"width\":800,\"height\":1200},{\"@type\":\"BreadcrumbList\",\"@id\":\"https:\/\/shop.ucrent.ee\/fi\/toode\/tuoli-maxi-eri-vareja#breadcrumb\",\"itemListElement\":[{\"@type\":\"ListItem\",\"position\":1,\"name\":\"Home\",\"item\":\"https:\/\/shop.ucrent.ee\/fi\"},{\"@type\":\"ListItem\",\"position\":2,\"name\":\"K\u00f5ik tooted\",\"item\":\"https:\/\/shop.ucrent.ee\/tooted\"},{\"@type\":\"ListItem\",\"position\":3,\"name\":\"Tuoli Maxi, eri v\u00e4rej\u00e4\"}]},{\"@type\":\"WebSite\",\"@id\":\"https:\/\/shop.ucrent.ee\/#website\",\"url\":\"https:\/\/shop.ucrent.ee\/\",\"name\":\"UC Rent e-pood\",\"description\":\"\",\"potentialAction\":[{\"@type\":\"SearchAction\",\"target\":{\"@type\":\"EntryPoint\",\"urlTemplate\":\"https:\/\/shop.ucrent.ee\/?s={search_term_string}\"},\"query-input\":{\"@type\":\"PropertyValueSpecification\",\"valueRequired\":true,\"valueName\":\"search_term_string\"}}],\"inLanguage\":\"fi\"}]}<\/script>\n<!-- \/ Yoast SEO plugin. -->","yoast_head_json":{"title":"Tuoli Maxi, eri v\u00e4rej\u00e4 - UC Rent e-pood","robots":{"index":"index","follow":"follow","max-snippet":"max-snippet:-1","max-image-preview":"max-image-preview:large","max-video-preview":"max-video-preview:-1"},"canonical":"https:\/\/shop.ucrent.ee\/fi\/toode\/tuoli-maxi-eri-vareja","og_locale":"fi_FI","og_type":"article","og_title":"Tuoli Maxi, eri v\u00e4rej\u00e4 - UC Rent e-pood","og_description":"Edustava ja yksinkertainen neuvottelutuoli, joka on eritt\u00e4in kevyt ja vahva. Tuoli on valmistettu korkealaatuisimmista materiaaleista, mik\u00e4 tekee siit\u00e4 kest\u00e4v\u00e4n raskaita kuormia, vaurioita ja kaikenlaisia \u200b\u200bnaarmuja. Helppo puhdistaa ja huoltaa. Tuolin jalat on valmistettu kromatusta ter\u00e4ksest\u00e4. Kantavuus jopa 120 kg. Pinottavissa jopa 12 kpl Paino vain 2,6 kg. V\u00e4rivalinta: sininen; mustava; valkoinen. Toimitusaika: 2 viikkoa","og_url":"https:\/\/shop.ucrent.ee\/fi\/toode\/tuoli-maxi-eri-vareja","og_site_name":"UC Rent e-pood","article_modified_time":"2026-04-21T11:47:51+00:00","og_image":[{"width":800,"height":1200,"url":"https:\/\/shop.ucrent.ee\/wp-content\/uploads\/2024\/02\/Maxi-CR-white.jpg","type":"image\/jpeg"}],"twitter_card":"summary_large_image","schema":{"@context":"https:\/\/schema.org","@graph":[{"@type":"WebPage","@id":"https:\/\/shop.ucrent.ee\/fi\/toode\/tuoli-maxi-eri-vareja","url":"https:\/\/shop.ucrent.ee\/fi\/toode\/tuoli-maxi-eri-vareja","name":"Tuoli Maxi, eri v\u00e4rej\u00e4 - UC Rent e-pood","isPartOf":{"@id":"https:\/\/shop.ucrent.ee\/#website"},"primaryImageOfPage":{"@id":"https:\/\/shop.ucrent.ee\/fi\/toode\/tuoli-maxi-eri-vareja#primaryimage"},"image":{"@id":"https:\/\/shop.ucrent.ee\/fi\/toode\/tuoli-maxi-eri-vareja#primaryimage"},"thumbnailUrl":"https:\/\/shop.ucrent.ee\/wp-content\/uploads\/2024\/02\/Maxi-CR-white.jpg","datePublished":"2024-02-13T09:21:35+00:00","dateModified":"2026-04-21T11:47:51+00:00","breadcrumb":{"@id":"https:\/\/shop.ucrent.ee\/fi\/toode\/tuoli-maxi-eri-vareja#breadcrumb"},"inLanguage":"fi","potentialAction":[{"@type":"ReadAction","target":["https:\/\/shop.ucrent.ee\/fi\/toode\/tuoli-maxi-eri-vareja"]}]},{"@type":"ImageObject","inLanguage":"fi","@id":"https:\/\/shop.ucrent.ee\/fi\/toode\/tuoli-maxi-eri-vareja#primaryimage","url":"https:\/\/shop.ucrent.ee\/wp-content\/uploads\/2024\/02\/Maxi-CR-white.jpg","contentUrl":"https:\/\/shop.ucrent.ee\/wp-content\/uploads\/2024\/02\/Maxi-CR-white.jpg","width":800,"height":1200},{"@type":"BreadcrumbList","@id":"https:\/\/shop.ucrent.ee\/fi\/toode\/tuoli-maxi-eri-vareja#breadcrumb","itemListElement":[{"@type":"ListItem","position":1,"name":"Home","item":"https:\/\/shop.ucrent.ee\/fi"},{"@type":"ListItem","position":2,"name":"K\u00f5ik tooted","item":"https:\/\/shop.ucrent.ee\/tooted"},{"@type":"ListItem","position":3,"name":"Tuoli Maxi, eri v\u00e4rej\u00e4"}]},{"@type":"WebSite","@id":"https:\/\/shop.ucrent.ee\/#website","url":"https:\/\/shop.ucrent.ee\/","name":"UC Rent e-pood","description":"","potentialAction":[{"@type":"SearchAction","target":{"@type":"EntryPoint","urlTemplate":"https:\/\/shop.ucrent.ee\/?s={search_term_string}"},"query-input":{"@type":"PropertyValueSpecification","valueRequired":true,"valueName":"search_term_string"}}],"inLanguage":"fi"}]}},"_links":{"self":[{"href":"https:\/\/shop.ucrent.ee\/fi\/wp-json\/wp\/v2\/product\/621878","targetHints":{"allow":["GET"]}}],"collection":[{"href":"https:\/\/shop.ucrent.ee\/fi\/wp-json\/wp\/v2\/product"}],"about":[{"href":"https:\/\/shop.ucrent.ee\/fi\/wp-json\/wp\/v2\/types\/product"}],"wp:featuredmedia":[{"embeddable":true,"href":"https:\/\/shop.ucrent.ee\/fi\/wp-json\/wp\/v2\/media\/621845"}],"wp:attachment":[{"href":"https:\/\/shop.ucrent.ee\/fi\/wp-json\/wp\/v2\/media?parent=621878"}],"wp:term":[{"taxonomy":"product_brand","embeddable":true,"href":"https:\/\/shop.ucrent.ee\/fi\/wp-json\/wp\/v2\/product_brand?post=621878"},{"taxonomy":"product_cat","embeddable":true,"href":"https:\/\/shop.ucrent.ee\/fi\/wp-json\/wp\/v2\/product_cat?post=621878"},{"taxonomy":"product_tag","embeddable":true,"href":"https:\/\/shop.ucrent.ee\/fi\/wp-json\/wp\/v2\/product_tag?post=621878"}],"curies":[{"name":"wp","href":"https:\/\/api.w.org\/{rel}","templated":true}]}}