{"id":621882,"date":"2024-02-13T11:21:37","date_gmt":"2024-02-13T09:21:37","guid":{"rendered":"https:\/\/shop.ucrent.ee\/toode\/puiset-neuvottelutuolit-iso-luonnonpuu-kromi"},"modified":"2026-04-21T15:18:19","modified_gmt":"2026-04-21T12:18:19","slug":"puiset-neuvottelutuolit-iso-luonnonpuu-kromi","status":"publish","type":"product","link":"https:\/\/shop.ucrent.ee\/fi\/toode\/puiset-neuvottelutuolit-iso-luonnonpuu-kromi","title":{"rendered":"Puiset neuvottelutuolit ISO, luonnonpuu &#8211; kromi"},"content":{"rendered":"<p>ISO klassiset puiset neuvottelutuolit.<br \/>\nSopiva k\u00e4ytt\u00f6alue: konferenssit, toimistot, koulut, odotushuoneet, julkiset tilat.<br \/>\nSeitsem\u00e4nkerroksinen vaneri, paksuus 10 mm.<br \/>\nTuolin jalat on kromattu.<br \/>\nPinottavissa 17 kpl asti.<br \/>\nKantavuus 120 kg.<br \/>\nToimitusaika 2-3 viikkoa.<\/p>\n","protected":false},"excerpt":{"rendered":"ISO klassiset puiset neuvottelutuolit. Sopiva k\u00e4ytt\u00f6alue: konferenssit, toimistot, koulut, odotushuoneet, julkiset tilat. Seitsem\u00e4nkerroksinen vaneri, paksuus 10 mm. Tuolin jalat on kromattu. Pinottavissa 17 kpl asti. Kantavuus 120 kg. Toimitusaika 2-3 viikkoa.","protected":false},"featured_media":621869,"template":"","meta":{"_acf_changed":false},"product_brand":[],"product_cat":[836],"product_tag":[],"class_list":{"0":"post-621882","1":"product","2":"type-product","3":"status-publish","4":"has-post-thumbnail","6":"product_cat-tuolit","8":"first","9":"instock","10":"taxable","11":"shipping-taxable","12":"purchasable","13":"product-type-simple"},"acf":[],"yoast_head":"<!-- This site is optimized with the Yoast SEO plugin v27.0 - https:\/\/yoast.com\/product\/yoast-seo-wordpress\/ -->\n<title>Puiset neuvottelutuolit ISO, luonnonpuu - kromi - UC Rent e-pood<\/title>\n<meta name=\"robots\" content=\"index, follow, max-snippet:-1, max-image-preview:large, max-video-preview:-1\" \/>\n<link rel=\"canonical\" href=\"https:\/\/shop.ucrent.ee\/fi\/toode\/puiset-neuvottelutuolit-iso-luonnonpuu-kromi\" \/>\n<meta property=\"og:locale\" content=\"fi_FI\" \/>\n<meta property=\"og:type\" content=\"article\" \/>\n<meta property=\"og:title\" content=\"Puiset neuvottelutuolit ISO, luonnonpuu - kromi - UC Rent e-pood\" \/>\n<meta property=\"og:description\" content=\"ISO klassiset puiset neuvottelutuolit. Sopiva k\u00e4ytt\u00f6alue: konferenssit, toimistot, koulut, odotushuoneet, julkiset tilat. Seitsem\u00e4nkerroksinen vaneri, paksuus 10 mm. Tuolin jalat on kromattu. Pinottavissa 17 kpl asti. Kantavuus 120 kg. Toimitusaika 2-3 viikkoa.\" \/>\n<meta property=\"og:url\" content=\"https:\/\/shop.ucrent.ee\/fi\/toode\/puiset-neuvottelutuolit-iso-luonnonpuu-kromi\" \/>\n<meta property=\"og:site_name\" content=\"UC Rent e-pood\" \/>\n<meta property=\"article:modified_time\" content=\"2026-04-21T12:18:19+00:00\" \/>\n<meta property=\"og:image\" content=\"https:\/\/shop.ucrent.ee\/wp-content\/uploads\/2024\/02\/ISO-WOOD.jpg\" \/>\n\t<meta property=\"og:image:width\" content=\"800\" \/>\n\t<meta property=\"og:image:height\" content=\"1200\" \/>\n\t<meta property=\"og:image:type\" content=\"image\/jpeg\" \/>\n<meta name=\"twitter:card\" content=\"summary_large_image\" \/>\n<script type=\"application\/ld+json\" class=\"yoast-schema-graph\">{\"@context\":\"https:\/\/schema.org\",\"@graph\":[{\"@type\":\"WebPage\",\"@id\":\"https:\/\/shop.ucrent.ee\/fi\/toode\/puiset-neuvottelutuolit-iso-luonnonpuu-kromi\",\"url\":\"https:\/\/shop.ucrent.ee\/fi\/toode\/puiset-neuvottelutuolit-iso-luonnonpuu-kromi\",\"name\":\"Puiset neuvottelutuolit ISO, luonnonpuu - kromi - UC Rent e-pood\",\"isPartOf\":{\"@id\":\"https:\/\/shop.ucrent.ee\/#website\"},\"primaryImageOfPage\":{\"@id\":\"https:\/\/shop.ucrent.ee\/fi\/toode\/puiset-neuvottelutuolit-iso-luonnonpuu-kromi#primaryimage\"},\"image\":{\"@id\":\"https:\/\/shop.ucrent.ee\/fi\/toode\/puiset-neuvottelutuolit-iso-luonnonpuu-kromi#primaryimage\"},\"thumbnailUrl\":\"https:\/\/shop.ucrent.ee\/wp-content\/uploads\/2024\/02\/ISO-WOOD.jpg\",\"datePublished\":\"2024-02-13T09:21:37+00:00\",\"dateModified\":\"2026-04-21T12:18:19+00:00\",\"breadcrumb\":{\"@id\":\"https:\/\/shop.ucrent.ee\/fi\/toode\/puiset-neuvottelutuolit-iso-luonnonpuu-kromi#breadcrumb\"},\"inLanguage\":\"fi\",\"potentialAction\":[{\"@type\":\"ReadAction\",\"target\":[\"https:\/\/shop.ucrent.ee\/fi\/toode\/puiset-neuvottelutuolit-iso-luonnonpuu-kromi\"]}]},{\"@type\":\"ImageObject\",\"inLanguage\":\"fi\",\"@id\":\"https:\/\/shop.ucrent.ee\/fi\/toode\/puiset-neuvottelutuolit-iso-luonnonpuu-kromi#primaryimage\",\"url\":\"https:\/\/shop.ucrent.ee\/wp-content\/uploads\/2024\/02\/ISO-WOOD.jpg\",\"contentUrl\":\"https:\/\/shop.ucrent.ee\/wp-content\/uploads\/2024\/02\/ISO-WOOD.jpg\",\"width\":800,\"height\":1200},{\"@type\":\"BreadcrumbList\",\"@id\":\"https:\/\/shop.ucrent.ee\/fi\/toode\/puiset-neuvottelutuolit-iso-luonnonpuu-kromi#breadcrumb\",\"itemListElement\":[{\"@type\":\"ListItem\",\"position\":1,\"name\":\"Home\",\"item\":\"https:\/\/shop.ucrent.ee\/fi\"},{\"@type\":\"ListItem\",\"position\":2,\"name\":\"K\u00f5ik tooted\",\"item\":\"https:\/\/shop.ucrent.ee\/tooted\"},{\"@type\":\"ListItem\",\"position\":3,\"name\":\"Puiset neuvottelutuolit ISO, luonnonpuu &#8211; kromi\"}]},{\"@type\":\"WebSite\",\"@id\":\"https:\/\/shop.ucrent.ee\/#website\",\"url\":\"https:\/\/shop.ucrent.ee\/\",\"name\":\"UC Rent e-pood\",\"description\":\"\",\"potentialAction\":[{\"@type\":\"SearchAction\",\"target\":{\"@type\":\"EntryPoint\",\"urlTemplate\":\"https:\/\/shop.ucrent.ee\/?s={search_term_string}\"},\"query-input\":{\"@type\":\"PropertyValueSpecification\",\"valueRequired\":true,\"valueName\":\"search_term_string\"}}],\"inLanguage\":\"fi\"}]}<\/script>\n<!-- \/ Yoast SEO plugin. -->","yoast_head_json":{"title":"Puiset neuvottelutuolit ISO, luonnonpuu - kromi - UC Rent e-pood","robots":{"index":"index","follow":"follow","max-snippet":"max-snippet:-1","max-image-preview":"max-image-preview:large","max-video-preview":"max-video-preview:-1"},"canonical":"https:\/\/shop.ucrent.ee\/fi\/toode\/puiset-neuvottelutuolit-iso-luonnonpuu-kromi","og_locale":"fi_FI","og_type":"article","og_title":"Puiset neuvottelutuolit ISO, luonnonpuu - kromi - UC Rent e-pood","og_description":"ISO klassiset puiset neuvottelutuolit. Sopiva k\u00e4ytt\u00f6alue: konferenssit, toimistot, koulut, odotushuoneet, julkiset tilat. Seitsem\u00e4nkerroksinen vaneri, paksuus 10 mm. Tuolin jalat on kromattu. Pinottavissa 17 kpl asti. Kantavuus 120 kg. Toimitusaika 2-3 viikkoa.","og_url":"https:\/\/shop.ucrent.ee\/fi\/toode\/puiset-neuvottelutuolit-iso-luonnonpuu-kromi","og_site_name":"UC Rent e-pood","article_modified_time":"2026-04-21T12:18:19+00:00","og_image":[{"width":800,"height":1200,"url":"https:\/\/shop.ucrent.ee\/wp-content\/uploads\/2024\/02\/ISO-WOOD.jpg","type":"image\/jpeg"}],"twitter_card":"summary_large_image","schema":{"@context":"https:\/\/schema.org","@graph":[{"@type":"WebPage","@id":"https:\/\/shop.ucrent.ee\/fi\/toode\/puiset-neuvottelutuolit-iso-luonnonpuu-kromi","url":"https:\/\/shop.ucrent.ee\/fi\/toode\/puiset-neuvottelutuolit-iso-luonnonpuu-kromi","name":"Puiset neuvottelutuolit ISO, luonnonpuu - kromi - UC Rent e-pood","isPartOf":{"@id":"https:\/\/shop.ucrent.ee\/#website"},"primaryImageOfPage":{"@id":"https:\/\/shop.ucrent.ee\/fi\/toode\/puiset-neuvottelutuolit-iso-luonnonpuu-kromi#primaryimage"},"image":{"@id":"https:\/\/shop.ucrent.ee\/fi\/toode\/puiset-neuvottelutuolit-iso-luonnonpuu-kromi#primaryimage"},"thumbnailUrl":"https:\/\/shop.ucrent.ee\/wp-content\/uploads\/2024\/02\/ISO-WOOD.jpg","datePublished":"2024-02-13T09:21:37+00:00","dateModified":"2026-04-21T12:18:19+00:00","breadcrumb":{"@id":"https:\/\/shop.ucrent.ee\/fi\/toode\/puiset-neuvottelutuolit-iso-luonnonpuu-kromi#breadcrumb"},"inLanguage":"fi","potentialAction":[{"@type":"ReadAction","target":["https:\/\/shop.ucrent.ee\/fi\/toode\/puiset-neuvottelutuolit-iso-luonnonpuu-kromi"]}]},{"@type":"ImageObject","inLanguage":"fi","@id":"https:\/\/shop.ucrent.ee\/fi\/toode\/puiset-neuvottelutuolit-iso-luonnonpuu-kromi#primaryimage","url":"https:\/\/shop.ucrent.ee\/wp-content\/uploads\/2024\/02\/ISO-WOOD.jpg","contentUrl":"https:\/\/shop.ucrent.ee\/wp-content\/uploads\/2024\/02\/ISO-WOOD.jpg","width":800,"height":1200},{"@type":"BreadcrumbList","@id":"https:\/\/shop.ucrent.ee\/fi\/toode\/puiset-neuvottelutuolit-iso-luonnonpuu-kromi#breadcrumb","itemListElement":[{"@type":"ListItem","position":1,"name":"Home","item":"https:\/\/shop.ucrent.ee\/fi"},{"@type":"ListItem","position":2,"name":"K\u00f5ik tooted","item":"https:\/\/shop.ucrent.ee\/tooted"},{"@type":"ListItem","position":3,"name":"Puiset neuvottelutuolit ISO, luonnonpuu &#8211; kromi"}]},{"@type":"WebSite","@id":"https:\/\/shop.ucrent.ee\/#website","url":"https:\/\/shop.ucrent.ee\/","name":"UC Rent e-pood","description":"","potentialAction":[{"@type":"SearchAction","target":{"@type":"EntryPoint","urlTemplate":"https:\/\/shop.ucrent.ee\/?s={search_term_string}"},"query-input":{"@type":"PropertyValueSpecification","valueRequired":true,"valueName":"search_term_string"}}],"inLanguage":"fi"}]}},"_links":{"self":[{"href":"https:\/\/shop.ucrent.ee\/fi\/wp-json\/wp\/v2\/product\/621882","targetHints":{"allow":["GET"]}}],"collection":[{"href":"https:\/\/shop.ucrent.ee\/fi\/wp-json\/wp\/v2\/product"}],"about":[{"href":"https:\/\/shop.ucrent.ee\/fi\/wp-json\/wp\/v2\/types\/product"}],"wp:featuredmedia":[{"embeddable":true,"href":"https:\/\/shop.ucrent.ee\/fi\/wp-json\/wp\/v2\/media\/621869"}],"wp:attachment":[{"href":"https:\/\/shop.ucrent.ee\/fi\/wp-json\/wp\/v2\/media?parent=621882"}],"wp:term":[{"taxonomy":"product_brand","embeddable":true,"href":"https:\/\/shop.ucrent.ee\/fi\/wp-json\/wp\/v2\/product_brand?post=621882"},{"taxonomy":"product_cat","embeddable":true,"href":"https:\/\/shop.ucrent.ee\/fi\/wp-json\/wp\/v2\/product_cat?post=621882"},{"taxonomy":"product_tag","embeddable":true,"href":"https:\/\/shop.ucrent.ee\/fi\/wp-json\/wp\/v2\/product_tag?post=621882"}],"curies":[{"name":"wp","href":"https:\/\/api.w.org\/{rel}","templated":true}]}}