{"id":622138,"date":"2024-04-17T14:29:00","date_gmt":"2024-04-17T11:29:00","guid":{"rendered":"https:\/\/shop.ucrent.ee\/toode\/containex-3-huoneen-kontti-24x6m"},"modified":"2026-04-21T13:35:11","modified_gmt":"2026-04-21T10:35:11","slug":"containex-3-huoneen-kontti-24x6m","status":"publish","type":"product","link":"https:\/\/shop.ucrent.ee\/fi\/toode\/containex-3-huoneen-kontti-24x6m","title":{"rendered":"Containex standard 3-huoneinen kontti 2,4x6m"},"content":{"rendered":"<p>Containexin standard 3-huoneinen moduuli 2,4 x 6 m.<br \/>\nUlkomitat: 2,44 x 6,06 m, korkeus 2,59 m.<br \/>\nSis\u00e4mitat: 2,24 x 5,86 m, korkeus 2,34 m.<br \/>\nKolme huonetta, kooltaan noin 1,90 x 2,24 m kukin.<br \/>\nPaino: noin 2500 kg.<br \/>\nUlkov\u00e4ri: vaaleanharmaa tai tummanharmaa RAL 7016, sis\u00e4v\u00e4ri valkoinen tai vaalea tammi.<br \/>\nVarustukseen kuuluu: 3 avattavaa vakiomallista l\u00e4mp\u00f6lasillista ikkunaa ulkopuolisilla suojarullaverhoilla, 3 eristetty\u00e4 metalliovea 875 x 2125 mm lukolla ja kahvoilla, kattovalaisimet, pistorasiat, 3 termostaattiohjattua patteria, s\u00e4hk\u00f6keskus, ulkoinen 32A pistorasia.<br \/>\nEristysmateriaali: mineraalivilla \u2014 lattia 100 mm, katto 100 mm, sein\u00e4t 60 mm, tai PU-vaahto 60 mm.<br \/>\nTarjoamissamme konteissa on CE-merkint\u00e4, joka takaa EU-vaatimusten mukaiset s\u00e4hk\u00f6j\u00e4rjestelm\u00e4t ja rakennuslaadun.<br \/>\nKontit t\u00e4ytt\u00e4v\u00e4t ISO-standardit.<\/p>\n","protected":false},"excerpt":{"rendered":"Containexin standard 3-huoneinen moduuli 2,4 x 6 m. Ulkomitat: 2,44 x 6,06 m, korkeus 2,59 m. Sis\u00e4mitat: 2,24 x 5,86 m, korkeus 2,34 m. Kolme huonetta, kooltaan noin 1,90 x 2,24 m kukin. Paino: noin 2500 kg. Ulkov\u00e4ri: vaaleanharmaa tai tummanharmaa RAL 7016, sis\u00e4v\u00e4ri valkoinen tai vaalea tammi. Varustukseen kuuluu: 3 avattavaa vakiomallista l\u00e4mp\u00f6lasillista ikkunaa&#8230; <a class=\"view-article\" href=\"https:\/\/shop.ucrent.ee\/fi\/toode\/containex-3-huoneen-kontti-24x6m\">View Article<\/a>","protected":false},"featured_media":622123,"template":"","meta":{"_acf_changed":false},"product_brand":[],"product_cat":[639],"product_tag":[],"class_list":{"0":"post-622138","1":"product","2":"type-product","3":"status-publish","4":"has-post-thumbnail","6":"product_cat-e-pood_soojak_2_4_x_6m_fi","8":"first","9":"instock","10":"taxable","11":"shipping-taxable","12":"purchasable","13":"product-type-simple"},"acf":[],"yoast_head":"<!-- This site is optimized with the Yoast SEO plugin v27.0 - https:\/\/yoast.com\/product\/yoast-seo-wordpress\/ -->\n<title>Containex standard 3-huoneinen kontti 2,4x6m - UC Rent e-pood<\/title>\n<meta name=\"robots\" content=\"index, follow, max-snippet:-1, max-image-preview:large, max-video-preview:-1\" \/>\n<link rel=\"canonical\" href=\"https:\/\/shop.ucrent.ee\/fi\/toode\/containex-3-huoneen-kontti-24x6m\" \/>\n<meta property=\"og:locale\" content=\"fi_FI\" \/>\n<meta property=\"og:type\" content=\"article\" \/>\n<meta property=\"og:title\" content=\"Containex standard 3-huoneinen kontti 2,4x6m - UC Rent e-pood\" \/>\n<meta property=\"og:description\" content=\"Containexin standard 3-huoneinen moduuli 2,4 x 6 m. Ulkomitat: 2,44 x 6,06 m, korkeus 2,59 m. Sis\u00e4mitat: 2,24 x 5,86 m, korkeus 2,34 m. Kolme huonetta, kooltaan noin 1,90 x 2,24 m kukin. Paino: noin 2500 kg. Ulkov\u00e4ri: vaaleanharmaa tai tummanharmaa RAL 7016, sis\u00e4v\u00e4ri valkoinen tai vaalea tammi. Varustukseen kuuluu: 3 avattavaa vakiomallista l\u00e4mp\u00f6lasillista ikkunaa... View Article\" \/>\n<meta property=\"og:url\" content=\"https:\/\/shop.ucrent.ee\/fi\/toode\/containex-3-huoneen-kontti-24x6m\" \/>\n<meta property=\"og:site_name\" content=\"UC Rent e-pood\" \/>\n<meta property=\"article:modified_time\" content=\"2026-04-21T10:35:11+00:00\" \/>\n<meta property=\"og:image\" content=\"https:\/\/shop.ucrent.ee\/wp-content\/uploads\/2024\/04\/IMG_5889-700x577.png\" \/>\n\t<meta property=\"og:image:width\" content=\"700\" \/>\n\t<meta property=\"og:image:height\" content=\"577\" \/>\n\t<meta property=\"og:image:type\" content=\"image\/png\" \/>\n<meta name=\"twitter:card\" content=\"summary_large_image\" \/>\n<meta name=\"twitter:label1\" content=\"Arvioitu lukuaika\" \/>\n\t<meta name=\"twitter:data1\" content=\"1 minuutti\" \/>\n<script type=\"application\/ld+json\" class=\"yoast-schema-graph\">{\"@context\":\"https:\/\/schema.org\",\"@graph\":[{\"@type\":\"WebPage\",\"@id\":\"https:\/\/shop.ucrent.ee\/fi\/toode\/containex-3-huoneen-kontti-24x6m\",\"url\":\"https:\/\/shop.ucrent.ee\/fi\/toode\/containex-3-huoneen-kontti-24x6m\",\"name\":\"Containex standard 3-huoneinen kontti 2,4x6m - UC Rent e-pood\",\"isPartOf\":{\"@id\":\"https:\/\/shop.ucrent.ee\/#website\"},\"primaryImageOfPage\":{\"@id\":\"https:\/\/shop.ucrent.ee\/fi\/toode\/containex-3-huoneen-kontti-24x6m#primaryimage\"},\"image\":{\"@id\":\"https:\/\/shop.ucrent.ee\/fi\/toode\/containex-3-huoneen-kontti-24x6m#primaryimage\"},\"thumbnailUrl\":\"https:\/\/shop.ucrent.ee\/wp-content\/uploads\/2024\/04\/IMG_5889.png\",\"datePublished\":\"2024-04-17T11:29:00+00:00\",\"dateModified\":\"2026-04-21T10:35:11+00:00\",\"breadcrumb\":{\"@id\":\"https:\/\/shop.ucrent.ee\/fi\/toode\/containex-3-huoneen-kontti-24x6m#breadcrumb\"},\"inLanguage\":\"fi\",\"potentialAction\":[{\"@type\":\"ReadAction\",\"target\":[\"https:\/\/shop.ucrent.ee\/fi\/toode\/containex-3-huoneen-kontti-24x6m\"]}]},{\"@type\":\"ImageObject\",\"inLanguage\":\"fi\",\"@id\":\"https:\/\/shop.ucrent.ee\/fi\/toode\/containex-3-huoneen-kontti-24x6m#primaryimage\",\"url\":\"https:\/\/shop.ucrent.ee\/wp-content\/uploads\/2024\/04\/IMG_5889.png\",\"contentUrl\":\"https:\/\/shop.ucrent.ee\/wp-content\/uploads\/2024\/04\/IMG_5889.png\",\"width\":3841,\"height\":3168},{\"@type\":\"BreadcrumbList\",\"@id\":\"https:\/\/shop.ucrent.ee\/fi\/toode\/containex-3-huoneen-kontti-24x6m#breadcrumb\",\"itemListElement\":[{\"@type\":\"ListItem\",\"position\":1,\"name\":\"Home\",\"item\":\"https:\/\/shop.ucrent.ee\/fi\"},{\"@type\":\"ListItem\",\"position\":2,\"name\":\"K\u00f5ik tooted\",\"item\":\"https:\/\/shop.ucrent.ee\/tooted\"},{\"@type\":\"ListItem\",\"position\":3,\"name\":\"Containex standard 3-huoneinen kontti 2,4x6m\"}]},{\"@type\":\"WebSite\",\"@id\":\"https:\/\/shop.ucrent.ee\/#website\",\"url\":\"https:\/\/shop.ucrent.ee\/\",\"name\":\"UC Rent e-pood\",\"description\":\"\",\"potentialAction\":[{\"@type\":\"SearchAction\",\"target\":{\"@type\":\"EntryPoint\",\"urlTemplate\":\"https:\/\/shop.ucrent.ee\/?s={search_term_string}\"},\"query-input\":{\"@type\":\"PropertyValueSpecification\",\"valueRequired\":true,\"valueName\":\"search_term_string\"}}],\"inLanguage\":\"fi\"}]}<\/script>\n<!-- \/ Yoast SEO plugin. -->","yoast_head_json":{"title":"Containex standard 3-huoneinen kontti 2,4x6m - UC Rent e-pood","robots":{"index":"index","follow":"follow","max-snippet":"max-snippet:-1","max-image-preview":"max-image-preview:large","max-video-preview":"max-video-preview:-1"},"canonical":"https:\/\/shop.ucrent.ee\/fi\/toode\/containex-3-huoneen-kontti-24x6m","og_locale":"fi_FI","og_type":"article","og_title":"Containex standard 3-huoneinen kontti 2,4x6m - UC Rent e-pood","og_description":"Containexin standard 3-huoneinen moduuli 2,4 x 6 m. Ulkomitat: 2,44 x 6,06 m, korkeus 2,59 m. Sis\u00e4mitat: 2,24 x 5,86 m, korkeus 2,34 m. Kolme huonetta, kooltaan noin 1,90 x 2,24 m kukin. Paino: noin 2500 kg. Ulkov\u00e4ri: vaaleanharmaa tai tummanharmaa RAL 7016, sis\u00e4v\u00e4ri valkoinen tai vaalea tammi. Varustukseen kuuluu: 3 avattavaa vakiomallista l\u00e4mp\u00f6lasillista ikkunaa... View Article","og_url":"https:\/\/shop.ucrent.ee\/fi\/toode\/containex-3-huoneen-kontti-24x6m","og_site_name":"UC Rent e-pood","article_modified_time":"2026-04-21T10:35:11+00:00","og_image":[{"width":700,"height":577,"url":"https:\/\/shop.ucrent.ee\/wp-content\/uploads\/2024\/04\/IMG_5889-700x577.png","type":"image\/png"}],"twitter_card":"summary_large_image","twitter_misc":{"Arvioitu lukuaika":"1 minuutti"},"schema":{"@context":"https:\/\/schema.org","@graph":[{"@type":"WebPage","@id":"https:\/\/shop.ucrent.ee\/fi\/toode\/containex-3-huoneen-kontti-24x6m","url":"https:\/\/shop.ucrent.ee\/fi\/toode\/containex-3-huoneen-kontti-24x6m","name":"Containex standard 3-huoneinen kontti 2,4x6m - UC Rent e-pood","isPartOf":{"@id":"https:\/\/shop.ucrent.ee\/#website"},"primaryImageOfPage":{"@id":"https:\/\/shop.ucrent.ee\/fi\/toode\/containex-3-huoneen-kontti-24x6m#primaryimage"},"image":{"@id":"https:\/\/shop.ucrent.ee\/fi\/toode\/containex-3-huoneen-kontti-24x6m#primaryimage"},"thumbnailUrl":"https:\/\/shop.ucrent.ee\/wp-content\/uploads\/2024\/04\/IMG_5889.png","datePublished":"2024-04-17T11:29:00+00:00","dateModified":"2026-04-21T10:35:11+00:00","breadcrumb":{"@id":"https:\/\/shop.ucrent.ee\/fi\/toode\/containex-3-huoneen-kontti-24x6m#breadcrumb"},"inLanguage":"fi","potentialAction":[{"@type":"ReadAction","target":["https:\/\/shop.ucrent.ee\/fi\/toode\/containex-3-huoneen-kontti-24x6m"]}]},{"@type":"ImageObject","inLanguage":"fi","@id":"https:\/\/shop.ucrent.ee\/fi\/toode\/containex-3-huoneen-kontti-24x6m#primaryimage","url":"https:\/\/shop.ucrent.ee\/wp-content\/uploads\/2024\/04\/IMG_5889.png","contentUrl":"https:\/\/shop.ucrent.ee\/wp-content\/uploads\/2024\/04\/IMG_5889.png","width":3841,"height":3168},{"@type":"BreadcrumbList","@id":"https:\/\/shop.ucrent.ee\/fi\/toode\/containex-3-huoneen-kontti-24x6m#breadcrumb","itemListElement":[{"@type":"ListItem","position":1,"name":"Home","item":"https:\/\/shop.ucrent.ee\/fi"},{"@type":"ListItem","position":2,"name":"K\u00f5ik tooted","item":"https:\/\/shop.ucrent.ee\/tooted"},{"@type":"ListItem","position":3,"name":"Containex standard 3-huoneinen kontti 2,4x6m"}]},{"@type":"WebSite","@id":"https:\/\/shop.ucrent.ee\/#website","url":"https:\/\/shop.ucrent.ee\/","name":"UC Rent e-pood","description":"","potentialAction":[{"@type":"SearchAction","target":{"@type":"EntryPoint","urlTemplate":"https:\/\/shop.ucrent.ee\/?s={search_term_string}"},"query-input":{"@type":"PropertyValueSpecification","valueRequired":true,"valueName":"search_term_string"}}],"inLanguage":"fi"}]}},"_links":{"self":[{"href":"https:\/\/shop.ucrent.ee\/fi\/wp-json\/wp\/v2\/product\/622138","targetHints":{"allow":["GET"]}}],"collection":[{"href":"https:\/\/shop.ucrent.ee\/fi\/wp-json\/wp\/v2\/product"}],"about":[{"href":"https:\/\/shop.ucrent.ee\/fi\/wp-json\/wp\/v2\/types\/product"}],"wp:featuredmedia":[{"embeddable":true,"href":"https:\/\/shop.ucrent.ee\/fi\/wp-json\/wp\/v2\/media\/622123"}],"wp:attachment":[{"href":"https:\/\/shop.ucrent.ee\/fi\/wp-json\/wp\/v2\/media?parent=622138"}],"wp:term":[{"taxonomy":"product_brand","embeddable":true,"href":"https:\/\/shop.ucrent.ee\/fi\/wp-json\/wp\/v2\/product_brand?post=622138"},{"taxonomy":"product_cat","embeddable":true,"href":"https:\/\/shop.ucrent.ee\/fi\/wp-json\/wp\/v2\/product_cat?post=622138"},{"taxonomy":"product_tag","embeddable":true,"href":"https:\/\/shop.ucrent.ee\/fi\/wp-json\/wp\/v2\/product_tag?post=622138"}],"curies":[{"name":"wp","href":"https:\/\/api.w.org\/{rel}","templated":true}]}}