{"id":622346,"date":"2024-05-10T17:16:57","date_gmt":"2024-05-10T14:16:57","guid":{"rendered":"https:\/\/shop.ucrent.ee\/toode\/auton-kattoteltta-210-x-204cm-musta-valkoinen"},"modified":"2026-04-16T17:33:38","modified_gmt":"2026-04-16T14:33:38","slug":"auton-kattoteltta-210-x-204cm-musta-valkoinen","status":"publish","type":"product","link":"https:\/\/shop.ucrent.ee\/fi\/toode\/auton-kattoteltta-210-x-204cm-musta-valkoinen","title":{"rendered":"Auton kattoteltta 210 x 160cm, musta tai valkoinen &#8211; harmaa"},"content":{"rendered":"<p>Auton kattoteltta, joka tarjoaa mukavan lepopaikan miss\u00e4 ikin\u00e4 oletkin autolla.<br \/>\nTeltan materiaali on vett\u00e4 hylkiv\u00e4 kangas 280g Canvas.<br \/>\nTeltta on varustettu patjalla ja teleskooppitikkaalla, jotka viev\u00e4t hyvin v\u00e4h\u00e4n tilaa ja jotka voidaan nostaa telttaan y\u00f6ksi.<br \/>\nOvet ja ikkunat on varustettu hyttysverkoilla.<br \/>\nMitat pakattuna: 160 x 120cm x 35cm<br \/>\nMitat avattuna: 210 x 160 x 125cm<br \/>\nPaino 86 kg<br \/>\nMateriaali: ABS-muovi<br \/>\nTeltan muovirungon v\u00e4ri: musta tai valkoinen<br \/>\nKankaan v\u00e4ri: harmaa<\/p>\n","protected":false},"excerpt":{"rendered":"Auton kattoteltta, joka tarjoaa mukavan lepopaikan miss\u00e4 ikin\u00e4 oletkin autolla. Teltan materiaali on vett\u00e4 hylkiv\u00e4 kangas 280g Canvas. Teltta on varustettu patjalla ja teleskooppitikkaalla, jotka viev\u00e4t hyvin v\u00e4h\u00e4n tilaa ja jotka voidaan nostaa telttaan y\u00f6ksi. Ovet ja ikkunat on varustettu hyttysverkoilla. Mitat pakattuna: 160 x 120cm x 35cm Mitat avattuna: 210 x 160 x 125cm&#8230; <a class=\"view-article\" href=\"https:\/\/shop.ucrent.ee\/fi\/toode\/auton-kattoteltta-210-x-204cm-musta-valkoinen\">View Article<\/a>","protected":false},"featured_media":622303,"template":"","meta":{"_acf_changed":false},"product_brand":[],"product_cat":[870],"product_tag":[],"class_list":{"0":"post-622346","1":"product","2":"type-product","3":"status-publish","4":"has-post-thumbnail","6":"product_cat-auton-kattoteltat","8":"first","9":"instock","10":"sale","11":"taxable","12":"shipping-taxable","13":"purchasable","14":"product-type-simple"},"acf":[],"yoast_head":"<!-- This site is optimized with the Yoast SEO plugin v27.0 - https:\/\/yoast.com\/product\/yoast-seo-wordpress\/ -->\n<title>Auton kattoteltta 210 x 160cm, musta tai valkoinen - harmaa - UC Rent e-pood<\/title>\n<meta name=\"robots\" content=\"index, follow, max-snippet:-1, max-image-preview:large, max-video-preview:-1\" \/>\n<link rel=\"canonical\" href=\"https:\/\/shop.ucrent.ee\/fi\/toode\/auton-kattoteltta-210-x-204cm-musta-valkoinen\" \/>\n<meta property=\"og:locale\" content=\"fi_FI\" \/>\n<meta property=\"og:type\" content=\"article\" \/>\n<meta property=\"og:title\" content=\"Auton kattoteltta 210 x 160cm, musta tai valkoinen - harmaa - UC Rent e-pood\" \/>\n<meta property=\"og:description\" content=\"Auton kattoteltta, joka tarjoaa mukavan lepopaikan miss\u00e4 ikin\u00e4 oletkin autolla. Teltan materiaali on vett\u00e4 hylkiv\u00e4 kangas 280g Canvas. Teltta on varustettu patjalla ja teleskooppitikkaalla, jotka viev\u00e4t hyvin v\u00e4h\u00e4n tilaa ja jotka voidaan nostaa telttaan y\u00f6ksi. Ovet ja ikkunat on varustettu hyttysverkoilla. Mitat pakattuna: 160 x 120cm x 35cm Mitat avattuna: 210 x 160 x 125cm... View Article\" \/>\n<meta property=\"og:url\" content=\"https:\/\/shop.ucrent.ee\/fi\/toode\/auton-kattoteltta-210-x-204cm-musta-valkoinen\" \/>\n<meta property=\"og:site_name\" content=\"UC Rent e-pood\" \/>\n<meta property=\"article:modified_time\" content=\"2026-04-16T14:33:38+00:00\" \/>\n<meta property=\"og:image\" content=\"https:\/\/shop.ucrent.ee\/wp-content\/uploads\/2024\/05\/1-1.png\" \/>\n\t<meta property=\"og:image:width\" content=\"839\" \/>\n\t<meta property=\"og:image:height\" content=\"846\" \/>\n\t<meta property=\"og:image:type\" content=\"image\/png\" \/>\n<meta name=\"twitter:card\" content=\"summary_large_image\" \/>\n<script type=\"application\/ld+json\" class=\"yoast-schema-graph\">{\"@context\":\"https:\/\/schema.org\",\"@graph\":[{\"@type\":\"WebPage\",\"@id\":\"https:\/\/shop.ucrent.ee\/fi\/toode\/auton-kattoteltta-210-x-204cm-musta-valkoinen\",\"url\":\"https:\/\/shop.ucrent.ee\/fi\/toode\/auton-kattoteltta-210-x-204cm-musta-valkoinen\",\"name\":\"Auton kattoteltta 210 x 160cm, musta tai valkoinen - harmaa - UC Rent e-pood\",\"isPartOf\":{\"@id\":\"https:\/\/shop.ucrent.ee\/#website\"},\"primaryImageOfPage\":{\"@id\":\"https:\/\/shop.ucrent.ee\/fi\/toode\/auton-kattoteltta-210-x-204cm-musta-valkoinen#primaryimage\"},\"image\":{\"@id\":\"https:\/\/shop.ucrent.ee\/fi\/toode\/auton-kattoteltta-210-x-204cm-musta-valkoinen#primaryimage\"},\"thumbnailUrl\":\"https:\/\/shop.ucrent.ee\/wp-content\/uploads\/2024\/05\/1-1.png\",\"datePublished\":\"2024-05-10T14:16:57+00:00\",\"dateModified\":\"2026-04-16T14:33:38+00:00\",\"breadcrumb\":{\"@id\":\"https:\/\/shop.ucrent.ee\/fi\/toode\/auton-kattoteltta-210-x-204cm-musta-valkoinen#breadcrumb\"},\"inLanguage\":\"fi\",\"potentialAction\":[{\"@type\":\"ReadAction\",\"target\":[\"https:\/\/shop.ucrent.ee\/fi\/toode\/auton-kattoteltta-210-x-204cm-musta-valkoinen\"]}]},{\"@type\":\"ImageObject\",\"inLanguage\":\"fi\",\"@id\":\"https:\/\/shop.ucrent.ee\/fi\/toode\/auton-kattoteltta-210-x-204cm-musta-valkoinen#primaryimage\",\"url\":\"https:\/\/shop.ucrent.ee\/wp-content\/uploads\/2024\/05\/1-1.png\",\"contentUrl\":\"https:\/\/shop.ucrent.ee\/wp-content\/uploads\/2024\/05\/1-1.png\",\"width\":839,\"height\":846},{\"@type\":\"BreadcrumbList\",\"@id\":\"https:\/\/shop.ucrent.ee\/fi\/toode\/auton-kattoteltta-210-x-204cm-musta-valkoinen#breadcrumb\",\"itemListElement\":[{\"@type\":\"ListItem\",\"position\":1,\"name\":\"Home\",\"item\":\"https:\/\/shop.ucrent.ee\/fi\"},{\"@type\":\"ListItem\",\"position\":2,\"name\":\"K\u00f5ik tooted\",\"item\":\"https:\/\/shop.ucrent.ee\/tooted\"},{\"@type\":\"ListItem\",\"position\":3,\"name\":\"Auton kattoteltta 210 x 160cm, musta tai valkoinen &#8211; harmaa\"}]},{\"@type\":\"WebSite\",\"@id\":\"https:\/\/shop.ucrent.ee\/#website\",\"url\":\"https:\/\/shop.ucrent.ee\/\",\"name\":\"UC Rent e-pood\",\"description\":\"\",\"potentialAction\":[{\"@type\":\"SearchAction\",\"target\":{\"@type\":\"EntryPoint\",\"urlTemplate\":\"https:\/\/shop.ucrent.ee\/?s={search_term_string}\"},\"query-input\":{\"@type\":\"PropertyValueSpecification\",\"valueRequired\":true,\"valueName\":\"search_term_string\"}}],\"inLanguage\":\"fi\"}]}<\/script>\n<!-- \/ Yoast SEO plugin. -->","yoast_head_json":{"title":"Auton kattoteltta 210 x 160cm, musta tai valkoinen - harmaa - UC Rent e-pood","robots":{"index":"index","follow":"follow","max-snippet":"max-snippet:-1","max-image-preview":"max-image-preview:large","max-video-preview":"max-video-preview:-1"},"canonical":"https:\/\/shop.ucrent.ee\/fi\/toode\/auton-kattoteltta-210-x-204cm-musta-valkoinen","og_locale":"fi_FI","og_type":"article","og_title":"Auton kattoteltta 210 x 160cm, musta tai valkoinen - harmaa - UC Rent e-pood","og_description":"Auton kattoteltta, joka tarjoaa mukavan lepopaikan miss\u00e4 ikin\u00e4 oletkin autolla. Teltan materiaali on vett\u00e4 hylkiv\u00e4 kangas 280g Canvas. Teltta on varustettu patjalla ja teleskooppitikkaalla, jotka viev\u00e4t hyvin v\u00e4h\u00e4n tilaa ja jotka voidaan nostaa telttaan y\u00f6ksi. Ovet ja ikkunat on varustettu hyttysverkoilla. Mitat pakattuna: 160 x 120cm x 35cm Mitat avattuna: 210 x 160 x 125cm... View Article","og_url":"https:\/\/shop.ucrent.ee\/fi\/toode\/auton-kattoteltta-210-x-204cm-musta-valkoinen","og_site_name":"UC Rent e-pood","article_modified_time":"2026-04-16T14:33:38+00:00","og_image":[{"width":839,"height":846,"url":"https:\/\/shop.ucrent.ee\/wp-content\/uploads\/2024\/05\/1-1.png","type":"image\/png"}],"twitter_card":"summary_large_image","schema":{"@context":"https:\/\/schema.org","@graph":[{"@type":"WebPage","@id":"https:\/\/shop.ucrent.ee\/fi\/toode\/auton-kattoteltta-210-x-204cm-musta-valkoinen","url":"https:\/\/shop.ucrent.ee\/fi\/toode\/auton-kattoteltta-210-x-204cm-musta-valkoinen","name":"Auton kattoteltta 210 x 160cm, musta tai valkoinen - harmaa - UC Rent e-pood","isPartOf":{"@id":"https:\/\/shop.ucrent.ee\/#website"},"primaryImageOfPage":{"@id":"https:\/\/shop.ucrent.ee\/fi\/toode\/auton-kattoteltta-210-x-204cm-musta-valkoinen#primaryimage"},"image":{"@id":"https:\/\/shop.ucrent.ee\/fi\/toode\/auton-kattoteltta-210-x-204cm-musta-valkoinen#primaryimage"},"thumbnailUrl":"https:\/\/shop.ucrent.ee\/wp-content\/uploads\/2024\/05\/1-1.png","datePublished":"2024-05-10T14:16:57+00:00","dateModified":"2026-04-16T14:33:38+00:00","breadcrumb":{"@id":"https:\/\/shop.ucrent.ee\/fi\/toode\/auton-kattoteltta-210-x-204cm-musta-valkoinen#breadcrumb"},"inLanguage":"fi","potentialAction":[{"@type":"ReadAction","target":["https:\/\/shop.ucrent.ee\/fi\/toode\/auton-kattoteltta-210-x-204cm-musta-valkoinen"]}]},{"@type":"ImageObject","inLanguage":"fi","@id":"https:\/\/shop.ucrent.ee\/fi\/toode\/auton-kattoteltta-210-x-204cm-musta-valkoinen#primaryimage","url":"https:\/\/shop.ucrent.ee\/wp-content\/uploads\/2024\/05\/1-1.png","contentUrl":"https:\/\/shop.ucrent.ee\/wp-content\/uploads\/2024\/05\/1-1.png","width":839,"height":846},{"@type":"BreadcrumbList","@id":"https:\/\/shop.ucrent.ee\/fi\/toode\/auton-kattoteltta-210-x-204cm-musta-valkoinen#breadcrumb","itemListElement":[{"@type":"ListItem","position":1,"name":"Home","item":"https:\/\/shop.ucrent.ee\/fi"},{"@type":"ListItem","position":2,"name":"K\u00f5ik tooted","item":"https:\/\/shop.ucrent.ee\/tooted"},{"@type":"ListItem","position":3,"name":"Auton kattoteltta 210 x 160cm, musta tai valkoinen &#8211; harmaa"}]},{"@type":"WebSite","@id":"https:\/\/shop.ucrent.ee\/#website","url":"https:\/\/shop.ucrent.ee\/","name":"UC Rent e-pood","description":"","potentialAction":[{"@type":"SearchAction","target":{"@type":"EntryPoint","urlTemplate":"https:\/\/shop.ucrent.ee\/?s={search_term_string}"},"query-input":{"@type":"PropertyValueSpecification","valueRequired":true,"valueName":"search_term_string"}}],"inLanguage":"fi"}]}},"_links":{"self":[{"href":"https:\/\/shop.ucrent.ee\/fi\/wp-json\/wp\/v2\/product\/622346","targetHints":{"allow":["GET"]}}],"collection":[{"href":"https:\/\/shop.ucrent.ee\/fi\/wp-json\/wp\/v2\/product"}],"about":[{"href":"https:\/\/shop.ucrent.ee\/fi\/wp-json\/wp\/v2\/types\/product"}],"wp:featuredmedia":[{"embeddable":true,"href":"https:\/\/shop.ucrent.ee\/fi\/wp-json\/wp\/v2\/media\/622303"}],"wp:attachment":[{"href":"https:\/\/shop.ucrent.ee\/fi\/wp-json\/wp\/v2\/media?parent=622346"}],"wp:term":[{"taxonomy":"product_brand","embeddable":true,"href":"https:\/\/shop.ucrent.ee\/fi\/wp-json\/wp\/v2\/product_brand?post=622346"},{"taxonomy":"product_cat","embeddable":true,"href":"https:\/\/shop.ucrent.ee\/fi\/wp-json\/wp\/v2\/product_cat?post=622346"},{"taxonomy":"product_tag","embeddable":true,"href":"https:\/\/shop.ucrent.ee\/fi\/wp-json\/wp\/v2\/product_tag?post=622346"}],"curies":[{"name":"wp","href":"https:\/\/api.w.org\/{rel}","templated":true}]}}