{"id":622531,"date":"2024-06-04T13:39:55","date_gmt":"2024-06-04T10:39:55","guid":{"rendered":"https:\/\/shop.ucrent.ee\/toode\/containex-tyhja-wc-kontti-120-x-140m"},"modified":"2026-05-07T11:03:23","modified_gmt":"2026-05-07T08:03:23","slug":"containex-tyhja-wc-kontti-120-x-140m","status":"publish","type":"product","link":"https:\/\/shop.ucrent.ee\/fi\/toode\/containex-tyhja-wc-kontti-120-x-140m","title":{"rendered":"Containex tyhj\u00e4 (wc) kontti 1,20 x 1,40m"},"content":{"rendered":"<p>Eristetty tyhj\u00e4 (wc) s\u00e4ili\u00f6<br \/>\nUlkomitat: 1200 x 1400 x k 2540 mm<br \/>\nSis\u00e4mitat: 1055 x 1255 x korkeus 2200 mm<br \/>\nPaino 320kg<br \/>\nKatossa on nostosilmukat ja katon alla trukin rei\u00e4t.<br \/>\nEristys:<br \/>\nKatto &#8211; mineraalivilla 120mm<br \/>\nSein\u00e4t &#8211; PU 45mm<br \/>\nLattia &#8211; mineraalivilla 60mm<br \/>\nLattia on p\u00e4\u00e4llystetty alumiinilaatalla.<br \/>\nSis\u00e4sein\u00e4t on p\u00e4\u00e4llystetty galvanoidulla ter\u00e4slevyll\u00e4 (0,5mm), v\u00e4ri: valkoinen<br \/>\nKattopaneeli on p\u00e4\u00e4llystetty kaksipuolisella lastulevyll\u00e4 (10mm), v\u00e4ri: valkoinen<br \/>\nUlkoinen s\u00e4hk\u00f6pistoke: VDE (230V\/32A\/3-napainen)<br \/>\nS\u00e4ili\u00f6n sis\u00e4ll\u00e4 on pistorasia, s\u00e4hk\u00f6paneeli, LED-kattovalo ja kytkin.<br \/>\nMetallinen etuovi 875 x 2125mm (kirkas aukko koko 811 x 2065mm) lukolla ja kahvalla sek\u00e4 ikkuna 550x450mm<br \/>\nUlkov\u00e4ri voidaan valita RAL-koodin mukaan<br \/>\nTuote tilauksesta!<br \/>\nTarjoamissamme konteissa on CE-merkint\u00e4, mik\u00e4 takaa EU:n vaatimukset t\u00e4ytt\u00e4v\u00e4n s\u00e4hk\u00f6j\u00e4rjestelmien ja rakentamisen laadun.<br \/>\nS\u00e4ili\u00f6t ovat ISO-standardin mukaisia.<\/p>\n","protected":false},"excerpt":{"rendered":"Eristetty tyhj\u00e4 (wc) s\u00e4ili\u00f6 Ulkomitat: 1200 x 1400 x k 2540 mm Sis\u00e4mitat: 1055 x 1255 x korkeus 2200 mm Paino 320kg Katossa on nostosilmukat ja katon alla trukin rei\u00e4t. Eristys: Katto &#8211; mineraalivilla 120mm Sein\u00e4t &#8211; PU 45mm Lattia &#8211; mineraalivilla 60mm Lattia on p\u00e4\u00e4llystetty alumiinilaatalla. Sis\u00e4sein\u00e4t on p\u00e4\u00e4llystetty galvanoidulla ter\u00e4slevyll\u00e4 (0,5mm), v\u00e4ri: valkoinen&#8230; <a class=\"view-article\" href=\"https:\/\/shop.ucrent.ee\/fi\/toode\/containex-tyhja-wc-kontti-120-x-140m\">View Article<\/a>","protected":false},"featured_media":622504,"template":"","meta":{"_acf_changed":false},"product_brand":[],"product_cat":[484],"product_tag":[],"class_list":{"0":"post-622531","1":"product","2":"type-product","3":"status-publish","4":"has-post-thumbnail","6":"product_cat-konttit_2_4_x_3m","8":"first","9":"instock","10":"taxable","11":"shipping-taxable","12":"purchasable","13":"product-type-simple"},"acf":[],"yoast_head":"<!-- This site is optimized with the Yoast SEO plugin v27.0 - https:\/\/yoast.com\/product\/yoast-seo-wordpress\/ -->\n<title>Containex tyhj\u00e4 (wc) kontti 1,20 x 1,40m - UC Rent e-pood<\/title>\n<meta name=\"robots\" content=\"index, follow, max-snippet:-1, max-image-preview:large, max-video-preview:-1\" \/>\n<link rel=\"canonical\" href=\"https:\/\/shop.ucrent.ee\/fi\/toode\/containex-tyhja-wc-kontti-120-x-140m\" \/>\n<meta property=\"og:locale\" content=\"fi_FI\" \/>\n<meta property=\"og:type\" content=\"article\" \/>\n<meta property=\"og:title\" content=\"Containex tyhj\u00e4 (wc) kontti 1,20 x 1,40m - UC Rent e-pood\" \/>\n<meta property=\"og:description\" content=\"Eristetty tyhj\u00e4 (wc) s\u00e4ili\u00f6 Ulkomitat: 1200 x 1400 x k 2540 mm Sis\u00e4mitat: 1055 x 1255 x korkeus 2200 mm Paino 320kg Katossa on nostosilmukat ja katon alla trukin rei\u00e4t. Eristys: Katto &#8211; mineraalivilla 120mm Sein\u00e4t &#8211; PU 45mm Lattia &#8211; mineraalivilla 60mm Lattia on p\u00e4\u00e4llystetty alumiinilaatalla. Sis\u00e4sein\u00e4t on p\u00e4\u00e4llystetty galvanoidulla ter\u00e4slevyll\u00e4 (0,5mm), v\u00e4ri: valkoinen... View Article\" \/>\n<meta property=\"og:url\" content=\"https:\/\/shop.ucrent.ee\/fi\/toode\/containex-tyhja-wc-kontti-120-x-140m\" \/>\n<meta property=\"og:site_name\" content=\"UC Rent e-pood\" \/>\n<meta property=\"article:modified_time\" content=\"2026-05-07T08:03:23+00:00\" \/>\n<meta property=\"og:image\" content=\"https:\/\/shop.ucrent.ee\/wp-content\/uploads\/2024\/06\/20240603_103529-rotated.jpg\" \/>\n\t<meta property=\"og:image:width\" content=\"1500\" \/>\n\t<meta property=\"og:image:height\" content=\"2000\" \/>\n\t<meta property=\"og:image:type\" content=\"image\/jpeg\" \/>\n<meta name=\"twitter:card\" content=\"summary_large_image\" \/>\n<meta name=\"twitter:label1\" content=\"Arvioitu lukuaika\" \/>\n\t<meta name=\"twitter:data1\" content=\"1 minuutti\" \/>\n<script type=\"application\/ld+json\" class=\"yoast-schema-graph\">{\"@context\":\"https:\/\/schema.org\",\"@graph\":[{\"@type\":\"WebPage\",\"@id\":\"https:\/\/shop.ucrent.ee\/fi\/toode\/containex-tyhja-wc-kontti-120-x-140m\",\"url\":\"https:\/\/shop.ucrent.ee\/fi\/toode\/containex-tyhja-wc-kontti-120-x-140m\",\"name\":\"Containex tyhj\u00e4 (wc) kontti 1,20 x 1,40m - UC Rent e-pood\",\"isPartOf\":{\"@id\":\"https:\/\/shop.ucrent.ee\/#website\"},\"primaryImageOfPage\":{\"@id\":\"https:\/\/shop.ucrent.ee\/fi\/toode\/containex-tyhja-wc-kontti-120-x-140m#primaryimage\"},\"image\":{\"@id\":\"https:\/\/shop.ucrent.ee\/fi\/toode\/containex-tyhja-wc-kontti-120-x-140m#primaryimage\"},\"thumbnailUrl\":\"https:\/\/shop.ucrent.ee\/wp-content\/uploads\/2024\/06\/20240603_103529-rotated.jpg\",\"datePublished\":\"2024-06-04T10:39:55+00:00\",\"dateModified\":\"2026-05-07T08:03:23+00:00\",\"breadcrumb\":{\"@id\":\"https:\/\/shop.ucrent.ee\/fi\/toode\/containex-tyhja-wc-kontti-120-x-140m#breadcrumb\"},\"inLanguage\":\"fi\",\"potentialAction\":[{\"@type\":\"ReadAction\",\"target\":[\"https:\/\/shop.ucrent.ee\/fi\/toode\/containex-tyhja-wc-kontti-120-x-140m\"]}]},{\"@type\":\"ImageObject\",\"inLanguage\":\"fi\",\"@id\":\"https:\/\/shop.ucrent.ee\/fi\/toode\/containex-tyhja-wc-kontti-120-x-140m#primaryimage\",\"url\":\"https:\/\/shop.ucrent.ee\/wp-content\/uploads\/2024\/06\/20240603_103529-rotated.jpg\",\"contentUrl\":\"https:\/\/shop.ucrent.ee\/wp-content\/uploads\/2024\/06\/20240603_103529-rotated.jpg\",\"width\":1500,\"height\":2000},{\"@type\":\"BreadcrumbList\",\"@id\":\"https:\/\/shop.ucrent.ee\/fi\/toode\/containex-tyhja-wc-kontti-120-x-140m#breadcrumb\",\"itemListElement\":[{\"@type\":\"ListItem\",\"position\":1,\"name\":\"Home\",\"item\":\"https:\/\/shop.ucrent.ee\/fi\"},{\"@type\":\"ListItem\",\"position\":2,\"name\":\"K\u00f5ik tooted\",\"item\":\"https:\/\/shop.ucrent.ee\/tooted\"},{\"@type\":\"ListItem\",\"position\":3,\"name\":\"Containex tyhj\u00e4 (wc) kontti 1,20 x 1,40m\"}]},{\"@type\":\"WebSite\",\"@id\":\"https:\/\/shop.ucrent.ee\/#website\",\"url\":\"https:\/\/shop.ucrent.ee\/\",\"name\":\"UC Rent e-pood\",\"description\":\"\",\"potentialAction\":[{\"@type\":\"SearchAction\",\"target\":{\"@type\":\"EntryPoint\",\"urlTemplate\":\"https:\/\/shop.ucrent.ee\/?s={search_term_string}\"},\"query-input\":{\"@type\":\"PropertyValueSpecification\",\"valueRequired\":true,\"valueName\":\"search_term_string\"}}],\"inLanguage\":\"fi\"}]}<\/script>\n<!-- \/ Yoast SEO plugin. -->","yoast_head_json":{"title":"Containex tyhj\u00e4 (wc) kontti 1,20 x 1,40m - UC Rent e-pood","robots":{"index":"index","follow":"follow","max-snippet":"max-snippet:-1","max-image-preview":"max-image-preview:large","max-video-preview":"max-video-preview:-1"},"canonical":"https:\/\/shop.ucrent.ee\/fi\/toode\/containex-tyhja-wc-kontti-120-x-140m","og_locale":"fi_FI","og_type":"article","og_title":"Containex tyhj\u00e4 (wc) kontti 1,20 x 1,40m - UC Rent e-pood","og_description":"Eristetty tyhj\u00e4 (wc) s\u00e4ili\u00f6 Ulkomitat: 1200 x 1400 x k 2540 mm Sis\u00e4mitat: 1055 x 1255 x korkeus 2200 mm Paino 320kg Katossa on nostosilmukat ja katon alla trukin rei\u00e4t. Eristys: Katto &#8211; mineraalivilla 120mm Sein\u00e4t &#8211; PU 45mm Lattia &#8211; mineraalivilla 60mm Lattia on p\u00e4\u00e4llystetty alumiinilaatalla. Sis\u00e4sein\u00e4t on p\u00e4\u00e4llystetty galvanoidulla ter\u00e4slevyll\u00e4 (0,5mm), v\u00e4ri: valkoinen... View Article","og_url":"https:\/\/shop.ucrent.ee\/fi\/toode\/containex-tyhja-wc-kontti-120-x-140m","og_site_name":"UC Rent e-pood","article_modified_time":"2026-05-07T08:03:23+00:00","og_image":[{"width":1500,"height":2000,"url":"https:\/\/shop.ucrent.ee\/wp-content\/uploads\/2024\/06\/20240603_103529-rotated.jpg","type":"image\/jpeg"}],"twitter_card":"summary_large_image","twitter_misc":{"Arvioitu lukuaika":"1 minuutti"},"schema":{"@context":"https:\/\/schema.org","@graph":[{"@type":"WebPage","@id":"https:\/\/shop.ucrent.ee\/fi\/toode\/containex-tyhja-wc-kontti-120-x-140m","url":"https:\/\/shop.ucrent.ee\/fi\/toode\/containex-tyhja-wc-kontti-120-x-140m","name":"Containex tyhj\u00e4 (wc) kontti 1,20 x 1,40m - UC Rent e-pood","isPartOf":{"@id":"https:\/\/shop.ucrent.ee\/#website"},"primaryImageOfPage":{"@id":"https:\/\/shop.ucrent.ee\/fi\/toode\/containex-tyhja-wc-kontti-120-x-140m#primaryimage"},"image":{"@id":"https:\/\/shop.ucrent.ee\/fi\/toode\/containex-tyhja-wc-kontti-120-x-140m#primaryimage"},"thumbnailUrl":"https:\/\/shop.ucrent.ee\/wp-content\/uploads\/2024\/06\/20240603_103529-rotated.jpg","datePublished":"2024-06-04T10:39:55+00:00","dateModified":"2026-05-07T08:03:23+00:00","breadcrumb":{"@id":"https:\/\/shop.ucrent.ee\/fi\/toode\/containex-tyhja-wc-kontti-120-x-140m#breadcrumb"},"inLanguage":"fi","potentialAction":[{"@type":"ReadAction","target":["https:\/\/shop.ucrent.ee\/fi\/toode\/containex-tyhja-wc-kontti-120-x-140m"]}]},{"@type":"ImageObject","inLanguage":"fi","@id":"https:\/\/shop.ucrent.ee\/fi\/toode\/containex-tyhja-wc-kontti-120-x-140m#primaryimage","url":"https:\/\/shop.ucrent.ee\/wp-content\/uploads\/2024\/06\/20240603_103529-rotated.jpg","contentUrl":"https:\/\/shop.ucrent.ee\/wp-content\/uploads\/2024\/06\/20240603_103529-rotated.jpg","width":1500,"height":2000},{"@type":"BreadcrumbList","@id":"https:\/\/shop.ucrent.ee\/fi\/toode\/containex-tyhja-wc-kontti-120-x-140m#breadcrumb","itemListElement":[{"@type":"ListItem","position":1,"name":"Home","item":"https:\/\/shop.ucrent.ee\/fi"},{"@type":"ListItem","position":2,"name":"K\u00f5ik tooted","item":"https:\/\/shop.ucrent.ee\/tooted"},{"@type":"ListItem","position":3,"name":"Containex tyhj\u00e4 (wc) kontti 1,20 x 1,40m"}]},{"@type":"WebSite","@id":"https:\/\/shop.ucrent.ee\/#website","url":"https:\/\/shop.ucrent.ee\/","name":"UC Rent e-pood","description":"","potentialAction":[{"@type":"SearchAction","target":{"@type":"EntryPoint","urlTemplate":"https:\/\/shop.ucrent.ee\/?s={search_term_string}"},"query-input":{"@type":"PropertyValueSpecification","valueRequired":true,"valueName":"search_term_string"}}],"inLanguage":"fi"}]}},"_links":{"self":[{"href":"https:\/\/shop.ucrent.ee\/fi\/wp-json\/wp\/v2\/product\/622531","targetHints":{"allow":["GET"]}}],"collection":[{"href":"https:\/\/shop.ucrent.ee\/fi\/wp-json\/wp\/v2\/product"}],"about":[{"href":"https:\/\/shop.ucrent.ee\/fi\/wp-json\/wp\/v2\/types\/product"}],"wp:featuredmedia":[{"embeddable":true,"href":"https:\/\/shop.ucrent.ee\/fi\/wp-json\/wp\/v2\/media\/622504"}],"wp:attachment":[{"href":"https:\/\/shop.ucrent.ee\/fi\/wp-json\/wp\/v2\/media?parent=622531"}],"wp:term":[{"taxonomy":"product_brand","embeddable":true,"href":"https:\/\/shop.ucrent.ee\/fi\/wp-json\/wp\/v2\/product_brand?post=622531"},{"taxonomy":"product_cat","embeddable":true,"href":"https:\/\/shop.ucrent.ee\/fi\/wp-json\/wp\/v2\/product_cat?post=622531"},{"taxonomy":"product_tag","embeddable":true,"href":"https:\/\/shop.ucrent.ee\/fi\/wp-json\/wp\/v2\/product_tag?post=622531"}],"curies":[{"name":"wp","href":"https:\/\/api.w.org\/{rel}","templated":true}]}}