{"id":622890,"date":"2024-07-26T15:20:36","date_gmt":"2024-07-26T12:20:36","guid":{"rendered":"https:\/\/shop.ucrent.ee\/toode\/siirrettava-wc-johon-paasee-pyoratuolilla-vihrea"},"modified":"2026-04-21T18:34:16","modified_gmt":"2026-04-21T15:34:16","slug":"siirrettava-wc-johon-paasee-pyoratuolilla-vihrea","status":"publish","type":"product","link":"https:\/\/shop.ucrent.ee\/fi\/toode\/siirrettava-wc-johon-paasee-pyoratuolilla-vihrea","title":{"rendered":"Siirrett\u00e4v\u00e4 wc, johon p\u00e4\u00e4see py\u00f6r\u00e4tuolilla, vihre\u00e4"},"content":{"rendered":"<p>T\u00e4ysin muovinen ulkok\u00e4ym\u00e4l\u00e4 liikuntarajoitteisille.<br \/>\nTasainen lattiaj\u00e4rjestelm\u00e4, joka mahdollistaa helpon p\u00e4\u00e4syn py\u00f6r\u00e4tuolilla ja ohjattavuuden.<br \/>\nUlkokulmissa on reiki\u00e4, joilla wc haluttaessa kiinnitet\u00e4\u00e4n maahan,<br \/>\nSivuilla on suuret ja mukavat kahvat wc:n siirt\u00e4mist\u00e4\/kuljetusta varten.<br \/>\nV\u00e4ri: vihre\u00e4<br \/>\nLeveys (ulkoinen): 1575 mm<br \/>\nSyvyys (ulkoinen): 1575 mm<br \/>\nKorkeus (ulkoinen): 2210 mm<br \/>\nPinta-ala: 2,75m2<br \/>\nOven leveys: 831 mm<br \/>\nOven korkeus: 2054 mm<br \/>\nIstuinkorkeus: 470 mm<br \/>\nPaino: 113kg<br \/>\nS\u00e4ili\u00f6n koko 132L<br \/>\nK\u00e4sienpesupiste: 45L<\/p>\n","protected":false},"excerpt":{"rendered":"T\u00e4ysin muovinen ulkok\u00e4ym\u00e4l\u00e4 liikuntarajoitteisille. Tasainen lattiaj\u00e4rjestelm\u00e4, joka mahdollistaa helpon p\u00e4\u00e4syn py\u00f6r\u00e4tuolilla ja ohjattavuuden. Ulkokulmissa on reiki\u00e4, joilla wc haluttaessa kiinnitet\u00e4\u00e4n maahan, Sivuilla on suuret ja mukavat kahvat wc:n siirt\u00e4mist\u00e4\/kuljetusta varten. V\u00e4ri: vihre\u00e4 Leveys (ulkoinen): 1575 mm Syvyys (ulkoinen): 1575 mm Korkeus (ulkoinen): 2210 mm Pinta-ala: 2,75m2 Oven leveys: 831 mm Oven korkeus: 2054 mm Istuinkorkeus:&#8230; <a class=\"view-article\" href=\"https:\/\/shop.ucrent.ee\/fi\/toode\/siirrettava-wc-johon-paasee-pyoratuolilla-vihrea\">View Article<\/a>","protected":false},"featured_media":622859,"template":"","meta":{"_acf_changed":false},"product_brand":[],"product_cat":[395],"product_tag":[],"class_list":{"0":"post-622890","1":"product","2":"type-product","3":"status-publish","4":"has-post-thumbnail","6":"product_cat-siirrettavat_wc","8":"first","9":"instock","10":"taxable","11":"shipping-taxable","12":"purchasable","13":"product-type-simple"},"acf":[],"yoast_head":"<!-- This site is optimized with the Yoast SEO plugin v27.0 - https:\/\/yoast.com\/product\/yoast-seo-wordpress\/ -->\n<title>Siirrett\u00e4v\u00e4 wc, johon p\u00e4\u00e4see py\u00f6r\u00e4tuolilla, vihre\u00e4 - UC Rent e-pood<\/title>\n<meta name=\"robots\" content=\"index, follow, max-snippet:-1, max-image-preview:large, max-video-preview:-1\" \/>\n<link rel=\"canonical\" href=\"https:\/\/shop.ucrent.ee\/fi\/toode\/siirrettava-wc-johon-paasee-pyoratuolilla-vihrea\" \/>\n<meta property=\"og:locale\" content=\"fi_FI\" \/>\n<meta property=\"og:type\" content=\"article\" \/>\n<meta property=\"og:title\" content=\"Siirrett\u00e4v\u00e4 wc, johon p\u00e4\u00e4see py\u00f6r\u00e4tuolilla, vihre\u00e4 - UC Rent e-pood\" \/>\n<meta property=\"og:description\" content=\"T\u00e4ysin muovinen ulkok\u00e4ym\u00e4l\u00e4 liikuntarajoitteisille. Tasainen lattiaj\u00e4rjestelm\u00e4, joka mahdollistaa helpon p\u00e4\u00e4syn py\u00f6r\u00e4tuolilla ja ohjattavuuden. Ulkokulmissa on reiki\u00e4, joilla wc haluttaessa kiinnitet\u00e4\u00e4n maahan, Sivuilla on suuret ja mukavat kahvat wc:n siirt\u00e4mist\u00e4\/kuljetusta varten. V\u00e4ri: vihre\u00e4 Leveys (ulkoinen): 1575 mm Syvyys (ulkoinen): 1575 mm Korkeus (ulkoinen): 2210 mm Pinta-ala: 2,75m2 Oven leveys: 831 mm Oven korkeus: 2054 mm Istuinkorkeus:... View Article\" \/>\n<meta property=\"og:url\" content=\"https:\/\/shop.ucrent.ee\/fi\/toode\/siirrettava-wc-johon-paasee-pyoratuolilla-vihrea\" \/>\n<meta property=\"og:site_name\" content=\"UC Rent e-pood\" \/>\n<meta property=\"article:modified_time\" content=\"2026-04-21T15:34:16+00:00\" \/>\n<meta property=\"og:image\" content=\"https:\/\/shop.ucrent.ee\/wp-content\/uploads\/2024\/07\/20240726_145015-rotated.jpg\" \/>\n\t<meta property=\"og:image:width\" content=\"1500\" \/>\n\t<meta property=\"og:image:height\" content=\"2000\" \/>\n\t<meta property=\"og:image:type\" content=\"image\/jpeg\" \/>\n<meta name=\"twitter:card\" content=\"summary_large_image\" \/>\n<script type=\"application\/ld+json\" class=\"yoast-schema-graph\">{\"@context\":\"https:\/\/schema.org\",\"@graph\":[{\"@type\":\"WebPage\",\"@id\":\"https:\/\/shop.ucrent.ee\/fi\/toode\/siirrettava-wc-johon-paasee-pyoratuolilla-vihrea\",\"url\":\"https:\/\/shop.ucrent.ee\/fi\/toode\/siirrettava-wc-johon-paasee-pyoratuolilla-vihrea\",\"name\":\"Siirrett\u00e4v\u00e4 wc, johon p\u00e4\u00e4see py\u00f6r\u00e4tuolilla, vihre\u00e4 - UC Rent e-pood\",\"isPartOf\":{\"@id\":\"https:\/\/shop.ucrent.ee\/#website\"},\"primaryImageOfPage\":{\"@id\":\"https:\/\/shop.ucrent.ee\/fi\/toode\/siirrettava-wc-johon-paasee-pyoratuolilla-vihrea#primaryimage\"},\"image\":{\"@id\":\"https:\/\/shop.ucrent.ee\/fi\/toode\/siirrettava-wc-johon-paasee-pyoratuolilla-vihrea#primaryimage\"},\"thumbnailUrl\":\"https:\/\/shop.ucrent.ee\/wp-content\/uploads\/2024\/07\/20240726_145015-rotated.jpg\",\"datePublished\":\"2024-07-26T12:20:36+00:00\",\"dateModified\":\"2026-04-21T15:34:16+00:00\",\"breadcrumb\":{\"@id\":\"https:\/\/shop.ucrent.ee\/fi\/toode\/siirrettava-wc-johon-paasee-pyoratuolilla-vihrea#breadcrumb\"},\"inLanguage\":\"fi\",\"potentialAction\":[{\"@type\":\"ReadAction\",\"target\":[\"https:\/\/shop.ucrent.ee\/fi\/toode\/siirrettava-wc-johon-paasee-pyoratuolilla-vihrea\"]}]},{\"@type\":\"ImageObject\",\"inLanguage\":\"fi\",\"@id\":\"https:\/\/shop.ucrent.ee\/fi\/toode\/siirrettava-wc-johon-paasee-pyoratuolilla-vihrea#primaryimage\",\"url\":\"https:\/\/shop.ucrent.ee\/wp-content\/uploads\/2024\/07\/20240726_145015-rotated.jpg\",\"contentUrl\":\"https:\/\/shop.ucrent.ee\/wp-content\/uploads\/2024\/07\/20240726_145015-rotated.jpg\",\"width\":1500,\"height\":2000},{\"@type\":\"BreadcrumbList\",\"@id\":\"https:\/\/shop.ucrent.ee\/fi\/toode\/siirrettava-wc-johon-paasee-pyoratuolilla-vihrea#breadcrumb\",\"itemListElement\":[{\"@type\":\"ListItem\",\"position\":1,\"name\":\"Home\",\"item\":\"https:\/\/shop.ucrent.ee\/fi\"},{\"@type\":\"ListItem\",\"position\":2,\"name\":\"K\u00f5ik tooted\",\"item\":\"https:\/\/shop.ucrent.ee\/tooted\"},{\"@type\":\"ListItem\",\"position\":3,\"name\":\"Siirrett\u00e4v\u00e4 wc, johon p\u00e4\u00e4see py\u00f6r\u00e4tuolilla, vihre\u00e4\"}]},{\"@type\":\"WebSite\",\"@id\":\"https:\/\/shop.ucrent.ee\/#website\",\"url\":\"https:\/\/shop.ucrent.ee\/\",\"name\":\"UC Rent e-pood\",\"description\":\"\",\"potentialAction\":[{\"@type\":\"SearchAction\",\"target\":{\"@type\":\"EntryPoint\",\"urlTemplate\":\"https:\/\/shop.ucrent.ee\/?s={search_term_string}\"},\"query-input\":{\"@type\":\"PropertyValueSpecification\",\"valueRequired\":true,\"valueName\":\"search_term_string\"}}],\"inLanguage\":\"fi\"}]}<\/script>\n<!-- \/ Yoast SEO plugin. -->","yoast_head_json":{"title":"Siirrett\u00e4v\u00e4 wc, johon p\u00e4\u00e4see py\u00f6r\u00e4tuolilla, vihre\u00e4 - UC Rent e-pood","robots":{"index":"index","follow":"follow","max-snippet":"max-snippet:-1","max-image-preview":"max-image-preview:large","max-video-preview":"max-video-preview:-1"},"canonical":"https:\/\/shop.ucrent.ee\/fi\/toode\/siirrettava-wc-johon-paasee-pyoratuolilla-vihrea","og_locale":"fi_FI","og_type":"article","og_title":"Siirrett\u00e4v\u00e4 wc, johon p\u00e4\u00e4see py\u00f6r\u00e4tuolilla, vihre\u00e4 - UC Rent e-pood","og_description":"T\u00e4ysin muovinen ulkok\u00e4ym\u00e4l\u00e4 liikuntarajoitteisille. Tasainen lattiaj\u00e4rjestelm\u00e4, joka mahdollistaa helpon p\u00e4\u00e4syn py\u00f6r\u00e4tuolilla ja ohjattavuuden. Ulkokulmissa on reiki\u00e4, joilla wc haluttaessa kiinnitet\u00e4\u00e4n maahan, Sivuilla on suuret ja mukavat kahvat wc:n siirt\u00e4mist\u00e4\/kuljetusta varten. V\u00e4ri: vihre\u00e4 Leveys (ulkoinen): 1575 mm Syvyys (ulkoinen): 1575 mm Korkeus (ulkoinen): 2210 mm Pinta-ala: 2,75m2 Oven leveys: 831 mm Oven korkeus: 2054 mm Istuinkorkeus:... View Article","og_url":"https:\/\/shop.ucrent.ee\/fi\/toode\/siirrettava-wc-johon-paasee-pyoratuolilla-vihrea","og_site_name":"UC Rent e-pood","article_modified_time":"2026-04-21T15:34:16+00:00","og_image":[{"width":1500,"height":2000,"url":"https:\/\/shop.ucrent.ee\/wp-content\/uploads\/2024\/07\/20240726_145015-rotated.jpg","type":"image\/jpeg"}],"twitter_card":"summary_large_image","schema":{"@context":"https:\/\/schema.org","@graph":[{"@type":"WebPage","@id":"https:\/\/shop.ucrent.ee\/fi\/toode\/siirrettava-wc-johon-paasee-pyoratuolilla-vihrea","url":"https:\/\/shop.ucrent.ee\/fi\/toode\/siirrettava-wc-johon-paasee-pyoratuolilla-vihrea","name":"Siirrett\u00e4v\u00e4 wc, johon p\u00e4\u00e4see py\u00f6r\u00e4tuolilla, vihre\u00e4 - UC Rent e-pood","isPartOf":{"@id":"https:\/\/shop.ucrent.ee\/#website"},"primaryImageOfPage":{"@id":"https:\/\/shop.ucrent.ee\/fi\/toode\/siirrettava-wc-johon-paasee-pyoratuolilla-vihrea#primaryimage"},"image":{"@id":"https:\/\/shop.ucrent.ee\/fi\/toode\/siirrettava-wc-johon-paasee-pyoratuolilla-vihrea#primaryimage"},"thumbnailUrl":"https:\/\/shop.ucrent.ee\/wp-content\/uploads\/2024\/07\/20240726_145015-rotated.jpg","datePublished":"2024-07-26T12:20:36+00:00","dateModified":"2026-04-21T15:34:16+00:00","breadcrumb":{"@id":"https:\/\/shop.ucrent.ee\/fi\/toode\/siirrettava-wc-johon-paasee-pyoratuolilla-vihrea#breadcrumb"},"inLanguage":"fi","potentialAction":[{"@type":"ReadAction","target":["https:\/\/shop.ucrent.ee\/fi\/toode\/siirrettava-wc-johon-paasee-pyoratuolilla-vihrea"]}]},{"@type":"ImageObject","inLanguage":"fi","@id":"https:\/\/shop.ucrent.ee\/fi\/toode\/siirrettava-wc-johon-paasee-pyoratuolilla-vihrea#primaryimage","url":"https:\/\/shop.ucrent.ee\/wp-content\/uploads\/2024\/07\/20240726_145015-rotated.jpg","contentUrl":"https:\/\/shop.ucrent.ee\/wp-content\/uploads\/2024\/07\/20240726_145015-rotated.jpg","width":1500,"height":2000},{"@type":"BreadcrumbList","@id":"https:\/\/shop.ucrent.ee\/fi\/toode\/siirrettava-wc-johon-paasee-pyoratuolilla-vihrea#breadcrumb","itemListElement":[{"@type":"ListItem","position":1,"name":"Home","item":"https:\/\/shop.ucrent.ee\/fi"},{"@type":"ListItem","position":2,"name":"K\u00f5ik tooted","item":"https:\/\/shop.ucrent.ee\/tooted"},{"@type":"ListItem","position":3,"name":"Siirrett\u00e4v\u00e4 wc, johon p\u00e4\u00e4see py\u00f6r\u00e4tuolilla, vihre\u00e4"}]},{"@type":"WebSite","@id":"https:\/\/shop.ucrent.ee\/#website","url":"https:\/\/shop.ucrent.ee\/","name":"UC Rent e-pood","description":"","potentialAction":[{"@type":"SearchAction","target":{"@type":"EntryPoint","urlTemplate":"https:\/\/shop.ucrent.ee\/?s={search_term_string}"},"query-input":{"@type":"PropertyValueSpecification","valueRequired":true,"valueName":"search_term_string"}}],"inLanguage":"fi"}]}},"_links":{"self":[{"href":"https:\/\/shop.ucrent.ee\/fi\/wp-json\/wp\/v2\/product\/622890","targetHints":{"allow":["GET"]}}],"collection":[{"href":"https:\/\/shop.ucrent.ee\/fi\/wp-json\/wp\/v2\/product"}],"about":[{"href":"https:\/\/shop.ucrent.ee\/fi\/wp-json\/wp\/v2\/types\/product"}],"wp:featuredmedia":[{"embeddable":true,"href":"https:\/\/shop.ucrent.ee\/fi\/wp-json\/wp\/v2\/media\/622859"}],"wp:attachment":[{"href":"https:\/\/shop.ucrent.ee\/fi\/wp-json\/wp\/v2\/media?parent=622890"}],"wp:term":[{"taxonomy":"product_brand","embeddable":true,"href":"https:\/\/shop.ucrent.ee\/fi\/wp-json\/wp\/v2\/product_brand?post=622890"},{"taxonomy":"product_cat","embeddable":true,"href":"https:\/\/shop.ucrent.ee\/fi\/wp-json\/wp\/v2\/product_cat?post=622890"},{"taxonomy":"product_tag","embeddable":true,"href":"https:\/\/shop.ucrent.ee\/fi\/wp-json\/wp\/v2\/product_tag?post=622890"}],"curies":[{"name":"wp","href":"https:\/\/api.w.org\/{rel}","templated":true}]}}