{"id":623382,"date":"2024-12-02T12:47:14","date_gmt":"2024-12-02T10:47:14","guid":{"rendered":"https:\/\/shop.ucrent.ee\/toode\/tyokalu-ja-puutarhakontti-3m-vaaleanharmaa-ral9002"},"modified":"2026-04-09T16:32:44","modified_gmt":"2026-04-09T13:32:44","slug":"tyokalu-ja-puutarhakontti-3m-vaaleanharmaa-ral9002","status":"publish","type":"product","link":"https:\/\/shop.ucrent.ee\/fi\/toode\/tyokalu-ja-puutarhakontti-3m-vaaleanharmaa-ral9002","title":{"rendered":"Ty\u00f6kalu- ja puutarhakontti 3m, vaaleanharmaa RAL9002"},"content":{"rendered":"<p>K\u00e4tev\u00e4 ty\u00f6kalu ja puutarhas\u00e4ili\u00f6, joka soveltuu taloustavaroiden ja polkupy\u00f6rien s\u00e4ilytykseen.<br \/>\nUlkomitat:<br \/>\nLeveys 220 cm<br \/>\nPituus 300cm<br \/>\nKorkeus 220 cm<br \/>\nPaino 400 kg<br \/>\nSis\u00e4mitat:<br \/>\nLeveys 205 cm<br \/>\nPituus 293 cm<br \/>\nKorkeus 205 cm<br \/>\nGalvanoitu runko<br \/>\nSein\u00e4t ovat puolisuunnikkaan pelti\u00e4, paksuus 0,75 mm<br \/>\nRungon kulmat 2mm<br \/>\nMassiivipuulattia 32mm<br \/>\nKatossa kondensoitumista est\u00e4v\u00e4 pinnoite<br \/>\nLukittava ovi kahvalla ja lukolla<br \/>\nT\u00dcV-sertifikaatti<\/p>\n","protected":false},"excerpt":{"rendered":"K\u00e4tev\u00e4 ty\u00f6kalu ja puutarhas\u00e4ili\u00f6, joka soveltuu taloustavaroiden ja polkupy\u00f6rien s\u00e4ilytykseen. Ulkomitat: Leveys 220 cm Pituus 300cm Korkeus 220 cm Paino 400 kg Sis\u00e4mitat: Leveys 205 cm Pituus 293 cm Korkeus 205 cm Galvanoitu runko Sein\u00e4t ovat puolisuunnikkaan pelti\u00e4, paksuus 0,75 mm Rungon kulmat 2mm Massiivipuulattia 32mm Katossa kondensoitumista est\u00e4v\u00e4 pinnoite Lukittava ovi kahvalla ja lukolla&#8230; <a class=\"view-article\" href=\"https:\/\/shop.ucrent.ee\/fi\/toode\/tyokalu-ja-puutarhakontti-3m-vaaleanharmaa-ral9002\">View Article<\/a>","protected":false},"featured_media":625430,"template":"","meta":{"_acf_changed":false},"product_brand":[],"product_cat":[890],"product_tag":[],"class_list":{"0":"post-623382","1":"product","2":"type-product","3":"status-publish","4":"has-post-thumbnail","6":"product_cat-tooriista-_ja_aiakonteiner__fi","8":"first","9":"instock","10":"sale","11":"taxable","12":"shipping-taxable","13":"purchasable","14":"product-type-simple"},"acf":[],"yoast_head":"<!-- This site is optimized with the Yoast SEO plugin v27.0 - https:\/\/yoast.com\/product\/yoast-seo-wordpress\/ -->\n<title>Ty\u00f6kalu- ja puutarhakontti 3m, vaaleanharmaa RAL9002 - UC Rent e-pood<\/title>\n<meta name=\"robots\" content=\"index, follow, max-snippet:-1, max-image-preview:large, max-video-preview:-1\" \/>\n<link rel=\"canonical\" href=\"https:\/\/shop.ucrent.ee\/fi\/toode\/tyokalu-ja-puutarhakontti-3m-vaaleanharmaa-ral9002\" \/>\n<meta property=\"og:locale\" content=\"fi_FI\" \/>\n<meta property=\"og:type\" content=\"article\" \/>\n<meta property=\"og:title\" content=\"Ty\u00f6kalu- ja puutarhakontti 3m, vaaleanharmaa RAL9002 - UC Rent e-pood\" \/>\n<meta property=\"og:description\" content=\"K\u00e4tev\u00e4 ty\u00f6kalu ja puutarhas\u00e4ili\u00f6, joka soveltuu taloustavaroiden ja polkupy\u00f6rien s\u00e4ilytykseen. Ulkomitat: Leveys 220 cm Pituus 300cm Korkeus 220 cm Paino 400 kg Sis\u00e4mitat: Leveys 205 cm Pituus 293 cm Korkeus 205 cm Galvanoitu runko Sein\u00e4t ovat puolisuunnikkaan pelti\u00e4, paksuus 0,75 mm Rungon kulmat 2mm Massiivipuulattia 32mm Katossa kondensoitumista est\u00e4v\u00e4 pinnoite Lukittava ovi kahvalla ja lukolla... View Article\" \/>\n<meta property=\"og:url\" content=\"https:\/\/shop.ucrent.ee\/fi\/toode\/tyokalu-ja-puutarhakontti-3m-vaaleanharmaa-ral9002\" \/>\n<meta property=\"og:site_name\" content=\"UC Rent e-pood\" \/>\n<meta property=\"article:modified_time\" content=\"2026-04-09T13:32:44+00:00\" \/>\n<meta property=\"og:image\" content=\"https:\/\/shop.ucrent.ee\/wp-content\/uploads\/2025\/10\/Tooriista-ja-aiakonteiner-3m-helehall-RAL9002-UC-Rent-scaled.jpg\" \/>\n\t<meta property=\"og:image:width\" content=\"2560\" \/>\n\t<meta property=\"og:image:height\" content=\"2560\" \/>\n\t<meta property=\"og:image:type\" content=\"image\/jpeg\" \/>\n<meta name=\"twitter:card\" content=\"summary_large_image\" \/>\n<script type=\"application\/ld+json\" class=\"yoast-schema-graph\">{\"@context\":\"https:\/\/schema.org\",\"@graph\":[{\"@type\":\"WebPage\",\"@id\":\"https:\/\/shop.ucrent.ee\/fi\/toode\/tyokalu-ja-puutarhakontti-3m-vaaleanharmaa-ral9002\",\"url\":\"https:\/\/shop.ucrent.ee\/fi\/toode\/tyokalu-ja-puutarhakontti-3m-vaaleanharmaa-ral9002\",\"name\":\"Ty\u00f6kalu- ja puutarhakontti 3m, vaaleanharmaa RAL9002 - UC Rent e-pood\",\"isPartOf\":{\"@id\":\"https:\/\/shop.ucrent.ee\/#website\"},\"primaryImageOfPage\":{\"@id\":\"https:\/\/shop.ucrent.ee\/fi\/toode\/tyokalu-ja-puutarhakontti-3m-vaaleanharmaa-ral9002#primaryimage\"},\"image\":{\"@id\":\"https:\/\/shop.ucrent.ee\/fi\/toode\/tyokalu-ja-puutarhakontti-3m-vaaleanharmaa-ral9002#primaryimage\"},\"thumbnailUrl\":\"https:\/\/shop.ucrent.ee\/wp-content\/uploads\/2025\/10\/Tooriista-ja-aiakonteiner-3m-helehall-RAL9002-UC-Rent-scaled.jpg\",\"datePublished\":\"2024-12-02T10:47:14+00:00\",\"dateModified\":\"2026-04-09T13:32:44+00:00\",\"breadcrumb\":{\"@id\":\"https:\/\/shop.ucrent.ee\/fi\/toode\/tyokalu-ja-puutarhakontti-3m-vaaleanharmaa-ral9002#breadcrumb\"},\"inLanguage\":\"fi\",\"potentialAction\":[{\"@type\":\"ReadAction\",\"target\":[\"https:\/\/shop.ucrent.ee\/fi\/toode\/tyokalu-ja-puutarhakontti-3m-vaaleanharmaa-ral9002\"]}]},{\"@type\":\"ImageObject\",\"inLanguage\":\"fi\",\"@id\":\"https:\/\/shop.ucrent.ee\/fi\/toode\/tyokalu-ja-puutarhakontti-3m-vaaleanharmaa-ral9002#primaryimage\",\"url\":\"https:\/\/shop.ucrent.ee\/wp-content\/uploads\/2025\/10\/Tooriista-ja-aiakonteiner-3m-helehall-RAL9002-UC-Rent-scaled.jpg\",\"contentUrl\":\"https:\/\/shop.ucrent.ee\/wp-content\/uploads\/2025\/10\/Tooriista-ja-aiakonteiner-3m-helehall-RAL9002-UC-Rent-scaled.jpg\",\"width\":2560,\"height\":2560},{\"@type\":\"BreadcrumbList\",\"@id\":\"https:\/\/shop.ucrent.ee\/fi\/toode\/tyokalu-ja-puutarhakontti-3m-vaaleanharmaa-ral9002#breadcrumb\",\"itemListElement\":[{\"@type\":\"ListItem\",\"position\":1,\"name\":\"Home\",\"item\":\"https:\/\/shop.ucrent.ee\/fi\"},{\"@type\":\"ListItem\",\"position\":2,\"name\":\"K\u00f5ik tooted\",\"item\":\"https:\/\/shop.ucrent.ee\/tooted\"},{\"@type\":\"ListItem\",\"position\":3,\"name\":\"Ty\u00f6kalu- ja puutarhakontti 3m, vaaleanharmaa RAL9002\"}]},{\"@type\":\"WebSite\",\"@id\":\"https:\/\/shop.ucrent.ee\/#website\",\"url\":\"https:\/\/shop.ucrent.ee\/\",\"name\":\"UC Rent e-pood\",\"description\":\"\",\"potentialAction\":[{\"@type\":\"SearchAction\",\"target\":{\"@type\":\"EntryPoint\",\"urlTemplate\":\"https:\/\/shop.ucrent.ee\/?s={search_term_string}\"},\"query-input\":{\"@type\":\"PropertyValueSpecification\",\"valueRequired\":true,\"valueName\":\"search_term_string\"}}],\"inLanguage\":\"fi\"}]}<\/script>\n<!-- \/ Yoast SEO plugin. -->","yoast_head_json":{"title":"Ty\u00f6kalu- ja puutarhakontti 3m, vaaleanharmaa RAL9002 - UC Rent e-pood","robots":{"index":"index","follow":"follow","max-snippet":"max-snippet:-1","max-image-preview":"max-image-preview:large","max-video-preview":"max-video-preview:-1"},"canonical":"https:\/\/shop.ucrent.ee\/fi\/toode\/tyokalu-ja-puutarhakontti-3m-vaaleanharmaa-ral9002","og_locale":"fi_FI","og_type":"article","og_title":"Ty\u00f6kalu- ja puutarhakontti 3m, vaaleanharmaa RAL9002 - UC Rent e-pood","og_description":"K\u00e4tev\u00e4 ty\u00f6kalu ja puutarhas\u00e4ili\u00f6, joka soveltuu taloustavaroiden ja polkupy\u00f6rien s\u00e4ilytykseen. Ulkomitat: Leveys 220 cm Pituus 300cm Korkeus 220 cm Paino 400 kg Sis\u00e4mitat: Leveys 205 cm Pituus 293 cm Korkeus 205 cm Galvanoitu runko Sein\u00e4t ovat puolisuunnikkaan pelti\u00e4, paksuus 0,75 mm Rungon kulmat 2mm Massiivipuulattia 32mm Katossa kondensoitumista est\u00e4v\u00e4 pinnoite Lukittava ovi kahvalla ja lukolla... View Article","og_url":"https:\/\/shop.ucrent.ee\/fi\/toode\/tyokalu-ja-puutarhakontti-3m-vaaleanharmaa-ral9002","og_site_name":"UC Rent e-pood","article_modified_time":"2026-04-09T13:32:44+00:00","og_image":[{"width":2560,"height":2560,"url":"https:\/\/shop.ucrent.ee\/wp-content\/uploads\/2025\/10\/Tooriista-ja-aiakonteiner-3m-helehall-RAL9002-UC-Rent-scaled.jpg","type":"image\/jpeg"}],"twitter_card":"summary_large_image","schema":{"@context":"https:\/\/schema.org","@graph":[{"@type":"WebPage","@id":"https:\/\/shop.ucrent.ee\/fi\/toode\/tyokalu-ja-puutarhakontti-3m-vaaleanharmaa-ral9002","url":"https:\/\/shop.ucrent.ee\/fi\/toode\/tyokalu-ja-puutarhakontti-3m-vaaleanharmaa-ral9002","name":"Ty\u00f6kalu- ja puutarhakontti 3m, vaaleanharmaa RAL9002 - UC Rent e-pood","isPartOf":{"@id":"https:\/\/shop.ucrent.ee\/#website"},"primaryImageOfPage":{"@id":"https:\/\/shop.ucrent.ee\/fi\/toode\/tyokalu-ja-puutarhakontti-3m-vaaleanharmaa-ral9002#primaryimage"},"image":{"@id":"https:\/\/shop.ucrent.ee\/fi\/toode\/tyokalu-ja-puutarhakontti-3m-vaaleanharmaa-ral9002#primaryimage"},"thumbnailUrl":"https:\/\/shop.ucrent.ee\/wp-content\/uploads\/2025\/10\/Tooriista-ja-aiakonteiner-3m-helehall-RAL9002-UC-Rent-scaled.jpg","datePublished":"2024-12-02T10:47:14+00:00","dateModified":"2026-04-09T13:32:44+00:00","breadcrumb":{"@id":"https:\/\/shop.ucrent.ee\/fi\/toode\/tyokalu-ja-puutarhakontti-3m-vaaleanharmaa-ral9002#breadcrumb"},"inLanguage":"fi","potentialAction":[{"@type":"ReadAction","target":["https:\/\/shop.ucrent.ee\/fi\/toode\/tyokalu-ja-puutarhakontti-3m-vaaleanharmaa-ral9002"]}]},{"@type":"ImageObject","inLanguage":"fi","@id":"https:\/\/shop.ucrent.ee\/fi\/toode\/tyokalu-ja-puutarhakontti-3m-vaaleanharmaa-ral9002#primaryimage","url":"https:\/\/shop.ucrent.ee\/wp-content\/uploads\/2025\/10\/Tooriista-ja-aiakonteiner-3m-helehall-RAL9002-UC-Rent-scaled.jpg","contentUrl":"https:\/\/shop.ucrent.ee\/wp-content\/uploads\/2025\/10\/Tooriista-ja-aiakonteiner-3m-helehall-RAL9002-UC-Rent-scaled.jpg","width":2560,"height":2560},{"@type":"BreadcrumbList","@id":"https:\/\/shop.ucrent.ee\/fi\/toode\/tyokalu-ja-puutarhakontti-3m-vaaleanharmaa-ral9002#breadcrumb","itemListElement":[{"@type":"ListItem","position":1,"name":"Home","item":"https:\/\/shop.ucrent.ee\/fi"},{"@type":"ListItem","position":2,"name":"K\u00f5ik tooted","item":"https:\/\/shop.ucrent.ee\/tooted"},{"@type":"ListItem","position":3,"name":"Ty\u00f6kalu- ja puutarhakontti 3m, vaaleanharmaa RAL9002"}]},{"@type":"WebSite","@id":"https:\/\/shop.ucrent.ee\/#website","url":"https:\/\/shop.ucrent.ee\/","name":"UC Rent e-pood","description":"","potentialAction":[{"@type":"SearchAction","target":{"@type":"EntryPoint","urlTemplate":"https:\/\/shop.ucrent.ee\/?s={search_term_string}"},"query-input":{"@type":"PropertyValueSpecification","valueRequired":true,"valueName":"search_term_string"}}],"inLanguage":"fi"}]}},"_links":{"self":[{"href":"https:\/\/shop.ucrent.ee\/fi\/wp-json\/wp\/v2\/product\/623382","targetHints":{"allow":["GET"]}}],"collection":[{"href":"https:\/\/shop.ucrent.ee\/fi\/wp-json\/wp\/v2\/product"}],"about":[{"href":"https:\/\/shop.ucrent.ee\/fi\/wp-json\/wp\/v2\/types\/product"}],"wp:featuredmedia":[{"embeddable":true,"href":"https:\/\/shop.ucrent.ee\/fi\/wp-json\/wp\/v2\/media\/625430"}],"wp:attachment":[{"href":"https:\/\/shop.ucrent.ee\/fi\/wp-json\/wp\/v2\/media?parent=623382"}],"wp:term":[{"taxonomy":"product_brand","embeddable":true,"href":"https:\/\/shop.ucrent.ee\/fi\/wp-json\/wp\/v2\/product_brand?post=623382"},{"taxonomy":"product_cat","embeddable":true,"href":"https:\/\/shop.ucrent.ee\/fi\/wp-json\/wp\/v2\/product_cat?post=623382"},{"taxonomy":"product_tag","embeddable":true,"href":"https:\/\/shop.ucrent.ee\/fi\/wp-json\/wp\/v2\/product_tag?post=623382"}],"curies":[{"name":"wp","href":"https:\/\/api.w.org\/{rel}","templated":true}]}}