{"id":623910,"date":"2025-02-13T11:32:54","date_gmt":"2025-02-13T09:32:54","guid":{"rendered":"https:\/\/shop.ucrent.ee\/toode\/ulkokalusteet-sarja-premium-malli-180x50cm"},"modified":"2026-04-21T15:23:03","modified_gmt":"2026-04-21T12:23:03","slug":"ulkokalusteet-sarja-premium-malli-180x50cm","status":"publish","type":"product","link":"https:\/\/shop.ucrent.ee\/fi\/toode\/ulkokalusteet-sarja-premium-malli-180x50cm","title":{"rendered":"Ulkokalusteet sarja, standard malli 180x50cm"},"content":{"rendered":"<p>Olutkalustesarja 180 x 50 cm<br \/>\nP\u00f6yt\u00e4 180x50cm<br \/>\nPenkki 2kpl &#8211; 180&#215;24,5cm<br \/>\nMetalliprofiilin paksuus 2mm<br \/>\nMetalliprofiilin v\u00e4ri: musta<br \/>\nP\u00f6yt\u00e4levyn paksuus 25 mm<br \/>\nPenkkilevyn paksuus 28mm<br \/>\nP\u00f6yd\u00e4n kantavuus 75kg<br \/>\nPenkin kantavuus 150 kg<br \/>\nP\u00f6yt\u00e4levyn yl\u00e4osa on peitetty 4x lakkakerroksella<br \/>\nPakkauksen mitat 185cm x 52cm x 20cm<br \/>\nPaino 30kg<\/p>\n","protected":false},"excerpt":{"rendered":"Olutkalustesarja 180 x 50 cm P\u00f6yt\u00e4 180x50cm Penkki 2kpl &#8211; 180&#215;24,5cm Metalliprofiilin paksuus 2mm Metalliprofiilin v\u00e4ri: musta P\u00f6yt\u00e4levyn paksuus 25 mm Penkkilevyn paksuus 28mm P\u00f6yd\u00e4n kantavuus 75kg Penkin kantavuus 150 kg P\u00f6yt\u00e4levyn yl\u00e4osa on peitetty 4x lakkakerroksella Pakkauksen mitat 185cm x 52cm x 20cm Paino 30kg","protected":false},"featured_media":623995,"template":"","meta":{"_acf_changed":false},"product_brand":[],"product_cat":[848],"product_tag":[],"class_list":{"0":"post-623910","1":"product","2":"type-product","3":"status-publish","4":"has-post-thumbnail","6":"product_cat-puiset-ulkokalusteet","8":"first","9":"instock","10":"taxable","11":"shipping-taxable","12":"purchasable","13":"product-type-simple"},"acf":[],"yoast_head":"<!-- This site is optimized with the Yoast SEO plugin v27.0 - https:\/\/yoast.com\/product\/yoast-seo-wordpress\/ -->\n<title>Ulkokalusteet sarja, standard malli 180x50cm - UC Rent e-pood<\/title>\n<meta name=\"robots\" content=\"index, follow, max-snippet:-1, max-image-preview:large, max-video-preview:-1\" \/>\n<link rel=\"canonical\" href=\"https:\/\/shop.ucrent.ee\/fi\/toode\/ulkokalusteet-sarja-premium-malli-180x50cm\" \/>\n<meta property=\"og:locale\" content=\"fi_FI\" \/>\n<meta property=\"og:type\" content=\"article\" \/>\n<meta property=\"og:title\" content=\"Ulkokalusteet sarja, standard malli 180x50cm - UC Rent e-pood\" \/>\n<meta property=\"og:description\" content=\"Olutkalustesarja 180 x 50 cm P\u00f6yt\u00e4 180x50cm Penkki 2kpl &#8211; 180&#215;24,5cm Metalliprofiilin paksuus 2mm Metalliprofiilin v\u00e4ri: musta P\u00f6yt\u00e4levyn paksuus 25 mm Penkkilevyn paksuus 28mm P\u00f6yd\u00e4n kantavuus 75kg Penkin kantavuus 150 kg P\u00f6yt\u00e4levyn yl\u00e4osa on peitetty 4x lakkakerroksella Pakkauksen mitat 185cm x 52cm x 20cm Paino 30kg\" \/>\n<meta property=\"og:url\" content=\"https:\/\/shop.ucrent.ee\/fi\/toode\/ulkokalusteet-sarja-premium-malli-180x50cm\" \/>\n<meta property=\"og:site_name\" content=\"UC Rent e-pood\" \/>\n<meta property=\"article:modified_time\" content=\"2026-04-21T12:23:03+00:00\" \/>\n<meta property=\"og:image\" content=\"https:\/\/shop.ucrent.ee\/wp-content\/uploads\/2025\/02\/Standard-ollemoobel-scaled.jpg\" \/>\n\t<meta property=\"og:image:width\" content=\"2560\" \/>\n\t<meta property=\"og:image:height\" content=\"1668\" \/>\n\t<meta property=\"og:image:type\" content=\"image\/jpeg\" \/>\n<meta name=\"twitter:card\" content=\"summary_large_image\" \/>\n<script type=\"application\/ld+json\" class=\"yoast-schema-graph\">{\"@context\":\"https:\/\/schema.org\",\"@graph\":[{\"@type\":\"WebPage\",\"@id\":\"https:\/\/shop.ucrent.ee\/fi\/toode\/ulkokalusteet-sarja-premium-malli-180x50cm\",\"url\":\"https:\/\/shop.ucrent.ee\/fi\/toode\/ulkokalusteet-sarja-premium-malli-180x50cm\",\"name\":\"Ulkokalusteet sarja, standard malli 180x50cm - UC Rent e-pood\",\"isPartOf\":{\"@id\":\"https:\/\/shop.ucrent.ee\/#website\"},\"primaryImageOfPage\":{\"@id\":\"https:\/\/shop.ucrent.ee\/fi\/toode\/ulkokalusteet-sarja-premium-malli-180x50cm#primaryimage\"},\"image\":{\"@id\":\"https:\/\/shop.ucrent.ee\/fi\/toode\/ulkokalusteet-sarja-premium-malli-180x50cm#primaryimage\"},\"thumbnailUrl\":\"https:\/\/shop.ucrent.ee\/wp-content\/uploads\/2025\/02\/Standard-ollemoobel-scaled.jpg\",\"datePublished\":\"2025-02-13T09:32:54+00:00\",\"dateModified\":\"2026-04-21T12:23:03+00:00\",\"breadcrumb\":{\"@id\":\"https:\/\/shop.ucrent.ee\/fi\/toode\/ulkokalusteet-sarja-premium-malli-180x50cm#breadcrumb\"},\"inLanguage\":\"fi\",\"potentialAction\":[{\"@type\":\"ReadAction\",\"target\":[\"https:\/\/shop.ucrent.ee\/fi\/toode\/ulkokalusteet-sarja-premium-malli-180x50cm\"]}]},{\"@type\":\"ImageObject\",\"inLanguage\":\"fi\",\"@id\":\"https:\/\/shop.ucrent.ee\/fi\/toode\/ulkokalusteet-sarja-premium-malli-180x50cm#primaryimage\",\"url\":\"https:\/\/shop.ucrent.ee\/wp-content\/uploads\/2025\/02\/Standard-ollemoobel-scaled.jpg\",\"contentUrl\":\"https:\/\/shop.ucrent.ee\/wp-content\/uploads\/2025\/02\/Standard-ollemoobel-scaled.jpg\",\"width\":2560,\"height\":1668},{\"@type\":\"BreadcrumbList\",\"@id\":\"https:\/\/shop.ucrent.ee\/fi\/toode\/ulkokalusteet-sarja-premium-malli-180x50cm#breadcrumb\",\"itemListElement\":[{\"@type\":\"ListItem\",\"position\":1,\"name\":\"Home\",\"item\":\"https:\/\/shop.ucrent.ee\/fi\"},{\"@type\":\"ListItem\",\"position\":2,\"name\":\"K\u00f5ik tooted\",\"item\":\"https:\/\/shop.ucrent.ee\/tooted\"},{\"@type\":\"ListItem\",\"position\":3,\"name\":\"Ulkokalusteet sarja, standard malli 180x50cm\"}]},{\"@type\":\"WebSite\",\"@id\":\"https:\/\/shop.ucrent.ee\/#website\",\"url\":\"https:\/\/shop.ucrent.ee\/\",\"name\":\"UC Rent e-pood\",\"description\":\"\",\"potentialAction\":[{\"@type\":\"SearchAction\",\"target\":{\"@type\":\"EntryPoint\",\"urlTemplate\":\"https:\/\/shop.ucrent.ee\/?s={search_term_string}\"},\"query-input\":{\"@type\":\"PropertyValueSpecification\",\"valueRequired\":true,\"valueName\":\"search_term_string\"}}],\"inLanguage\":\"fi\"}]}<\/script>\n<!-- \/ Yoast SEO plugin. -->","yoast_head_json":{"title":"Ulkokalusteet sarja, standard malli 180x50cm - UC Rent e-pood","robots":{"index":"index","follow":"follow","max-snippet":"max-snippet:-1","max-image-preview":"max-image-preview:large","max-video-preview":"max-video-preview:-1"},"canonical":"https:\/\/shop.ucrent.ee\/fi\/toode\/ulkokalusteet-sarja-premium-malli-180x50cm","og_locale":"fi_FI","og_type":"article","og_title":"Ulkokalusteet sarja, standard malli 180x50cm - UC Rent e-pood","og_description":"Olutkalustesarja 180 x 50 cm P\u00f6yt\u00e4 180x50cm Penkki 2kpl &#8211; 180&#215;24,5cm Metalliprofiilin paksuus 2mm Metalliprofiilin v\u00e4ri: musta P\u00f6yt\u00e4levyn paksuus 25 mm Penkkilevyn paksuus 28mm P\u00f6yd\u00e4n kantavuus 75kg Penkin kantavuus 150 kg P\u00f6yt\u00e4levyn yl\u00e4osa on peitetty 4x lakkakerroksella Pakkauksen mitat 185cm x 52cm x 20cm Paino 30kg","og_url":"https:\/\/shop.ucrent.ee\/fi\/toode\/ulkokalusteet-sarja-premium-malli-180x50cm","og_site_name":"UC Rent e-pood","article_modified_time":"2026-04-21T12:23:03+00:00","og_image":[{"width":2560,"height":1668,"url":"https:\/\/shop.ucrent.ee\/wp-content\/uploads\/2025\/02\/Standard-ollemoobel-scaled.jpg","type":"image\/jpeg"}],"twitter_card":"summary_large_image","schema":{"@context":"https:\/\/schema.org","@graph":[{"@type":"WebPage","@id":"https:\/\/shop.ucrent.ee\/fi\/toode\/ulkokalusteet-sarja-premium-malli-180x50cm","url":"https:\/\/shop.ucrent.ee\/fi\/toode\/ulkokalusteet-sarja-premium-malli-180x50cm","name":"Ulkokalusteet sarja, standard malli 180x50cm - UC Rent e-pood","isPartOf":{"@id":"https:\/\/shop.ucrent.ee\/#website"},"primaryImageOfPage":{"@id":"https:\/\/shop.ucrent.ee\/fi\/toode\/ulkokalusteet-sarja-premium-malli-180x50cm#primaryimage"},"image":{"@id":"https:\/\/shop.ucrent.ee\/fi\/toode\/ulkokalusteet-sarja-premium-malli-180x50cm#primaryimage"},"thumbnailUrl":"https:\/\/shop.ucrent.ee\/wp-content\/uploads\/2025\/02\/Standard-ollemoobel-scaled.jpg","datePublished":"2025-02-13T09:32:54+00:00","dateModified":"2026-04-21T12:23:03+00:00","breadcrumb":{"@id":"https:\/\/shop.ucrent.ee\/fi\/toode\/ulkokalusteet-sarja-premium-malli-180x50cm#breadcrumb"},"inLanguage":"fi","potentialAction":[{"@type":"ReadAction","target":["https:\/\/shop.ucrent.ee\/fi\/toode\/ulkokalusteet-sarja-premium-malli-180x50cm"]}]},{"@type":"ImageObject","inLanguage":"fi","@id":"https:\/\/shop.ucrent.ee\/fi\/toode\/ulkokalusteet-sarja-premium-malli-180x50cm#primaryimage","url":"https:\/\/shop.ucrent.ee\/wp-content\/uploads\/2025\/02\/Standard-ollemoobel-scaled.jpg","contentUrl":"https:\/\/shop.ucrent.ee\/wp-content\/uploads\/2025\/02\/Standard-ollemoobel-scaled.jpg","width":2560,"height":1668},{"@type":"BreadcrumbList","@id":"https:\/\/shop.ucrent.ee\/fi\/toode\/ulkokalusteet-sarja-premium-malli-180x50cm#breadcrumb","itemListElement":[{"@type":"ListItem","position":1,"name":"Home","item":"https:\/\/shop.ucrent.ee\/fi"},{"@type":"ListItem","position":2,"name":"K\u00f5ik tooted","item":"https:\/\/shop.ucrent.ee\/tooted"},{"@type":"ListItem","position":3,"name":"Ulkokalusteet sarja, standard malli 180x50cm"}]},{"@type":"WebSite","@id":"https:\/\/shop.ucrent.ee\/#website","url":"https:\/\/shop.ucrent.ee\/","name":"UC Rent e-pood","description":"","potentialAction":[{"@type":"SearchAction","target":{"@type":"EntryPoint","urlTemplate":"https:\/\/shop.ucrent.ee\/?s={search_term_string}"},"query-input":{"@type":"PropertyValueSpecification","valueRequired":true,"valueName":"search_term_string"}}],"inLanguage":"fi"}]}},"_links":{"self":[{"href":"https:\/\/shop.ucrent.ee\/fi\/wp-json\/wp\/v2\/product\/623910","targetHints":{"allow":["GET"]}}],"collection":[{"href":"https:\/\/shop.ucrent.ee\/fi\/wp-json\/wp\/v2\/product"}],"about":[{"href":"https:\/\/shop.ucrent.ee\/fi\/wp-json\/wp\/v2\/types\/product"}],"wp:featuredmedia":[{"embeddable":true,"href":"https:\/\/shop.ucrent.ee\/fi\/wp-json\/wp\/v2\/media\/623995"}],"wp:attachment":[{"href":"https:\/\/shop.ucrent.ee\/fi\/wp-json\/wp\/v2\/media?parent=623910"}],"wp:term":[{"taxonomy":"product_brand","embeddable":true,"href":"https:\/\/shop.ucrent.ee\/fi\/wp-json\/wp\/v2\/product_brand?post=623910"},{"taxonomy":"product_cat","embeddable":true,"href":"https:\/\/shop.ucrent.ee\/fi\/wp-json\/wp\/v2\/product_cat?post=623910"},{"taxonomy":"product_tag","embeddable":true,"href":"https:\/\/shop.ucrent.ee\/fi\/wp-json\/wp\/v2\/product_tag?post=623910"}],"curies":[{"name":"wp","href":"https:\/\/api.w.org\/{rel}","templated":true}]}}