{"id":624095,"date":"2025-04-03T15:36:50","date_gmt":"2025-04-03T12:36:50","guid":{"rendered":"https:\/\/shop.ucrent.ee\/toode\/kaytetty-pvc-teltta-15x50xh-4m"},"modified":"2026-04-09T16:33:23","modified_gmt":"2026-04-09T13:33:23","slug":"kaytetty-pvc-teltta-15x50xh-4m","status":"publish","type":"product","link":"https:\/\/shop.ucrent.ee\/fi\/toode\/kaytetty-pvc-teltta-15x50xh-4m","title":{"rendered":"K\u00e4ytetty PVC teltta 15x50xh-4m"},"content":{"rendered":"<p>Leveys 15m<br \/>\nPituus 50m<br \/>\nSein\u00e4n korkeus 4m<br \/>\nHarjan korkeus 5,7m<br \/>\nLumikuorma 125kg\/m2<br \/>\nTuulen nopeus 21m\/s<br \/>\nYksi liukuportti 4,8xh-3,8m kapeammassa p\u00e4\u00e4ss\u00e4<br \/>\nValkoinen katto ja harmaat PVC sein\u00e4t<br \/>\nAsennus ja kuljetus sis\u00e4ltyv\u00e4t hintaan &#8211; Tallinna ja Harjumaa, muut paikat sopimuksen mukaan.<br \/>\nJOS HALUAT, VOIME TARJOA MY\u00d6S HALLIN VUOKRAUKSI.<br \/>\nLis\u00e4tietoja saat soittamalla tai kirjoittamalla: +372 5343 6929 \/ ular@ucrent.ee<br \/>\nKatso my\u00f6s: www.pvchallid.ee<br \/>\nPienet ovet vaihdetaan PVC-suojuksiin, valaistus ja kalusteet eiv\u00e4t sis\u00e4lly hintaan.<\/p>\n","protected":false},"excerpt":{"rendered":"Leveys 15m Pituus 50m Sein\u00e4n korkeus 4m Harjan korkeus 5,7m Lumikuorma 125kg\/m2 Tuulen nopeus 21m\/s Yksi liukuportti 4,8xh-3,8m kapeammassa p\u00e4\u00e4ss\u00e4 Valkoinen katto ja harmaat PVC sein\u00e4t Asennus ja kuljetus sis\u00e4ltyv\u00e4t hintaan &#8211; Tallinna ja Harjumaa, muut paikat sopimuksen mukaan. JOS HALUAT, VOIME TARJOA MY\u00d6S HALLIN VUOKRAUKSI. Lis\u00e4tietoja saat soittamalla tai kirjoittamalla: +372 5343 6929 \/&#8230; <a class=\"view-article\" href=\"https:\/\/shop.ucrent.ee\/fi\/toode\/kaytetty-pvc-teltta-15x50xh-4m\">View Article<\/a>","protected":false},"featured_media":624100,"template":"","meta":{"_acf_changed":false},"product_brand":[],"product_cat":[668],"product_tag":[],"class_list":{"0":"post-624095","1":"product","2":"type-product","3":"status-publish","4":"has-post-thumbnail","6":"product_cat-kasutatud_pop_up_telgid_fi","8":"first","9":"instock","10":"sale","11":"taxable","12":"shipping-taxable","13":"purchasable","14":"product-type-simple"},"acf":[],"yoast_head":"<!-- This site is optimized with the Yoast SEO plugin v27.0 - https:\/\/yoast.com\/product\/yoast-seo-wordpress\/ -->\n<title>K\u00e4ytetty PVC teltta 15x50xh-4m - UC Rent e-pood<\/title>\n<meta name=\"robots\" content=\"index, follow, max-snippet:-1, max-image-preview:large, max-video-preview:-1\" \/>\n<link rel=\"canonical\" href=\"https:\/\/shop.ucrent.ee\/fi\/toode\/kaytetty-pvc-teltta-15x50xh-4m\" \/>\n<meta property=\"og:locale\" content=\"fi_FI\" \/>\n<meta property=\"og:type\" content=\"article\" \/>\n<meta property=\"og:title\" content=\"K\u00e4ytetty PVC teltta 15x50xh-4m - UC Rent e-pood\" \/>\n<meta property=\"og:description\" content=\"Leveys 15m Pituus 50m Sein\u00e4n korkeus 4m Harjan korkeus 5,7m Lumikuorma 125kg\/m2 Tuulen nopeus 21m\/s Yksi liukuportti 4,8xh-3,8m kapeammassa p\u00e4\u00e4ss\u00e4 Valkoinen katto ja harmaat PVC sein\u00e4t Asennus ja kuljetus sis\u00e4ltyv\u00e4t hintaan &#8211; Tallinna ja Harjumaa, muut paikat sopimuksen mukaan. JOS HALUAT, VOIME TARJOA MY\u00d6S HALLIN VUOKRAUKSI. Lis\u00e4tietoja saat soittamalla tai kirjoittamalla: +372 5343 6929 \/... View Article\" \/>\n<meta property=\"og:url\" content=\"https:\/\/shop.ucrent.ee\/fi\/toode\/kaytetty-pvc-teltta-15x50xh-4m\" \/>\n<meta property=\"og:site_name\" content=\"UC Rent e-pood\" \/>\n<meta property=\"article:modified_time\" content=\"2026-04-09T13:33:23+00:00\" \/>\n<meta property=\"og:image\" content=\"https:\/\/shop.ucrent.ee\/wp-content\/uploads\/2025\/04\/15x50m1-700x542.png\" \/>\n\t<meta property=\"og:image:width\" content=\"700\" \/>\n\t<meta property=\"og:image:height\" content=\"542\" \/>\n\t<meta property=\"og:image:type\" content=\"image\/png\" \/>\n<meta name=\"twitter:card\" content=\"summary_large_image\" \/>\n<script type=\"application\/ld+json\" class=\"yoast-schema-graph\">{\"@context\":\"https:\/\/schema.org\",\"@graph\":[{\"@type\":\"WebPage\",\"@id\":\"https:\/\/shop.ucrent.ee\/fi\/toode\/kaytetty-pvc-teltta-15x50xh-4m\",\"url\":\"https:\/\/shop.ucrent.ee\/fi\/toode\/kaytetty-pvc-teltta-15x50xh-4m\",\"name\":\"K\u00e4ytetty PVC teltta 15x50xh-4m - UC Rent e-pood\",\"isPartOf\":{\"@id\":\"https:\/\/shop.ucrent.ee\/#website\"},\"primaryImageOfPage\":{\"@id\":\"https:\/\/shop.ucrent.ee\/fi\/toode\/kaytetty-pvc-teltta-15x50xh-4m#primaryimage\"},\"image\":{\"@id\":\"https:\/\/shop.ucrent.ee\/fi\/toode\/kaytetty-pvc-teltta-15x50xh-4m#primaryimage\"},\"thumbnailUrl\":\"https:\/\/shop.ucrent.ee\/wp-content\/uploads\/2025\/04\/15x50m1.png\",\"datePublished\":\"2025-04-03T12:36:50+00:00\",\"dateModified\":\"2026-04-09T13:33:23+00:00\",\"breadcrumb\":{\"@id\":\"https:\/\/shop.ucrent.ee\/fi\/toode\/kaytetty-pvc-teltta-15x50xh-4m#breadcrumb\"},\"inLanguage\":\"fi\",\"potentialAction\":[{\"@type\":\"ReadAction\",\"target\":[\"https:\/\/shop.ucrent.ee\/fi\/toode\/kaytetty-pvc-teltta-15x50xh-4m\"]}]},{\"@type\":\"ImageObject\",\"inLanguage\":\"fi\",\"@id\":\"https:\/\/shop.ucrent.ee\/fi\/toode\/kaytetty-pvc-teltta-15x50xh-4m#primaryimage\",\"url\":\"https:\/\/shop.ucrent.ee\/wp-content\/uploads\/2025\/04\/15x50m1.png\",\"contentUrl\":\"https:\/\/shop.ucrent.ee\/wp-content\/uploads\/2025\/04\/15x50m1.png\",\"width\":1651,\"height\":1279},{\"@type\":\"BreadcrumbList\",\"@id\":\"https:\/\/shop.ucrent.ee\/fi\/toode\/kaytetty-pvc-teltta-15x50xh-4m#breadcrumb\",\"itemListElement\":[{\"@type\":\"ListItem\",\"position\":1,\"name\":\"Home\",\"item\":\"https:\/\/shop.ucrent.ee\/fi\"},{\"@type\":\"ListItem\",\"position\":2,\"name\":\"K\u00f5ik tooted\",\"item\":\"https:\/\/shop.ucrent.ee\/tooted\"},{\"@type\":\"ListItem\",\"position\":3,\"name\":\"K\u00e4ytetty PVC teltta 15x50xh-4m\"}]},{\"@type\":\"WebSite\",\"@id\":\"https:\/\/shop.ucrent.ee\/#website\",\"url\":\"https:\/\/shop.ucrent.ee\/\",\"name\":\"UC Rent e-pood\",\"description\":\"\",\"potentialAction\":[{\"@type\":\"SearchAction\",\"target\":{\"@type\":\"EntryPoint\",\"urlTemplate\":\"https:\/\/shop.ucrent.ee\/?s={search_term_string}\"},\"query-input\":{\"@type\":\"PropertyValueSpecification\",\"valueRequired\":true,\"valueName\":\"search_term_string\"}}],\"inLanguage\":\"fi\"}]}<\/script>\n<!-- \/ Yoast SEO plugin. -->","yoast_head_json":{"title":"K\u00e4ytetty PVC teltta 15x50xh-4m - UC Rent e-pood","robots":{"index":"index","follow":"follow","max-snippet":"max-snippet:-1","max-image-preview":"max-image-preview:large","max-video-preview":"max-video-preview:-1"},"canonical":"https:\/\/shop.ucrent.ee\/fi\/toode\/kaytetty-pvc-teltta-15x50xh-4m","og_locale":"fi_FI","og_type":"article","og_title":"K\u00e4ytetty PVC teltta 15x50xh-4m - UC Rent e-pood","og_description":"Leveys 15m Pituus 50m Sein\u00e4n korkeus 4m Harjan korkeus 5,7m Lumikuorma 125kg\/m2 Tuulen nopeus 21m\/s Yksi liukuportti 4,8xh-3,8m kapeammassa p\u00e4\u00e4ss\u00e4 Valkoinen katto ja harmaat PVC sein\u00e4t Asennus ja kuljetus sis\u00e4ltyv\u00e4t hintaan &#8211; Tallinna ja Harjumaa, muut paikat sopimuksen mukaan. JOS HALUAT, VOIME TARJOA MY\u00d6S HALLIN VUOKRAUKSI. Lis\u00e4tietoja saat soittamalla tai kirjoittamalla: +372 5343 6929 \/... View Article","og_url":"https:\/\/shop.ucrent.ee\/fi\/toode\/kaytetty-pvc-teltta-15x50xh-4m","og_site_name":"UC Rent e-pood","article_modified_time":"2026-04-09T13:33:23+00:00","og_image":[{"width":700,"height":542,"url":"https:\/\/shop.ucrent.ee\/wp-content\/uploads\/2025\/04\/15x50m1-700x542.png","type":"image\/png"}],"twitter_card":"summary_large_image","schema":{"@context":"https:\/\/schema.org","@graph":[{"@type":"WebPage","@id":"https:\/\/shop.ucrent.ee\/fi\/toode\/kaytetty-pvc-teltta-15x50xh-4m","url":"https:\/\/shop.ucrent.ee\/fi\/toode\/kaytetty-pvc-teltta-15x50xh-4m","name":"K\u00e4ytetty PVC teltta 15x50xh-4m - UC Rent e-pood","isPartOf":{"@id":"https:\/\/shop.ucrent.ee\/#website"},"primaryImageOfPage":{"@id":"https:\/\/shop.ucrent.ee\/fi\/toode\/kaytetty-pvc-teltta-15x50xh-4m#primaryimage"},"image":{"@id":"https:\/\/shop.ucrent.ee\/fi\/toode\/kaytetty-pvc-teltta-15x50xh-4m#primaryimage"},"thumbnailUrl":"https:\/\/shop.ucrent.ee\/wp-content\/uploads\/2025\/04\/15x50m1.png","datePublished":"2025-04-03T12:36:50+00:00","dateModified":"2026-04-09T13:33:23+00:00","breadcrumb":{"@id":"https:\/\/shop.ucrent.ee\/fi\/toode\/kaytetty-pvc-teltta-15x50xh-4m#breadcrumb"},"inLanguage":"fi","potentialAction":[{"@type":"ReadAction","target":["https:\/\/shop.ucrent.ee\/fi\/toode\/kaytetty-pvc-teltta-15x50xh-4m"]}]},{"@type":"ImageObject","inLanguage":"fi","@id":"https:\/\/shop.ucrent.ee\/fi\/toode\/kaytetty-pvc-teltta-15x50xh-4m#primaryimage","url":"https:\/\/shop.ucrent.ee\/wp-content\/uploads\/2025\/04\/15x50m1.png","contentUrl":"https:\/\/shop.ucrent.ee\/wp-content\/uploads\/2025\/04\/15x50m1.png","width":1651,"height":1279},{"@type":"BreadcrumbList","@id":"https:\/\/shop.ucrent.ee\/fi\/toode\/kaytetty-pvc-teltta-15x50xh-4m#breadcrumb","itemListElement":[{"@type":"ListItem","position":1,"name":"Home","item":"https:\/\/shop.ucrent.ee\/fi"},{"@type":"ListItem","position":2,"name":"K\u00f5ik tooted","item":"https:\/\/shop.ucrent.ee\/tooted"},{"@type":"ListItem","position":3,"name":"K\u00e4ytetty PVC teltta 15x50xh-4m"}]},{"@type":"WebSite","@id":"https:\/\/shop.ucrent.ee\/#website","url":"https:\/\/shop.ucrent.ee\/","name":"UC Rent e-pood","description":"","potentialAction":[{"@type":"SearchAction","target":{"@type":"EntryPoint","urlTemplate":"https:\/\/shop.ucrent.ee\/?s={search_term_string}"},"query-input":{"@type":"PropertyValueSpecification","valueRequired":true,"valueName":"search_term_string"}}],"inLanguage":"fi"}]}},"_links":{"self":[{"href":"https:\/\/shop.ucrent.ee\/fi\/wp-json\/wp\/v2\/product\/624095","targetHints":{"allow":["GET"]}}],"collection":[{"href":"https:\/\/shop.ucrent.ee\/fi\/wp-json\/wp\/v2\/product"}],"about":[{"href":"https:\/\/shop.ucrent.ee\/fi\/wp-json\/wp\/v2\/types\/product"}],"wp:featuredmedia":[{"embeddable":true,"href":"https:\/\/shop.ucrent.ee\/fi\/wp-json\/wp\/v2\/media\/624100"}],"wp:attachment":[{"href":"https:\/\/shop.ucrent.ee\/fi\/wp-json\/wp\/v2\/media?parent=624095"}],"wp:term":[{"taxonomy":"product_brand","embeddable":true,"href":"https:\/\/shop.ucrent.ee\/fi\/wp-json\/wp\/v2\/product_brand?post=624095"},{"taxonomy":"product_cat","embeddable":true,"href":"https:\/\/shop.ucrent.ee\/fi\/wp-json\/wp\/v2\/product_cat?post=624095"},{"taxonomy":"product_tag","embeddable":true,"href":"https:\/\/shop.ucrent.ee\/fi\/wp-json\/wp\/v2\/product_tag?post=624095"}],"curies":[{"name":"wp","href":"https:\/\/api.w.org\/{rel}","templated":true}]}}