{"id":624172,"date":"2025-04-08T17:06:06","date_gmt":"2025-04-08T14:06:06","guid":{"rendered":"https:\/\/shop.ucrent.ee\/toode\/containex-wc-kontti-24x6m-3-osaa-miehet-naiset-ja-liikuntarajoitteiset"},"modified":"2026-04-21T11:36:44","modified_gmt":"2026-04-21T08:36:44","slug":"containex-wc-kontti-24x6m-3-osaa-miehet-naiset-ja-liikuntarajoitteiset","status":"publish","type":"product","link":"https:\/\/shop.ucrent.ee\/fi\/toode\/containex-wc-kontti-24x6m-3-osaa-miehet-naiset-ja-liikuntarajoitteiset","title":{"rendered":"Containex wc-kontti 2,4x6m, 3 osaa: miehet, naiset ja liikuntarajoitteiset"},"content":{"rendered":"<p>Containex vessa kontti, joka koostuu 3 osasta.<br \/>\nUlkomitat 2,44 x 6,06 x 2,59 m<br \/>\nNaisten wc, miesten wc ja inva-wc.<br \/>\nValmis ratkaisu, jossa kaikki laitteet, putket valmiina, joiden p\u00e4\u00e4t tuodaan ulos sein\u00e4st\u00e4.<br \/>\nUlkov\u00e4ri: vaaleanharmaa RAL 7035<br \/>\nEristys: sein\u00e4t PU60mm (vastaa 100mm villaa), lattia ja katto 100mm mineraalivillaa<br \/>\nKonteissa on CE-merkint\u00e4, joka takaa EU:n vaatimukset t\u00e4ytt\u00e4v\u00e4n s\u00e4hk\u00f6j\u00e4rjestelm\u00e4n ja rakennuslaadun.<br \/>\nS\u00e4ili\u00f6t ovat ISO-standardin mukaisia.<\/p>\n","protected":false},"excerpt":{"rendered":"Containex vessa kontti, joka koostuu 3 osasta. Ulkomitat 2,44 x 6,06 x 2,59 m Naisten wc, miesten wc ja inva-wc. Valmis ratkaisu, jossa kaikki laitteet, putket valmiina, joiden p\u00e4\u00e4t tuodaan ulos sein\u00e4st\u00e4. Ulkov\u00e4ri: vaaleanharmaa RAL 7035 Eristys: sein\u00e4t PU60mm (vastaa 100mm villaa), lattia ja katto 100mm mineraalivillaa Konteissa on CE-merkint\u00e4, joka takaa EU:n vaatimukset t\u00e4ytt\u00e4v\u00e4n&#8230; <a class=\"view-article\" href=\"https:\/\/shop.ucrent.ee\/fi\/toode\/containex-wc-kontti-24x6m-3-osaa-miehet-naiset-ja-liikuntarajoitteiset\">View Article<\/a>","protected":false},"featured_media":624125,"template":"","meta":{"_acf_changed":false},"product_brand":[],"product_cat":[639],"product_tag":[],"class_list":{"0":"post-624172","1":"product","2":"type-product","3":"status-publish","4":"has-post-thumbnail","6":"product_cat-e-pood_soojak_2_4_x_6m_fi","8":"first","9":"instock","10":"taxable","11":"shipping-taxable","12":"purchasable","13":"product-type-simple"},"acf":[],"yoast_head":"<!-- This site is optimized with the Yoast SEO plugin v27.0 - https:\/\/yoast.com\/product\/yoast-seo-wordpress\/ -->\n<title>Containex wc-kontti 2,4x6m, 3 osaa: miehet, naiset ja liikuntarajoitteiset - UC Rent e-pood<\/title>\n<meta name=\"robots\" content=\"index, follow, max-snippet:-1, max-image-preview:large, max-video-preview:-1\" \/>\n<link rel=\"canonical\" href=\"https:\/\/shop.ucrent.ee\/fi\/toode\/containex-wc-kontti-24x6m-3-osaa-miehet-naiset-ja-liikuntarajoitteiset\" \/>\n<meta property=\"og:locale\" content=\"fi_FI\" \/>\n<meta property=\"og:type\" content=\"article\" \/>\n<meta property=\"og:title\" content=\"Containex wc-kontti 2,4x6m, 3 osaa: miehet, naiset ja liikuntarajoitteiset - UC Rent e-pood\" \/>\n<meta property=\"og:description\" content=\"Containex vessa kontti, joka koostuu 3 osasta. Ulkomitat 2,44 x 6,06 x 2,59 m Naisten wc, miesten wc ja inva-wc. Valmis ratkaisu, jossa kaikki laitteet, putket valmiina, joiden p\u00e4\u00e4t tuodaan ulos sein\u00e4st\u00e4. Ulkov\u00e4ri: vaaleanharmaa RAL 7035 Eristys: sein\u00e4t PU60mm (vastaa 100mm villaa), lattia ja katto 100mm mineraalivillaa Konteissa on CE-merkint\u00e4, joka takaa EU:n vaatimukset t\u00e4ytt\u00e4v\u00e4n... View Article\" \/>\n<meta property=\"og:url\" content=\"https:\/\/shop.ucrent.ee\/fi\/toode\/containex-wc-kontti-24x6m-3-osaa-miehet-naiset-ja-liikuntarajoitteiset\" \/>\n<meta property=\"og:site_name\" content=\"UC Rent e-pood\" \/>\n<meta property=\"article:modified_time\" content=\"2026-04-21T08:36:44+00:00\" \/>\n<meta property=\"og:image\" content=\"https:\/\/shop.ucrent.ee\/wp-content\/uploads\/2025\/04\/20250404_145445-rotated.jpg\" \/>\n\t<meta property=\"og:image:width\" content=\"1500\" \/>\n\t<meta property=\"og:image:height\" content=\"2000\" \/>\n\t<meta property=\"og:image:type\" content=\"image\/jpeg\" \/>\n<meta name=\"twitter:card\" content=\"summary_large_image\" \/>\n<script type=\"application\/ld+json\" class=\"yoast-schema-graph\">{\"@context\":\"https:\/\/schema.org\",\"@graph\":[{\"@type\":\"WebPage\",\"@id\":\"https:\/\/shop.ucrent.ee\/fi\/toode\/containex-wc-kontti-24x6m-3-osaa-miehet-naiset-ja-liikuntarajoitteiset\",\"url\":\"https:\/\/shop.ucrent.ee\/fi\/toode\/containex-wc-kontti-24x6m-3-osaa-miehet-naiset-ja-liikuntarajoitteiset\",\"name\":\"Containex wc-kontti 2,4x6m, 3 osaa: miehet, naiset ja liikuntarajoitteiset - UC Rent e-pood\",\"isPartOf\":{\"@id\":\"https:\/\/shop.ucrent.ee\/#website\"},\"primaryImageOfPage\":{\"@id\":\"https:\/\/shop.ucrent.ee\/fi\/toode\/containex-wc-kontti-24x6m-3-osaa-miehet-naiset-ja-liikuntarajoitteiset#primaryimage\"},\"image\":{\"@id\":\"https:\/\/shop.ucrent.ee\/fi\/toode\/containex-wc-kontti-24x6m-3-osaa-miehet-naiset-ja-liikuntarajoitteiset#primaryimage\"},\"thumbnailUrl\":\"https:\/\/shop.ucrent.ee\/wp-content\/uploads\/2025\/04\/20250404_145445-rotated.jpg\",\"datePublished\":\"2025-04-08T14:06:06+00:00\",\"dateModified\":\"2026-04-21T08:36:44+00:00\",\"breadcrumb\":{\"@id\":\"https:\/\/shop.ucrent.ee\/fi\/toode\/containex-wc-kontti-24x6m-3-osaa-miehet-naiset-ja-liikuntarajoitteiset#breadcrumb\"},\"inLanguage\":\"fi\",\"potentialAction\":[{\"@type\":\"ReadAction\",\"target\":[\"https:\/\/shop.ucrent.ee\/fi\/toode\/containex-wc-kontti-24x6m-3-osaa-miehet-naiset-ja-liikuntarajoitteiset\"]}]},{\"@type\":\"ImageObject\",\"inLanguage\":\"fi\",\"@id\":\"https:\/\/shop.ucrent.ee\/fi\/toode\/containex-wc-kontti-24x6m-3-osaa-miehet-naiset-ja-liikuntarajoitteiset#primaryimage\",\"url\":\"https:\/\/shop.ucrent.ee\/wp-content\/uploads\/2025\/04\/20250404_145445-rotated.jpg\",\"contentUrl\":\"https:\/\/shop.ucrent.ee\/wp-content\/uploads\/2025\/04\/20250404_145445-rotated.jpg\",\"width\":1500,\"height\":2000},{\"@type\":\"BreadcrumbList\",\"@id\":\"https:\/\/shop.ucrent.ee\/fi\/toode\/containex-wc-kontti-24x6m-3-osaa-miehet-naiset-ja-liikuntarajoitteiset#breadcrumb\",\"itemListElement\":[{\"@type\":\"ListItem\",\"position\":1,\"name\":\"Home\",\"item\":\"https:\/\/shop.ucrent.ee\/fi\"},{\"@type\":\"ListItem\",\"position\":2,\"name\":\"K\u00f5ik tooted\",\"item\":\"https:\/\/shop.ucrent.ee\/tooted\"},{\"@type\":\"ListItem\",\"position\":3,\"name\":\"Containex wc-kontti 2,4x6m, 3 osaa: miehet, naiset ja liikuntarajoitteiset\"}]},{\"@type\":\"WebSite\",\"@id\":\"https:\/\/shop.ucrent.ee\/#website\",\"url\":\"https:\/\/shop.ucrent.ee\/\",\"name\":\"UC Rent e-pood\",\"description\":\"\",\"potentialAction\":[{\"@type\":\"SearchAction\",\"target\":{\"@type\":\"EntryPoint\",\"urlTemplate\":\"https:\/\/shop.ucrent.ee\/?s={search_term_string}\"},\"query-input\":{\"@type\":\"PropertyValueSpecification\",\"valueRequired\":true,\"valueName\":\"search_term_string\"}}],\"inLanguage\":\"fi\"}]}<\/script>\n<!-- \/ Yoast SEO plugin. -->","yoast_head_json":{"title":"Containex wc-kontti 2,4x6m, 3 osaa: miehet, naiset ja liikuntarajoitteiset - UC Rent e-pood","robots":{"index":"index","follow":"follow","max-snippet":"max-snippet:-1","max-image-preview":"max-image-preview:large","max-video-preview":"max-video-preview:-1"},"canonical":"https:\/\/shop.ucrent.ee\/fi\/toode\/containex-wc-kontti-24x6m-3-osaa-miehet-naiset-ja-liikuntarajoitteiset","og_locale":"fi_FI","og_type":"article","og_title":"Containex wc-kontti 2,4x6m, 3 osaa: miehet, naiset ja liikuntarajoitteiset - UC Rent e-pood","og_description":"Containex vessa kontti, joka koostuu 3 osasta. Ulkomitat 2,44 x 6,06 x 2,59 m Naisten wc, miesten wc ja inva-wc. Valmis ratkaisu, jossa kaikki laitteet, putket valmiina, joiden p\u00e4\u00e4t tuodaan ulos sein\u00e4st\u00e4. Ulkov\u00e4ri: vaaleanharmaa RAL 7035 Eristys: sein\u00e4t PU60mm (vastaa 100mm villaa), lattia ja katto 100mm mineraalivillaa Konteissa on CE-merkint\u00e4, joka takaa EU:n vaatimukset t\u00e4ytt\u00e4v\u00e4n... View Article","og_url":"https:\/\/shop.ucrent.ee\/fi\/toode\/containex-wc-kontti-24x6m-3-osaa-miehet-naiset-ja-liikuntarajoitteiset","og_site_name":"UC Rent e-pood","article_modified_time":"2026-04-21T08:36:44+00:00","og_image":[{"width":1500,"height":2000,"url":"https:\/\/shop.ucrent.ee\/wp-content\/uploads\/2025\/04\/20250404_145445-rotated.jpg","type":"image\/jpeg"}],"twitter_card":"summary_large_image","schema":{"@context":"https:\/\/schema.org","@graph":[{"@type":"WebPage","@id":"https:\/\/shop.ucrent.ee\/fi\/toode\/containex-wc-kontti-24x6m-3-osaa-miehet-naiset-ja-liikuntarajoitteiset","url":"https:\/\/shop.ucrent.ee\/fi\/toode\/containex-wc-kontti-24x6m-3-osaa-miehet-naiset-ja-liikuntarajoitteiset","name":"Containex wc-kontti 2,4x6m, 3 osaa: miehet, naiset ja liikuntarajoitteiset - UC Rent e-pood","isPartOf":{"@id":"https:\/\/shop.ucrent.ee\/#website"},"primaryImageOfPage":{"@id":"https:\/\/shop.ucrent.ee\/fi\/toode\/containex-wc-kontti-24x6m-3-osaa-miehet-naiset-ja-liikuntarajoitteiset#primaryimage"},"image":{"@id":"https:\/\/shop.ucrent.ee\/fi\/toode\/containex-wc-kontti-24x6m-3-osaa-miehet-naiset-ja-liikuntarajoitteiset#primaryimage"},"thumbnailUrl":"https:\/\/shop.ucrent.ee\/wp-content\/uploads\/2025\/04\/20250404_145445-rotated.jpg","datePublished":"2025-04-08T14:06:06+00:00","dateModified":"2026-04-21T08:36:44+00:00","breadcrumb":{"@id":"https:\/\/shop.ucrent.ee\/fi\/toode\/containex-wc-kontti-24x6m-3-osaa-miehet-naiset-ja-liikuntarajoitteiset#breadcrumb"},"inLanguage":"fi","potentialAction":[{"@type":"ReadAction","target":["https:\/\/shop.ucrent.ee\/fi\/toode\/containex-wc-kontti-24x6m-3-osaa-miehet-naiset-ja-liikuntarajoitteiset"]}]},{"@type":"ImageObject","inLanguage":"fi","@id":"https:\/\/shop.ucrent.ee\/fi\/toode\/containex-wc-kontti-24x6m-3-osaa-miehet-naiset-ja-liikuntarajoitteiset#primaryimage","url":"https:\/\/shop.ucrent.ee\/wp-content\/uploads\/2025\/04\/20250404_145445-rotated.jpg","contentUrl":"https:\/\/shop.ucrent.ee\/wp-content\/uploads\/2025\/04\/20250404_145445-rotated.jpg","width":1500,"height":2000},{"@type":"BreadcrumbList","@id":"https:\/\/shop.ucrent.ee\/fi\/toode\/containex-wc-kontti-24x6m-3-osaa-miehet-naiset-ja-liikuntarajoitteiset#breadcrumb","itemListElement":[{"@type":"ListItem","position":1,"name":"Home","item":"https:\/\/shop.ucrent.ee\/fi"},{"@type":"ListItem","position":2,"name":"K\u00f5ik tooted","item":"https:\/\/shop.ucrent.ee\/tooted"},{"@type":"ListItem","position":3,"name":"Containex wc-kontti 2,4x6m, 3 osaa: miehet, naiset ja liikuntarajoitteiset"}]},{"@type":"WebSite","@id":"https:\/\/shop.ucrent.ee\/#website","url":"https:\/\/shop.ucrent.ee\/","name":"UC Rent e-pood","description":"","potentialAction":[{"@type":"SearchAction","target":{"@type":"EntryPoint","urlTemplate":"https:\/\/shop.ucrent.ee\/?s={search_term_string}"},"query-input":{"@type":"PropertyValueSpecification","valueRequired":true,"valueName":"search_term_string"}}],"inLanguage":"fi"}]}},"_links":{"self":[{"href":"https:\/\/shop.ucrent.ee\/fi\/wp-json\/wp\/v2\/product\/624172","targetHints":{"allow":["GET"]}}],"collection":[{"href":"https:\/\/shop.ucrent.ee\/fi\/wp-json\/wp\/v2\/product"}],"about":[{"href":"https:\/\/shop.ucrent.ee\/fi\/wp-json\/wp\/v2\/types\/product"}],"wp:featuredmedia":[{"embeddable":true,"href":"https:\/\/shop.ucrent.ee\/fi\/wp-json\/wp\/v2\/media\/624125"}],"wp:attachment":[{"href":"https:\/\/shop.ucrent.ee\/fi\/wp-json\/wp\/v2\/media?parent=624172"}],"wp:term":[{"taxonomy":"product_brand","embeddable":true,"href":"https:\/\/shop.ucrent.ee\/fi\/wp-json\/wp\/v2\/product_brand?post=624172"},{"taxonomy":"product_cat","embeddable":true,"href":"https:\/\/shop.ucrent.ee\/fi\/wp-json\/wp\/v2\/product_cat?post=624172"},{"taxonomy":"product_tag","embeddable":true,"href":"https:\/\/shop.ucrent.ee\/fi\/wp-json\/wp\/v2\/product_tag?post=624172"}],"curies":[{"name":"wp","href":"https:\/\/api.w.org\/{rel}","templated":true}]}}