{"id":624716,"date":"2025-07-28T10:17:27","date_gmt":"2025-07-28T07:17:27","guid":{"rendered":"https:\/\/shop.ucrent.ee\/toode\/rakennusjatteen-keskiosa-seinaan-kiinnitettava"},"modified":"2026-05-06T12:03:03","modified_gmt":"2026-05-06T09:03:03","slug":"rakennusjatteen-keskiosa-seinaan-kiinnitettava","status":"publish","type":"product","link":"https:\/\/shop.ucrent.ee\/fi\/toode\/rakennusjatteen-keskiosa-seinaan-kiinnitettava","title":{"rendered":"Rakennusj\u00e4tteen keskiosa, sein\u00e4\u00e4n kiinnitett\u00e4v\u00e4"},"content":{"rendered":"<p>Viem\u00e4riputken keskiosa, jakosuppilo, kiinnityskehyksell\u00e4<br \/>\nPaino 19 kg<\/p>\n","protected":false},"excerpt":{"rendered":"Viem\u00e4riputken keskiosa, jakosuppilo, kiinnityskehyksell\u00e4 Paino 19 kg","protected":false},"featured_media":624692,"template":"","meta":{"_acf_changed":false},"product_brand":[],"product_cat":[573],"product_tag":[],"class_list":{"0":"post-624716","1":"product","2":"type-product","3":"status-publish","4":"has-post-thumbnail","6":"product_cat-1040_fi","8":"first","9":"instock","10":"taxable","11":"shipping-taxable","12":"purchasable","13":"product-type-simple"},"acf":[],"yoast_head":"<!-- This site is optimized with the Yoast SEO plugin v27.0 - https:\/\/yoast.com\/product\/yoast-seo-wordpress\/ -->\n<title>Rakennusj\u00e4tteen keskiosa, sein\u00e4\u00e4n kiinnitett\u00e4v\u00e4 - UC Rent e-pood<\/title>\n<meta name=\"robots\" content=\"index, follow, max-snippet:-1, max-image-preview:large, max-video-preview:-1\" \/>\n<link rel=\"canonical\" href=\"https:\/\/shop.ucrent.ee\/fi\/toode\/rakennusjatteen-keskiosa-seinaan-kiinnitettava\" \/>\n<meta property=\"og:locale\" content=\"fi_FI\" \/>\n<meta property=\"og:type\" content=\"article\" \/>\n<meta property=\"og:title\" content=\"Rakennusj\u00e4tteen keskiosa, sein\u00e4\u00e4n kiinnitett\u00e4v\u00e4 - UC Rent e-pood\" \/>\n<meta property=\"og:description\" content=\"Viem\u00e4riputken keskiosa, jakosuppilo, kiinnityskehyksell\u00e4 Paino 19 kg\" \/>\n<meta property=\"og:url\" content=\"https:\/\/shop.ucrent.ee\/fi\/toode\/rakennusjatteen-keskiosa-seinaan-kiinnitettava\" \/>\n<meta property=\"og:site_name\" content=\"UC Rent e-pood\" \/>\n<meta property=\"article:modified_time\" content=\"2026-05-06T09:03:03+00:00\" \/>\n<meta property=\"og:image\" content=\"https:\/\/shop.ucrent.ee\/wp-content\/uploads\/2025\/07\/E136506.jpg\" \/>\n\t<meta property=\"og:image:width\" content=\"712\" \/>\n\t<meta property=\"og:image:height\" content=\"900\" \/>\n\t<meta property=\"og:image:type\" content=\"image\/jpeg\" \/>\n<meta name=\"twitter:card\" content=\"summary_large_image\" \/>\n<script type=\"application\/ld+json\" class=\"yoast-schema-graph\">{\"@context\":\"https:\/\/schema.org\",\"@graph\":[{\"@type\":\"WebPage\",\"@id\":\"https:\/\/shop.ucrent.ee\/fi\/toode\/rakennusjatteen-keskiosa-seinaan-kiinnitettava\",\"url\":\"https:\/\/shop.ucrent.ee\/fi\/toode\/rakennusjatteen-keskiosa-seinaan-kiinnitettava\",\"name\":\"Rakennusj\u00e4tteen keskiosa, sein\u00e4\u00e4n kiinnitett\u00e4v\u00e4 - UC Rent e-pood\",\"isPartOf\":{\"@id\":\"https:\/\/shop.ucrent.ee\/#website\"},\"primaryImageOfPage\":{\"@id\":\"https:\/\/shop.ucrent.ee\/fi\/toode\/rakennusjatteen-keskiosa-seinaan-kiinnitettava#primaryimage\"},\"image\":{\"@id\":\"https:\/\/shop.ucrent.ee\/fi\/toode\/rakennusjatteen-keskiosa-seinaan-kiinnitettava#primaryimage\"},\"thumbnailUrl\":\"https:\/\/shop.ucrent.ee\/wp-content\/uploads\/2025\/07\/E136506.jpg\",\"datePublished\":\"2025-07-28T07:17:27+00:00\",\"dateModified\":\"2026-05-06T09:03:03+00:00\",\"breadcrumb\":{\"@id\":\"https:\/\/shop.ucrent.ee\/fi\/toode\/rakennusjatteen-keskiosa-seinaan-kiinnitettava#breadcrumb\"},\"inLanguage\":\"fi\",\"potentialAction\":[{\"@type\":\"ReadAction\",\"target\":[\"https:\/\/shop.ucrent.ee\/fi\/toode\/rakennusjatteen-keskiosa-seinaan-kiinnitettava\"]}]},{\"@type\":\"ImageObject\",\"inLanguage\":\"fi\",\"@id\":\"https:\/\/shop.ucrent.ee\/fi\/toode\/rakennusjatteen-keskiosa-seinaan-kiinnitettava#primaryimage\",\"url\":\"https:\/\/shop.ucrent.ee\/wp-content\/uploads\/2025\/07\/E136506.jpg\",\"contentUrl\":\"https:\/\/shop.ucrent.ee\/wp-content\/uploads\/2025\/07\/E136506.jpg\",\"width\":712,\"height\":900},{\"@type\":\"BreadcrumbList\",\"@id\":\"https:\/\/shop.ucrent.ee\/fi\/toode\/rakennusjatteen-keskiosa-seinaan-kiinnitettava#breadcrumb\",\"itemListElement\":[{\"@type\":\"ListItem\",\"position\":1,\"name\":\"Home\",\"item\":\"https:\/\/shop.ucrent.ee\/fi\"},{\"@type\":\"ListItem\",\"position\":2,\"name\":\"K\u00f5ik tooted\",\"item\":\"https:\/\/shop.ucrent.ee\/tooted\"},{\"@type\":\"ListItem\",\"position\":3,\"name\":\"Rakennusj\u00e4tteen keskiosa, sein\u00e4\u00e4n kiinnitett\u00e4v\u00e4\"}]},{\"@type\":\"WebSite\",\"@id\":\"https:\/\/shop.ucrent.ee\/#website\",\"url\":\"https:\/\/shop.ucrent.ee\/\",\"name\":\"UC Rent e-pood\",\"description\":\"\",\"potentialAction\":[{\"@type\":\"SearchAction\",\"target\":{\"@type\":\"EntryPoint\",\"urlTemplate\":\"https:\/\/shop.ucrent.ee\/?s={search_term_string}\"},\"query-input\":{\"@type\":\"PropertyValueSpecification\",\"valueRequired\":true,\"valueName\":\"search_term_string\"}}],\"inLanguage\":\"fi\"}]}<\/script>\n<!-- \/ Yoast SEO plugin. -->","yoast_head_json":{"title":"Rakennusj\u00e4tteen keskiosa, sein\u00e4\u00e4n kiinnitett\u00e4v\u00e4 - UC Rent e-pood","robots":{"index":"index","follow":"follow","max-snippet":"max-snippet:-1","max-image-preview":"max-image-preview:large","max-video-preview":"max-video-preview:-1"},"canonical":"https:\/\/shop.ucrent.ee\/fi\/toode\/rakennusjatteen-keskiosa-seinaan-kiinnitettava","og_locale":"fi_FI","og_type":"article","og_title":"Rakennusj\u00e4tteen keskiosa, sein\u00e4\u00e4n kiinnitett\u00e4v\u00e4 - UC Rent e-pood","og_description":"Viem\u00e4riputken keskiosa, jakosuppilo, kiinnityskehyksell\u00e4 Paino 19 kg","og_url":"https:\/\/shop.ucrent.ee\/fi\/toode\/rakennusjatteen-keskiosa-seinaan-kiinnitettava","og_site_name":"UC Rent e-pood","article_modified_time":"2026-05-06T09:03:03+00:00","og_image":[{"width":712,"height":900,"url":"https:\/\/shop.ucrent.ee\/wp-content\/uploads\/2025\/07\/E136506.jpg","type":"image\/jpeg"}],"twitter_card":"summary_large_image","schema":{"@context":"https:\/\/schema.org","@graph":[{"@type":"WebPage","@id":"https:\/\/shop.ucrent.ee\/fi\/toode\/rakennusjatteen-keskiosa-seinaan-kiinnitettava","url":"https:\/\/shop.ucrent.ee\/fi\/toode\/rakennusjatteen-keskiosa-seinaan-kiinnitettava","name":"Rakennusj\u00e4tteen keskiosa, sein\u00e4\u00e4n kiinnitett\u00e4v\u00e4 - UC Rent e-pood","isPartOf":{"@id":"https:\/\/shop.ucrent.ee\/#website"},"primaryImageOfPage":{"@id":"https:\/\/shop.ucrent.ee\/fi\/toode\/rakennusjatteen-keskiosa-seinaan-kiinnitettava#primaryimage"},"image":{"@id":"https:\/\/shop.ucrent.ee\/fi\/toode\/rakennusjatteen-keskiosa-seinaan-kiinnitettava#primaryimage"},"thumbnailUrl":"https:\/\/shop.ucrent.ee\/wp-content\/uploads\/2025\/07\/E136506.jpg","datePublished":"2025-07-28T07:17:27+00:00","dateModified":"2026-05-06T09:03:03+00:00","breadcrumb":{"@id":"https:\/\/shop.ucrent.ee\/fi\/toode\/rakennusjatteen-keskiosa-seinaan-kiinnitettava#breadcrumb"},"inLanguage":"fi","potentialAction":[{"@type":"ReadAction","target":["https:\/\/shop.ucrent.ee\/fi\/toode\/rakennusjatteen-keskiosa-seinaan-kiinnitettava"]}]},{"@type":"ImageObject","inLanguage":"fi","@id":"https:\/\/shop.ucrent.ee\/fi\/toode\/rakennusjatteen-keskiosa-seinaan-kiinnitettava#primaryimage","url":"https:\/\/shop.ucrent.ee\/wp-content\/uploads\/2025\/07\/E136506.jpg","contentUrl":"https:\/\/shop.ucrent.ee\/wp-content\/uploads\/2025\/07\/E136506.jpg","width":712,"height":900},{"@type":"BreadcrumbList","@id":"https:\/\/shop.ucrent.ee\/fi\/toode\/rakennusjatteen-keskiosa-seinaan-kiinnitettava#breadcrumb","itemListElement":[{"@type":"ListItem","position":1,"name":"Home","item":"https:\/\/shop.ucrent.ee\/fi"},{"@type":"ListItem","position":2,"name":"K\u00f5ik tooted","item":"https:\/\/shop.ucrent.ee\/tooted"},{"@type":"ListItem","position":3,"name":"Rakennusj\u00e4tteen keskiosa, sein\u00e4\u00e4n kiinnitett\u00e4v\u00e4"}]},{"@type":"WebSite","@id":"https:\/\/shop.ucrent.ee\/#website","url":"https:\/\/shop.ucrent.ee\/","name":"UC Rent e-pood","description":"","potentialAction":[{"@type":"SearchAction","target":{"@type":"EntryPoint","urlTemplate":"https:\/\/shop.ucrent.ee\/?s={search_term_string}"},"query-input":{"@type":"PropertyValueSpecification","valueRequired":true,"valueName":"search_term_string"}}],"inLanguage":"fi"}]}},"_links":{"self":[{"href":"https:\/\/shop.ucrent.ee\/fi\/wp-json\/wp\/v2\/product\/624716","targetHints":{"allow":["GET"]}}],"collection":[{"href":"https:\/\/shop.ucrent.ee\/fi\/wp-json\/wp\/v2\/product"}],"about":[{"href":"https:\/\/shop.ucrent.ee\/fi\/wp-json\/wp\/v2\/types\/product"}],"wp:featuredmedia":[{"embeddable":true,"href":"https:\/\/shop.ucrent.ee\/fi\/wp-json\/wp\/v2\/media\/624692"}],"wp:attachment":[{"href":"https:\/\/shop.ucrent.ee\/fi\/wp-json\/wp\/v2\/media?parent=624716"}],"wp:term":[{"taxonomy":"product_brand","embeddable":true,"href":"https:\/\/shop.ucrent.ee\/fi\/wp-json\/wp\/v2\/product_brand?post=624716"},{"taxonomy":"product_cat","embeddable":true,"href":"https:\/\/shop.ucrent.ee\/fi\/wp-json\/wp\/v2\/product_cat?post=624716"},{"taxonomy":"product_tag","embeddable":true,"href":"https:\/\/shop.ucrent.ee\/fi\/wp-json\/wp\/v2\/product_tag?post=624716"}],"curies":[{"name":"wp","href":"https:\/\/api.w.org\/{rel}","templated":true}]}}