{"id":624752,"date":"2025-07-29T09:49:05","date_gmt":"2025-07-29T06:49:05","guid":{"rendered":"https:\/\/shop.ucrent.ee\/toode\/kaytetty-pvc-halli-15-x-15-m-x-korkeus-4-m"},"modified":"2026-04-09T19:33:38","modified_gmt":"2026-04-09T16:33:38","slug":"kaytetty-pvc-halli-15-x-15-m-x-korkeus-4-m","status":"publish","type":"product","link":"https:\/\/shop.ucrent.ee\/fi\/toode\/kaytetty-pvc-halli-15-x-15-m-x-korkeus-4-m","title":{"rendered":"PVC-halli 15 x 15 m x korkeus 4 m"},"content":{"rendered":"<p>Leveys 15 m<br \/>\nPituus 15 m<br \/>\nSein\u00e4n korkeus 4 m<br \/>\nHarjan korkeus 6,5 m<br \/>\nLumikuorman kest\u00e4vyys 125 kg\/m2<br \/>\nTuulen nopeus 21 m\/s<br \/>\nYksi liukuportti 4,7 x 3,7 m<br \/>\nKatto valkoinen ja sein\u00e4t harmaata PVC:t\u00e4<br \/>\nVOIMME MY\u00d6S VUOKRATA HALLIN, JOS HALUAMME.<br \/>\nLis\u00e4tietoja saat soittamalla tai kirjoittamalla: +372 5343 6929 \/ ular@ucrent.ee<br \/>\nKatso my\u00f6s: www.pvchallid.ee<\/p>\n","protected":false},"excerpt":{"rendered":"Leveys 15 m Pituus 15 m Sein\u00e4n korkeus 4 m Harjan korkeus 6,5 m Lumikuorman kest\u00e4vyys 125 kg\/m2 Tuulen nopeus 21 m\/s Yksi liukuportti 4,7 x 3,7 m Katto valkoinen ja sein\u00e4t harmaata PVC:t\u00e4 VOIMME MY\u00d6S VUOKRATA HALLIN, JOS HALUAMME. Lis\u00e4tietoja saat soittamalla tai kirjoittamalla: +372 5343 6929 \/ ular@ucrent.ee Katso my\u00f6s: www.pvchallid.ee","protected":false},"featured_media":624733,"template":"","meta":{"_acf_changed":false},"product_brand":[],"product_cat":[798,795],"product_tag":[],"class_list":{"0":"post-624752","1":"product","2":"type-product","3":"status-publish","4":"has-post-thumbnail","6":"product_cat-pvc_hallid_fi","7":"product_cat-pvc_hallid","9":"first","10":"instock","11":"taxable","12":"shipping-taxable","13":"purchasable","14":"product-type-simple"},"acf":[],"yoast_head":"<!-- This site is optimized with the Yoast SEO plugin v27.0 - https:\/\/yoast.com\/product\/yoast-seo-wordpress\/ -->\n<title>PVC-halli 15 x 15 m x korkeus 4 m - UC Rent e-pood<\/title>\n<meta name=\"robots\" content=\"index, follow, max-snippet:-1, max-image-preview:large, max-video-preview:-1\" \/>\n<link rel=\"canonical\" href=\"https:\/\/shop.ucrent.ee\/fi\/toode\/kaytetty-pvc-halli-15-x-15-m-x-korkeus-4-m\" \/>\n<meta property=\"og:locale\" content=\"fi_FI\" \/>\n<meta property=\"og:type\" content=\"article\" \/>\n<meta property=\"og:title\" content=\"PVC-halli 15 x 15 m x korkeus 4 m - UC Rent e-pood\" \/>\n<meta property=\"og:description\" content=\"Leveys 15 m Pituus 15 m Sein\u00e4n korkeus 4 m Harjan korkeus 6,5 m Lumikuorman kest\u00e4vyys 125 kg\/m2 Tuulen nopeus 21 m\/s Yksi liukuportti 4,7 x 3,7 m Katto valkoinen ja sein\u00e4t harmaata PVC:t\u00e4 VOIMME MY\u00d6S VUOKRATA HALLIN, JOS HALUAMME. Lis\u00e4tietoja saat soittamalla tai kirjoittamalla: +372 5343 6929 \/ ular@ucrent.ee Katso my\u00f6s: www.pvchallid.ee\" \/>\n<meta property=\"og:url\" content=\"https:\/\/shop.ucrent.ee\/fi\/toode\/kaytetty-pvc-halli-15-x-15-m-x-korkeus-4-m\" \/>\n<meta property=\"og:site_name\" content=\"UC Rent e-pood\" \/>\n<meta property=\"article:modified_time\" content=\"2026-04-09T16:33:38+00:00\" \/>\n<meta property=\"og:image\" content=\"https:\/\/shop.ucrent.ee\/wp-content\/uploads\/2025\/07\/photo-3.jpg\" \/>\n\t<meta property=\"og:image:width\" content=\"1280\" \/>\n\t<meta property=\"og:image:height\" content=\"960\" \/>\n\t<meta property=\"og:image:type\" content=\"image\/jpeg\" \/>\n<meta name=\"twitter:card\" content=\"summary_large_image\" \/>\n<script type=\"application\/ld+json\" class=\"yoast-schema-graph\">{\"@context\":\"https:\/\/schema.org\",\"@graph\":[{\"@type\":\"WebPage\",\"@id\":\"https:\/\/shop.ucrent.ee\/fi\/toode\/kaytetty-pvc-halli-15-x-15-m-x-korkeus-4-m\",\"url\":\"https:\/\/shop.ucrent.ee\/fi\/toode\/kaytetty-pvc-halli-15-x-15-m-x-korkeus-4-m\",\"name\":\"PVC-halli 15 x 15 m x korkeus 4 m - UC Rent e-pood\",\"isPartOf\":{\"@id\":\"https:\/\/shop.ucrent.ee\/#website\"},\"primaryImageOfPage\":{\"@id\":\"https:\/\/shop.ucrent.ee\/fi\/toode\/kaytetty-pvc-halli-15-x-15-m-x-korkeus-4-m#primaryimage\"},\"image\":{\"@id\":\"https:\/\/shop.ucrent.ee\/fi\/toode\/kaytetty-pvc-halli-15-x-15-m-x-korkeus-4-m#primaryimage\"},\"thumbnailUrl\":\"https:\/\/shop.ucrent.ee\/wp-content\/uploads\/2025\/07\/photo-3.jpg\",\"datePublished\":\"2025-07-29T06:49:05+00:00\",\"dateModified\":\"2026-04-09T16:33:38+00:00\",\"breadcrumb\":{\"@id\":\"https:\/\/shop.ucrent.ee\/fi\/toode\/kaytetty-pvc-halli-15-x-15-m-x-korkeus-4-m#breadcrumb\"},\"inLanguage\":\"fi\",\"potentialAction\":[{\"@type\":\"ReadAction\",\"target\":[\"https:\/\/shop.ucrent.ee\/fi\/toode\/kaytetty-pvc-halli-15-x-15-m-x-korkeus-4-m\"]}]},{\"@type\":\"ImageObject\",\"inLanguage\":\"fi\",\"@id\":\"https:\/\/shop.ucrent.ee\/fi\/toode\/kaytetty-pvc-halli-15-x-15-m-x-korkeus-4-m#primaryimage\",\"url\":\"https:\/\/shop.ucrent.ee\/wp-content\/uploads\/2025\/07\/photo-3.jpg\",\"contentUrl\":\"https:\/\/shop.ucrent.ee\/wp-content\/uploads\/2025\/07\/photo-3.jpg\",\"width\":1280,\"height\":960},{\"@type\":\"BreadcrumbList\",\"@id\":\"https:\/\/shop.ucrent.ee\/fi\/toode\/kaytetty-pvc-halli-15-x-15-m-x-korkeus-4-m#breadcrumb\",\"itemListElement\":[{\"@type\":\"ListItem\",\"position\":1,\"name\":\"Home\",\"item\":\"https:\/\/shop.ucrent.ee\/fi\"},{\"@type\":\"ListItem\",\"position\":2,\"name\":\"K\u00f5ik tooted\",\"item\":\"https:\/\/shop.ucrent.ee\/tooted\"},{\"@type\":\"ListItem\",\"position\":3,\"name\":\"PVC-halli 15 x 15 m x korkeus 4 m\"}]},{\"@type\":\"WebSite\",\"@id\":\"https:\/\/shop.ucrent.ee\/#website\",\"url\":\"https:\/\/shop.ucrent.ee\/\",\"name\":\"UC Rent e-pood\",\"description\":\"\",\"potentialAction\":[{\"@type\":\"SearchAction\",\"target\":{\"@type\":\"EntryPoint\",\"urlTemplate\":\"https:\/\/shop.ucrent.ee\/?s={search_term_string}\"},\"query-input\":{\"@type\":\"PropertyValueSpecification\",\"valueRequired\":true,\"valueName\":\"search_term_string\"}}],\"inLanguage\":\"fi\"}]}<\/script>\n<!-- \/ Yoast SEO plugin. -->","yoast_head_json":{"title":"PVC-halli 15 x 15 m x korkeus 4 m - UC Rent e-pood","robots":{"index":"index","follow":"follow","max-snippet":"max-snippet:-1","max-image-preview":"max-image-preview:large","max-video-preview":"max-video-preview:-1"},"canonical":"https:\/\/shop.ucrent.ee\/fi\/toode\/kaytetty-pvc-halli-15-x-15-m-x-korkeus-4-m","og_locale":"fi_FI","og_type":"article","og_title":"PVC-halli 15 x 15 m x korkeus 4 m - UC Rent e-pood","og_description":"Leveys 15 m Pituus 15 m Sein\u00e4n korkeus 4 m Harjan korkeus 6,5 m Lumikuorman kest\u00e4vyys 125 kg\/m2 Tuulen nopeus 21 m\/s Yksi liukuportti 4,7 x 3,7 m Katto valkoinen ja sein\u00e4t harmaata PVC:t\u00e4 VOIMME MY\u00d6S VUOKRATA HALLIN, JOS HALUAMME. Lis\u00e4tietoja saat soittamalla tai kirjoittamalla: +372 5343 6929 \/ ular@ucrent.ee Katso my\u00f6s: www.pvchallid.ee","og_url":"https:\/\/shop.ucrent.ee\/fi\/toode\/kaytetty-pvc-halli-15-x-15-m-x-korkeus-4-m","og_site_name":"UC Rent e-pood","article_modified_time":"2026-04-09T16:33:38+00:00","og_image":[{"width":1280,"height":960,"url":"https:\/\/shop.ucrent.ee\/wp-content\/uploads\/2025\/07\/photo-3.jpg","type":"image\/jpeg"}],"twitter_card":"summary_large_image","schema":{"@context":"https:\/\/schema.org","@graph":[{"@type":"WebPage","@id":"https:\/\/shop.ucrent.ee\/fi\/toode\/kaytetty-pvc-halli-15-x-15-m-x-korkeus-4-m","url":"https:\/\/shop.ucrent.ee\/fi\/toode\/kaytetty-pvc-halli-15-x-15-m-x-korkeus-4-m","name":"PVC-halli 15 x 15 m x korkeus 4 m - UC Rent e-pood","isPartOf":{"@id":"https:\/\/shop.ucrent.ee\/#website"},"primaryImageOfPage":{"@id":"https:\/\/shop.ucrent.ee\/fi\/toode\/kaytetty-pvc-halli-15-x-15-m-x-korkeus-4-m#primaryimage"},"image":{"@id":"https:\/\/shop.ucrent.ee\/fi\/toode\/kaytetty-pvc-halli-15-x-15-m-x-korkeus-4-m#primaryimage"},"thumbnailUrl":"https:\/\/shop.ucrent.ee\/wp-content\/uploads\/2025\/07\/photo-3.jpg","datePublished":"2025-07-29T06:49:05+00:00","dateModified":"2026-04-09T16:33:38+00:00","breadcrumb":{"@id":"https:\/\/shop.ucrent.ee\/fi\/toode\/kaytetty-pvc-halli-15-x-15-m-x-korkeus-4-m#breadcrumb"},"inLanguage":"fi","potentialAction":[{"@type":"ReadAction","target":["https:\/\/shop.ucrent.ee\/fi\/toode\/kaytetty-pvc-halli-15-x-15-m-x-korkeus-4-m"]}]},{"@type":"ImageObject","inLanguage":"fi","@id":"https:\/\/shop.ucrent.ee\/fi\/toode\/kaytetty-pvc-halli-15-x-15-m-x-korkeus-4-m#primaryimage","url":"https:\/\/shop.ucrent.ee\/wp-content\/uploads\/2025\/07\/photo-3.jpg","contentUrl":"https:\/\/shop.ucrent.ee\/wp-content\/uploads\/2025\/07\/photo-3.jpg","width":1280,"height":960},{"@type":"BreadcrumbList","@id":"https:\/\/shop.ucrent.ee\/fi\/toode\/kaytetty-pvc-halli-15-x-15-m-x-korkeus-4-m#breadcrumb","itemListElement":[{"@type":"ListItem","position":1,"name":"Home","item":"https:\/\/shop.ucrent.ee\/fi"},{"@type":"ListItem","position":2,"name":"K\u00f5ik tooted","item":"https:\/\/shop.ucrent.ee\/tooted"},{"@type":"ListItem","position":3,"name":"PVC-halli 15 x 15 m x korkeus 4 m"}]},{"@type":"WebSite","@id":"https:\/\/shop.ucrent.ee\/#website","url":"https:\/\/shop.ucrent.ee\/","name":"UC Rent e-pood","description":"","potentialAction":[{"@type":"SearchAction","target":{"@type":"EntryPoint","urlTemplate":"https:\/\/shop.ucrent.ee\/?s={search_term_string}"},"query-input":{"@type":"PropertyValueSpecification","valueRequired":true,"valueName":"search_term_string"}}],"inLanguage":"fi"}]}},"_links":{"self":[{"href":"https:\/\/shop.ucrent.ee\/fi\/wp-json\/wp\/v2\/product\/624752","targetHints":{"allow":["GET"]}}],"collection":[{"href":"https:\/\/shop.ucrent.ee\/fi\/wp-json\/wp\/v2\/product"}],"about":[{"href":"https:\/\/shop.ucrent.ee\/fi\/wp-json\/wp\/v2\/types\/product"}],"wp:featuredmedia":[{"embeddable":true,"href":"https:\/\/shop.ucrent.ee\/fi\/wp-json\/wp\/v2\/media\/624733"}],"wp:attachment":[{"href":"https:\/\/shop.ucrent.ee\/fi\/wp-json\/wp\/v2\/media?parent=624752"}],"wp:term":[{"taxonomy":"product_brand","embeddable":true,"href":"https:\/\/shop.ucrent.ee\/fi\/wp-json\/wp\/v2\/product_brand?post=624752"},{"taxonomy":"product_cat","embeddable":true,"href":"https:\/\/shop.ucrent.ee\/fi\/wp-json\/wp\/v2\/product_cat?post=624752"},{"taxonomy":"product_tag","embeddable":true,"href":"https:\/\/shop.ucrent.ee\/fi\/wp-json\/wp\/v2\/product_tag?post=624752"}],"curies":[{"name":"wp","href":"https:\/\/api.w.org\/{rel}","templated":true}]}}